{"id":8835,"date":"2023-02-23T22:30:18","date_gmt":"2023-02-24T04:30:18","guid":{"rendered":"https:\/\/tecsecmty.com\/index.php\/producto\/zkteco-qr500b-lector-esclavo-de-codigo-qr-nfc-y-tarjeta-mifare-frecuencia-13-56mhz-dc-12v-o-5v-por-usb-cable-usb-incluido-conexion-wiegand-compatible-con-paneles-inbio-y-serie-c3\/"},"modified":"2023-03-22T23:25:31","modified_gmt":"2023-03-23T05:25:31","slug":"zkteco-qr500b-lector-esclavo-de-codigo-qr-nfc-y-tarjeta-mifare-frecuencia-13-56mhz-dc-12v-o-5v-por-usb-cable-usb-incluido-conexion-wiegand-compatible-con-paneles-inbio-y-serie-c3","status":"publish","type":"product","link":"https:\/\/tecsecmty.com\/index.php\/producto\/zkteco-qr500b-lector-esclavo-de-codigo-qr-nfc-y-tarjeta-mifare-frecuencia-13-56mhz-dc-12v-o-5v-por-usb-cable-usb-incluido-conexion-wiegand-compatible-con-paneles-inbio-y-serie-c3\/","title":{"rendered":"ZKTECO QR500B &#8211; Lector Esclavo de C\u00f3digo QR, NFC y Tarjeta Mifare Frecuencia 13.56MHz \/ DC 12V o 5V por USB \/ Cable USB Incluido \/ Conexi\u00f3n Wiegand \/ Compatible con Paneles InBio y Serie C3"},"content":{"rendered":"<div class=\"row aling-items-center padding-bottom-2x\">\n<div class=\"col-lg-12\">\n<h5 class=\"card-title text-center\">Informaci\u00f3n General<\/h5>\n<h3><strong>Descripci\u00f3n<\/strong><\/h3>\n<p>El lector de c\u00f3digos QR es una nueva generaci\u00f3n de lectores inteligentes de control de acceso. Tiene una velocidad de escaneo r\u00e1pida, alta tasa de reconocimiento, alta compatibilidad y puede conectarse a cualquier entrada de controlador de acceso Wiegand. Tambi\u00e9n es compatible con el m\u00f3dulo de tarjeta RFID, como la tarjeta de identificaci\u00f3n de 13.56MHz IC Ultralight \/ DESFire EV1, NTag, por lo que puede aplicarse en gesti\u00f3n comunitaria, gesti\u00f3n de visitantes, gesti\u00f3n hotelera, autopago en supermercados, etc<\/p>\n<p><img decoding=\"async\" class=\"overview-center-img-web\" src=\"https:\/\/tvc.mx\/media\/160866\/ZKTECO-QR500B-LECTOR-DE-C%C3%93DIGOS-QR.png\" alt=\"\" \/><\/div>\n<\/div>\n<div class=\"row align-items-center padding-bottom-2x\">\n<div class=\"col-md-5 order-md-2\"><img decoding=\"async\" class=\"d-block m-auto img-thumbnail\" src=\"https:\/\/tvc.mx\/media\/160870\/ZKTECO-QR500B-LECTOR-DE-C%C3%93DIGOS-QR-CARACTER%C3%8DSTICAS.png\" alt=\" \" \/><\/div>\n<div class=\"col-md-7 order-md-1 text-md-left text-center\">\n<h2>Caracter\u00edsticas<\/h2>\n<p class=\"text-muted\">\n<p>\u2022Esc\u00e1ner de C\u00f3digo QR<\/p>\n<p>\u2022Mifare Ultralight \/ S50 \/ S70 \/ DESFire \/ EV1 NTag<\/p>\n<p>\u2022W26 \/ W34 \/ W66, interfaces USB<\/p>\n<p>\u2022Distancia de lectura: C\u00f3digo QR \u2264 5 cm<\/p>\n<p>\u2022Tarjeta MIFARE \u2264 4cm<\/p>\n<p>&nbsp;<\/p>\n<\/div>\n<\/div>\n<hr class=\"padding-bottom-2x\" \/>\n<div class=\"row aling-items-center padding-bottom-2x\">\n<div class=\"col-lg-12\">\n<h5 class=\"card-title text-center\">Especificaciones<\/h5>\n<p><strong>Norma internacional<\/strong>\u00a0&#8212;&#8212;&#8212;&#8212;&#8212;&#8212;&#8212;&#8212;&#8212;&#8212;&#8212;&#8212;&#8212;&#8212;&#8212;&#8211; Protocolo ISO \/ IEC 14443A RS485<\/p>\n<p><strong>Tarjeta<\/strong>\u00a0&#8212;&#8212;&#8212;&#8212;&#8212;&#8212;&#8212;&#8212;&#8212;&#8212;&#8212;&#8212;&#8212;&#8212;&#8212;&#8212;&#8212;&#8212;&#8212;&#8212;&#8212;&#8211; C\u00f3digo QR, IC Ultralight, DESFire EV1, Ntag, S50 \/ S70<\/p>\n<p><strong>Frecuencia de Operaci\u00f3n<\/strong>\u00a0&#8212;&#8212;&#8212;&#8212;&#8212;&#8212;&#8212;&#8212;&#8212;&#8212;&#8212;&#8212;- 13.56MHz<\/p>\n<p><strong>Alimentaci\u00f3n<\/strong>\u00a0&#8212;&#8212;&#8212;&#8212;&#8212;&#8212;&#8212;&#8212;&#8212;&#8212;&#8212;&#8212;&#8212;&#8212;&#8212;&#8212;&#8212;&#8211; DC 12V (\u00b1 5%), USB 5V<\/p>\n<p><strong>Distancia de Operaci\u00f3n<\/strong>\u00a0&#8212;&#8212;&#8212;&#8212;&#8212;&#8212;&#8212;&#8212;&#8212;&#8212;&#8212;&#8212;&#8211; C\u00f3digo QR \u2264 5cm, tarjeta MIFARE \u2264 4 cm<\/p>\n<p><strong>Comunicaci\u00f3n<\/strong>\u00a0&#8212;&#8212;&#8212;&#8212;&#8212;&#8212;&#8212;&#8212;&#8212;&#8212;&#8212;&#8212;&#8212;&#8212;&#8212;&#8212;- Wiegand, USB<\/p>\n<p><strong>Temperatura de Funcionamiento<\/strong>\u00a0&#8212;&#8212;&#8212;&#8212;&#8212;&#8212;&#8212;&#8212; -10\u00b0C ~ 50\u00b0C<\/p>\n<p><strong>Temperatura Almacenamiento<\/strong>\u00a0&#8212;&#8212;&#8212;&#8212;&#8212;&#8212;&#8212;&#8212;&#8212;- -20\u00b0C ~ 80\u00b0C<\/p>\n<p><strong>Funcionamiento de Humedad<\/strong>\u00a0&#8212;&#8212;&#8212;&#8212;&#8212;&#8212;&#8212;&#8212;&#8212;- 20% &#8211; 80%<\/p>\n<p><strong>Dimensiones<\/strong>\u00a0&#8212;&#8212;&#8212;&#8212;&#8212;&#8212;&#8212;&#8212;&#8212;&#8212;&#8212;&#8212;&#8212;&#8212;&#8212;&#8212;- 86*86*50mm (L*W*H)<\/p>\n<p><strong>Cable USB<\/strong>\u00a0&#8212;&#8212;&#8212;&#8212;&#8212;&#8212;&#8212;&#8212;&#8212;&#8212;&#8212;&#8212;&#8212;&#8212;&#8212;&#8212;&#8212; 1,000mm<\/p>\n<p><img decoding=\"async\" class=\"overview-center-img-web\" src=\"https:\/\/tvc.mx\/media\/160882\/ZKTECO-QR500B-LECTOR-DE-C%C3%93DIGOS-QR-INSTRUCCIONES-DE-CABLEADO.png\" alt=\"\" \/><\/div>\n<\/div>\n","protected":false},"excerpt":{"rendered":"<p>Informaci\u00f3n General Descripci\u00f3n El lector de c\u00f3digos QR es una nueva generaci\u00f3n de lectores inteligentes de control de acceso. Tiene una velocidad de escaneo r\u00e1pida, alta tasa de reconocimiento, alta compatibilidad y puede conectarse a cualquier entrada de controlador de acceso Wiegand. Tambi\u00e9n es compatible&hellip;<\/p>\n","protected":false},"featured_media":8834,"comment_status":"open","ping_status":"closed","template":"","meta":{"om_disable_all_campaigns":false,"_monsterinsights_skip_tracking":false,"_monsterinsights_sitenote_active":false,"_monsterinsights_sitenote_note":"","_monsterinsights_sitenote_category":0},"product_brand":[],"product_cat":[819],"product_tag":[81,727,730,66,731,728,729],"class_list":{"0":"post-8835","1":"product","2":"type-product","3":"status-publish","4":"has-post-thumbnail","6":"product_cat-proximidad-control-de-acceso-zkteco-acceso-asistencia","7":"product_tag-acceso-y-asistencia","8":"product_tag-cerraduras","9":"product_tag-commax-wulian","10":"product_tag-dahua","11":"product_tag-wejoin","12":"product_tag-yli","13":"product_tag-zkteco","15":"first","16":"instock","17":"sale","18":"taxable","19":"shipping-taxable","20":"purchasable","21":"product-type-simple"},"aioseo_notices":[],"_links":{"self":[{"href":"https:\/\/tecsecmty.com\/index.php\/wp-json\/wp\/v2\/product\/8835","targetHints":{"allow":["GET"]}}],"collection":[{"href":"https:\/\/tecsecmty.com\/index.php\/wp-json\/wp\/v2\/product"}],"about":[{"href":"https:\/\/tecsecmty.com\/index.php\/wp-json\/wp\/v2\/types\/product"}],"replies":[{"embeddable":true,"href":"https:\/\/tecsecmty.com\/index.php\/wp-json\/wp\/v2\/comments?post=8835"}],"version-history":[{"count":0,"href":"https:\/\/tecsecmty.com\/index.php\/wp-json\/wp\/v2\/product\/8835\/revisions"}],"wp:featuredmedia":[{"embeddable":true,"href":"https:\/\/tecsecmty.com\/index.php\/wp-json\/wp\/v2\/media\/8834"}],"wp:attachment":[{"href":"https:\/\/tecsecmty.com\/index.php\/wp-json\/wp\/v2\/media?parent=8835"}],"wp:term":[{"taxonomy":"product_brand","embeddable":true,"href":"https:\/\/tecsecmty.com\/index.php\/wp-json\/wp\/v2\/product_brand?post=8835"},{"taxonomy":"product_cat","embeddable":true,"href":"https:\/\/tecsecmty.com\/index.php\/wp-json\/wp\/v2\/product_cat?post=8835"},{"taxonomy":"product_tag","embeddable":true,"href":"https:\/\/tecsecmty.com\/index.php\/wp-json\/wp\/v2\/product_tag?post=8835"}],"curies":[{"name":"wp","href":"https:\/\/api.w.org\/{rel}","templated":true}]}}