{"id":8839,"date":"2023-02-23T22:30:24","date_gmt":"2023-02-24T04:30:24","guid":{"rendered":"https:\/\/tecsecmty.com\/index.php\/producto\/bosch-a_-aslape3pvide-licencia-para-ampliacion-de-video-16-canalaes-adicionales-extension-de-software-ape\/"},"modified":"2023-03-22T23:20:53","modified_gmt":"2023-03-23T05:20:53","slug":"bosch-a_-aslape3pvide-licencia-para-ampliacion-de-video-16-canalaes-adicionales-extension-de-software-ape","status":"publish","type":"product","link":"https:\/\/tecsecmty.com\/index.php\/producto\/bosch-a_-aslape3pvide-licencia-para-ampliacion-de-video-16-canalaes-adicionales-extension-de-software-ape\/","title":{"rendered":"BOSCH A_ ASLAPE3PVIDE &#8211; Licencia para ampliacion de video \/ 16 CANALAES Adicionales \/ Extension de software APE"},"content":{"rendered":"<div class=\"row aling-items-center padding-bottom-2x\">\n<div class=\"col-lg-12\">\n<p class=\"ql-align-justify\"><strong>Resumen del sistema<\/strong><\/p>\n<p class=\"ql-align-justify\"><strong>Access PE<\/strong>\u00a0provee un control de accesos aut\u00f3nomo para peque\u00f1as y medianas empresas. La instalaci\u00f3n es extremadamente r\u00e1pida y sencilla. No es necesario instalar y administrar un sistema de bases de datos. El sistema es sencillo de utilizar y permite que una persona con una formaci\u00f3n m\u00ednima pueda crear acreditaciones y administrar derechos de acceso en muy poco tiempo.<\/p>\n<p><img decoding=\"async\" class=\"overview-center-img- aligncenter\" src=\"https:\/\/tvc.mx\/media\/2972\/Logoopaginas-oficial.png\" alt=\"\" \/><\/p>\n<\/div>\n<\/div>\n<div class=\"row aling-items-center padding-bottom-2x\">\n<div class=\"col-lg-12\">\n<p class=\"ql-align-justify\">El registro y los informes de eventos espec\u00edficos permiten saber qui\u00e9n estaba d\u00f3nde y cu\u00e1ndo en las instalaciones de su empresa. Puede seleccionar las lectoras y tarjetas del mismo paquete de dispositivos, compatibles con los sistemas\u00a0<strong>Access Engine BIS\/ACE\u00a0<\/strong>de mediana a gran escala de Bosch, lo que protege su inversi\u00f3n con vistas a futuras ampliaciones.<\/p>\n<\/div>\n<\/div>\n<div class=\"row aling-items-center padding-bottom-2x\">\n<div class=\"col-lg-12\">\n<p class=\"ql-align-justify\">En\u00a0<strong>Access PE<\/strong>\u00a0se incluye la personalizaci\u00f3n de tarjetas, que permite dise\u00f1ar acreditaciones, realizar adquisiciones de im\u00e1genes con c\u00e1mara USB y utilizar las impresoras de tarjetas m\u00e1s comunes del mercado.<\/p>\n<p class=\"ql-align-justify\">Adem\u00e1s de los modelos de puertas est\u00e1ndar ofrecidos, se puede usar la funci\u00f3n de\u00a0<strong>E\/S\u00a0<\/strong>ampliada para ejercer cierta influencia sobre las distintas condiciones al monitorizar entradas o salidas.<\/p>\n<\/div>\n<\/div>\n<div class=\"row aling-items-center padding-bottom-2x\">\n<div class=\"col-lg-12\">\n<p class=\"ql-align-justify\"><strong>Access PE\u00a0<\/strong>ofrece un\u00a0<strong>visor de mapas<\/strong>, que proporciona una representaci\u00f3n gr\u00e1fica de las instalaciones con control de dispositivos directamente desde el mapa.\u00a0<strong>Los eventos de alarma\u00a0<\/strong>(por ejemplo, puertas abiertas o c\u00e1maras activadas) se incluyen en una lista y se ubican f\u00e1cilmente con la ayuda de mapas de navegaci\u00f3n e iconos animados.<\/p>\n<p><strong>Access PE\u00a0<\/strong>se puede ampliar con dos m\u00f3dulos. Un Sistema de V\u00eddeo en un lado y un Sistema de Bloqueo sin Conexi\u00f3n (solo en mercados espec\u00edficos) en el otro.<\/p>\n<p>El Sistema de Bloqueo sin Conexi\u00f3n\u00a0<strong>(OLS)<\/strong>\u00a0est\u00e1 integrado en\u00a0<strong>Access PE<\/strong>, por lo que una persona puede utilizar la misma tarjeta en ambos sistemas.<\/p>\n<\/div>\n<\/div>\n<div class=\"row aling-items-center padding-bottom-2x\">\n<div class=\"col-lg-12\">\n<p class=\"ql-align-justify\"><strong>Principales Caracter\u00edsticas:<\/strong><\/p>\n<ul>\n<li class=\"ql-align-justify\">Software de control de accesos y gesti\u00f3n de la seguridad que utiliza la innovadora familia de controladores modulares de acceso.<\/li>\n<li class=\"ql-align-justify\">Administraci\u00f3n de usuarios de tarjetas para hasta 10.000 registros en la base de datos.<\/li>\n<li class=\"ql-align-justify\">Mapa de ubicaci\u00f3n gr\u00e1fica con control de dispositivos tanto desde los mapas como desde el \u00e1rbol de dispositivos.<\/li>\n<li class=\"ql-align-justify\">Gesti\u00f3n de alarmas con detalles mediante la lista de alarmas y GIF animados en mapas de ubicaci\u00f3n interactivos.<\/li>\n<li class=\"ql-align-justify\">Verificaci\u00f3n de v\u00eddeo, verificaci\u00f3n de alarmas de v\u00eddeo y monitorizaci\u00f3n mediante v\u00eddeo de eventos en directo y grabados.<\/li>\n<\/ul>\n<\/div>\n<\/div>\n","protected":false},"excerpt":{"rendered":"<p>Resumen del sistema Access PE\u00a0provee un control de accesos aut\u00f3nomo para peque\u00f1as y medianas empresas. La instalaci\u00f3n es extremadamente r\u00e1pida y sencilla. No es necesario instalar y administrar un sistema de bases de datos. El sistema es sencillo de utilizar y permite que una persona&hellip;<\/p>\n","protected":false},"featured_media":8838,"comment_status":"open","ping_status":"closed","template":"","meta":{"om_disable_all_campaigns":false,"_monsterinsights_skip_tracking":false,"_monsterinsights_sitenote_active":false,"_monsterinsights_sitenote_note":"","_monsterinsights_sitenote_category":0},"product_brand":[],"product_cat":[822],"product_tag":[81,727,730,66,731,728,729],"class_list":{"0":"post-8839","1":"product","2":"type-product","3":"status-publish","4":"has-post-thumbnail","6":"product_cat-software-acceso","7":"product_tag-acceso-y-asistencia","8":"product_tag-cerraduras","9":"product_tag-commax-wulian","10":"product_tag-dahua","11":"product_tag-wejoin","12":"product_tag-yli","13":"product_tag-zkteco","15":"first","16":"instock","17":"sale","18":"taxable","19":"shipping-taxable","20":"purchasable","21":"product-type-simple"},"aioseo_notices":[],"_links":{"self":[{"href":"https:\/\/tecsecmty.com\/index.php\/wp-json\/wp\/v2\/product\/8839","targetHints":{"allow":["GET"]}}],"collection":[{"href":"https:\/\/tecsecmty.com\/index.php\/wp-json\/wp\/v2\/product"}],"about":[{"href":"https:\/\/tecsecmty.com\/index.php\/wp-json\/wp\/v2\/types\/product"}],"replies":[{"embeddable":true,"href":"https:\/\/tecsecmty.com\/index.php\/wp-json\/wp\/v2\/comments?post=8839"}],"version-history":[{"count":0,"href":"https:\/\/tecsecmty.com\/index.php\/wp-json\/wp\/v2\/product\/8839\/revisions"}],"wp:featuredmedia":[{"embeddable":true,"href":"https:\/\/tecsecmty.com\/index.php\/wp-json\/wp\/v2\/media\/8838"}],"wp:attachment":[{"href":"https:\/\/tecsecmty.com\/index.php\/wp-json\/wp\/v2\/media?parent=8839"}],"wp:term":[{"taxonomy":"product_brand","embeddable":true,"href":"https:\/\/tecsecmty.com\/index.php\/wp-json\/wp\/v2\/product_brand?post=8839"},{"taxonomy":"product_cat","embeddable":true,"href":"https:\/\/tecsecmty.com\/index.php\/wp-json\/wp\/v2\/product_cat?post=8839"},{"taxonomy":"product_tag","embeddable":true,"href":"https:\/\/tecsecmty.com\/index.php\/wp-json\/wp\/v2\/product_tag?post=8839"}],"curies":[{"name":"wp","href":"https:\/\/api.w.org\/{rel}","templated":true}]}}