{"id":8845,"date":"2023-02-23T22:30:36","date_gmt":"2023-02-24T04:30:36","guid":{"rendered":"https:\/\/tecsecmty.com\/index.php\/producto\/bosch-a_amsbaseplus30-licencia-ams-acceso-hasta-512-puertas-hasta-5-clientes-hasta-200000-tarjetas\/"},"modified":"2023-03-22T23:20:54","modified_gmt":"2023-03-23T05:20:54","slug":"bosch-a_amsbaseplus30-licencia-ams-acceso-hasta-512-puertas-hasta-5-clientes-hasta-200000-tarjetas","status":"publish","type":"product","link":"https:\/\/tecsecmty.com\/index.php\/producto\/bosch-a_amsbaseplus30-licencia-ams-acceso-hasta-512-puertas-hasta-5-clientes-hasta-200000-tarjetas\/","title":{"rendered":"BOSCH A_AMSBASEPLUS30- LICENCIA AMS ACCESO\/ HASTA 512 PUERTAS\/ HASTA 5 CLIENTES\/ HASTA 200,000 TARJETAS"},"content":{"rendered":"<div class=\"row aling-items-center padding-bottom-2x\">\n<div class=\"col-lg-12\">\n<h5 class=\"card-title text-center\">AMS Software de control de acceso<\/h5>\n<p class=\"ql-align-justify\">Sistema de control de accesos distribuido con gesti\u00f3n gr\u00e1fica de alarmas u Integraci\u00f3n e interacci\u00f3n perfectas con sistemas de video, incendios, intrusi\u00f3n y PA\/VA mediante la plataforma BIS com\u00fan u Gran resistencia gracias a la arquitectura del sistema en 4 capas y la redundancia de los componentes cr\u00edticos u Integraci\u00f3n de productos de terceros mediante protocolos abiertos y seguros y SDK u Proceso de registro eficaz que facilita una inscripci\u00f3n m\u00e1s r\u00e1pida y segura<\/p>\n<p>Combina funciones de control de acceso de alta gama, rendimiento y disponibilidad con intuitiva operaci\u00f3n.<\/p>\n<p>Altamente escalable: hasta 200.000 usuarios y 10.000 puertas.<\/p>\n<p>F\u00e1cil de usar: GUI intuitiva y visor de mapas integrado.<\/p>\n<p>F\u00e1cil de configurar: licencias preempaquetadas, sencillas instalaci\u00f3n y puesta a punto.<\/p>\n<p>Gesti\u00f3n de seguridad integral: integra con sistemas de intrusi\u00f3n y video<\/p>\n<p><img decoding=\"async\" class=\"overview-center-img-web\" src=\"https:\/\/tvc.mx\/media\/332990\/BANNER-ACCESO.png\" alt=\"\" \/><\/div>\n<\/div>\n<div class=\"row align-items-center padding-bottom-2x\">\n<div class=\"col-md-5 order-md-2\"><img decoding=\"async\" class=\"d-block m-auto img-thumbnail\" src=\"https:\/\/tvc.mx\/media\/189054\/Sin-t%C3%ADtulo-2-400X300.png\" alt=\" \" \/><\/div>\n<div class=\"col-md-7 order-md-1 text-md-left text-center\">\n<h2>Descripci\u00f3n inicial<\/h2>\n<p class=\"text-muted\">\n<p class=\"ql-align-justify\">Access Management System (AMS) es un acceso sistema de control para aplicaciones independientes o para integraci\u00f3n con otros sistemas, como el Bosch sistema de gesti\u00f3n de v\u00eddeo BVMS.<\/p>\n<p class=\"ql-align-justify\">\u2022 Como sistema aut\u00f3nomo, presenta un sencillo visor de mapas y alarmas para una evaluaci\u00f3n r\u00e1pida de todos los dispositivos y las entradas en el sitio.<\/p>\n<p class=\"ql-align-justify\">\u2022 Como sistema integrado, permite al operador de un sistema de gesti\u00f3n de v\u00eddeo para realizar tareas relacionadas con la puerta<\/p>\n<p class=\"ql-align-justify\">tareas como la verificaci\u00f3n de identificaci\u00f3n basada en video, para otorgar y denegar el acceso o inhabilitar las puertas.<\/p>\n<p class=\"ql-align-justify\">AMS combina la robustez, el rendimiento y caracter\u00edsticas de los productos de control de acceso de alta gama con un interfaz de usuario moderna que agiliza la instalaci\u00f3n y la configuraci\u00f3n.<\/p>\n<p class=\"ql-align-justify\">La cartera existente de dispositivos de control de acceso de Bosch se puede escanear e integrar f\u00e1cilmente.<\/p>\n<p class=\"ql-align-justify\">La privacidad de los datos y la seguridad de TI son lo \u00faltimo en tecnolog\u00eda, en orden para cumplir con las \u00faltimas normativas de protecci\u00f3n de datos<\/p>\n<p>&nbsp;<\/p>\n<\/div>\n<\/div>\n<hr class=\"padding-bottom-2x\" \/>\n<div class=\"row align-items-center padding-bottom-2x\">\n<div class=\"col-md-5\"><img decoding=\"async\" class=\"d-block m-auto img-thumbnail\" src=\"https:\/\/tvc.mx\/media\/189058\/2020.png\" alt=\" \" \/><\/div>\n<div class=\"col-md-7 text-md-left text-center\">\n<h2>Caracter\u00edsticas y Especificaciones<\/h2>\n<p class=\"text-muted\">\n<p class=\"ql-align-justify\"><strong>Servidor de administraci\u00f3n de acceso<\/strong><\/p>\n<p class=\"ql-align-justify\">El servidor es el componente principal para procesar todos datos. Coordina las actividades de todo el hardware y componentes de software que se describen a continuaci\u00f3n.<\/p>\n<p class=\"ql-align-justify\"><strong>Controlador de acceso maestro (MAC)<\/strong><\/p>\n<p class=\"ql-align-justify\">El MAC es una capa de seguridad adicional para aumentar disponibilidad del sistema. Tiene su propia base de datos para intercambiar informaci\u00f3n entre AMC, incluso si el principal servidor o la red no funciona.<\/p>\n<p class=\"ql-align-justify\"><strong>Controlador modular de acceso (AMC)<\/strong><\/p>\n<p class=\"ql-align-justify\">El AMC es un controlador de campo robusto y confiable para conectar hasta 8 puertas con lectores y puerta huelgas. Con su gran memoria integrada, el AMC puede tomar decisiones aut\u00f3nomas y almacenar cientos de miles de eventos de acceso, independientemente de la red interrupciones.<\/p>\n<p class=\"ql-align-justify\"><strong>Base de datos de gesti\u00f3n de acceso<\/strong><\/p>\n<p class=\"ql-align-justify\">El servidor SQL contiene todos los datos maestros (titular de la tarjeta, tarjetas, autorizaciones, horarios, etc.) y tambi\u00e9n todos acceder a eventos. La \u00faltima versi\u00f3n proporciona cifrado para proteger la informaci\u00f3n personal contra el uso indebido o el robo.<\/p>\n<p class=\"ql-align-justify\"><strong>Administrador de di\u00e1logo de administraci\u00f3n de acceso<\/strong><\/p>\n<p class=\"ql-align-justify\">Dialog Manager es la interfaz de usuario principal para configurar el sistema, y \u200b\u200bpara recopilar y mantener la informaci\u00f3n relacionada con el acceso. En particular, sus di\u00e1logos de personal se utilizan para inscribir nuevos titulares de tarjetas, y manteniendo su acceso<\/p>\n<p class=\"ql-align-justify\">autorizaciones y credenciales.<\/p>\n<p><strong>Vista del mapa de administraci\u00f3n de acceso<\/strong><\/p>\n<p>Map View es una aplicaci\u00f3n f\u00e1cil de usar tanto para visualizar la situaci\u00f3n general de seguridad de las instalaciones, y ampl\u00ede los detalles. Muestra acceso alarmas de violaci\u00f3n, manipulaci\u00f3n y mal funcionamiento, y permite el env\u00edo de comandos directamente desde mapas.<\/p>\n<p><strong>Interfaz BVMS de gesti\u00f3n de acceso<\/strong><\/p>\n<p>La perfecta integraci\u00f3n con BVMS (versi\u00f3n 10.1 o superior) permite la verificaci\u00f3n por video del titular de la tarjeta identidades del cliente operador de BVMS: una persona solicitar acceso con una tarjeta v\u00e1lida se puede realizar manualmente verificado a trav\u00e9s de la transmisi\u00f3n en vivo de la c\u00e1mara y el foto del titular de la tarjeta de la base de datos. Eventos de c\u00e1mara puede desencadenar acciones de la puerta. Los eventos de puerta pueden desencadenar acciones de la c\u00e1mara.<\/p>\n<p><strong>Interfaz de intrusi\u00f3n de gesti\u00f3n de acceso<\/strong><\/p>\n<p>Gesti\u00f3n de hasta 25 intrusiones de las series B y G<\/p>\n<p>Paneles Muestra los estados del \u00e1rea (por ejemplo, armado, listo para armar), estados del detector y eventos de intrusi\u00f3n en la Vista de mapa. Permite el env\u00edo de comandos (por ejemplo, armar, desarmar) a paneles<\/p>\n<p><strong>SDK de administraci\u00f3n de acceso<\/strong><\/p>\n<p>Este SDK facilita la integraci\u00f3n de terceros sistemas con AMS, por ejemplo, una identidad<\/p>\n<p>Sistema de gesti\u00f3n o gesti\u00f3n de visitantes. A Una ventaja particular es su capacidad para reutilizar a terceros<\/p>\n<p>integraciones escritas inicialmente para BIS Access Engine.<\/p>\n<p><strong>Importador \/ Exportador de acceso<\/strong><\/p>\n<p>Esta herramienta facilita la importaci\u00f3n y exportaci\u00f3n de datos desde sistemas externos para la migraci\u00f3n de datos por \u00fanica vez, como desde los sistemas Access PE, o la transferencia regular de datos desde Active Directory a trav\u00e9s del protocolo LDAP.<\/p>\n<\/div>\n<\/div>\n","protected":false},"excerpt":{"rendered":"<p>AMS Software de control de acceso Sistema de control de accesos distribuido con gesti\u00f3n gr\u00e1fica de alarmas u Integraci\u00f3n e interacci\u00f3n perfectas con sistemas de video, incendios, intrusi\u00f3n y PA\/VA mediante la plataforma BIS com\u00fan u Gran resistencia gracias a la arquitectura del sistema en&hellip;<\/p>\n","protected":false},"featured_media":8844,"comment_status":"open","ping_status":"closed","template":"","meta":{"om_disable_all_campaigns":false,"_monsterinsights_skip_tracking":false,"_monsterinsights_sitenote_active":false,"_monsterinsights_sitenote_note":"","_monsterinsights_sitenote_category":0},"product_brand":[],"product_cat":[822],"product_tag":[81,727,730,66,731,728,729],"class_list":{"0":"post-8845","1":"product","2":"type-product","3":"status-publish","4":"has-post-thumbnail","6":"product_cat-software-acceso","7":"product_tag-acceso-y-asistencia","8":"product_tag-cerraduras","9":"product_tag-commax-wulian","10":"product_tag-dahua","11":"product_tag-wejoin","12":"product_tag-yli","13":"product_tag-zkteco","15":"first","16":"instock","17":"sale","18":"taxable","19":"shipping-taxable","20":"purchasable","21":"product-type-simple"},"aioseo_notices":[],"_links":{"self":[{"href":"https:\/\/tecsecmty.com\/index.php\/wp-json\/wp\/v2\/product\/8845","targetHints":{"allow":["GET"]}}],"collection":[{"href":"https:\/\/tecsecmty.com\/index.php\/wp-json\/wp\/v2\/product"}],"about":[{"href":"https:\/\/tecsecmty.com\/index.php\/wp-json\/wp\/v2\/types\/product"}],"replies":[{"embeddable":true,"href":"https:\/\/tecsecmty.com\/index.php\/wp-json\/wp\/v2\/comments?post=8845"}],"version-history":[{"count":0,"href":"https:\/\/tecsecmty.com\/index.php\/wp-json\/wp\/v2\/product\/8845\/revisions"}],"wp:featuredmedia":[{"embeddable":true,"href":"https:\/\/tecsecmty.com\/index.php\/wp-json\/wp\/v2\/media\/8844"}],"wp:attachment":[{"href":"https:\/\/tecsecmty.com\/index.php\/wp-json\/wp\/v2\/media?parent=8845"}],"wp:term":[{"taxonomy":"product_brand","embeddable":true,"href":"https:\/\/tecsecmty.com\/index.php\/wp-json\/wp\/v2\/product_brand?post=8845"},{"taxonomy":"product_cat","embeddable":true,"href":"https:\/\/tecsecmty.com\/index.php\/wp-json\/wp\/v2\/product_cat?post=8845"},{"taxonomy":"product_tag","embeddable":true,"href":"https:\/\/tecsecmty.com\/index.php\/wp-json\/wp\/v2\/product_tag?post=8845"}],"curies":[{"name":"wp","href":"https:\/\/api.w.org\/{rel}","templated":true}]}}