{"id":8881,"date":"2023-02-23T22:31:29","date_gmt":"2023-02-24T04:31:29","guid":{"rendered":"https:\/\/tecsecmty.com\/index.php\/producto\/bosch-a_amssmaplus-licencia-12-meses-de-mantenimiento-para-ams-plus\/"},"modified":"2023-03-22T23:20:56","modified_gmt":"2023-03-23T05:20:56","slug":"bosch-a_amssmaplus-licencia-12-meses-de-mantenimiento-para-ams-plus","status":"publish","type":"product","link":"https:\/\/tecsecmty.com\/index.php\/producto\/bosch-a_amssmaplus-licencia-12-meses-de-mantenimiento-para-ams-plus\/","title":{"rendered":"BOSCH A_AMSSMAPLUS- LICENCIA 12 MESES DE MANTENIMIENTO PARA AMS PLUS"},"content":{"rendered":"<div class=\"row aling-items-center padding-bottom-2x\">\n<div class=\"col-lg-12\">\n<h5 class=\"card-title text-center\">AMS &#8211; Licencia de mantenimiento por un a\u00f1o<\/h5>\n<p class=\"ql-align-justify\">Implementaci\u00f3n aut\u00f3noma, con visor de mapas propio y visor de alarmas y eventos, o como parte integral de un video<\/p>\n<p class=\"ql-align-justify\">sistema de gesti\u00f3n (por ejemplo, BVMS).<\/p>\n<p class=\"ql-align-justify\">Combina funciones de control de acceso de alta gama, rendimiento y disponibilidad con intuitivo operaci\u00f3n.<\/p>\n<p class=\"ql-align-justify\">Inversi\u00f3n preparada para el futuro a trav\u00e9s de una alta escalabilidad:<\/p>\n<p class=\"ql-align-justify\">El peque\u00f1o paquete Lite se puede ampliar a lo largo de los a\u00f1os con m\u00e1s puertas, tarjeteros y funciones para adaptarse a cualquier<\/p>\n<p class=\"ql-align-justify\">tama\u00f1o y necesidad del cliente.<\/p>\n<p class=\"ql-align-justify\">Situaci\u00f3n siempre bajo control para puertas, ascensores, aparcamientos y visitantes, con lista de alarmas y para diferentes escenarios (amenazas, eventos de la empresa).<\/p>\n<p class=\"ql-align-justify\">Soporte para los sistemas operativos m\u00e1s recientes y seguros:<\/p>\n<p class=\"ql-align-justify\">Windows Server 2016, Windows 10 y SQL Server 2017.<\/p>\n<p><img decoding=\"async\" class=\"overview-center-img-web\" src=\"https:\/\/tvc.mx\/media\/186363\/BANNER-ACCESO.png\" alt=\"\" \/><\/div>\n<\/div>\n<div class=\"row align-items-center padding-bottom-2x\">\n<div class=\"col-md-5 order-md-2\"><img decoding=\"async\" class=\"d-block m-auto img-thumbnail\" src=\"https:\/\/tvc.mx\/media\/186367\/ams3.png\" alt=\" \" \/><\/div>\n<div class=\"col-md-7 order-md-1 text-md-left text-center\">\n<h2>Descripci\u00f3n inicial<\/h2>\n<p class=\"text-muted\">\n<p class=\"ql-align-justify\"><strong>Servidor de administraci\u00f3n de acceso:<\/strong><\/p>\n<p class=\"ql-align-justify\">El servidor es el componente principal para procesar todos datos. Coordina las actividades de todo el hardware y componentes de software que se describen a continuaci\u00f3n.<\/p>\n<p class=\"ql-align-justify\"><strong>Controlador de acceso maestro (MAC):<\/strong><\/p>\n<p class=\"ql-align-justify\">El MAC es una capa de seguridad adicional para aumentar disponibilidad del sistema. Tiene su propia base de datos para intercambiar informaci\u00f3n entre AMC, incluso si el servidor de administraci\u00f3n o la red est\u00e1 inactiva.<\/p>\n<p class=\"ql-align-justify\"><strong>Controlador modular de acceso (AMC):<\/strong><\/p>\n<p class=\"ql-align-justify\">El AMC es un controlador de campo robusto y confiable para conectar hasta 8 puertas con lectores y puerta huelgas. Con su gran memoria integrada, el AMC puede tomar decisiones aut\u00f3nomas y almacenar cientos de miles de eventos de acceso, independientemente de la red interrupciones. AMS tambi\u00e9n admite lector en serie conexi\u00f3n con protocolo seguro OSDPv2.<\/p>\n<p class=\"ql-align-justify\"><strong>Base de datos de gesti\u00f3n de acceso:<\/strong><\/p>\n<p class=\"ql-align-justify\">El servidor SQL contiene todos los datos maestros (titular de la tarjeta, tarjetas, autorizaciones, horarios, etc.) y tambi\u00e9n todos<\/p>\n<p class=\"ql-align-justify\">acceder a eventos. La \u00faltima versi\u00f3n proporciona cifrado para proteger la informaci\u00f3n personal contra el uso indebido o el robo.<\/p>\n<p class=\"ql-align-justify\"><strong>Administrador de di\u00e1logo de administraci\u00f3n de acceso:<\/strong><\/p>\n<p class=\"ql-align-justify\">Dialog Manager es la interfaz de usuario principal para configurar el sistema, y \u200b\u200bpara recopilar y mantener la informaci\u00f3n relacionada con el acceso. En particular sus di\u00e1logos de personal se utilizan para inscribir nuevos titulares de tarjetas, y manteniendo su acceso<\/p>\n<p class=\"ql-align-justify\">autorizaciones y credenciales.<\/p>\n<p class=\"ql-align-justify\"><strong>Vista del mapa de administraci\u00f3n de acceso:<\/strong><\/p>\n<p class=\"ql-align-justify\">La vista de mapa es una aplicaci\u00f3n f\u00e1cil de usar para mostrar<\/p>\n<p class=\"ql-align-justify\">Situaci\u00f3n de la puerta del edificio de un vistazo. Muestra alarmas de puerta, sabotaje o aver\u00eda y permite enviar comandos directamente desde el mapa.<\/p>\n<p class=\"ql-align-justify\"><strong>Interfaz de administraci\u00f3n de acceso BVMS:<\/strong><\/p>\n<p class=\"ql-align-justify\">La perfecta integraci\u00f3n en BVMS ahora permite video verificaci\u00f3n de los titulares de tarjetas del operador BVMS<\/p>\n<p class=\"ql-align-justify\">cliente: una persona que solicita acceso con una tarjeta v\u00e1lida se puede verificar manualmente a trav\u00e9s de la transmisi\u00f3n en vivo de la c\u00e1mara y la foto del titular de la tarjeta de la base de datos.<\/p>\n<p class=\"ql-align-justify\"><strong>Interfaz web de gesti\u00f3n de acceso:<\/strong><\/p>\n<p class=\"ql-align-justify\">Las diferentes interfaces web muestran una descripci\u00f3n general de tarjetahabientes (cuadro virtual), visitantes (con alertas para<\/p>\n<p class=\"ql-align-justify\">salidas atrasadas) o capacidad disponible en estacionamiento un mont\u00f3n.<\/p>\n<p class=\"ql-align-justify\"><strong>SDK de administraci\u00f3n de acceso:<\/strong><\/p>\n<p class=\"ql-align-justify\">Una API (interfaz de programaci\u00f3n de aplicaciones) que facilita la integraci\u00f3n de sistemas de terceros en AMS, por ejemplo, una gesti\u00f3n de identidad o un visitante sistema de gesti\u00f3n.<\/p>\n<p class=\"ql-align-justify\"><strong>Importador de datos de gesti\u00f3n de acceso:<\/strong><\/p>\n<p class=\"ql-align-justify\">Esta herramienta facilita la importaci\u00f3n y exportaci\u00f3n de datos desde el tercer sistemas de fiesta para la migraci\u00f3n de datos \u00fanica o regular sincronizaci\u00f3n con sistemas externos.<\/p>\n<\/div>\n<\/div>\n","protected":false},"excerpt":{"rendered":"<p>AMS &#8211; Licencia de mantenimiento por un a\u00f1o Implementaci\u00f3n aut\u00f3noma, con visor de mapas propio y visor de alarmas y eventos, o como parte integral de un video sistema de gesti\u00f3n (por ejemplo, BVMS). Combina funciones de control de acceso de alta gama, rendimiento y&hellip;<\/p>\n","protected":false},"featured_media":8880,"comment_status":"open","ping_status":"closed","template":"","meta":{"om_disable_all_campaigns":false,"_monsterinsights_skip_tracking":false,"_monsterinsights_sitenote_active":false,"_monsterinsights_sitenote_note":"","_monsterinsights_sitenote_category":0},"product_brand":[],"product_cat":[822],"product_tag":[81,727,730,66,731,728,729],"class_list":{"0":"post-8881","1":"product","2":"type-product","3":"status-publish","4":"has-post-thumbnail","6":"product_cat-software-acceso","7":"product_tag-acceso-y-asistencia","8":"product_tag-cerraduras","9":"product_tag-commax-wulian","10":"product_tag-dahua","11":"product_tag-wejoin","12":"product_tag-yli","13":"product_tag-zkteco","15":"first","16":"instock","17":"sale","18":"taxable","19":"shipping-taxable","20":"purchasable","21":"product-type-simple"},"aioseo_notices":[],"_links":{"self":[{"href":"https:\/\/tecsecmty.com\/index.php\/wp-json\/wp\/v2\/product\/8881","targetHints":{"allow":["GET"]}}],"collection":[{"href":"https:\/\/tecsecmty.com\/index.php\/wp-json\/wp\/v2\/product"}],"about":[{"href":"https:\/\/tecsecmty.com\/index.php\/wp-json\/wp\/v2\/types\/product"}],"replies":[{"embeddable":true,"href":"https:\/\/tecsecmty.com\/index.php\/wp-json\/wp\/v2\/comments?post=8881"}],"version-history":[{"count":0,"href":"https:\/\/tecsecmty.com\/index.php\/wp-json\/wp\/v2\/product\/8881\/revisions"}],"wp:featuredmedia":[{"embeddable":true,"href":"https:\/\/tecsecmty.com\/index.php\/wp-json\/wp\/v2\/media\/8880"}],"wp:attachment":[{"href":"https:\/\/tecsecmty.com\/index.php\/wp-json\/wp\/v2\/media?parent=8881"}],"wp:term":[{"taxonomy":"product_brand","embeddable":true,"href":"https:\/\/tecsecmty.com\/index.php\/wp-json\/wp\/v2\/product_brand?post=8881"},{"taxonomy":"product_cat","embeddable":true,"href":"https:\/\/tecsecmty.com\/index.php\/wp-json\/wp\/v2\/product_cat?post=8881"},{"taxonomy":"product_tag","embeddable":true,"href":"https:\/\/tecsecmty.com\/index.php\/wp-json\/wp\/v2\/product_tag?post=8881"}],"curies":[{"name":"wp","href":"https:\/\/api.w.org\/{rel}","templated":true}]}}