{"id":889,"date":"2023-02-16T00:07:27","date_gmt":"2023-02-16T00:07:27","guid":{"rendered":"https:\/\/tecsecmty.com\/index.php\/producto\/dvr-acusense-4-megapixel-32-canales-turbohd-8-canales-ip-2-bahias-de-disco-duro-32-canales-de-audio-por-coaxitron\/"},"modified":"2023-03-22T23:20:45","modified_gmt":"2023-03-23T05:20:45","slug":"dvr-acusense-4-megapixel-32-canales-turbohd-8-canales-ip-2-bahias-de-disco-duro-32-canales-de-audio-por-coaxitron","status":"publish","type":"product","link":"https:\/\/tecsecmty.com\/index.php\/producto\/dvr-acusense-4-megapixel-32-canales-turbohd-8-canales-ip-2-bahias-de-disco-duro-32-canales-de-audio-por-coaxitron\/","title":{"rendered":"DVR Acusense 4 Megapixel \/ 32 Canales TURBOHD + 8 Canales IP \/ 2 Bahias de Disco Duro \/ 32 Canales de Audio por Coaxitron"},"content":{"rendered":"<div class=\"container\">\n<div class=\"row\">\n<div class=\"col-md-12\">\n<div class=\"row\">\n<div class=\"row\">\n<div class=\"col-md-12\">\n<h4 class=\"text-primary center info-text\" style=\"text-align: center\">Informaci\u00f3n de Producto<\/h4>\n<\/div>\n<\/div>\n<div class=\"row\" style=\"text-align: center\">\n<div class=\"col-md-12\">\n<h3>DVR Acusense 4 Megapixel \/ 32 Canales TURBOHD + 8 Canales IP \/ 2 Bah\u00edas de Disco Duro \/ 32 Canales de Audio por Coaxitron<\/h3>\n<\/div>\n<\/div>\n<div id=\"producto_container\" class=\"row\" style=\"text-align: center\">\n<div class=\"col-md-4\"><img decoding=\"async\" class=\"img-responsive center-block\" src=\"https:\/\/ftp3.syscom.mx\/usuarios\/fotos\/BancoFotografiasSyscom\/HIKVISION\/IDS7232HQHIM2_S(E)\/IDS7232HQHIM2_S(E)-p.PNG\" alt=\"IDS-7232HQHI-M2\/S(E)\" \/><\/p>\n<div class=\"row\">\n<div id=\"galerias\" class=\"col-sm-12\"><\/div>\n<\/div>\n<\/div>\n<div class=\"col-md-4\">\n<div><img decoding=\"async\" class=\"img-responsive img-thumbnail\" src=\"https:\/\/ftp3.syscom.mx\/usuarios\/fotos\/logotipos\/hikvision.png\" \/><\/div>\n<div><img decoding=\"async\" class=\"icono_info_product\" src=\"https:\/\/ftp3.syscom.mx\/usuarios\/fotos\/40_ip.png\" \/><img decoding=\"async\" class=\"icono_info_product\" src=\"https:\/\/ftp3.syscom.mx\/cdn-cgi\/image\/format=auto,width=75\/usuarios\/ftp\/syscom_mx\/3-17-19-54-acusense.png?v=1593128259?v=1600727277?v=1600728320?v=1600729187\" \/><img decoding=\"async\" class=\"icono_info_product\" src=\"https:\/\/ftp3.syscom.mx\/cdn-cgi\/image\/format=auto,width=75\/usuarios\/fotos\/audiovideomismocable.png?v=1588118778\" \/><\/div>\n<div>\n<p>Modelo:\u00a0<span class=\"modelo-marca\">IDS-7232HQHI-M2\/S(E)<\/span><\/p>\n<p>Marca:\u00a0<span class=\"modelo-marca\">HIKVISION<\/span><\/p>\n<\/div>\n<div><\/div>\n<\/div>\n<div class=\"col-md-4\">\n<div class=\"row\">\n<div class=\"col-md-12 default_padding_bottom\"><\/div>\n<\/div>\n<\/div>\n<\/div>\n<\/div>\n<div class=\"row \" style=\"text-align: center\">\n<div class=\"col-md-12\">\n<div class=\"row\">\n<h3 class=\"text-primary\">Especificaciones:<\/h3>\n<\/div>\n<div class=\"row well\">\n<p><img decoding=\"async\" class=\"fr-fic fr-dii\" src=\"https:\/\/ftp3.syscom.mx\/usuarios\/jsosa\/HIKVISION\/imagenes\/logo\/hikvision%20see%20far.png\" \/><\/p>\n<p>&nbsp;<\/p>\n<div class=\"row\"><\/div>\n<div class=\"row\">\n<div class=\"row\">\n<p>&nbsp;<\/p>\n<p><img decoding=\"async\" class=\"fr-fic fr-dii\" src=\"https:\/\/ftp3.syscom.mx\/usuarios\/jsosa\/HIKVISION\/imagenes\/coaxitron\/coaxitron.jpg\" \/><\/p>\n<p>&nbsp;<\/p>\n<p><strong>Nota importante:<\/strong><\/p>\n<p>Gracias a las nuevas actualizaciones (mejoras) ahora el DVR permite aceptar c\u00e1maras TURBOHD de 4 Megapixel que originalmente estaba dedicado a soportar 2 Megapixel, el DVR podr\u00e1 grabar a 4 Megapixel Lite, quiere decir que es un acoplamiento de se\u00f1al que permite aceptar c\u00e1maras de 4 Megapixel TURBOHD con grabacion Lite.<\/p>\n<ul>\n<li>4 Megapixel Real = 2560 X 1440.<\/li>\n<li>4 Megapixel Lite = 1280 X 1440.<\/li>\n<\/ul>\n<p>&nbsp;<\/p>\n<p>&nbsp;<\/p>\n<div class=\"row\">\n<div class=\"col-sm-4\">\n<div><strong>Caracter\u00edsticas principales:<\/strong><\/p>\n<ul>\n<li>Serie Turbo HD Versi\u00f3n 5.0<\/li>\n<li>Permite apagar canales anal\u00f3gicos TURBOHD y poder colocar c\u00e1maras IP en todos sus canales, p\u00f3demos colocar hasta 40 c\u00e1maras IP en total. Por cada canal anal\u00f3gico TURBOHD que se apague se genera una canal IP adicional.<\/li>\n<li>DVR pentahibrido: HD-TVI \/ HD-CVI \/ Analogico \/ IP \/ AHD.<\/li>\n<li>Acceso remoto: PC (WINDOWS \/ MAC), Smart Phone (iPhone, iPad, Android).<\/li>\n<li>Compatibilidad con navegador Internet Explorer.<\/li>\n<li>Software cliente multi sitio de hasta 64 canales (iVMS-4200).<\/li>\n<li>Compatible con Hik-Connect P2P<\/li>\n<li>Funciones Avanzadas: Detecci\u00f3n por cruce de linea &amp; deteccion de instrusion por Inteligencia Artificial<\/li>\n<li>1 entrada y 1 salida de audio, puede integrar c\u00e1maras con audio por coaxitron en todos sus canales analogicos.<\/li>\n<li>Soporta 2 HDD de hasta 10 TB (no incluido).<\/li>\n<li>Interfaz serial: RS-485 (HIKVISION C, COAXITRON, PELCO D, PELCO P, etc).<\/li>\n<\/ul>\n<p>El audio se recibe por la se\u00f1al TVI<\/p>\n<p>&nbsp;<\/p>\n<p>Para conectar los canales IP requiere utilizar un switch\/switch poe (no incluido)<\/p>\n<\/div>\n<\/div>\n<div class=\"col-sm-4\">\n<div><strong>Caracter\u00edsticas F\u00edsicas y El\u00e9ctricas:<\/strong><\/p>\n<ul>\n<li>Alimentaci\u00f3n: 12 Vcc (fuente incluida).<\/li>\n<li>Consumo sin HDD: 40 watts.<\/li>\n<li>Temperatura de operacion: -10 \u00baC hasta 55 \u00baC.<\/li>\n<li>Dimensiones: 385 x 315 x 52 mm (W \u00d7 D \u00d7 H)<\/li>\n<li>Peso: 1.78 Kg sin HDD.<\/li>\n<li>No compatible con control remoto.<\/li>\n<li>Garant\u00eda: 2 A\u00f1os.<\/li>\n<\/ul>\n<p><strong>Compresi\u00f3n y resoluci\u00f3n:<\/strong><\/p>\n<ul>\n<li>Compresion: H.265+ \/ H.265 \/ H.264+ \/ H.264.<\/li>\n<li>Soporta 32 canales TURBOHD \/ analogicos + 8 canales IP = 40 canales en total.<\/li>\n<li>Soporta 5 Tecnolog\u00edas (TVI \/ AHD \/ CVI \/ CVBS \/ IP):<\/li>\n<li>4 Megapixel\u00a0Lite@\u00a015 IPS<\/li>\n<li>3 Megapixel @ 15 IPS<\/li>\n<li>2 Megapixel @ 30 IPS<\/li>\n<li>1 Megapixel @ 30 IPS<\/li>\n<li>Analogico 1200TVL (CVBS) @ 30 IPS<\/li>\n<li>IP hasta 6 Megapixel<\/li>\n<li><strong>Nota: Acepta c\u00e1maras de 4MP, 2MP y 1MP en todos sus canales BNC (C\u00e1maras de 3MP solo en el canal 1, 2, 3 y 4).<\/strong><\/li>\n<\/ul>\n<\/div>\n<\/div>\n<div class=\"col-sm-4\">\n<div><strong>Caracter\u00edsticas Destacadas:<\/strong>El DVR soporta 4 canales de video con activacion de deteccion de cuerpo humano o deteccion de vehiculos, esto nos permite ser mas precisos al momento de tener alguna grabacion de poder descargar cualquier otro tipo de movimientos.<\/p>\n<p>Es necesario contemplar cu\u00e1l de los anal\u00edticos se utilizar\u00e1n ya que no es posible utilizar ambos al mismo tiempo. Al activar la detecci\u00f3n de cuerpo humano no es posible activar detecci\u00f3n de veh\u00edculos y viceversa.<\/p>\n<ul>\n<li>Gu\u00eda de configuraci\u00f3n filtro de humanos y veh\u00edculos click\u00a0<a href=\"https:\/\/soporte.syscom.mx\/es\/articles\/5388340-hikvision-acusense-guia-de-configuracion\" target=\"_blank\" rel=\"noopener\">aqu\u00ed<\/a><\/li>\n<\/ul>\n<p><strong>Soporta audio en todos sus canales por coaxitron utilizando camaras con audio integrado (<a href=\"https:\/\/www.syscom.mx\/principal\/promociones\/camaras_con_audio_por_coaxitron_2_mp-5477.html?ordenar=Relevancia&amp;pag=1\" target=\"_blank\" rel=\"noopener\">ver modelos compatibles<\/a>).\u00a0<\/strong><\/p>\n<p><strong>Para utilizar audio de 2 v\u00edas se recomienda colocar un micr\u00f3fono en la entrada de audio, no se recomienda para audio de 2 v\u00edas una c\u00e1mara con audio por coaxitron<\/strong><\/p>\n<\/div>\n<\/div>\n<\/div>\n<div class=\"row\">\n<div class=\"col-sm-12\">\n<div><\/div>\n<\/div>\n<\/div>\n<p>&nbsp;<\/p>\n<h1><strong>Recursos<\/strong><\/h1>\n<p>&nbsp;<\/p>\n<div class=\"row default_margin_bottom\">\n<div class=\"col-sm-4\"><a href=\"https:\/\/www.hikvision.com\/es-la\/support\/download\/software\/ivms4200-series\/?q=serie%20ivms4200&amp;position=1\" target=\"_blank\" rel=\"noopener\"><img decoding=\"async\" class=\"img-responsive\" src=\"https:\/\/ftp3.syscom.mx\/usuarios\/gmagos\/HIK\/IP\/IPC\/Imagenes%20pagina\/Descargas%20IVMS4200.jpg\" \/><\/a><\/div>\n<div class=\"col-sm-4\"><a href=\"https:\/\/appstore.hikvision.com\/\" target=\"_blank\" rel=\"noopener\"><img decoding=\"async\" class=\"img-responsive\" src=\"https:\/\/ftp3.syscom.mx\/usuarios\/gmagos\/HIK\/IP\/IPC\/Imagenes%20pagina\/Descargas%20de%20app.jpg\" \/><\/a><\/div>\n<div class=\"col-sm-4\"><a href=\"https:\/\/ftp3.syscom.mx\/usuarios\/ftp\/2022\/03\/10\/0dfad\/Especificaci%C3%B3nes%20T%C3%A9cnicas%20-%20iDS-7232HQHI-M2_S.pdf\" target=\"_blank\" rel=\"noopener\"><img decoding=\"async\" class=\"img-responsive\" src=\"https:\/\/ftp3.syscom.mx\/usuarios\/gmagos\/HIK\/IP\/IPC\/Imagenes%20pagina\/Descarga%20de%20PDF.jpg\" \/><\/a><\/div>\n<\/div>\n<div class=\"row default_margin_bottom\">\n<div class=\"col-sm-4\"><\/div>\n<\/div>\n<p><img decoding=\"async\" src=\"https:\/\/ftp3.syscom.mx\/usuarios\/fotos\/S04TURBOG3\/195128-explicaci%C3%B3n_acusense_turbohd.jpeg\" alt=\"\" width=\"100%\" \/><\/p>\n<p><img decoding=\"async\" class=\"fr-fic fr-dii\" src=\"https:\/\/ftp3.syscom.mx\/usuarios\/jsosa\/HIKVISION\/imagenes\/banners\/solution%20complete.png\" \/><\/p>\n<p>&nbsp;<\/p>\n<\/div>\n<\/div>\n<\/div>\n<\/div>\n<\/div>\n<\/div>\n<\/div>\n<\/div>\n<p><img decoding=\"async\" class=\"aligncenter\" src=\"https:\/\/tracker.metricool.com\/c3po.jpg?hash=95c94f37730bb8f54dd4308f1f878f9\" \/><\/p>\n","protected":false},"excerpt":{"rendered":"<p>Informaci\u00f3n de Producto DVR Acusense 4 Megapixel \/ 32 Canales TURBOHD + 8 Canales IP \/ 2 Bah\u00edas de Disco Duro \/ 32 Canales de Audio por Coaxitron Modelo:\u00a0IDS-7232HQHI-M2\/S(E) Marca:\u00a0HIKVISION Especificaciones: &nbsp; &nbsp; &nbsp; Nota importante: Gracias a las nuevas actualizaciones (mejoras) ahora el DVR&hellip;<\/p>\n","protected":false},"featured_media":1720,"comment_status":"open","ping_status":"closed","template":"","meta":{"om_disable_all_campaigns":false,"_monsterinsights_skip_tracking":false,"_monsterinsights_sitenote_active":false,"_monsterinsights_sitenote_note":"","_monsterinsights_sitenote_category":0},"product_brand":[],"product_cat":[56],"product_tag":[58,59,57],"class_list":{"0":"post-889","1":"product","2":"type-product","3":"status-publish","4":"has-post-thumbnail","6":"product_cat-videograbadoras-analogicas-turbohd-tvi-ahd-cvi","7":"product_tag-dvr","8":"product_tag-videograbadora","9":"product_tag-videograbadoras-analogicas-turbohd-tvi-ahd-cvi","11":"first","12":"instock","13":"taxable","14":"shipping-taxable","15":"product-type-simple"},"aioseo_notices":[],"_links":{"self":[{"href":"https:\/\/tecsecmty.com\/index.php\/wp-json\/wp\/v2\/product\/889","targetHints":{"allow":["GET"]}}],"collection":[{"href":"https:\/\/tecsecmty.com\/index.php\/wp-json\/wp\/v2\/product"}],"about":[{"href":"https:\/\/tecsecmty.com\/index.php\/wp-json\/wp\/v2\/types\/product"}],"replies":[{"embeddable":true,"href":"https:\/\/tecsecmty.com\/index.php\/wp-json\/wp\/v2\/comments?post=889"}],"version-history":[{"count":2,"href":"https:\/\/tecsecmty.com\/index.php\/wp-json\/wp\/v2\/product\/889\/revisions"}],"predecessor-version":[{"id":1721,"href":"https:\/\/tecsecmty.com\/index.php\/wp-json\/wp\/v2\/product\/889\/revisions\/1721"}],"wp:featuredmedia":[{"embeddable":true,"href":"https:\/\/tecsecmty.com\/index.php\/wp-json\/wp\/v2\/media\/1720"}],"wp:attachment":[{"href":"https:\/\/tecsecmty.com\/index.php\/wp-json\/wp\/v2\/media?parent=889"}],"wp:term":[{"taxonomy":"product_brand","embeddable":true,"href":"https:\/\/tecsecmty.com\/index.php\/wp-json\/wp\/v2\/product_brand?post=889"},{"taxonomy":"product_cat","embeddable":true,"href":"https:\/\/tecsecmty.com\/index.php\/wp-json\/wp\/v2\/product_cat?post=889"},{"taxonomy":"product_tag","embeddable":true,"href":"https:\/\/tecsecmty.com\/index.php\/wp-json\/wp\/v2\/product_tag?post=889"}],"curies":[{"name":"wp","href":"https:\/\/api.w.org\/{rel}","templated":true}]}}