{"id":890,"date":"2023-02-16T00:07:27","date_gmt":"2023-02-16T00:07:27","guid":{"rendered":"https:\/\/tecsecmty.com\/index.php\/producto\/dvr-8-megapixel-4k-32-canales-turbohd-32-canales-ip-4-bahias-de-disco-duro-raid-015610-pos-32-c%c2%b7nales-de-audio-por-coaxitron-videoanalisis-16-entradas-de-alarma\/"},"modified":"2023-03-22T23:20:45","modified_gmt":"2023-03-23T05:20:45","slug":"dvr-8-megapixel-4k-32-canales-turbohd-32-canales-ip-4-bahias-de-disco-duro-raid-015610-pos-32-canales-de-audio-por-coaxitron-videoanalisis-16-entradas-de-alarma","status":"publish","type":"product","link":"https:\/\/tecsecmty.com\/index.php\/producto\/dvr-8-megapixel-4k-32-canales-turbohd-32-canales-ip-4-bahias-de-disco-duro-raid-015610-pos-32-canales-de-audio-por-coaxitron-videoanalisis-16-entradas-de-alarma\/","title":{"rendered":"DVR 8 Megapixel (4K) \/ 32 Canales TURBOHD + 32 Canales IP \/ 4 Bahias de Disco Duro \/ RAID 0,1,5,6,10 \/ POS \/ 32 Canales de Audio por Coaxitron \/ Videoanalisis \/ 16 Entradas de Alarma"},"content":{"rendered":"<div class=\"container\">\n<div class=\"row\">\n<div class=\"col-md-12\">\n<div class=\"row\">\n<div class=\"row\">\n<div class=\"col-md-12\">\n<h4 class=\"text-primary center info-text\" style=\"text-align: center\">Informaci\u00f3n de Producto<\/h4>\n<\/div>\n<\/div>\n<div class=\"row\" style=\"text-align: center\">\n<div class=\"col-md-12\">\n<h3>DVR 8 Megapixel (4K) \/ 32 Canales TURBOHD + 32 Canales IP \/ 4 Bah\u00edas de Disco Duro \/ RAID 0,1,5,6,10 \/ POS \/ Videoanalisis \/ 16 Entradas de Alarma<\/h3>\n<\/div>\n<\/div>\n<div id=\"producto_container\" class=\"row\" style=\"text-align: center\">\n<div class=\"col-md-4\"><img decoding=\"async\" class=\"img-responsive center-block\" src=\"https:\/\/ftp3.syscom.mx\/usuarios\/fotos\/BancoFotografiasSyscom\/HIKVISION\/IDS7332HUHIM4_S\/IDS7332HUHIM4_S-p.PNG\" alt=\"IDS-7332HUHI-M4\/S\" \/><\/p>\n<div class=\"row\">\n<div id=\"galerias\" class=\"col-sm-12\"><\/div>\n<\/div>\n<\/div>\n<div class=\"col-md-4\">\n<div><img decoding=\"async\" class=\"img-responsive img-thumbnail\" src=\"https:\/\/ftp3.syscom.mx\/usuarios\/fotos\/logotipos\/hikvision.png\" \/><\/div>\n<div><\/div>\n<div>\n<p>Modelo:\u00a0<span class=\"modelo-marca\">IDS-7332HUHI-M4\/S<\/span><\/p>\n<p>Marca:\u00a0<span class=\"modelo-marca\">HIKVISION<\/span><\/p>\n<\/div>\n<div><\/div>\n<\/div>\n<div class=\"col-md-4\">\n<div class=\"row\">\n<div class=\"col-md-12 default_padding_bottom\"><\/div>\n<\/div>\n<\/div>\n<\/div>\n<\/div>\n<div class=\"row \" style=\"text-align: center\">\n<div class=\"col-md-12\">\n<div class=\"row\">\n<h3 class=\"text-primary\">Especificaciones:<\/h3>\n<\/div>\n<div class=\"row well\">\n<p><img decoding=\"async\" class=\"fr-fic fr-dii\" src=\"https:\/\/ftp3.syscom.mx\/usuarios\/jsosa\/HIKVISION\/imagenes\/logo\/hikvision%20see%20far.png\" \/><\/p>\n<p>&nbsp;<\/p>\n<div class=\"row\"><\/div>\n<div class=\"row\">\n<div class=\"col-sm-6\">\n<div class=\"embed-responsive embed-responsive-16by9\"><\/div>\n<\/div>\n<\/div>\n<div class=\"row\">\n<div class=\"col-sm-6 \"><\/div>\n<div class=\"row\">\n<p>&nbsp;<\/p>\n<p>&nbsp;<\/p>\n<p>&nbsp;<\/p>\n<div class=\"row\">\n<div class=\"col-sm-6\">\n<div><strong>Caracter\u00edsticas principales:<\/strong><\/p>\n<ul>\n<li>Permite apagar canales anal\u00f3gicos TURBOHD y poder colocar c\u00e1maras IP en todos sus canales, p\u00f3demos colocar hasta 64 c\u00e1maras IP en total. Por cada canal anal\u00f3gico TURBOHD que se apague se genera una canal IP adicional.<\/li>\n<li>DVR pentahibrido: HDTVI \/AHD \/CVI\u00a0 \/CVBS \/IP.<\/li>\n<li>Acceso remoto: PC (WINDOWS \/ MAC), Smart Phone (iPhone, iPad, Android).<\/li>\n<li>Compatibilidad con navegador Internet Explorer.<\/li>\n<li>Software cliente multi sitio de hasta 128 canales (iVMS-4200).<\/li>\n<li>Compatible con Hik-Connect P2P<\/li>\n<li>4 entrada y 1 salida de audio.<\/li>\n<li>Soporta 4 HDD de hasta 12 TB (no incluido).<\/li>\n<li>Interfaz serial: RS-485 (HIKVISION C, COAXITRON, PELCO D, PELCO P, etc).<\/li>\n<\/ul>\n<p>&nbsp;<\/p>\n<p>&nbsp;<\/p>\n<p>Para conectar los canales IP requiere utilizar un switch\/switch poe (no incluido)<\/p>\n<\/div>\n<\/div>\n<div class=\"col-sm-6\">\n<div><strong>Caracter\u00edsticas F\u00edsicas y El\u00e9ctricas:<\/strong><\/p>\n<ul>\n<li>Alimentaci\u00f3n: 100 to 240 VAC.<\/li>\n<li>Consumo sin HDD: 55 watts.<\/li>\n<li>Temperatura de operacion: -10 \u00baC hasta 55 \u00baC.<\/li>\n<li>Dimensiones: 445 \u00d7 400 \u00d7 71 mm (W \u00d7 D \u00d7 H)<\/li>\n<li>Peso: 7 Kg sin HDD.<\/li>\n<li>No compatible con control remoto.<\/li>\n<li>Garant\u00eda: 2 A\u00f1os.<\/li>\n<\/ul>\n<p><strong>Compresi\u00f3n y resoluci\u00f3n:<\/strong><\/p>\n<ul>\n<li>Compresion: H.265 Pro+\/<\/li>\n<li>H.265 Pro<\/li>\n<li>\/ H.265 \/H.264+ \/H.264 .<\/li>\n<li>Soporta 32 canales TURBOHD \/ analogicos + 32 canales IP = 64 canales en total.<\/li>\n<li>Soporta 5 Tecnolog\u00edas (TVI \/ AHD \/ CVI \/ CVBS \/ IP):<\/li>\n<li>8 Megapixel @ 12 IPS<\/li>\n<li>5 Megapixel @ 12 IPS<\/li>\n<li>4 Megapixel @ 15 IPS<\/li>\n<li>3 Megapixel @ 18 IPS<\/li>\n<li>1 Megapixel @ 30 IPS<\/li>\n<li>Analogico 1200TVL (CVBS) @ 30 IPS<\/li>\n<li>IP hasta 8 Megapixel<\/li>\n<li><strong>Nota: Acepta c\u00e1maras de 4MP, 2MP y 1MP en todos sus canales BNC (C\u00e1maras de 3MP solo en el canal 1, 2, 3 y 4).<\/strong><\/li>\n<\/ul>\n<\/div>\n<\/div>\n<\/div>\n<p>&nbsp;<\/p>\n<div class=\"row\">\n<div class=\"col-sm-12\">\n<div><strong>Consideraciones:<\/strong><\/p>\n<ul>\n<li>Para utilizar audio de 2 v\u00edas se recomienda colocar un micr\u00f3fono en la entrada de audio.<\/li>\n<\/ul>\n<\/div>\n<\/div>\n<\/div>\n<p>&nbsp;<\/p>\n<h1><strong>Recursos<\/strong><\/h1>\n<p>&nbsp;<\/p>\n<div class=\"row default_margin_bottom\">\n<div class=\"col-sm-4\"><a href=\"https:\/\/www.hikvision.com\/es-la\/support\/download\/software\/ivms4200-series\/?q=serie%20ivms4200&amp;position=1\" target=\"_blank\" rel=\"noopener\"><img decoding=\"async\" class=\"img-responsive\" src=\"https:\/\/ftp3.syscom.mx\/usuarios\/gmagos\/HIK\/IP\/IPC\/Imagenes%20pagina\/Descargas%20IVMS4200.jpg\" \/><\/a><\/div>\n<div class=\"col-sm-4\"><a href=\"https:\/\/appstore.hikvision.com\/\" target=\"_blank\" rel=\"noopener\"><img decoding=\"async\" class=\"img-responsive\" src=\"https:\/\/ftp3.syscom.mx\/usuarios\/gmagos\/HIK\/IP\/IPC\/Imagenes%20pagina\/Descargas%20de%20app.jpg\" \/><\/a><\/div>\n<div class=\"col-sm-4\"><a href=\"https:\/\/ftp3.syscom.mx\/usuarios\/ftp\/2022\/03\/10\/0dfad\/Especificaci%C3%B3nes%20T%C3%A9cnicas%20-%20iDS-7232HQHI-M2_S.pdf\" target=\"_blank\" rel=\"noopener\"><img decoding=\"async\" class=\"img-responsive\" src=\"https:\/\/ftp3.syscom.mx\/usuarios\/gmagos\/HIK\/IP\/IPC\/Imagenes%20pagina\/Descarga%20de%20PDF.jpg\" \/><\/a><\/div>\n<\/div>\n<div class=\"row default_margin_bottom\">\n<div class=\"col-sm-4\"><\/div>\n<\/div>\n<p>&nbsp;<\/p>\n<p><img decoding=\"async\" class=\"fr-fic fr-dii\" src=\"https:\/\/ftp3.syscom.mx\/usuarios\/jsosa\/HIKVISION\/imagenes\/banners\/solution%20complete.png\" \/><\/p>\n<p>&nbsp;<\/p>\n<\/div>\n<\/div>\n<\/div>\n<\/div>\n<\/div>\n<\/div>\n<\/div>\n<\/div>\n<p><img decoding=\"async\" class=\"aligncenter\" src=\"https:\/\/tracker.metricool.com\/c3po.jpg?hash=95c94f37730bb8f54dd4308f1f878f9\" \/><\/p>\n","protected":false},"excerpt":{"rendered":"<p>Informaci\u00f3n de Producto DVR 8 Megapixel (4K) \/ 32 Canales TURBOHD + 32 Canales IP \/ 4 Bah\u00edas de Disco Duro \/ RAID 0,1,5,6,10 \/ POS \/ Videoanalisis \/ 16 Entradas de Alarma Modelo:\u00a0IDS-7332HUHI-M4\/S Marca:\u00a0HIKVISION Especificaciones: &nbsp; &nbsp; &nbsp; &nbsp; Caracter\u00edsticas principales: Permite apagar canales&hellip;<\/p>\n","protected":false},"featured_media":1723,"comment_status":"open","ping_status":"closed","template":"","meta":{"om_disable_all_campaigns":false,"_monsterinsights_skip_tracking":false,"_monsterinsights_sitenote_active":false,"_monsterinsights_sitenote_note":"","_monsterinsights_sitenote_category":0},"product_brand":[],"product_cat":[56],"product_tag":[58,59,57],"class_list":{"0":"post-890","1":"product","2":"type-product","3":"status-publish","4":"has-post-thumbnail","6":"product_cat-videograbadoras-analogicas-turbohd-tvi-ahd-cvi","7":"product_tag-dvr","8":"product_tag-videograbadora","9":"product_tag-videograbadoras-analogicas-turbohd-tvi-ahd-cvi","11":"first","12":"instock","13":"taxable","14":"shipping-taxable","15":"product-type-simple"},"aioseo_notices":[],"_links":{"self":[{"href":"https:\/\/tecsecmty.com\/index.php\/wp-json\/wp\/v2\/product\/890","targetHints":{"allow":["GET"]}}],"collection":[{"href":"https:\/\/tecsecmty.com\/index.php\/wp-json\/wp\/v2\/product"}],"about":[{"href":"https:\/\/tecsecmty.com\/index.php\/wp-json\/wp\/v2\/types\/product"}],"replies":[{"embeddable":true,"href":"https:\/\/tecsecmty.com\/index.php\/wp-json\/wp\/v2\/comments?post=890"}],"version-history":[{"count":2,"href":"https:\/\/tecsecmty.com\/index.php\/wp-json\/wp\/v2\/product\/890\/revisions"}],"predecessor-version":[{"id":1724,"href":"https:\/\/tecsecmty.com\/index.php\/wp-json\/wp\/v2\/product\/890\/revisions\/1724"}],"wp:featuredmedia":[{"embeddable":true,"href":"https:\/\/tecsecmty.com\/index.php\/wp-json\/wp\/v2\/media\/1723"}],"wp:attachment":[{"href":"https:\/\/tecsecmty.com\/index.php\/wp-json\/wp\/v2\/media?parent=890"}],"wp:term":[{"taxonomy":"product_brand","embeddable":true,"href":"https:\/\/tecsecmty.com\/index.php\/wp-json\/wp\/v2\/product_brand?post=890"},{"taxonomy":"product_cat","embeddable":true,"href":"https:\/\/tecsecmty.com\/index.php\/wp-json\/wp\/v2\/product_cat?post=890"},{"taxonomy":"product_tag","embeddable":true,"href":"https:\/\/tecsecmty.com\/index.php\/wp-json\/wp\/v2\/product_tag?post=890"}],"curies":[{"name":"wp","href":"https:\/\/api.w.org\/{rel}","templated":true}]}}