{"id":892,"date":"2023-02-16T00:07:27","date_gmt":"2023-02-16T00:07:27","guid":{"rendered":"https:\/\/tecsecmty.com\/index.php\/producto\/acusense-evita-falsas-alarmas-dvr-2-megapixel-1080p-lite-16-canales-turbohd-2-canales-ip-1-bahia-de-disco-duro-16-canales-de-audio-por-coaxitron-salida-de-video-full-hd\/"},"modified":"2023-03-22T23:20:45","modified_gmt":"2023-03-23T05:20:45","slug":"acusense-evita-falsas-alarmas-dvr-2-megapixel-1080p-lite-16-canales-turbohd-2-canales-ip-1-bahia-de-disco-duro-16-canales-de-audio-por-coaxitron-salida-de-video-full-hd","status":"publish","type":"product","link":"https:\/\/tecsecmty.com\/index.php\/producto\/acusense-evita-falsas-alarmas-dvr-2-megapixel-1080p-lite-16-canales-turbohd-2-canales-ip-1-bahia-de-disco-duro-16-canales-de-audio-por-coaxitron-salida-de-video-full-hd\/","title":{"rendered":"(ACUSENSE \/ Evita Falsas Alarmas) DVR 2 Megapixel (1080P) lite \/ 16 Canales TURBOHD + 2 Canales IP \/ 1 Bahia de Disco Duro \/ 16 Canales de Audio por Coaxitron \/ Salida de Video FULL HD"},"content":{"rendered":"<div class=\"container\">\n<div class=\"row\">\n<div class=\"col-md-12\">\n<div class=\"row\">\n<div class=\"row\">\n<div class=\"col-md-12\">\n<h4 class=\"text-primary center info-text\" style=\"text-align: center\">Informaci\u00f3n de Producto<\/h4>\n<\/div>\n<\/div>\n<div class=\"row\" style=\"text-align: center\">\n<div class=\"col-md-12\">\n<h3>(ACUSENSE \/ Evita Falsas Alarmas) DVR 2 Megapixel (1080P) lite \/ 16 Canales TURBOHD + 2 Canales IP \/ 1 Bah\u00eda de Disco Duro \/ 16 Canales de Audio por Coaxitron \/ Salida de V\u00eddeo FULL HD<\/h3>\n<\/div>\n<\/div>\n<div id=\"producto_container\" class=\"row\" style=\"text-align: center\">\n<div class=\"col-md-4\"><img decoding=\"async\" class=\"img-responsive center-block\" src=\"https:\/\/ftp3.syscom.mx\/usuarios\/fotos\/BancoFotografiasSyscom\/HILOOKBYHIKVISION\/DVR216GK1(C)(S)\/DVR216GK1(C)(S)-p.PNG\" alt=\"DVR-216G-K1(C)(S)\" \/><\/p>\n<div class=\"row\">\n<div id=\"galerias\" class=\"col-sm-12\"><\/div>\n<\/div>\n<\/div>\n<div class=\"col-md-4\">\n<div><img decoding=\"async\" class=\"img-responsive img-thumbnail\" src=\"https:\/\/ftp3.syscom.mx\/usuarios\/fotos\/logotipos\/hilook_by_hikvision.png\" \/><\/div>\n<div><img decoding=\"async\" class=\"icono_info_product\" src=\"https:\/\/ftp3.syscom.mx\/usuarios\/ftp\/syscom_mx\/3-17-19-54-acusense.png?v=1593128259?v=1600727277?v=1600728320?v=1600729187?v=1600788062?v=1614732497\" \/><img decoding=\"async\" class=\"icono_info_product\" src=\"https:\/\/ftp3.syscom.mx\/usuarios\/fotos\/audiovideomismocable.png?v=1588118778\" \/><img decoding=\"async\" class=\"icono_info_product\" src=\"https:\/\/ftp3.syscom.mx\/usuarios\/fotos\/2a-g.png\" \/><\/div>\n<div>\n<p>Modelo:\u00a0<span class=\"modelo-marca\">DVR-216G-K1(C)(S)<\/span><\/p>\n<p>Marca:\u00a0<span class=\"modelo-marca\">HiLook by HIKVISION<\/span><\/p>\n<\/div>\n<div><\/div>\n<\/div>\n<div class=\"col-md-4\">\n<div class=\"row\">\n<div class=\"col-md-12 default_padding_bottom\"><\/div>\n<\/div>\n<\/div>\n<\/div>\n<\/div>\n<div class=\"row \" style=\"text-align: center\">\n<div class=\"col-md-12\">\n<div class=\"row\">\n<h3 class=\"text-primary\">Especificaciones:<\/h3>\n<\/div>\n<div class=\"row well\">\n<p><img decoding=\"async\" src=\"https:\/\/ftp3.syscom.mx\/usuarios\/fotos\/IPCB120\/143291-hilook.png\" alt=\"\" width=\"45%\" height=\"\" \/><\/p>\n<div class=\"row\">\n<div class=\"col-sm-6\"><\/div>\n<div class=\"col-sm-6\">\n<h2>Visualizaci\u00f3n F\u00e1cil, R\u00e1pida y Segura desde Hik-Connect.<\/h2>\n<p><strong>Hik-Connect<\/strong>\u00a0es la aplicaci\u00f3n para dispositivos moviles tabletas y smartphones en los cuales usted puede visualizar sus c\u00e1maras en vivo, grabaci\u00f3nes, grabar eventos de panico, tomar fotografias.<\/p>\n<p>Ademas si lo combina con las otras soluci\u00f3nes de Hikvision como lo son\u00a0<strong>control de acceso<\/strong>,\u00a0<strong>videoporteros<\/strong>\u00a0y\u00a0<strong>alarmas<\/strong>\u00a0podra tener el control en una misma aplicaci\u00f3n y lo mejor es que la aplicaci\u00f3n es y seguira siendo\u00a0<strong>gratuita<\/strong>. Dada las actualizaci\u00f3nes constante que realiza Hikvision, la app la puede descargar dando clic\u00a0<a href=\"https:\/\/appstore.hikvision.com\/\" target=\"_blank\" rel=\"noopener\">aqu\u00ed<\/a><\/p>\n<\/div>\n<\/div>\n<div class=\"row default_padding_bottom\">\n<div class=\"col-sm-6\">\n<h2>Audio por Coaxitron en Todos los Canales.<\/h2>\n<p>Una de las multiples ventajas de los nuevos sistemas de videovigilancia es el\u00a0<strong>audio por coaxitron<\/strong>. Al realizar la combinaci\u00f3n de una c\u00e1mara con\u00a0<strong>micr\u00f3fono interconstruido<\/strong>\u00a0y un videograbador con audio por coaxitron usted podra\u00a0<strong>almacenar video y audio<\/strong>\u00a0sin tener que a\u00f1adir componentes extras, ya que la instalaci\u00f3n de una c\u00e1mara con micr\u00f3fono interconstruido es exactamente igual a una que no tenga micr\u00f3fono interconstruido y si&#8230;asi es usted puede a\u00f1adir c\u00e1maras con micr\u00f3fono interconstruido en\u00a0<strong>todos los canales<\/strong>\u00a0TurboHD (la funci\u00f3n de audio por coaxitron unicamente funciona en TVI\/TurboHD)<\/p>\n<p>Clic aqu\u00ed para\u00a0<a href=\"https:\/\/www.syscom.mx\/principal\/promociones\/camaras_con_audio_por_coaxitron_2_mp-5477.html?ordenar=Relevancia&amp;pag=1\" target=\"_blank\" rel=\"noopener\">(Ver modelos compatibles<\/a>) con Audio por Coaxitron en C\u00e1maras TurboHD<\/p>\n<p>&nbsp;<\/p>\n<\/div>\n<div class=\"col-sm-6\"><\/div>\n<\/div>\n<div class=\"row\">\n<div class=\"col-sm-4\">\n<div><strong>Caracter\u00edsticas principales:<\/strong><\/p>\n<ul>\n<li>Soporta 16 canales TURBO + 2 canales IP = 18 canales en total.<\/li>\n<li><strong>NOTA: Permite apagar canales an\u00e1logos para agregar canales IP.<\/strong><\/li>\n<li>Sistema pentahibrido (TVI \/ AHD \/ CVI \/ CVBS).<\/li>\n<li>Compresi\u00f3n: H.265+ \/ H.265 \/ H.264+ \/ H.264<\/li>\n<li>Soporta 1 disco duro de hasta 10 TB (no incluidO).<\/li>\n<li>1 Entrada y 1 salida de audio por RCA.<\/li>\n<li>Salida de v\u00eddeo HDMI \/ VGA simultanea (Full HD).<\/li>\n<li>Compatible con Hik-Connect (P2P).<\/li>\n<\/ul>\n<p><strong>Caracter\u00edsticas F\u00edsicas y El\u00e9ctricas:<\/strong><\/p>\n<ul>\n<li>Alimentaci\u00f3n: 12 Vcc.<\/li>\n<li>Consumo: 8 watts.<\/li>\n<li>Dimensiones: 260 x 222 x 45 mm.<\/li>\n<li>Peso: 1 kg<\/li>\n<li>Material: fabricado en metal.<\/li>\n<li>Garant\u00eda: 1 a\u00f1o.<\/li>\n<\/ul>\n<p>Para conectar los canales IP requiere utilizar un switch\/switch poe (no incluido)<\/p>\n<\/div>\n<\/div>\n<div class=\"col-sm-4\">\n<div>\n<p><strong>Caracter\u00edsticas Destacadas:<\/strong><\/p>\n<ul>\n<li>Permite apagar canales anal\u00f3gicos TURBO y poder habilitar canales IP adicionales, por cada canal anal\u00f3gico TURBO que apaguemos podemos generar 1 canal IP adicional (18 canales IP en total).<\/li>\n<li>Nota: no soporta control remoto.<\/li>\n<li>No soporta canal cero.<\/li>\n<\/ul>\n<p><strong>Resoluci\u00f3n soportadas:<\/strong><\/p>\n<ul>\n<li>TVI: 1080p Lite \/ 720p.<\/li>\n<li>CVI: 1080p Lite \/ 720p.<\/li>\n<li>AHD: 1080p Lite \/ 720p.<\/li>\n<li>CVBS: 800 TVL en adelante.<\/li>\n<li>IP: 1080p (2 Megapixel).<\/li>\n<\/ul>\n<\/div>\n<\/div>\n<div class=\"col-sm-4\">\n<div><strong>Caracter\u00edsticas Especiales:<\/strong>Cuenta con\u00a0<strong>AcuSense<\/strong>\u00a0para filtar humanos y vehiculos por detecci\u00f3n de movimiento (No cuenta con videoanaliticos como cruces de linea \/ entrada de area)<\/p>\n<\/div>\n<\/div>\n<\/div>\n<p>&nbsp;<\/p>\n<p>&nbsp;<\/p>\n<h1><strong>Recursos<\/strong><\/h1>\n<p>&nbsp;<\/p>\n<div class=\"row default_margin_bottom\">\n<div class=\"col-sm-4\"><a href=\"https:\/\/www.hikvision.com\/es-la\/support\/download\/software\/ivms4200-series\/?q=serie%20ivms4200&amp;position=1\"><img decoding=\"async\" class=\"img-responsive\" src=\"https:\/\/ftp3.syscom.mx\/usuarios\/gmagos\/HIK\/IP\/IPC\/Imagenes%20pagina\/Descargas%20IVMS4200.jpg\" \/><\/a><\/div>\n<div class=\"col-sm-4\"><a href=\"https:\/\/appstore.hikvision.com\/\"><img decoding=\"async\" class=\"img-responsive\" src=\"https:\/\/ftp3.syscom.mx\/usuarios\/gmagos\/HIK\/IP\/IPC\/Imagenes%20pagina\/Descargas%20de%20app.jpg\" \/><\/a><\/div>\n<div class=\"col-sm-4\"><img decoding=\"async\" class=\"img-responsive\" src=\"https:\/\/ftp3.syscom.mx\/usuarios\/gmagos\/HIK\/IP\/IPC\/Imagenes%20pagina\/Descarga%20de%20PDF.jpg\" \/><\/div>\n<\/div>\n<p>&nbsp;<\/p>\n<p>&nbsp;<\/p>\n<p><img decoding=\"async\" src=\"https:\/\/ftp3.syscom.mx\/usuarios\/jsosa\/GIF\/bannerepcom.jpg\" alt=\"\" width=\"100%\" height=\"\" \/><\/p>\n<\/div>\n<\/div>\n<\/div>\n<\/div>\n<\/div>\n<\/div>\n<p><img decoding=\"async\" class=\"aligncenter\" src=\"https:\/\/tracker.metricool.com\/c3po.jpg?hash=95c94f37730bb8f54dd4308f1f878f9\" \/><\/p>\n","protected":false},"excerpt":{"rendered":"<p>Informaci\u00f3n de Producto (ACUSENSE \/ Evita Falsas Alarmas) DVR 2 Megapixel (1080P) lite \/ 16 Canales TURBOHD + 2 Canales IP \/ 1 Bah\u00eda de Disco Duro \/ 16 Canales de Audio por Coaxitron \/ Salida de V\u00eddeo FULL HD Modelo:\u00a0DVR-216G-K1(C)(S) Marca:\u00a0HiLook by HIKVISION Especificaciones:&hellip;<\/p>\n","protected":false},"featured_media":1729,"comment_status":"open","ping_status":"closed","template":"","meta":{"om_disable_all_campaigns":false,"_monsterinsights_skip_tracking":false,"_monsterinsights_sitenote_active":false,"_monsterinsights_sitenote_note":"","_monsterinsights_sitenote_category":0},"product_brand":[],"product_cat":[56],"product_tag":[58,59,57],"class_list":{"0":"post-892","1":"product","2":"type-product","3":"status-publish","4":"has-post-thumbnail","6":"product_cat-videograbadoras-analogicas-turbohd-tvi-ahd-cvi","7":"product_tag-dvr","8":"product_tag-videograbadora","9":"product_tag-videograbadoras-analogicas-turbohd-tvi-ahd-cvi","11":"first","12":"instock","13":"taxable","14":"shipping-taxable","15":"product-type-simple"},"aioseo_notices":[],"_links":{"self":[{"href":"https:\/\/tecsecmty.com\/index.php\/wp-json\/wp\/v2\/product\/892","targetHints":{"allow":["GET"]}}],"collection":[{"href":"https:\/\/tecsecmty.com\/index.php\/wp-json\/wp\/v2\/product"}],"about":[{"href":"https:\/\/tecsecmty.com\/index.php\/wp-json\/wp\/v2\/types\/product"}],"replies":[{"embeddable":true,"href":"https:\/\/tecsecmty.com\/index.php\/wp-json\/wp\/v2\/comments?post=892"}],"version-history":[{"count":2,"href":"https:\/\/tecsecmty.com\/index.php\/wp-json\/wp\/v2\/product\/892\/revisions"}],"predecessor-version":[{"id":1730,"href":"https:\/\/tecsecmty.com\/index.php\/wp-json\/wp\/v2\/product\/892\/revisions\/1730"}],"wp:featuredmedia":[{"embeddable":true,"href":"https:\/\/tecsecmty.com\/index.php\/wp-json\/wp\/v2\/media\/1729"}],"wp:attachment":[{"href":"https:\/\/tecsecmty.com\/index.php\/wp-json\/wp\/v2\/media?parent=892"}],"wp:term":[{"taxonomy":"product_brand","embeddable":true,"href":"https:\/\/tecsecmty.com\/index.php\/wp-json\/wp\/v2\/product_brand?post=892"},{"taxonomy":"product_cat","embeddable":true,"href":"https:\/\/tecsecmty.com\/index.php\/wp-json\/wp\/v2\/product_cat?post=892"},{"taxonomy":"product_tag","embeddable":true,"href":"https:\/\/tecsecmty.com\/index.php\/wp-json\/wp\/v2\/product_tag?post=892"}],"curies":[{"name":"wp","href":"https:\/\/api.w.org\/{rel}","templated":true}]}}