{"id":8927,"date":"2023-02-23T22:32:29","date_gmt":"2023-02-24T04:32:29","guid":{"rendered":"https:\/\/tecsecmty.com\/index.php\/producto\/bosch-a_aslape3prdr-licencia-de-ampliacion-de-lectora-incrementa-16-lectoras-via-software\/"},"modified":"2023-03-22T23:21:00","modified_gmt":"2023-03-23T05:21:00","slug":"bosch-a_aslape3prdr-licencia-de-ampliacion-de-lectora-incrementa-16-lectoras-via-software","status":"publish","type":"product","link":"https:\/\/tecsecmty.com\/index.php\/producto\/bosch-a_aslape3prdr-licencia-de-ampliacion-de-lectora-incrementa-16-lectoras-via-software\/","title":{"rendered":"BOSCH A_ASLAPE3PRDR &#8211; Licencia de ampliacion de lectora \/ Incrementa 16 lectoras via software"},"content":{"rendered":"<div class=\"row aling-items-center padding-bottom-2x\">\n<div class=\"col-lg-12\">\n<p class=\"ql-align-justify\"><strong>Access PE<\/strong>\u00a0provee un control de accesos aut\u00f3nomo para peque\u00f1as y medianas empresas. La instalaci\u00f3n es extremadamente r\u00e1pida y sencilla. No es necesario instalar y administrar un sistema de bases de datos. El sistema es sencillo de utilizar y permite que una persona con una formaci\u00f3n m\u00ednima pueda crear acreditaciones y administrar derechos de acceso en muy poco tiempo.<\/p>\n<p class=\"ql-align-justify\">El registro y los informes de eventos espec\u00edficos permiten saber qui\u00e9n estaba d\u00f3nde y cu\u00e1ndo en las instalaciones de su empresa. Puede seleccionar las lectoras y tarjetas del mismo paquete de dispositivos, compatibles con los sistemas<strong>\u00a0Access Engine BIS\/ACE<\/strong>\u00a0de mediana a gran escala de Bosch, lo que protege su inversi\u00f3n con vistas a futuras ampliaciones.\u00a0<strong>En Access PE<\/strong>\u00a0se incluye la personalizaci\u00f3n de tarjetas, que permite dise\u00f1ar acreditaciones, realizar adquisiciones de im\u00e1genes con c\u00e1mara\u00a0<strong>USB<\/strong>\u00a0y utilizar las impresoras de tarjetas m\u00e1s comunes del mercado.<\/p>\n<p class=\"ql-align-justify\"><strong>Access PE<\/strong>\u00a0ofrece un visor de mapas, que proporciona una representaci\u00f3n gr\u00e1fica de las instalaciones con control de dispositivos directamente desde el mapa. Los eventos de alarma (por ejemplo, puertas abiertas o c\u00e1maras activadas) se incluyen en una lista y se ubican f\u00e1cilmente con la ayuda de mapas de navegaci\u00f3n e iconos animados.\u00a0<strong>Access PE<\/strong>se puede ampliar con dos m\u00f3dulos. Un Sistema de V\u00eddeo en un lado y un Sistema de Bloqueo sin Conexi\u00f3n (solo en mercados espec\u00edficos) en el otro.<\/p>\n<p><img decoding=\"async\" class=\"overview-center-img- aligncenter\" src=\"https:\/\/tvc.mx\/media\/3333\/Logoopaginas-oficial.png\" alt=\"\" \/><\/div>\n<\/div>\n<div class=\"row aling-items-center padding-bottom-2x\">\n<div class=\"col-lg-12\">\n<p class=\"ql-align-justify\">El\u00a0<strong>Sistema de Bloqueo sin Conexi\u00f3n (OLS)<\/strong>\u00a0est\u00e1 integrado en\u00a0<strong>Access PE<\/strong>, por lo que una persona puede utilizar la misma tarjeta en ambos sistemas.<\/p>\n<p class=\"ql-align-justify\">Mediante una funci\u00f3n de video integrada y el uso de la amplia gama de dispositivos IP de Bosch, un operador puede, por ejemplo, realizar una verificaci\u00f3n de video comparando secuencias en directo con la imagen de la base de datos de la persona que solicita el acceso.<strong>\u00a0Access PE<\/strong>\u00a0se ejecuta en un\u00a0<strong>PC<\/strong>\u00a0est\u00e1ndar con sistema operativo<strong>\u00a0Windows:<\/strong><\/p>\n<ul>\n<li class=\"ql-align-justify\">Windows 2008 Server.<\/li>\n<li class=\"ql-align-justify\">Windows 7.<\/li>\n<li class=\"ql-align-justify\">Windows 10 x64 Pro.<\/li>\n<\/ul>\n<p class=\"ql-align-justify\"><strong>Piezas incluidas<\/strong><\/p>\n<ul>\n<li class=\"ql-align-justify\">Imagen\u00a0<strong>ISO de Access PE.<\/strong><\/li>\n<li class=\"ql-align-justify\">Software\u00a0<strong>Access Professional Edition<\/strong>\u00a0.<\/li>\n<li class=\"ql-align-justify\">Software\u00a0<strong>Card Personalization<\/strong>\u00a0.<\/li>\n<li class=\"ql-align-justify\">Documentaci\u00f3n La descarga<strong>\u00a0ISO<\/strong>\u00a0de\u00a0<strong>Access PE<\/strong>\u00a0disponible en el cat\u00e1logo de productos en l\u00ednea de<strong>\u00a0Bosch Security Systems.<\/strong><\/li>\n<\/ul>\n<p class=\"ql-align-justify\"><strong>Nota:\u00a0<\/strong>Licencia del paquete b\u00e1sico ampliado 2 clientes, 64 lectoras, 10.000 tarjetas.\u00a0<strong>N\u00famero de pedido: ASL-APE3P-BEXT.<\/strong><\/p>\n<\/div>\n<\/div>\n<div class=\"row aling-items-center padding-bottom-2x\">\n<div class=\"col-lg-12\">\n<p class=\"ql-align-justify\"><strong>Principales caracter\u00edsticas:<\/strong><\/p>\n<ul>\n<li class=\"ql-align-justify\">Software de control de accesos y gesti\u00f3n de la seguridad que utiliza la innovadora familia de controladores modulares de acceso.<\/li>\n<li class=\"ql-align-justify\">Administraci\u00f3n de usuarios de tarjetas para hasta 10.000 registros en la base de datos.<\/li>\n<li class=\"ql-align-justify\">Mapa de ubicaci\u00f3n gr\u00e1fica con control de dispositivos tanto desde los mapas como desde el \u00e1rbol de dispositivos.<\/li>\n<li class=\"ql-align-justify\">Gesti\u00f3n de alarmas con detalles mediante la lista de alarmas y GIF animados en mapas de ubicaci\u00f3n interactivos.<\/li>\n<li class=\"ql-align-justify\">Verificaci\u00f3n de v\u00eddeo, verificaci\u00f3n de alarmas de v\u00eddeo y monitorizaci\u00f3n mediante v\u00eddeo de eventos en directo y grabados.<\/li>\n<\/ul>\n<\/div>\n<\/div>\n","protected":false},"excerpt":{"rendered":"<p>Access PE\u00a0provee un control de accesos aut\u00f3nomo para peque\u00f1as y medianas empresas. La instalaci\u00f3n es extremadamente r\u00e1pida y sencilla. No es necesario instalar y administrar un sistema de bases de datos. El sistema es sencillo de utilizar y permite que una persona con una formaci\u00f3n&hellip;<\/p>\n","protected":false},"featured_media":8926,"comment_status":"open","ping_status":"closed","template":"","meta":{"om_disable_all_campaigns":false,"_monsterinsights_skip_tracking":false,"_monsterinsights_sitenote_active":false,"_monsterinsights_sitenote_note":"","_monsterinsights_sitenote_category":0},"product_brand":[],"product_cat":[822],"product_tag":[81,727,730,66,731,728,729],"class_list":{"0":"post-8927","1":"product","2":"type-product","3":"status-publish","4":"has-post-thumbnail","6":"product_cat-software-acceso","7":"product_tag-acceso-y-asistencia","8":"product_tag-cerraduras","9":"product_tag-commax-wulian","10":"product_tag-dahua","11":"product_tag-wejoin","12":"product_tag-yli","13":"product_tag-zkteco","15":"first","16":"instock","17":"sale","18":"taxable","19":"shipping-taxable","20":"purchasable","21":"product-type-simple"},"aioseo_notices":[],"_links":{"self":[{"href":"https:\/\/tecsecmty.com\/index.php\/wp-json\/wp\/v2\/product\/8927","targetHints":{"allow":["GET"]}}],"collection":[{"href":"https:\/\/tecsecmty.com\/index.php\/wp-json\/wp\/v2\/product"}],"about":[{"href":"https:\/\/tecsecmty.com\/index.php\/wp-json\/wp\/v2\/types\/product"}],"replies":[{"embeddable":true,"href":"https:\/\/tecsecmty.com\/index.php\/wp-json\/wp\/v2\/comments?post=8927"}],"version-history":[{"count":0,"href":"https:\/\/tecsecmty.com\/index.php\/wp-json\/wp\/v2\/product\/8927\/revisions"}],"wp:featuredmedia":[{"embeddable":true,"href":"https:\/\/tecsecmty.com\/index.php\/wp-json\/wp\/v2\/media\/8926"}],"wp:attachment":[{"href":"https:\/\/tecsecmty.com\/index.php\/wp-json\/wp\/v2\/media?parent=8927"}],"wp:term":[{"taxonomy":"product_brand","embeddable":true,"href":"https:\/\/tecsecmty.com\/index.php\/wp-json\/wp\/v2\/product_brand?post=8927"},{"taxonomy":"product_cat","embeddable":true,"href":"https:\/\/tecsecmty.com\/index.php\/wp-json\/wp\/v2\/product_cat?post=8927"},{"taxonomy":"product_tag","embeddable":true,"href":"https:\/\/tecsecmty.com\/index.php\/wp-json\/wp\/v2\/product_tag?post=8927"}],"curies":[{"name":"wp","href":"https:\/\/api.w.org\/{rel}","templated":true}]}}