{"id":8929,"date":"2023-02-23T22:32:30","date_gmt":"2023-02-24T04:32:30","guid":{"rendered":"https:\/\/tecsecmty.com\/index.php\/producto\/bosch-a_bisbgenb47-licencia-basica-bis-4-7\/"},"modified":"2023-03-22T23:21:01","modified_gmt":"2023-03-23T05:21:01","slug":"bosch-a_bisbgenb47-licencia-basica-bis-4-7","status":"publish","type":"product","link":"https:\/\/tecsecmty.com\/index.php\/producto\/bosch-a_bisbgenb47-licencia-basica-bis-4-7\/","title":{"rendered":"BOSCH A_BISBGENB47- LICENCIA BASICA BIS 4.7"},"content":{"rendered":"<h5 class=\"card-title text-center\">Licencia b\u00e1sica BIS-BGEN-B47<\/h5>\n<p class=\"ql-align-justify\"><strong>Building Integration System (BIS) BIS es un sistema de administraci\u00f3n de seguridad y protecci\u00f3n flexible y escalable que se puede configurar para gestionar una gama inmensa de situaciones de uso.<\/strong>\u00a0Contiene una amplia gama de aplicaciones y funciones que permiten tanto la integraci\u00f3n y el acoplamiento como el control y supervisi\u00f3n de todos los sistemas t\u00e9cnicos del edificio.<\/p>\n<p class=\"ql-align-justify\">Esta nueva versi\u00f3n se basa en los muchos a\u00f1os de experiencia de Bosch en el campo de los sistemas de administraci\u00f3n y ha sido influenciada en forma significativa por las siguientes tendencias de mercado:<\/p>\n<ul>\n<li class=\"ql-align-justify\">Complejidad creciente de los equipos t\u00e9cnicos de los edificios El aumento de complejidad de los equipos t\u00e9cnicos del interior de los edificios exige el uso de un potente sistema de administraci\u00f3n que combine las funciones m\u00e1s diversas (sistemas de alarma de incendios o intrusiones, control de accesos, sistemas de video y automatizaci\u00f3n del edificio, etc.) de la mejor forma posible. Los est\u00e1ndares abiertos permiten a BIS procesar y compartir informaci\u00f3n de forma eficaz con una variedad enorme y creciente de dispositivos de hardware y otros or\u00edgenes.<\/li>\n<li class=\"ql-align-justify\">Uso de nuevas tecnolog\u00edas y est\u00e1ndares Aunque las estrictas normas de tecnolog\u00eda de seguridad garantizan un muy alto nivel de fiabilidad en cuestiones de seguridad, dificultan el uso integrado de nuevas tecnolog\u00edas procedentes del sector de las TI. BIS consigue aprovechar las ventajas de las tecnolog\u00edas que no se basan en seguridad (como OPC, CAD, web) e integrarlas con \u00e9xito en el sector de las tecnolog\u00edas de la seguridad.<\/li>\n<li class=\"ql-align-justify\">Se necesitan soluciones completas Los administradores e integradores de instalaciones necesitan una soluci\u00f3n de administraci\u00f3n de edificios que, a pesar de todo, sean capaces de integrar todos sus subsistemas de seguridad.<\/li>\n<\/ul>\n<p class=\"ql-align-justify\"><strong>Descripci\u00f3n del sistema<\/strong><\/p>\n<p class=\"ql-align-justify\">Building Integration System es un producto vers\u00e1til que consta de un paquete b\u00e1sico m\u00e1s distintos componentes opcionales (tambi\u00e9n llamados motores o \u00abEngines\u00bb en ingl\u00e9s) que se basan en una plataforma de software com\u00fan. Los motores se pueden combinar para ajustar los sistemas de administraci\u00f3n de edificios a requisitos detallados.<\/p>\n<p class=\"ql-align-justify\">Los componentes principales son:<\/p>\n<ul>\n<li class=\"ql-align-justify\">Automation Engine.<\/li>\n<li class=\"ql-align-justify\">Access Engine.<\/li>\n<li class=\"ql-align-justify\">Video Engine.<\/li>\n<\/ul>\n<p class=\"ql-align-justify\"><strong>Funciones Arquitectura del sistema<\/strong><\/p>\n<p class=\"ql-align-justify\">Los motores de BIS ofrecen detecci\u00f3n de incendios e intrusiones, control de acceso, videovigilancia, megafon\u00eda y alarmas, adem\u00e1s de control de aire acondicionado y calefacci\u00f3n y otros sistemas importantes para edificios. BIS se basa en una arquitectura de varias capas y optimizada para el rendimiento, sobre todo dise\u00f1ado para su uso en entornos de LAN y WAN. Los subsistemas se conectan mediante las normas mundiales establecidas Classic OPC y OPC UA. Estos est\u00e1ndares abiertos facilitan la integraci\u00f3n de BIS en subsistemas actuales que cumplen con OPC. De forma opcional, los sistemas BIS individuales pueden cooperar proporcionando datos a otros sistemas BIS, o bien consumiendo datos de estos. El resultado es un sistema BIS abierto y multiservidor.<\/p>\n<p class=\"ql-align-justify\"><strong>Configuraci\u00f3n y estructura organizativa<\/strong><\/p>\n<p class=\"ql-align-justify\">Distintas funciones autom\u00e1ticas y herramientas f\u00e1ciles de usar hacen que la configuraci\u00f3n sea sencilla para el instalador, lo cual ahorra tiempo y costes. Es posible crear \u00e1rboles jer\u00e1rquicos de ubicaci\u00f3n importando datos de CAD existentes con capas, llamadas vistas y ubicaciones de detectores. La ampliaci\u00f3n y el desplazamiento permiten navegar r\u00e1pidamente por el edificio. La interfaz de usuario se basa en web y utiliza p\u00e1ginas HTML5 din\u00e1micas. El paquete de instalaci\u00f3n contiene p\u00e1ginas predeterminadas para distintas resoluciones y formatos de pantalla y las p\u00e1ginas predeterminadas se pueden personalizar f\u00e1cilmente con un editor HTML est\u00e1ndar. BIS detecta de forma autom\u00e1tica la resoluci\u00f3n del monitor y provee la interfaz de usuario adecuada.\u00a0<strong>Operaci\u00f3n<\/strong><\/p>\n<p class=\"ql-align-justify\">La tarea principal del sistema es funcionar como centro de control y monitorizaci\u00f3n de alarmas para los distintos sistemas de seguridad de una instalaci\u00f3n. Su interfaz gr\u00e1fica est\u00e1 dise\u00f1ada para ayudar al operador a comprender la extensi\u00f3n y la urgencia de un suceso r\u00e1pidamente y a tomar medidas r\u00e1pidas y eficaces.<\/p>\n<p class=\"ql-align-justify\"><strong>Sistema de seguridad<\/strong><\/p>\n<p class=\"ql-align-justify\">El cifrado de \u00faltima generaci\u00f3n entre servidores BIS y estaciones de trabajo brinda m\u00e1s seguridad adem\u00e1s de derechos de acceso de usuario configurable. Si se van a utilizar PC de una red corporativa como estaciones de trabajo clientes, entonces se puede lograr mayor seguridad restringiendo los operadores a estaciones de trabajo o direcciones IP espec\u00edficas.<\/p>\n<p class=\"ql-align-justify\"><strong>Paquete b\u00e1sico<\/strong><\/p>\n<p class=\"ql-align-justify\">El paquete b\u00e1sico de Building Integration System proporciona muchas caracter\u00edsticas que comparten los distintos motores.<\/p>\n<ul>\n<li class=\"ql-align-justify\">Contadores de condiciones de dispositivos personalizables proporcionan una vista general de las condiciones de los subsistemas de todo el sistema BIS.<\/li>\n<li class=\"ql-align-justify\">Procesamiento de mensajes y visualizaci\u00f3n de alarmas.<\/li>\n<li class=\"ql-align-justify\">Cola de alarmas con hasta 5.000 eventos de alarma simult\u00e1neos e informaci\u00f3n detallada sobre las alarmas.<\/li>\n<li class=\"ql-align-justify\">Asignaci\u00f3n fija de operadores a estaciones de trabajo para mayor seguridad.<\/li>\n<li class=\"ql-align-justify\">M\u00e1quina de estados para el manejo autom\u00e1tico de eventos y alarmas.<\/li>\n<li class=\"ql-align-justify\">La plataforma basada en servidor web permite a las estaciones clientes conectarse a BIS simplemente con un navegador.<\/li>\n<li class=\"ql-align-justify\">La compatibilidad directa con mapas de ubicaci\u00f3n en formato vectorial DWF est\u00e1ndar de AutoCad reduce el esfuerzo de configuraci\u00f3n.<\/li>\n<li class=\"ql-align-justify\">Es posible implementar cambios en la arquitectura en un gr\u00e1fico (nuevos tabiques, desplazamiento de una puerta, etc.) sin cambiar la configuraci\u00f3n de BIS. Basta con importar un nuevo archivo de trazado.<\/li>\n<li class=\"ql-align-justify\">Flujos de trabajo autom\u00e1ticos entre operadores, con difusi\u00f3n de mensajes y rutas de escalado personalizables.<\/li>\n<li class=\"ql-align-justify\">Gran biblioteca de iconos de detector normalizados en formato vectorial est\u00e1ndar que incluye definiciones de color, eventos y controles.<\/li>\n<li class=\"ql-align-justify\">Control y monitorizaci\u00f3n directa de detectores mediante men\u00fas contextuales sobre sus iconos en los mapas de ubicaci\u00f3n.<\/li>\n<li class=\"ql-align-justify\">Control y monitorizaci\u00f3n directa de detectores mediante la estructura de \u00e1rbol l\u00f3gico (por ejemplo, edificio, planta, sala) de una instalaci\u00f3n, con hiperv\u00ednculos a fotos, manuales, instrucciones.<\/li>\n<li class=\"ql-align-justify\">El \u00e1rbol de ubicaciones se genera autom\u00e1ticamente a partir de las \u00abvistas con nombres\u00bb del gr\u00e1fico de AutoCAD.<\/li>\n<li class=\"ql-align-justify\">Administraci\u00f3n de acciones para conseguir un control autom\u00e1tico y manual en los subsistemas conectados y en sus perif\u00e9ricos.<\/li>\n<li class=\"ql-align-justify\">Descripci\u00f3n general de los dispositivos de todos los subsistemas conectados, sus perif\u00e9ricos (detectores) y sus dispositivos virtuales internos (operador, servidor&#8230;) en forma de \u00e1rbol con informaci\u00f3n detallada sobre direcciones, estados, tipos, ubicaciones y notas. Controle los perif\u00e9ricos mediante los men\u00fas contextuales de los nodos correspondientes en el \u00e1rbol.<\/li>\n<li class=\"ql-align-justify\">Capacidad de compartimentar la instalaci\u00f3n administrada en forma de divisiones aut\u00f3nomas y restringir los operadores a cargo del control de divisiones espec\u00edficas.<\/li>\n<li class=\"ql-align-justify\">Capacidad de proporcionar informaci\u00f3n espec\u00edfica al operador en forma de documentos \u00abvarios\u00bb de hipertexto de forma libre, como textos, mapas de bits, secuencias de v\u00eddeos, etc.<\/li>\n<li class=\"ql-align-justify\">Autorizaciones de operadores altamente configurables para monitorizar y controlar los subsistemas y sus perif\u00e9ricos.<\/li>\n<li class=\"ql-align-justify\">Nuevo: cliente web m\u00f3vil para dispositivos Android e iOS que ejecutan distintos navegadores. Las alarmas se muestran y se pueden aceptar y eliminar en el tel\u00e9fono. En Android es posible configurar las notificaciones para que se notifiquen las alarmas incluso mientras el tel\u00e9fono est\u00e1 en moco inactivo.<\/li>\n<li class=\"ql-align-justify\">Registro de eventos para garantizar que todos los eventos est\u00e1n totalmente documentadas (como los mensajes recibidos y las acciones tomadas).<\/li>\n<li class=\"ql-align-justify\">Traza de auditor\u00eda para garantizar que todos los cambios de configuraci\u00f3n est\u00e1n totalmente documentados en relaci\u00f3n con qui\u00e9n, qu\u00e9 y cu\u00e1ndo.<\/li>\n<li class=\"ql-align-justify\">Servicios de generaci\u00f3n de informes para crear r\u00e1pidamente informes personalizados e interactivos a partir del registro de eventos.<\/li>\n<li class=\"ql-align-justify\">Enlace e integraci\u00f3n de servidores OPC desde cualquier equipo de la red.<\/li>\n<\/ul>\n<p class=\"ql-align-justify\"><strong>Planes de acci\u00f3n y mapas de ubicaci\u00f3n<\/strong><\/p>\n<p class=\"ql-align-justify\">BIS ampl\u00eda la gesti\u00f3n de alarmas est\u00e1ndar con su capacidad para visualizar panes de acci\u00f3n y mapas de ubicaci\u00f3n y, adem\u00e1s, incluye navegaci\u00f3n gr\u00e1fica y visualizaci\u00f3n de capas de los mapas en funci\u00f3n de la alarma. Esto garantiza que los operadores reciban las instrucciones adecuadas, especialmente en situaciones de urgencia como alarmas de incendio o intrusi\u00f3n.<\/p>\n<p class=\"ql-align-justify\">Los planes de acci\u00f3n o flujos de trabajo espec\u00edficos de cada alarma proveen al operador informaci\u00f3n vinculada a los eventos, como procedimientos operativos est\u00e1ndar, im\u00e1genes en directo, botones de control, etc. Solo tiene que crear y asignar un plan de acci\u00f3n a cada tipo de alarma posible del sistema (por ejemplo, alarma de incendio, de acceso denegado, alarmas t\u00e9cnicas, etc.) Al eliminar un mensaje de alarma, se adjunta al registro de eventos una captura no modificable del plan de acci\u00f3n mostrado. Esto garantiza la determinaci\u00f3n de responsabilidades, ya que se incluye un registro de todos los pasos realizados por el operador durante la respuesta a la alarma.<\/p>\n<ul>\n<li class=\"ql-align-justify\">Los mapas de ubicaciones proveen una visualizaci\u00f3n de las instalaciones, como plantas, zonas y salas, a partir del popular formato de gr\u00e1ficos vectoriales de AutoCAD. Los detectores y otros dispositivos se representan mediante iconos animados de colores que facilitan el control directo mediante men\u00fas contextuales. Al hacer clic con el bot\u00f3n derecho del rat\u00f3n en una alarma, el mapa se ampl\u00eda en la ubicaci\u00f3n donde se ha desencadenado.<\/li>\n<li class=\"ql-align-justify\">Un \u00e1rbol de ubicaciones proporciona puntos de acceso al mapa de ubicaci\u00f3n y sus funciones de navegaci\u00f3n gr\u00e1fica (desplazamiento, zoom).<\/li>\n<li class=\"ql-align-justify\">El control de capas en funci\u00f3n de las alarmas permite visualizar informaci\u00f3n gr\u00e1fica adicional para casos espec\u00edficos, como rutas de escape para el caso de alarmas de incendio.<\/li>\n<\/ul>\n<p class=\"ql-align-justify\"><strong>Accesorios de BIS opcionales<\/strong><\/p>\n<p class=\"ql-align-justify\">Las funciones opcionales que aparecen a continuaci\u00f3n se pueden a\u00f1adir al sistema BIS para adaptarlo a las necesidades espec\u00edficas del cliente. Se pueden utilizar con todos los motores de BIS (Automation, Access, Video y Security Engine).<\/p>\n<p class=\"ql-align-justify\"><strong>Alarm Management (paquete)<\/strong><\/p>\n<p class=\"ql-align-justify\">Este paquete ampl\u00eda la gesti\u00f3n est\u00e1ndar de alarmas del sistema BIS con algunas funciones adicionales: La distribuci\u00f3n de mensajes permite definir situaciones de escalado que se activan de forma autom\u00e1tica cuando un operador o grupo de operadores no confirma un mensaje de alarma dentro de un periodo definido. BIS reenv\u00eda el mensaje de forma autom\u00e1tica al siguiente grupo de operadores autorizado. La funci\u00f3n de temporizador permite configurar horarios que se pueden usar para ejecutar comandos de control autom\u00e1ticos, como cerrar una barrera a las 20:00, as\u00ed como para reenviar los mensajes de alarma en funci\u00f3n del tiempo, por ejemplo, dentro del periodo de tiempo 1, mostrar los mensajes al grupo de operadores 1, o al grupo de operadores 2 fuera de ese periodo.<\/p>\n<p class=\"ql-align-justify\"><strong>Nota: Licencia b\u00e1sica BIS-BGEN-B47<\/strong><\/p>\n<p class=\"ql-align-justify\"><strong>Licencia b\u00e1sica Licencia para el producto Building Integration System (BIS) descargado del sitio web. No se suministran art\u00edculos f\u00edsicos y la documentaci\u00f3n del usuario est\u00e1 incluida en la descarga.<\/strong><\/p>\n<p class=\"ql-align-justify\"><strong>N\u00famero de pedido: BIS-BGEN-B47<\/strong><\/p>\n<p class=\"ql-align-justify\"><strong>Principales caracter\u00edsticas<\/strong><\/p>\n<ul>\n<li class=\"ql-align-justify\">Integraci\u00f3n de sistemas de Bosch y de terceros mediante interfaces abiertas y SDK.<\/li>\n<li class=\"ql-align-justify\">Toda la informaci\u00f3n relevante en una interfaz de usuario y uso intuitivo mediante mapas interactivos y planes de acci\u00f3n en HTML5.<\/li>\n<li class=\"ql-align-justify\">Control de accesos totalmente integrado u Registro de eventos completo y traza de auditor\u00eda para investigaciones cient\u00edficas.<\/li>\n<li class=\"ql-align-justify\">Sistema escalable que crece con sus necesidades.<\/li>\n<\/ul>\n<p class=\"ql-align-justify\"><strong>Especificaciones<\/strong><\/p>\n<p class=\"ql-align-justify\"><strong>Requisitos t\u00e9cnicos m\u00ednimos para iniciar sesi\u00f3n o para un servidor de conexi\u00f3n:<\/strong><\/p>\n<p class=\"ql-align-justify\"><strong>Servidores<\/strong><\/p>\n<p class=\"ql-align-justify\">Sistemas operativos compatibles (en modo aut\u00f3nomo o cliente\/ servidor). Las instalaciones de BIS en otros sistemas operativos pueden funcionar pero est\u00e1n totalmente sin garant\u00eda.<\/p>\n<ul>\n<li class=\"ql-align-justify\">Windows 8.1 (64 bits, Pro, Enterprise).<\/li>\n<li class=\"ql-align-justify\">Windows Server 2012 R2 (64 bits, Standard, Datacenter).<\/li>\n<li class=\"ql-align-justify\">Windows Server 2016 (64 bits, Standard, Datacenter).<\/li>\n<li class=\"ql-align-justify\">Windows 10 Enterprise LTSB (64 bits).<\/li>\n<li class=\"ql-align-justify\">Nota: la base de datos predeterminada que se suministra con esta versi\u00f3n de BIS es SQL Server 2016 SP2 Express Edition con servicios avanzados.<\/li>\n<\/ul>\n<p class=\"ql-align-justify\"><strong>Otro software<\/strong><\/p>\n<p class=\"ql-align-justify\">Instale siempre los controladores y las actualizaciones del sistema operativo m\u00e1s recientes.<\/p>\n<ul>\n<li class=\"ql-align-justify\">IIS 8.5 para Windows 8.1 y Windows 2012 Server R2.<\/li>\n<li class=\"ql-align-justify\">IIS 10.0 para Windows 10.<\/li>\n<\/ul>\n<p class=\"ql-align-justify\"><strong>Nota: IIS no es necesario en servidores de conexi\u00f3n de BIS.<\/strong><\/p>\n<ul>\n<li class=\"ql-align-justify\">Internet Explorer 9, 10 o 11 en modo de compatibilidad.<\/li>\n<\/ul>\n<p class=\"ql-align-justify\"><strong>.NET para distintos sistemas operativos:<\/strong><\/p>\n<ul>\n<li class=\"ql-align-justify\">En Windows 7 y Server 2008: .NET 3.51 y .NET 4.0.<\/li>\n<li class=\"ql-align-justify\">En Windows 8.1 y Server 2012: .NET 3.51 y .NET 4.5.1 (incluye .NET 4.0).<\/li>\n<li class=\"ql-align-justify\">En Windows 10: .NET 3.51 y .NET 4.6.1 (incluye .NET 4.0).<\/li>\n<\/ul>\n<p class=\"ql-align-justify\"><strong>Requisitos m\u00ednimos de hardware<\/strong><\/p>\n<ul>\n<li class=\"ql-align-justify\">Procesador Intel i5 con al menos 4 n\u00facleos f\u00edsicos.<\/li>\n<li class=\"ql-align-justify\">8 GB RAM (32 GB recomendados).<\/li>\n<li class=\"ql-align-justify\">200 GB de espacio libre en el disco duro.<\/li>\n<li class=\"ql-align-justify\">Adaptador gr\u00e1fico con<\/li>\n<li class=\"ql-align-justify\">256 MB RAM,<\/li>\n<li class=\"ql-align-justify\">una resoluci\u00f3n de 1280&#215;1024<\/li>\n<li class=\"ql-align-justify\">al menos 32 000 colores.<\/li>\n<li class=\"ql-align-justify\">OpenGL\u00ae 2.1 y DirectX\u00ae 11.<\/li>\n<li class=\"ql-align-justify\">Tarjeta Ethernet de 1 Gbit\/s.<\/li>\n<li class=\"ql-align-justify\">Una interfaz USB libre o unidad compartida en red para archivos de instalaci\u00f3n.<\/li>\n<\/ul>\n<p class=\"ql-align-justify\"><strong>Requisitos t\u00e9cnicos m\u00ednimos para un ordenador cliente\u00a0<\/strong><\/p>\n<p class=\"ql-align-justify\">Sistemas operativos compatibles (en modo aut\u00f3nomo o cliente\/ servidor). Las instalaciones de BIS en otros sistemas operativos pueden funcionar pero est\u00e1n totalmente sin garant\u00eda.<\/p>\n<ul>\n<li class=\"ql-align-justify\">Windows 8.1 (32 o 64 bits, Pro, Enterprise).<\/li>\n<li class=\"ql-align-justify\">Windows Server 2012 R2 (64 bits, Standard, Datacenter).<\/li>\n<li class=\"ql-align-justify\">Windows Server 2016 (64 bits, Standard, Datacenter).<\/li>\n<li class=\"ql-align-justify\">Windows 10 (32 o 64 bits, Pro o Enterprise LTSB).<\/li>\n<li class=\"ql-align-justify\">Nota: con una edici\u00f3n Pro, las actualizaciones deben postergarse hasta 8 meses despu\u00e9s de la publicaci\u00f3n de la versi\u00f3n BIS. Para obtener m\u00e1s informaci\u00f3n, consulte la p\u00e1gina de Microsoft Technet en https:\/\/ technet.microsoft.com\/en-us\/itpro\/windows\/ manage\/introduction-to-windows-10- servicing.<\/li>\n<\/ul>\n<p class=\"ql-align-justify\"><strong>Otro software<\/strong><\/p>\n<ul>\n<li class=\"ql-align-justify\">ASP.NET<\/li>\n<li class=\"ql-align-justify\">Internet Explorer 9, 10 o 11 en modo de compatibilidad (Nota: El cliente SEE requiere IE 9.0).<\/li>\n<\/ul>\n<p class=\"ql-align-justify\"><strong>.NET para distintos sistemas operativos:<\/strong><\/p>\n<ul>\n<li class=\"ql-align-justify\">En Windows 8.1 y Server 2012: .NET 3.51 (para Video Engine con DiBos), y .NET 4.5.1 (incluye .NET 4.0).<\/li>\n<li class=\"ql-align-justify\">En Windows 10: .NET 3.51 y .NET 4.6.1 (incluye .NET 4.0).<\/li>\n<\/ul>\n<p class=\"ql-align-justify\"><strong>Requisitos m\u00ednimos de hardware<\/strong><\/p>\n<ul>\n<li class=\"ql-align-justify\">Intel i5 o superior.<\/li>\n<li class=\"ql-align-justify\">8 GB RAM (16 GB recomendados).<\/li>\n<li class=\"ql-align-justify\">20 GB de espacio libre en el disco duro.<\/li>\n<li class=\"ql-align-justify\">Adaptador gr\u00e1fico con \u2022 256 MB RAM,<\/li>\n<li class=\"ql-align-justify\">una resoluci\u00f3n de 1280&#215;1024<\/li>\n<li class=\"ql-align-justify\">al menos 32 000 colores.<\/li>\n<li class=\"ql-align-justify\">OpenGL\u00ae 2.1 y DirectX\u00ae 11.<\/li>\n<li class=\"ql-align-justify\">Tarjeta Ethernet de 100 Mbit\/s.<\/li>\n<\/ul>\n<p class=\"ql-align-justify\"><strong>Requisitos m\u00ednimos adicionales para clientes de VIE (Video Engine)<\/strong><\/p>\n<ul>\n<li class=\"ql-align-justify\">Ning\u00fan sistema operativo Windows Server.<\/li>\n<li class=\"ql-align-justify\">Procesador Intel i5 o superior.<\/li>\n<li class=\"ql-align-justify\">Para secuencia de c\u00e1maras, matriz virtual o vista m\u00faltiple, agregar 4 GB de RAM.<\/li>\n<li class=\"ql-align-justify\">Es muy recomendable disponer de los controladores de v\u00eddeo m\u00e1s recientes. Utilice la herramienta dxdiag de Windows para comprobar que los controladores no tengan m\u00e1s de 1 a\u00f1o de antig\u00fcedad.<\/li>\n<\/ul>\n<p class=\"ql-align-justify\"><strong>Nota: Informaci\u00f3n para pedidos BIS est\u00e1 disponible en los idiomas siguientes:<\/strong><\/p>\n<ul>\n<li class=\"ql-align-justify\">AR = \u00c1rabe.<\/li>\n<li class=\"ql-align-justify\">DE = Alem\u00e1n.<\/li>\n<li class=\"ql-align-justify\">EN = Ingl\u00e9s.<\/li>\n<li class=\"ql-align-justify\">ES = Espa\u00f1ol.<\/li>\n<li class=\"ql-align-justify\">FR = Franc\u00e9s.<\/li>\n<li class=\"ql-align-justify\">HU = H\u00fangaro.<\/li>\n<li class=\"ql-align-justify\">NL = Holand\u00e9s.<\/li>\n<li class=\"ql-align-justify\">PL = Polaco.<\/li>\n<li class=\"ql-align-justify\">PT = Portugu\u00e9s.<\/li>\n<li class=\"ql-align-justify\">RU = Ruso.<\/li>\n<li class=\"ql-align-justify\">TR = Turco.<\/li>\n<li class=\"ql-align-justify\">ZH-CN = Chino simplificado.<\/li>\n<li class=\"ql-align-justify\">ZH-TW = Chino tradicional<\/li>\n<\/ul>\n<p class=\"ql-align-justify\">Para configurar un sistema nuevo, se necesita una licencia b\u00e1sica de BIS.<\/p>\n<p><img decoding=\"async\" class=\"overview-center-img-web\" src=\"https:\/\/tvc.mx\/media\/42753\/Logoopaginas-oficial-1920x400.png\" alt=\"\" \/><\/p>\n","protected":false},"excerpt":{"rendered":"<p>Licencia b\u00e1sica BIS-BGEN-B47 Building Integration System (BIS) BIS es un sistema de administraci\u00f3n de seguridad y protecci\u00f3n flexible y escalable que se puede configurar para gestionar una gama inmensa de situaciones de uso.\u00a0Contiene una amplia gama de aplicaciones y funciones que permiten tanto la integraci\u00f3n&hellip;<\/p>\n","protected":false},"featured_media":8928,"comment_status":"open","ping_status":"closed","template":"","meta":{"om_disable_all_campaigns":false,"_monsterinsights_skip_tracking":false,"_monsterinsights_sitenote_active":false,"_monsterinsights_sitenote_note":"","_monsterinsights_sitenote_category":0},"product_brand":[],"product_cat":[822],"product_tag":[81,727,730,66,731,728,729],"class_list":{"0":"post-8929","1":"product","2":"type-product","3":"status-publish","4":"has-post-thumbnail","6":"product_cat-software-acceso","7":"product_tag-acceso-y-asistencia","8":"product_tag-cerraduras","9":"product_tag-commax-wulian","10":"product_tag-dahua","11":"product_tag-wejoin","12":"product_tag-yli","13":"product_tag-zkteco","15":"first","16":"instock","17":"sale","18":"taxable","19":"shipping-taxable","20":"purchasable","21":"product-type-simple"},"aioseo_notices":[],"_links":{"self":[{"href":"https:\/\/tecsecmty.com\/index.php\/wp-json\/wp\/v2\/product\/8929","targetHints":{"allow":["GET"]}}],"collection":[{"href":"https:\/\/tecsecmty.com\/index.php\/wp-json\/wp\/v2\/product"}],"about":[{"href":"https:\/\/tecsecmty.com\/index.php\/wp-json\/wp\/v2\/types\/product"}],"replies":[{"embeddable":true,"href":"https:\/\/tecsecmty.com\/index.php\/wp-json\/wp\/v2\/comments?post=8929"}],"version-history":[{"count":0,"href":"https:\/\/tecsecmty.com\/index.php\/wp-json\/wp\/v2\/product\/8929\/revisions"}],"wp:featuredmedia":[{"embeddable":true,"href":"https:\/\/tecsecmty.com\/index.php\/wp-json\/wp\/v2\/media\/8928"}],"wp:attachment":[{"href":"https:\/\/tecsecmty.com\/index.php\/wp-json\/wp\/v2\/media?parent=8929"}],"wp:term":[{"taxonomy":"product_brand","embeddable":true,"href":"https:\/\/tecsecmty.com\/index.php\/wp-json\/wp\/v2\/product_brand?post=8929"},{"taxonomy":"product_cat","embeddable":true,"href":"https:\/\/tecsecmty.com\/index.php\/wp-json\/wp\/v2\/product_cat?post=8929"},{"taxonomy":"product_tag","embeddable":true,"href":"https:\/\/tecsecmty.com\/index.php\/wp-json\/wp\/v2\/product_tag?post=8929"}],"curies":[{"name":"wp","href":"https:\/\/api.w.org\/{rel}","templated":true}]}}