{"id":893,"date":"2023-02-16T00:07:28","date_gmt":"2023-02-16T00:07:28","guid":{"rendered":"https:\/\/tecsecmty.com\/index.php\/producto\/dvr-8-megapixel-4-canales-turbohd-4-canales-ip-1-bahia-de-disco-duro-audio-por-coaxitron-4-entradas-de-alarma-1-salida-de-alarma-h-265\/"},"modified":"2023-03-22T23:20:45","modified_gmt":"2023-03-23T05:20:45","slug":"dvr-8-megapixel-4-canales-turbohd-4-canales-ip-1-bahia-de-disco-duro-audio-por-coaxitron-4-entradas-de-alarma-1-salida-de-alarma-h-265","status":"publish","type":"product","link":"https:\/\/tecsecmty.com\/index.php\/producto\/dvr-8-megapixel-4-canales-turbohd-4-canales-ip-1-bahia-de-disco-duro-audio-por-coaxitron-4-entradas-de-alarma-1-salida-de-alarma-h-265\/","title":{"rendered":"DVR 8 Megapixel \/ 4 Canales TURBOHD + 4 Canales IP \/ 1 Bahia de Disco Duro \/ Audio por Coaxitron \/ 4 Entradas de Alarma \/ 1 Salida de Alarma \/ H.265+"},"content":{"rendered":"<div class=\"container\">\n<div class=\"row\">\n<div class=\"col-md-12\">\n<div class=\"row\">\n<div class=\"row\">\n<div class=\"col-md-12\">\n<h4 class=\"text-primary center info-text\" style=\"text-align: center\">Informaci\u00f3n de Producto<\/h4>\n<\/div>\n<\/div>\n<div class=\"row\" style=\"text-align: center\">\n<div class=\"col-md-12\">\n<h3>DVR 8 Megapixel \/ 4 Canales TURBOHD + 4 Canales IP \/ 1 Bah\u00eda de Disco Duro \/ Audio por Coaxitron \/ 4 Entradas de Alarma \/ 1 Salida de Alarma \/ H.265+<\/h3>\n<\/div>\n<\/div>\n<div id=\"producto_container\" class=\"row\" style=\"text-align: center\">\n<div class=\"col-md-4\">\n<p><img decoding=\"async\" class=\"img-responsive center-block\" src=\"https:\/\/ftp3.syscom.mx\/usuarios\/fotos\/BancoFotografiasSyscom\/HIKVISION\/IDS7204HUHIM1_S_A(C)\/IDS7204HUHIM1_S_A(C)-p.PNG\" alt=\"IDS-7204HUHI-M1\/S\/A(C)\" \/><\/p>\n<div class=\"row\">\n<div id=\"galerias\" class=\"col-sm-12\"><\/div>\n<\/div>\n<\/div>\n<div class=\"col-md-4\">\n<div><img decoding=\"async\" class=\"img-responsive img-thumbnail\" src=\"https:\/\/ftp3.syscom.mx\/usuarios\/fotos\/logotipos\/hikvision.png\" \/><\/div>\n<div><img decoding=\"async\" class=\"icono_info_product\" src=\"https:\/\/ftp3.syscom.mx\/usuarios\/ftp\/syscom_mx\/1-15-6-45-accesoensegundos.png?v=1631569966\" \/><img decoding=\"async\" class=\"icono_info_product\" src=\"https:\/\/ftp3.syscom.mx\/cdn-cgi\/image\/format=auto,width=75\/usuarios\/fotos\/audiovideomismocable.png?v=1588118778?v=1614785034\" \/><img decoding=\"async\" class=\"icono_info_product\" src=\"https:\/\/ftp3.syscom.mx\/cdn-cgi\/image\/format=auto,width=75\/usuarios\/ftp\/syscom_mx\/3-17-19-54-acusense.png?v=1593128259?v=1600727277?v=1600728320?v=1600729187?v=1614785034\" \/><\/div>\n<div>\n<p>Modelo:\u00a0<span class=\"modelo-marca\">IDS-7204HUHI-M1\/S\/A(C)<\/span><\/p>\n<p>Marca:\u00a0<span class=\"modelo-marca\">HIKVISION<\/span><\/p>\n<\/div>\n<div><\/div>\n<\/div>\n<div class=\"col-md-4\">\n<div class=\"row\">\n<div class=\"col-md-12 default_padding_bottom\"><\/div>\n<\/div>\n<\/div>\n<\/div>\n<\/div>\n<div class=\"row \" style=\"text-align: center\">\n<div class=\"col-md-12\">\n<div class=\"row\">\n<h3 class=\"text-primary\">Especificaciones:<\/h3>\n<\/div>\n<div class=\"row well\">\n<p><img decoding=\"async\" class=\"fr-fic fr-dii\" src=\"https:\/\/ftp3.syscom.mx\/usuarios\/jsosa\/HIKVISION\/imagenes\/logo\/hikvision%20see%20far.png\" \/><\/p>\n<p>&nbsp;<\/p>\n<p><img decoding=\"async\" class=\"fr-fic fr-dii\" src=\"https:\/\/ftp3.syscom.mx\/usuarios\/jsosa\/HIKVISION\/imagenes\/Acusense%20Hikvision.png\" \/><\/p>\n<p>&nbsp;<\/p>\n<p><img decoding=\"async\" class=\"fr-fic fr-dii\" src=\"https:\/\/ftp3.syscom.mx\/usuarios\/jsosa\/HIKVISION\/imagenes\/coaxitron\/coaxitron.jpg\" \/><\/p>\n<p>&nbsp;<\/p>\n<p><strong>Nota importante:<\/strong><\/p>\n<p><strong>8 Megapixel Real =\u00a0<\/strong><strong>3264 x 2448<\/strong><\/p>\n<p><strong>8 Megapiexl Lite =\u00a0<\/strong><strong>1632 x 2448<\/strong><\/p>\n<p><strong>4 Megapixel Real = 2560 x 1440<\/strong><\/p>\n<p>&nbsp;<\/p>\n<div class=\"row\">\n<div class=\"col-sm-4\">\n<div>\n<p><strong>Caracter\u00edsticas principales:<\/strong><\/p>\n<ul>\n<li>Permite apagar canales anal\u00f3gicos TURBOHD y poder colocar c\u00e1maras IP en todos sus canales, podemos colocar hasta 8 c\u00e1maras IP en total. Por cada canal anal\u00f3gico TURBOHD que se apague se genera un canal IP adicional.<\/li>\n<li>Grabador PENTAH\u00cdBRIDO: HD-TVI \/ HD-CVI \/ Analogico \/ IP \/ AHD.<\/li>\n<li>Software cliente multi sitio de hasta 256 canales (iVMS-4200).<\/li>\n<li>Compatible con Hik-Connect P2P\u00a0\/ DynDNS \/ No-IP.<\/li>\n<li>Funciones Avanzadas: Detecci\u00f3n por cruce de linea &amp; detecci\u00f3n de intrusi\u00f3n.<\/li>\n<li>Soporta detecci\u00f3n de movimiento 2.0 (solo activa el evento cuando detecte humanos o veh\u00edculos).<\/li>\n<\/ul>\n<p><strong>Compresi\u00f3n y resoluci\u00f3n:<\/strong><\/p>\n<ul>\n<li>Compresi\u00f3n: H.265+ \/ H.265 \/ H.264+ \/ H.264.<\/li>\n<li>Soporta 4 canales TURBOHD \/ analogicos + 4 canal IP = 8 canales en total.<\/li>\n<li><strong>Soporta 5 Tecnolog\u00edas:<\/strong>\n<ul>\n<li><strong>TVI: 8MP @ 8IPS \/ 5MP @ 10IPS \/ 4MP @ 12IPS \/ 1080P &#8211; 720P @30IPS<\/strong><\/li>\n<li><strong>AHD:\u00a0<\/strong><strong>5MP @ 10IPS \/ 4MP @ 12IPS \/ 1080P &#8211; 720P @30IPS<\/strong><\/li>\n<li><strong>CVI:\u00a0<\/strong><strong>4MP @ 12IPS \/ 1080P &#8211; 720P @30IPS<\/strong><\/li>\n<li><strong>CVBS: 30IPS<\/strong><\/li>\n<li><strong>IP hasta 8 Megapixel<\/strong><\/li>\n<\/ul>\n<\/li>\n<li><strong>Nota:\u00a0<\/strong><strong>La visualizaci\u00f3n en todos los canales sera de 8MP Reales, pero la graciaci\u00f3n solamente en el canal 1 (puerto BNC) ser\u00e1 en 8MP Reales, para los canales 2, 3 y 4 la grabaci\u00f3n ser\u00e1 en 8MP Lite.<\/strong><\/li>\n<\/ul>\n<p><strong>El audio se recibe por la se\u00f1al TVI<\/strong><\/p>\n<p>&nbsp;<\/p>\n<p>Para conectar los canales IP requiere utilizar un switch\/switch poe (no incluido)<\/p>\n<\/div>\n<\/div>\n<div class=\"col-sm-4\">\n<div>\n<p><strong>Caracter\u00edsticas F\u00edsicas y El\u00e9ctricas:<\/strong><\/p>\n<ul>\n<li>Alimentaci\u00f3n: 12 Vcc (fuente incluida 4 pines, 1.5 A)<\/li>\n<li>Consumo sin HDD: 10 watts.<\/li>\n<li>Temperatura de operacion: -10 \u00baC hasta 55 \u00baC<\/li>\n<li>Dimensiones: 315 x 242 x 45 mm<\/li>\n<li>Peso: 1.16 Kg sin HDD.<\/li>\n<li>No incluye disco duro<\/li>\n<li>Garant\u00eda: 2 A\u00f1os.<\/li>\n<\/ul>\n<p><img decoding=\"async\" class=\"fr-fic fr-dii\" src=\"https:\/\/ftp3.syscom.mx\/usuarios\/fotos\/DS7208HQHIK1\/97560-pentahi.jpg\" \/><\/p>\n<p>El DVR soporta 4 canales de video con activaci\u00f3n de detecci\u00f3n de cuerpo humano o deteccion de vehiculos, esto nos permite ser mas precisos al momento de tener alguna grabaci\u00f3n de poder descargar cualquier otro tipo de movimientos.<\/p>\n<ul>\n<li>Gu\u00eda de configuraci\u00f3n filtro de humanos y veh\u00edculos click\u00a0<a href=\"https:\/\/soporte.syscom.mx\/es\/articles\/5388340-hikvision-acusense-guia-de-configuracion\" target=\"_blank\" rel=\"noopener\">aqu\u00ed<\/a><\/li>\n<\/ul>\n<\/div>\n<\/div>\n<div class=\"col-sm-4\">\n<div>\n<p><strong>Funciones de Grabaci\u00f3n y visualizaci\u00f3n:<\/strong><\/p>\n<ul>\n<li>Detecci\u00f3n de movimiento multi zona.<\/li>\n<li>Zoom digital en visualizaci\u00f3n y grabaci\u00f3n.<\/li>\n<li>Soporta m\u00faltiples tipos de grabaci\u00f3n, incluyendo tiempo real, grabaci\u00f3n manual.<\/li>\n<li>B\u00fasqueda inteligente de grabaciones por detecci\u00f3n de movimiento.<\/li>\n<li>Se proporciona SDK y c\u00f3digos de demostraci\u00f3n para disminuir el tiempo de desarrollo de aplicaciones.<\/li>\n<li>Grabaci\u00f3n con Sobre-escritura autom\u00e1tica.<\/li>\n<\/ul>\n<p><strong>Interfaces Entradas \/ Salidas:<\/strong><\/p>\n<ul>\n<li>Salida de v\u00eddeo\n<ul>\n<li>HDMI: 2K (2560\u00d71440) \/ 1920\u00d71080 \/ 1280\u00d71024 \/ 1280\u00d7720 \/ 1024\u00d7768<\/li>\n<li>VGA: 1920\u00d71080, 1280\u00d71024, 1280\u00d7720, 1024\u00d7768.<\/li>\n<\/ul>\n<\/li>\n<li>Salida de v\u00eddeo en BNC: 1 Canal (BNC, 1.0Vp-p, 75\u03a9), resoluci\u00f3n m\u00e1xima: 704 x 480.<\/li>\n<li>HDMI y VGA: salida simultanea.<\/li>\n<li>4 Entradas de alarma \/ 1 Salida de alarma.<\/li>\n<li>Entrada audio: 4 (RCA, 2.0 Vp-p, 1K\u03a9).<\/li>\n<li>Salida audio: 1 (RCA, 2.0 Vp-p, 1K\u03a9).<\/li>\n<li>Interfaz serial: RS-485 (HIKVISION C, COAXITRON, PELCO D, PELCO P, etc).<\/li>\n<li>Interfaz USB: 2 puertos (2.0).<\/li>\n<li>Interfaz red: 1 puertos (RJ-45 10\/100 Mbps).<\/li>\n<li>Capacidad HDD: 1 @ 10 TB.<\/li>\n<li><strong>Soporta audio en todos sus canales por coaxitron utilizando camaras con audio integrado (<a title=\"C\u00e1maras Audio por Coaxitron\" href=\"https:\/\/www.syscom.mx\/principal\/promociones\/camaras_con_audio_por_coaxitron_2_mp_y_5_mp-5478.html?ordenar=Relevancia&amp;pag=1\" target=\"_blank\" rel=\"noopener\">ver modelos compatibles<\/a>).\u00a0<\/strong><\/li>\n<\/ul>\n<p>&nbsp;<\/p>\n<p>Para utilizar audio de 2 v\u00edas se recomienda colocar un micr\u00f3fono en la entrada de audio, no se recomienda para audio de 2 v\u00edas una c\u00e1mara con audio por coaxitron<\/p>\n<p><strong>Los equipos con AcuSense pueden llegar a filtrar hasta el 95% de falsas alarmas, la eficacia del filtrado depende de la distancia &#8211; \u00e1ngulo de visi\u00f3n del objetivo y la c\u00e1mara. Algunas mascotas, insectos pueden generar alertamientos basados en lo anterior.<\/strong><\/p>\n<\/div>\n<\/div>\n<\/div>\n<div class=\"row\">\n<div class=\"col-sm-12\">\n<div><\/div>\n<\/div>\n<\/div>\n<p>&nbsp;<\/p>\n<h1><strong>Recursos<\/strong><\/h1>\n<p>&nbsp;<\/p>\n<div class=\"row default_margin_bottom\">\n<div class=\"col-sm-4\"><a href=\"https:\/\/www.hikvision.com\/es-la\/support\/download\/software\/ivms4200-series\/?q=serie%20ivms4200&amp;position=1\" target=\"_blank\" rel=\"noopener\"><img decoding=\"async\" class=\"img-responsive\" src=\"https:\/\/ftp3.syscom.mx\/usuarios\/gmagos\/HIK\/IP\/IPC\/Imagenes%20pagina\/Descargas%20IVMS4200.jpg\" \/><\/a><\/div>\n<div class=\"col-sm-4\"><a href=\"https:\/\/appstore.hikvision.com\/\" target=\"_blank\" rel=\"noopener\"><img decoding=\"async\" class=\"img-responsive\" src=\"https:\/\/ftp3.syscom.mx\/usuarios\/gmagos\/HIK\/IP\/IPC\/Imagenes%20pagina\/Descargas%20de%20app.jpg\" \/><\/a><\/div>\n<div class=\"col-sm-4\"><a href=\"https:\/\/ftp3.syscom.mx\/usuarios\/ftp\/2021\/06\/17\/46fb5\/Especificaci%C3%B3nes%20T%C3%A9cnicas%20-%20iDS-7200HUHI-M1_S_V4.26.130_20210517.pdf\" target=\"_blank\" rel=\"noopener\"><img decoding=\"async\" class=\"img-responsive\" src=\"https:\/\/ftp3.syscom.mx\/usuarios\/gmagos\/HIK\/IP\/IPC\/Imagenes%20pagina\/Descarga%20de%20PDF.jpg\" \/><\/a><\/div>\n<\/div>\n<p><img decoding=\"async\" src=\"https:\/\/ftp3.syscom.mx\/usuarios\/fotos\/S04TURBOG3\/195128-explicaci%C3%B3n_acusense_turbohd.jpeg\" alt=\"\" width=\"100%\" \/><\/p>\n<p><img decoding=\"async\" class=\"fr-fic fr-dii\" src=\"https:\/\/ftp3.syscom.mx\/usuarios\/jsosa\/HIKVISION\/imagenes\/Acusense%20Icon.png\" \/><\/p>\n<p>Tecnolog\u00eda AcuSense<\/p>\n<p>La tecnolog\u00eda AcuSense se basa en el algoritmo\u00a0<em><strong>Deep Learning<\/strong><\/em>\u00a0de Hikvision. Los algoritmos de\u00a0<strong><em>Deep Learning<\/em><\/strong>\u00a0son mucho m\u00e1s profundos que los algoritmos inteligentes convencionales, que solo operan de forma superficial. Estos realizan aprendizaje de caracter\u00edsticas, proporcionando un rendimiento de an\u00e1lisis de contenido de video (VCA) asombrosamente preciso y consistente.<\/p>\n<p>AcuSense es capaz de diferenciar, con gran precisi\u00f3n, un cuerpo humano y un veh\u00edculo en un escenario con una gran cantidad de objetos. No solo puede detectar la intrusi\u00f3n humana y del veh\u00edculo, sino que tambi\u00e9n puede filtrar falsas alarmas que podr\u00edan haber sido disparadas por objetos en movimiento que no presentan un riesgo.<\/p>\n<p>La tecnolog\u00eda tambi\u00e9n brinda una funci\u00f3n de b\u00fasqueda de objetivos poderosa y r\u00e1pida que es capaz de analizar grabaciones y seleccionar todas las im\u00e1genes humanas o de veh\u00edculos que se vinculan al video clip relacionado.<\/p>\n<p>(<a href=\"https:\/\/ftp3.syscom.mx\/usuarios\/jsosa\/HIKVISION\/presentaciones\/Presentation%20Turbo%20HD%205.0.pdf\" target=\"_blank\" rel=\"noopener\">Ver presentaci\u00f3n AcuSense<\/a>)<\/p>\n<p>&nbsp;<\/p>\n<div class=\"row\">\n<div class=\"col-sm-6 col-md-4\">\n<p><img decoding=\"async\" class=\"fr-fic fr-dii\" src=\"https:\/\/ftp3.syscom.mx\/usuarios\/jsosa\/josesosa\/Imagenes\/acusense1.jpg\" \/><\/p>\n<\/div>\n<div class=\"col-sm-6 col-md-4\">\n<p><img decoding=\"async\" class=\"fr-fic fr-dii\" src=\"https:\/\/ftp3.syscom.mx\/usuarios\/jsosa\/josesosa\/Imagenes\/acusense2.jpg\" \/><\/p>\n<\/div>\n<div class=\"col-sm-6 col-md-4\">\n<p><img decoding=\"async\" class=\"fr-fic fr-dii\" src=\"https:\/\/ftp3.syscom.mx\/usuarios\/jsosa\/josesosa\/Imagenes\/acusense3.jpg\" \/><\/p>\n<\/div>\n<\/div>\n<p><img decoding=\"async\" class=\"fr-fic fr-dii\" src=\"https:\/\/ftp3.syscom.mx\/usuarios\/jsosa\/HIKVISION\/imagenes\/banners\/solution%20complete.png\" \/><\/p>\n<p>&nbsp;<\/p>\n<\/div>\n<\/div>\n<\/div>\n<\/div>\n<\/div>\n<\/div>\n<p><img decoding=\"async\" class=\"aligncenter\" src=\"https:\/\/tracker.metricool.com\/c3po.jpg?hash=95c94f37730bb8f54dd4308f1f878f9\" \/><\/p>\n","protected":false},"excerpt":{"rendered":"<p>Informaci\u00f3n de Producto DVR 8 Megapixel \/ 4 Canales TURBOHD + 4 Canales IP \/ 1 Bah\u00eda de Disco Duro \/ Audio por Coaxitron \/ 4 Entradas de Alarma \/ 1 Salida de Alarma \/ H.265+ Modelo:\u00a0IDS-7204HUHI-M1\/S\/A(C) Marca:\u00a0HIKVISION Especificaciones: &nbsp; &nbsp; &nbsp; Nota importante: 8&hellip;<\/p>\n","protected":false},"featured_media":1732,"comment_status":"open","ping_status":"closed","template":"","meta":{"om_disable_all_campaigns":false,"_monsterinsights_skip_tracking":false,"_monsterinsights_sitenote_active":false,"_monsterinsights_sitenote_note":"","_monsterinsights_sitenote_category":0},"product_brand":[],"product_cat":[56],"product_tag":[58,59,57],"class_list":{"0":"post-893","1":"product","2":"type-product","3":"status-publish","4":"has-post-thumbnail","6":"product_cat-videograbadoras-analogicas-turbohd-tvi-ahd-cvi","7":"product_tag-dvr","8":"product_tag-videograbadora","9":"product_tag-videograbadoras-analogicas-turbohd-tvi-ahd-cvi","11":"first","12":"instock","13":"taxable","14":"shipping-taxable","15":"product-type-simple"},"aioseo_notices":[],"_links":{"self":[{"href":"https:\/\/tecsecmty.com\/index.php\/wp-json\/wp\/v2\/product\/893","targetHints":{"allow":["GET"]}}],"collection":[{"href":"https:\/\/tecsecmty.com\/index.php\/wp-json\/wp\/v2\/product"}],"about":[{"href":"https:\/\/tecsecmty.com\/index.php\/wp-json\/wp\/v2\/types\/product"}],"replies":[{"embeddable":true,"href":"https:\/\/tecsecmty.com\/index.php\/wp-json\/wp\/v2\/comments?post=893"}],"version-history":[{"count":3,"href":"https:\/\/tecsecmty.com\/index.php\/wp-json\/wp\/v2\/product\/893\/revisions"}],"predecessor-version":[{"id":1734,"href":"https:\/\/tecsecmty.com\/index.php\/wp-json\/wp\/v2\/product\/893\/revisions\/1734"}],"wp:featuredmedia":[{"embeddable":true,"href":"https:\/\/tecsecmty.com\/index.php\/wp-json\/wp\/v2\/media\/1732"}],"wp:attachment":[{"href":"https:\/\/tecsecmty.com\/index.php\/wp-json\/wp\/v2\/media?parent=893"}],"wp:term":[{"taxonomy":"product_brand","embeddable":true,"href":"https:\/\/tecsecmty.com\/index.php\/wp-json\/wp\/v2\/product_brand?post=893"},{"taxonomy":"product_cat","embeddable":true,"href":"https:\/\/tecsecmty.com\/index.php\/wp-json\/wp\/v2\/product_cat?post=893"},{"taxonomy":"product_tag","embeddable":true,"href":"https:\/\/tecsecmty.com\/index.php\/wp-json\/wp\/v2\/product_tag?post=893"}],"curies":[{"name":"wp","href":"https:\/\/api.w.org\/{rel}","templated":true}]}}