{"id":8933,"date":"2023-02-23T22:32:33","date_gmt":"2023-02-24T04:32:33","guid":{"rendered":"https:\/\/tecsecmty.com\/index.php\/producto\/bosch-a_bisfauebpa47-licencia-basica-automatizacion-engine-4-7\/"},"modified":"2023-03-22T23:21:01","modified_gmt":"2023-03-23T05:21:01","slug":"bosch-a_bisfauebpa47-licencia-basica-automatizacion-engine-4-7","status":"publish","type":"product","link":"https:\/\/tecsecmty.com\/index.php\/producto\/bosch-a_bisfauebpa47-licencia-basica-automatizacion-engine-4-7\/","title":{"rendered":"BOSCH A_BISFAUEBPA47- LICENCIA BASICA AUTOMATIZACION ENGINE 4.7"},"content":{"rendered":"<h5 class=\"card-title text-center\">Licencia b\u00e1sica BIS-FAUE-BPA47<\/h5>\n<p class=\"ql-align-justify\"><strong>Actualmente, en la mayor\u00eda de ocasiones, los sistemas de protecci\u00f3n frente a incendios son exigidos por la ley, la detecci\u00f3n de intrusiones es crucial y la monitorizaci\u00f3n de los sistemas vitales de los edificios, como el sistema de HVAC, es esencial para mantener las empresas en marcha.<\/strong>\u00a0Este software proporciona algunas de las funciones esenciales de integraci\u00f3n de edificios: conectar con los sistemas vitales del edificio para monitorizar, controlar y detectar problemas. Aprovechando todas las funciones habituales de BIS, adem\u00e1s de sus propias funciones especiales, Automation Engine permite a los integradores de sistemas personalizar un sistema de administraci\u00f3n de seguridad y alarmas para adaptarlo a necesidades espec\u00edficas.<\/p>\n<p class=\"ql-align-justify\"><strong>Descripci\u00f3n del sistema<\/strong><\/p>\n<p class=\"ql-align-justify\">Automation Engine (AUE) es uno de los m\u00f3dulos principales de la gama BIS. Funciona como motor \u00fanico o combinado con otros motores. Su funci\u00f3n principal es conectar, monitorizar y controlar sistemas de seguridad y protecci\u00f3n, normalmente paneles de incendio y de intrusi\u00f3n. Sin embargo, tambi\u00e9n permite visualizar im\u00e1genes en directo o distintos documentos. Para aplicaciones m\u00e1s complejas de video, recomendamos utilizar Video Engine o VMS de Bosch. Automation Engine emplea todas las funciones generales de BIS, como la visualizaci\u00f3n de mapas interactivos de ubicaci\u00f3n y planes de acci\u00f3n. A continuaci\u00f3n, es posible visualizar las alarmas recibidas junto con toda la informaci\u00f3n y botones de acci\u00f3n personalizados. Es posible automatizar comandos mediante reglas definidas por el usuario en la m\u00e1quina de estados de BIS (consulte la descripci\u00f3n general y el paquete b\u00e1sico de BIS), o invocarlos manualmente haciendo clic con el bot\u00f3n derecho del rat\u00f3n en los iconos que representan los detectores en un mapa de ubicaci\u00f3n.<\/p>\n<p class=\"ql-align-justify\">Como BIS y otros motores, Automation Engine se ejecuta en PC est\u00e1ndar con sistema operativo Windows. La plataforma puede constar de un solo ordenador, tener una estructura cliente\/servidor con un servidor central y estaciones de trabajo cliente, o un sistema federado con varios servidores BIS, cada uno de ellos con sus propios clientes. Automation Engine admite OPC DA\/AE para integraciones heredadas, as\u00ed como OPC UA (Arquitectura unificada) para integraciones modernas de alto rendimiento y de alta seguridad.<\/p>\n<p class=\"ql-align-justify\">Use el programa de configuraci\u00f3n de BIS para definir c\u00f3mo interact\u00faa BIS con los subsistemas. Automation Engine contiene una configuraci\u00f3n por plantillas que incluye los ajustes t\u00edpicos para paneles de alarma de Bosch y comandos para utilizarlos mediante BIS. Las configuraciones espec\u00edficas de estos paneles se pueden importar f\u00e1cilmente en la configuraci\u00f3n de BIS.<\/p>\n<p class=\"ql-align-justify\"><strong>Paquete b\u00e1sico de Automation Engine<\/strong><\/p>\n<p class=\"ql-align-justify\">El paquete b\u00e1sico de AUE contiene la licencia de 500 puntos de detecci\u00f3n. Por lo general, esto es suficiente para los sistemas m\u00e1s peque\u00f1os.<\/p>\n<p class=\"ql-align-justify\"><strong>Funciones b\u00e1sicas<\/strong><\/p>\n<p class=\"ql-align-justify\">Adem\u00e1s de las funciones est\u00e1ndar de BIS, Automation Engine dispone de las funciones siguientes:<\/p>\n<ul>\n<li class=\"ql-align-justify\">Permite conectar, controlar y supervisar los sistemas de seguridad de Bosch o de otros fabricantes, las centrales de incendio, los paneles de intrusi\u00f3n, los sistemas de megafon\u00eda y otros a trav\u00e9s de la interfaz OPC.<\/li>\n<li class=\"ql-align-justify\">Permite conectar, controlar y supervisar los sistemas de Bosch o de otros fabricantes para el control de HVAC, control de iluminaci\u00f3n y gesti\u00f3n de energ\u00eda mediante la interfaz OPC.<\/li>\n<\/ul>\n<p class=\"ql-align-justify\"><strong>Notas de configuraci\u00f3n\/instalaci\u00f3n<\/strong><\/p>\n<p class=\"ql-align-justify\"><strong>Engine se puede pedir de una de estas dos formas:<\/strong><\/p>\n<ul>\n<li class=\"ql-align-justify\">Como parte integrante de una configuraci\u00f3n de BIS inicial, en cuyo caso se pide junto con la licencia b\u00e1sica de BIS.<\/li>\n<li class=\"ql-align-justify\">Como ampliaci\u00f3n de una configuraci\u00f3n de BIS existente.<\/li>\n<\/ul>\n<p class=\"ql-align-justify\"><strong>Nota: Licencia b\u00e1sica BIS-FAUE-BPA47<\/strong><\/p>\n<p class=\"ql-align-justify\"><strong>Licencia para BIS Automation Engine (AUE) dentro de BIS.<\/strong><\/p>\n<p class=\"ql-align-justify\"><strong>N\u00famero de pedido: BIS-FAUE-BPA47\u00a0<\/strong><\/p>\n<p class=\"ql-align-justify\"><strong>Principales caracter\u00edsticas<\/strong><\/p>\n<ul>\n<li class=\"ql-align-justify\">Sistema de administraci\u00f3n de seguridad y alarmas extremadamente sofisticado para paneles de intrusi\u00f3n y centrales de incendio.<\/li>\n<li class=\"ql-align-justify\">Integraci\u00f3n de los sistemas de alarma por voz y megafon\u00eda para lograr la evacuaci\u00f3n eficaz de edificios.<\/li>\n<li class=\"ql-align-justify\">Monitorizaci\u00f3n detallada de otros sistemas vitales, como el de HVAC, la automatizaci\u00f3n de edificios o la gesti\u00f3n de energ\u00eda en toda una instalaci\u00f3n.<\/li>\n<li class=\"ql-align-justify\">Integraci\u00f3n y configuraci\u00f3n sencilla de subsistemas a trav\u00e9s del uso coherente de los est\u00e1ndares mundiales OPC DA\/AE y OPC UA.<\/li>\n<li class=\"ql-align-justify\">Automatizaci\u00f3n de respuestas en caso de emergencias en alarmas de subsistemas mediante reglas definibles por el usuario.<\/li>\n<\/ul>\n<p><img decoding=\"async\" class=\"overview-center-img-web\" src=\"https:\/\/tvc.mx\/media\/42816\/Logoopaginas-oficial-1920x400.png\" alt=\"\" \/><\/p>\n","protected":false},"excerpt":{"rendered":"<p>Licencia b\u00e1sica BIS-FAUE-BPA47 Actualmente, en la mayor\u00eda de ocasiones, los sistemas de protecci\u00f3n frente a incendios son exigidos por la ley, la detecci\u00f3n de intrusiones es crucial y la monitorizaci\u00f3n de los sistemas vitales de los edificios, como el sistema de HVAC, es esencial para&hellip;<\/p>\n","protected":false},"featured_media":8932,"comment_status":"open","ping_status":"closed","template":"","meta":{"om_disable_all_campaigns":false,"_monsterinsights_skip_tracking":false,"_monsterinsights_sitenote_active":false,"_monsterinsights_sitenote_note":"","_monsterinsights_sitenote_category":0},"product_brand":[],"product_cat":[822],"product_tag":[81,727,730,66,731,728,729],"class_list":{"0":"post-8933","1":"product","2":"type-product","3":"status-publish","4":"has-post-thumbnail","6":"product_cat-software-acceso","7":"product_tag-acceso-y-asistencia","8":"product_tag-cerraduras","9":"product_tag-commax-wulian","10":"product_tag-dahua","11":"product_tag-wejoin","12":"product_tag-yli","13":"product_tag-zkteco","15":"first","16":"instock","17":"sale","18":"taxable","19":"shipping-taxable","20":"purchasable","21":"product-type-simple"},"aioseo_notices":[],"_links":{"self":[{"href":"https:\/\/tecsecmty.com\/index.php\/wp-json\/wp\/v2\/product\/8933","targetHints":{"allow":["GET"]}}],"collection":[{"href":"https:\/\/tecsecmty.com\/index.php\/wp-json\/wp\/v2\/product"}],"about":[{"href":"https:\/\/tecsecmty.com\/index.php\/wp-json\/wp\/v2\/types\/product"}],"replies":[{"embeddable":true,"href":"https:\/\/tecsecmty.com\/index.php\/wp-json\/wp\/v2\/comments?post=8933"}],"version-history":[{"count":0,"href":"https:\/\/tecsecmty.com\/index.php\/wp-json\/wp\/v2\/product\/8933\/revisions"}],"wp:featuredmedia":[{"embeddable":true,"href":"https:\/\/tecsecmty.com\/index.php\/wp-json\/wp\/v2\/media\/8932"}],"wp:attachment":[{"href":"https:\/\/tecsecmty.com\/index.php\/wp-json\/wp\/v2\/media?parent=8933"}],"wp:term":[{"taxonomy":"product_brand","embeddable":true,"href":"https:\/\/tecsecmty.com\/index.php\/wp-json\/wp\/v2\/product_brand?post=8933"},{"taxonomy":"product_cat","embeddable":true,"href":"https:\/\/tecsecmty.com\/index.php\/wp-json\/wp\/v2\/product_cat?post=8933"},{"taxonomy":"product_tag","embeddable":true,"href":"https:\/\/tecsecmty.com\/index.php\/wp-json\/wp\/v2\/product_tag?post=8933"}],"curies":[{"name":"wp","href":"https:\/\/api.w.org\/{rel}","templated":true}]}}