{"id":8941,"date":"2023-02-23T22:32:53","date_gmt":"2023-02-24T04:32:53","guid":{"rendered":"https:\/\/tecsecmty.com\/index.php\/producto\/bosch-v_bisbgenb44-licencia-basica-bis-44\/"},"modified":"2023-03-22T23:21:37","modified_gmt":"2023-03-23T05:21:37","slug":"bosch-v_bisbgenb44-licencia-basica-bis-44","status":"publish","type":"product","link":"https:\/\/tecsecmty.com\/index.php\/producto\/bosch-v_bisbgenb44-licencia-basica-bis-44\/","title":{"rendered":"BOSCH V_BISBGENB44- LICENCIA BASICA BIS 44"},"content":{"rendered":"<h5 class=\"card-title text-center\">Licencia b\u00e1sica de BIS 4.4<\/h5>\n<p class=\"ql-align-justify\"><strong>Building Integration System (BIS) BIS es un sistema de administraci\u00f3n de seguridad y protecci\u00f3n flexible y escalable que se puede configurar para gestionar una gama inmensa de situaciones de uso.\u00a0<\/strong>Contiene una amplia gama de aplicaciones y funciones que permiten tanto la integraci\u00f3n y el acoplamiento como el control y supervisi\u00f3n de todos los sistemas t\u00e9cnicos del edificio. Esta nueva versi\u00f3n se basa en los muchos a\u00f1os de experiencia de Bosch en el campo de los sistemas de administraci\u00f3n y ha sido influenciada en forma significativa por las siguientes tendencias de mercado:<\/p>\n<ul>\n<li class=\"ql-align-justify\">Complejidad creciente de los equipos t\u00e9cnicos de los edificios El aumento de complejidad de los equipos t\u00e9cnicos del interior de los edificios exige el uso de un potente sistema de administraci\u00f3n que combine las funciones m\u00e1s diversas (sistemas de alarma de incendios o intrusiones, control de accesos, sistemas de video y automatizaci\u00f3n del edificio, etc.) de la mejor forma posible. Los est\u00e1ndares abiertos permiten a BIS procesar y compartir informaci\u00f3n de forma eficaz con una variedad enorme y creciente de dispositivos de hardware y otros or\u00edgenes.<\/li>\n<li class=\"ql-align-justify\">Uso de nuevas tecnolog\u00edas y est\u00e1ndares Aunque las estrictas normas de tecnolog\u00eda de seguridad garantizan un muy alto nivel de fiabilidad en cuestiones de seguridad, dificultan el uso integrado de nuevas tecnolog\u00edas procedentes del sector de las TI. BIS consigue aprovechar las ventajas de las tecnolog\u00edas que no se basan en seguridad (como OPC, CAD, web) e integrarlas con \u00e9xito en el sector de las tecnolog\u00edas de la seguridad.<\/li>\n<li class=\"ql-align-justify\">Se necesitan soluciones completas Los administradores e integradores de instalaciones necesitan una soluci\u00f3n de administraci\u00f3n de edificios que, a pesar de todo, sean capaces de integrar todos sus subsistemas de seguridad.<\/li>\n<\/ul>\n<p class=\"ql-align-justify\"><strong>Resumen del sistema<\/strong><\/p>\n<p class=\"ql-align-justify\"><strong>Building Integration System es un producto vers\u00e1til que consta de un paquete b\u00e1sico m\u00e1s distintos componentes opcionales (tambi\u00e9n llamados motores o \u00abEngines\u00bb en ingl\u00e9s) que se basan en una plataforma de software com\u00fan.\u00a0<\/strong>Los motores se pueden combinar para ajustar los sistemas de administraci\u00f3n de edificios a requisitos detallados.<\/p>\n<p class=\"ql-align-justify\"><strong>Los componentes principales son:<\/strong><\/p>\n<ul>\n<li class=\"ql-align-justify\">Automation Engine.<\/li>\n<li class=\"ql-align-justify\">Access Engine.<\/li>\n<li class=\"ql-align-justify\">Video Engine.<\/li>\n<li class=\"ql-align-justify\">Security Engine.<\/li>\n<\/ul>\n<p class=\"ql-align-justify\"><strong>Funciones b\u00e1sicas<\/strong><\/p>\n<p class=\"ql-align-justify\"><strong>Arquitectura del sistema<\/strong><\/p>\n<p class=\"ql-align-justify\"><strong>BIS Engine proporciona detecci\u00f3n de incendios e intrusiones, control de accesos, videovigilancia, megafon\u00eda y alarmas, adem\u00e1s de la monitorizaci\u00f3n de sistemas de HVAC y otros sistemas vitales.<\/strong>\u00a0BIS se basa en una arquitectura de varios niveles de rendimiento optimizado dise\u00f1ada para su uso en entornos de Intranet e Internet. Los subsistemas se conectan mediante el bien conocido est\u00e1ndar mundial OPC. Este est\u00e1ndar abierto facilita la incorporaci\u00f3n de BIS en subsistemas compatibles con OPC. Opcionalmente, distintos sistemas BIS individuales pueden cooperar proporcionando datos a otros sistemas BIS o consumiendo datos de ellos.<\/p>\n<p class=\"ql-align-justify\"><strong>El resultado es un sistema BIS multiservidor.<\/strong><\/p>\n<ul>\n<li class=\"ql-align-justify\">1. Un servidor consumidor BIS con estaciones de trabajos y un router en una red de \u00e1rea local (LAN).<\/li>\n<li class=\"ql-align-justify\">2. Red de gran \u00e1rea (WAN).<\/li>\n<li class=\"ql-align-justify\">3. BIS proporciona servidores con estaciones de trabajo y routers en redes de \u00e1rea local (LAN).<\/li>\n<\/ul>\n<p class=\"ql-align-justify\"><strong>Configuraci\u00f3n y estructura organizativa<\/strong><\/p>\n<p class=\"ql-align-justify\">Distintas funciones autom\u00e1ticas y herramientas f\u00e1ciles de usar hacen que la configuraci\u00f3n sea sencilla para el instalador, lo cual ahorra tiempo y costes. Es posible crear \u00e1rboles jer\u00e1rquicos de ubicaci\u00f3n importando datos de CAD existentes con capas, llamadas vistas y ubicaciones de detectores. La ampliaci\u00f3n y el desplazamiento permiten navegar r\u00e1pidamente por el edificio. La interfaz de usuario se basa en web y utiliza p\u00e1ginas HTML din\u00e1micas. El software de instalaci\u00f3n contiene p\u00e1ginas predeterminadas para distintas resoluciones y formatos de pantalla y las p\u00e1ginas predeterminadas se pueden personalizar f\u00e1cilmente con un editor HTML est\u00e1ndar.<\/p>\n<p class=\"ql-align-justify\"><strong>Operaci\u00f3n<\/strong><\/p>\n<p class=\"ql-align-justify\">La tarea principal del sistema es funcionar como centro de control y monitorizaci\u00f3n de alarmas para los distintos sistemas de seguridad de una instalaci\u00f3n. Su interfaz gr\u00e1fica est\u00e1 dise\u00f1ada para ayudar al operador a comprender la extensi\u00f3n y la urgencia de un sucesso r\u00e1pidamente y a tomar medidas r\u00e1pidas y eficaces.<\/p>\n<p class=\"ql-align-justify\"><strong>Seguridad del sistema<\/strong><\/p>\n<p class=\"ql-align-justify\">La encriptaci\u00f3n avanzada entre los servidores BIS y las estaciones de trabajo proporciona seguridad adicional, adem\u00e1s de los derechos de acceso de usuario configurables. Si se van a utilizar PC de una red corporativa como estaciones de trabajo clientes, entonces se puede lograr mayor seguridad restringiendo los operadores a estaciones de trabajo o direcciones IP espec\u00edficas.<\/p>\n<p class=\"ql-align-justify\"><strong>Accesorios de BIS opcionales<\/strong><\/p>\n<p class=\"ql-align-justify\">Las funciones opcionales que aparecen a continuaci\u00f3n se pueden a\u00f1adir al sistema BIS para adaptarlo a las necesidades espec\u00edficas del cliente. Se pueden utilizar con todos los motores de BIS (Automation, Access, Video y Security Engine).<\/p>\n<p class=\"ql-align-justify\"><strong>Alarm Management (paquete)<\/strong><\/p>\n<p class=\"ql-align-justify\">Este paquete ampl\u00eda la gesti\u00f3n est\u00e1ndar de alarmas del sistema BIS con algunas funciones adicionales: La distribuci\u00f3n de mensajes permite definir situaciones de escalado que se activan de forma autom\u00e1tica cuando un operador o grupo de operadores no confirma un mensaje de alarma dentro de un periodo definido. BIS reenv\u00eda el mensaje de forma autom\u00e1tica al siguiente grupo de operadores autorizado. La funci\u00f3n de temporizador permite configurar horarios que se pueden usar para ejecutar comandos de control autom\u00e1ticos, como cerrar una barrera a las 20:00, as\u00ed como para reenviar los mensajes de alarma en funci\u00f3n del tiempo, por ejemplo, dentro del periodo de tiempo 1, mostrar los mensajes al grupo de operadores 1, o al grupo de operadores 2 fuera de ese periodo.<\/p>\n<p class=\"ql-align-justify\"><strong>Planificaci\u00f3n<\/strong><\/p>\n<ul>\n<li class=\"ql-align-justify\">Sistema de Integraci\u00f3n en cifras Direcciones, detectores, elementos de control, c\u00e1maras, etc. que se pueden procesar 200.000 por servidor BIS.<\/li>\n<li class=\"ql-align-justify\">N\u00famero de eventos por segundo 500 (continuos, con posibilidad de picos mayores).<\/li>\n<\/ul>\n<p class=\"ql-align-justify\"><strong>Nota: Licencia b\u00e1sica de BIS 4.4<\/strong><\/p>\n<p class=\"ql-align-justify\"><strong>Licencia para el producto Building Integration System (BIS) descargado del sitio web. No se suministran art\u00edculos f\u00edsicos y la documentaci\u00f3n del usuario est\u00e1 incluida en la descarga.<\/strong><\/p>\n<p class=\"ql-align-justify\"><strong>N\u00famero de pedido: BIS-BGEN-B44.<\/strong><\/p>\n<p class=\"ql-align-justify\"><strong>Principales caracter\u00edsticas<\/strong><\/p>\n<ul>\n<li class=\"ql-align-justify\">Integraci\u00f3n de sistemas de Bosch y de terceros mediante interfaces abiertas y SDK u Toda la informaci\u00f3n relevante en una interfaz de usuario.<\/li>\n<li class=\"ql-align-justify\">Control de accesos totalmente integrado.<\/li>\n<li class=\"ql-align-justify\">Registro de eventos completos para investigaciones cient\u00edficas.<\/li>\n<li class=\"ql-align-justify\">Sistema escalable que crece con sus necesidades<\/li>\n<\/ul>\n<p class=\"ql-align-justify\"><strong>Especificaciones<\/strong><\/p>\n<p class=\"ql-align-justify\">Servidores<\/p>\n<p class=\"ql-align-justify\">Sistemas operativos (en modo aut\u00f3nomo o cliente\/ servidor)<\/p>\n<ul>\n<li class=\"ql-align-justify\">Windows 7 SP1 (32 o 64 bits, Pro, Enterprise).<\/li>\n<li class=\"ql-align-justify\">Windows Server 2008 R2 SP1 (64 bits, Standard, Datacenter).<\/li>\n<li class=\"ql-align-justify\">Windows 8.1 (64 bits, Pro, Enterprise).<\/li>\n<li class=\"ql-align-justify\">Windows Server 2012 R2 (64 bits, Standard, Datacenter).<\/li>\n<li class=\"ql-align-justify\">Windows 10 Enterprise LTSB (64 bits).<\/li>\n<\/ul>\n<p class=\"ql-align-justify\"><strong>Nota: La base de datos predeterminada que se suministra con esta versi\u00f3n de BIS es SQL Server 2014 SP1 Express Edition con servicios avanzados.<\/strong><\/p>\n<p class=\"ql-align-justify\"><strong>Requisitos m\u00ednimos de hardware<\/strong><\/p>\n<ul>\n<li class=\"ql-align-justify\">Procesador Intel i3 o superior.<\/li>\n<li class=\"ql-align-justify\">4 GB RAM (8 GB recomendados).<\/li>\n<li class=\"ql-align-justify\">80 GB de espacio libre en el disco duro.<\/li>\n<li class=\"ql-align-justify\">Adaptador gr\u00e1fico VGA con resoluci\u00f3n de 1280 x 1024 y 32k colores como m\u00ednimo.<\/li>\n<li class=\"ql-align-justify\">Tarjeta Ethernet de 100 Mbit (PCI).<\/li>\n<li class=\"ql-align-justify\">1 puerto USB libre o unidad compartida en red para la instalaci\u00f3n.<\/li>\n<\/ul>\n<p class=\"ql-align-justify\"><strong>Requisitos t\u00e9cnicos m\u00ednimos para un ordenador cliente<\/strong><\/p>\n<p class=\"ql-align-justify\"><strong>Sistemas operativos (en modo aut\u00f3nomo o cliente\/ servidor)<\/strong><\/p>\n<ul>\n<li class=\"ql-align-justify\">Windows 7 SP1 (32 o 64 bits, Pro, Enterprise).<\/li>\n<li class=\"ql-align-justify\">Windows Server 2008 R2 SP1 (64 bits, Standard, Datacenter).<\/li>\n<li class=\"ql-align-justify\">Windows 8.1 (32 o 64 bits, Pro, Enterprise).<\/li>\n<li class=\"ql-align-justify\">Windows Server 2012 R2 (64 bits, Standard, Datacenter).<\/li>\n<li class=\"ql-align-justify\">Windows 10 (32 o 64 bits, Pro o Enterprise LTSB)<\/li>\n<\/ul>\n<p class=\"ql-align-justify\"><strong>Nota: Con una edici\u00f3n Pro, las actualizaciones deben postergarse hasta 8 meses despu\u00e9s de la publicaci\u00f3n de la versi\u00f3n BIS. Para obtener m\u00e1s informaci\u00f3n, consulte la p\u00e1gina de Microsoft Technet en https:\/\/ technet.microsoft.com\/en-us\/itpro\/windows\/ manage\/introduction-to-windows-10- -servicing.<\/strong><\/p>\n<p class=\"ql-align-justify\"><strong>Requisitos m\u00ednimos de hardware<\/strong><\/p>\n<ul>\n<li class=\"ql-align-justify\">Intel i3 o superior.<\/li>\n<li class=\"ql-align-justify\">4 GB RAM (8 GB recomendados).<\/li>\n<li class=\"ql-align-justify\">20 GB de espacio libre en el disco duro.<\/li>\n<li class=\"ql-align-justify\">Adaptador gr\u00e1fico con 1280 x 1024 de resoluci\u00f3n, 32k colores, 256 MB de memoria dedicada con OpenGL 1.2 o superior.<\/li>\n<li class=\"ql-align-justify\">Tarjeta Ethernet de 100 Mbit.<\/li>\n<\/ul>\n<p class=\"ql-align-justify\"><strong>Requisitos m\u00ednimos adicionales para clientes de VIE (Video Engine)<\/strong><\/p>\n<ul>\n<li class=\"ql-align-justify\">Ning\u00fan sistema operativo Windows Server.<\/li>\n<li class=\"ql-align-justify\">No se admite Windows 10.<\/li>\n<li class=\"ql-align-justify\">Procesador Intel i5 o superior.<\/li>\n<li class=\"ql-align-justify\">Para secuencia de c\u00e1maras, matriz virtual o vista m\u00faltiple, agregar 4 GB de RAM.<\/li>\n<li class=\"ql-align-justify\">Es muy recomendable disponer de los controladores de v\u00eddeo m\u00e1s recientes. Utilice la herramienta dxdiag de Windows para comprobar que los controladores no tengan m\u00e1s de 1 a\u00f1o de antig\u00fcedad.<\/li>\n<\/ul>\n<p><img decoding=\"async\" class=\"overview-center-img- aligncenter\" src=\"https:\/\/tvc.mx\/media\/15983\/Logoopaginas-oficial.png\" alt=\"\" \/><\/p>\n","protected":false},"excerpt":{"rendered":"<p>Licencia b\u00e1sica de BIS 4.4 Building Integration System (BIS) BIS es un sistema de administraci\u00f3n de seguridad y protecci\u00f3n flexible y escalable que se puede configurar para gestionar una gama inmensa de situaciones de uso.\u00a0Contiene una amplia gama de aplicaciones y funciones que permiten tanto&hellip;<\/p>\n","protected":false},"featured_media":8940,"comment_status":"open","ping_status":"closed","template":"","meta":{"om_disable_all_campaigns":false,"_monsterinsights_skip_tracking":false,"_monsterinsights_sitenote_active":false,"_monsterinsights_sitenote_note":"","_monsterinsights_sitenote_category":0},"product_brand":[],"product_cat":[822],"product_tag":[81,727,730,66,731,728,729],"class_list":{"0":"post-8941","1":"product","2":"type-product","3":"status-publish","4":"has-post-thumbnail","6":"product_cat-software-acceso","7":"product_tag-acceso-y-asistencia","8":"product_tag-cerraduras","9":"product_tag-commax-wulian","10":"product_tag-dahua","11":"product_tag-wejoin","12":"product_tag-yli","13":"product_tag-zkteco","15":"first","16":"instock","17":"sale","18":"taxable","19":"shipping-taxable","20":"purchasable","21":"product-type-simple"},"aioseo_notices":[],"_links":{"self":[{"href":"https:\/\/tecsecmty.com\/index.php\/wp-json\/wp\/v2\/product\/8941","targetHints":{"allow":["GET"]}}],"collection":[{"href":"https:\/\/tecsecmty.com\/index.php\/wp-json\/wp\/v2\/product"}],"about":[{"href":"https:\/\/tecsecmty.com\/index.php\/wp-json\/wp\/v2\/types\/product"}],"replies":[{"embeddable":true,"href":"https:\/\/tecsecmty.com\/index.php\/wp-json\/wp\/v2\/comments?post=8941"}],"version-history":[{"count":0,"href":"https:\/\/tecsecmty.com\/index.php\/wp-json\/wp\/v2\/product\/8941\/revisions"}],"wp:featuredmedia":[{"embeddable":true,"href":"https:\/\/tecsecmty.com\/index.php\/wp-json\/wp\/v2\/media\/8940"}],"wp:attachment":[{"href":"https:\/\/tecsecmty.com\/index.php\/wp-json\/wp\/v2\/media?parent=8941"}],"wp:term":[{"taxonomy":"product_brand","embeddable":true,"href":"https:\/\/tecsecmty.com\/index.php\/wp-json\/wp\/v2\/product_brand?post=8941"},{"taxonomy":"product_cat","embeddable":true,"href":"https:\/\/tecsecmty.com\/index.php\/wp-json\/wp\/v2\/product_cat?post=8941"},{"taxonomy":"product_tag","embeddable":true,"href":"https:\/\/tecsecmty.com\/index.php\/wp-json\/wp\/v2\/product_tag?post=8941"}],"curies":[{"name":"wp","href":"https:\/\/api.w.org\/{rel}","templated":true}]}}