{"id":8945,"date":"2023-02-23T22:33:06","date_gmt":"2023-02-24T04:33:06","guid":{"rendered":"https:\/\/tecsecmty.com\/index.php\/producto\/bosch-v_bisbgenb48-licencia-basica-bis-4-8-licencia-para-uso-de-software-bis\/"},"modified":"2023-03-22T23:21:37","modified_gmt":"2023-03-23T05:21:37","slug":"bosch-v_bisbgenb48-licencia-basica-bis-4-8-licencia-para-uso-de-software-bis","status":"publish","type":"product","link":"https:\/\/tecsecmty.com\/index.php\/producto\/bosch-v_bisbgenb48-licencia-basica-bis-4-8-licencia-para-uso-de-software-bis\/","title":{"rendered":"BOSCH V_BISBGENB48- LICENCIA BASICA BIS 4.8 \/ LICENCIA PARA USO DE SOFTWARE BIS"},"content":{"rendered":"<div class=\"row aling-items-center padding-bottom-2x\">\n<div class=\"col-lg-12\">\n<h5 class=\"card-title text-center\">Licencia BIS<\/h5>\n<p class=\"ql-align-justify\">Integraci\u00f3n de sistemas de Bosch y de terceros mediante interfaces abiertas y SDK u Toda la informaci\u00f3n relevante en una interfaz de usuario y uso intuitivo mediante mapas interactivos y planes de acci\u00f3n en HTML5. u Control de accesos totalmente integrado u Registro de eventos completo y traza de auditor\u00eda para investigaciones cient\u00edficas u Sistema escalable que crece con sus necesidades<\/p>\n<p><img decoding=\"async\" class=\"overview-center-img-web\" src=\"https:\/\/tvc.mx\/media\/185911\/BANNER_CCTV.png\" alt=\"\" \/><\/div>\n<\/div>\n<div class=\"row align-items-center padding-bottom-2x\">\n<div class=\"col-md-5 order-md-2\"><img decoding=\"async\" class=\"d-block m-auto img-thumbnail\" src=\"https:\/\/tvc.mx\/media\/185919\/Sin-t%C3%ADtulo-21.png\" alt=\" \" \/><\/div>\n<div class=\"col-md-7 order-md-1 text-md-left text-center\">\n<h2>Descripci\u00f3n inicial<\/h2>\n<p class=\"text-muted\">\n<p class=\"ql-align-justify\">Building Integration System (BIS) BIS es un sistema de administraci\u00f3n de seguridad y protecci\u00f3n flexible y escalable que se puede configurar para gestionar una gama inmensa de situaciones de uso. Contiene una amplia gama de aplicaciones y funciones que permiten tanto la integraci\u00f3n y el acoplamiento como el control y supervisi\u00f3n de todos los sistemas t\u00e9cnicos del edificio. Esta nueva versi\u00f3n se basa en los muchos a\u00f1os de experiencia de Bosch en el campo de los sistemas de administraci\u00f3n y ha sido influenciada en forma significativa por las siguientes tendencias de mercado: \u2022 Complejidad creciente de los equipos t\u00e9cnicos de los edificios El aumento de complejidad de los equipos t\u00e9cnicos del interior de los edificios exige el uso de un potente sistema de administraci\u00f3n que combine las funciones m\u00e1s diversas (sistemas de alarma de incendios o intrusiones, control de accesos, sistemas de video y automatizaci\u00f3n del edificio, etc.) de la mejor forma posible. Los est\u00e1ndares abiertos permiten a BIS procesar y compartir informaci\u00f3n de forma eficaz con una variedad enorme y creciente de dispositivos de hardware y otros or\u00edgenes. \u2022 Uso de nuevas tecnolog\u00edas y est\u00e1ndares Aunque las estrictas normas de tecnolog\u00eda de seguridad garantizan un muy alto nivel de fiabilidad en cuestiones de seguridad, dificultan el uso integrado de nuevas tecnolog\u00edas procedentes del sector de las TI. BIS consigue aprovechar las ventajas de las tecnolog\u00edas que no se basan en seguridad (como OPC, CAD, web) e integrarlas con \u00e9xito en el sector de las tecnolog\u00edas de la seguridad. \u2022 Se necesitan soluciones completas Los administradores e integradores de instalaciones necesitan una soluci\u00f3n de administraci\u00f3n de edificios que, a pesar de todo, sean capaces de integrar todos sus subsistemas de seguridad.<\/p>\n<p class=\"ql-align-justify\">Building Integration System es un producto vers\u00e1til que consta de un paquete b\u00e1sico m\u00e1s distintos componentes opcionales (tambi\u00e9n llamados motores o \u00abEngines\u00bb en ingl\u00e9s) que se basan en una plataforma de software com\u00fan. Los motores se pueden combinar para ajustar los sistemas de administraci\u00f3n de edificios a requisitos detallados. Los componentes principales son:<\/p>\n<p class=\"ql-align-justify\">\u2022 Automation Engine<\/p>\n<p class=\"ql-align-justify\">\u2022 Access Engine<\/p>\n<p class=\"ql-align-justify\">\u2022 Video Engine<\/p>\n<p class=\"ql-align-justify\">\u2022 Security Engine<\/p>\n<p class=\"ql-align-justify\">Paquete b\u00e1sico<\/p>\n<p class=\"ql-align-justify\">El paquete b\u00e1sico de Building Integration System proporciona muchas caracter\u00edsticas que comparten los distintos motores. \u2022 Contadores de condiciones de dispositivos personalizables proporcionan una vista general de las condiciones de los subsistemas de todo el sistema BIS \u2022 Procesamiento de mensajes y visualizaci\u00f3n de alarmas \u2022 Cola de alarmas con hasta 5.000 eventos de alarma simult\u00e1neos e informaci\u00f3n detallada sobre las alarmas<\/p>\n<p>&nbsp;<\/p>\n<\/div>\n<\/div>\n<hr class=\"padding-bottom-2x\" \/>\n<div class=\"row align-items-center padding-bottom-2x\">\n<div class=\"col-md-5\"><img decoding=\"async\" class=\"d-block m-auto img-thumbnail\" src=\"https:\/\/tvc.mx\/media\/185931\/Sin-t%C3%ADtulo-1pppp.png\" alt=\" \" \/><\/div>\n<div class=\"col-md-7 text-md-left text-center\">\n<h2>Arquitectura del sistema<\/h2>\n<p class=\"text-muted\">\n<p>Los motores de BIS ofrecen detecci\u00f3n de incendios e intrusiones, control de acceso, videovigilancia, megafon\u00eda y alarmas, adem\u00e1s de control de aire acondicionado y calefacci\u00f3n y otros sistemas importantes para edificios. BIS se basa en una arquitectura de varias capas y optimizada para el rendimiento, sobre todo dise\u00f1ado para su uso en entornos de LAN y WAN. Los subsistemas se conectan mediante las normas mundiales establecidas Classic OPC y OPC UA. Estos est\u00e1ndares abiertos facilitan la integraci\u00f3n de BIS en subsistemas actuales que cumplen con OPC. De forma opcional, los sistemas BIS individuales pueden cooperar proporcionando datos a otros sistemas BIS, o bien consumiendo datos de estos. El resultado es un sistema BIS abierto y multiservidor.<\/p>\n<p>1. Un servidor consumidor BIS con estaciones de trabajos y un router en una red de \u00e1rea local (LAN) 2. Red de gran \u00e1rea (WAN) 3. BIS proporciona servidores con estaciones de trabajo y routers en redes de \u00e1rea local (LAN) Configuraci\u00f3n y estructura organizativa Distintas funciones autom\u00e1ticas y herramientas f\u00e1ciles de usar hacen que la configuraci\u00f3n sea sencilla para el instalador, lo cual ahorra tiempo y costes. Es posible crear \u00e1rboles jer\u00e1rquicos de ubicaci\u00f3n importando datos de CAD existentes con capas, llamadas vistas y ubicaciones de detectores. La ampliaci\u00f3n y el desplazamiento permiten navegar r\u00e1pidamente por el edificio. La interfaz de usuario se basa en web y utiliza p\u00e1ginas HTML5 din\u00e1micas. El paquete de instalaci\u00f3n contiene p\u00e1ginas predeterminadas para distintas resoluciones y formatos de pantalla y las p\u00e1ginas predeterminadas se pueden personalizar f\u00e1cilmente con un editor HTML est\u00e1ndar. BIS detecta de forma autom\u00e1tica la resoluci\u00f3n del monitor y provee la interfaz de usuario adecuada.<\/p>\n<p>&nbsp;<\/p>\n<\/div>\n<\/div>\n<hr class=\"padding-bottom-2x\" \/>\n<div class=\"row align-items-center padding-bottom-2x\">\n<div class=\"col-md-5 order-md-2\"><img decoding=\"async\" class=\"d-block m-auto img-thumbnail\" src=\"https:\/\/tvc.mx\/media\/188702\/Sin-t%C3%ADtulo-15AAAAAA.png\" alt=\" \" \/><\/div>\n<div class=\"col-md-7 order-md-1 text-md-left text-center\">\n<h2>Paquete b\u00e1sico<\/h2>\n<p class=\"text-muted\">\n<p>Paquete b\u00e1sico<\/p>\n<p class=\"ql-align-justify\">El paquete b\u00e1sico de Building Integration System proporciona muchas caracter\u00edsticas que comparten los distintos motores.<\/p>\n<p class=\"ql-align-justify\">\u2022 Contadores de condiciones de dispositivos personalizables proporcionan una vista general de las condiciones de los subsistemas de todo el sistema BIS<\/p>\n<p class=\"ql-align-justify\">\u2022 Procesamiento de mensajes y visualizaci\u00f3n de alarmas \u2022 Cola de alarmas con hasta 5.000 eventos de alarma simult\u00e1neos e informaci\u00f3n detallada sobre las alarmas<\/p>\n<p class=\"ql-align-justify\">\u2022 Asignaci\u00f3n fija de operadores a estaciones de trabajo para mayor seguridad<\/p>\n<p class=\"ql-align-justify\">\u2022 M\u00e1quina de estados para el manejo autom\u00e1tico de eventos y alarmas.<\/p>\n<p class=\"ql-align-justify\">\u2022 La plataforma basada en servidor web permite a las estaciones clientes conectarse a BIS simplemente con un navegador.<\/p>\n<p class=\"ql-align-justify\">\u2022 La compatibilidad directa con mapas de ubicaci\u00f3n en formato vectorial DWF est\u00e1ndar de AutoCad reduce el esfuerzo de configuraci\u00f3n.<\/p>\n<p class=\"ql-align-justify\">\u00a0Es posible implementar cambios en la arquitectura en un gr\u00e1fico (nuevos tabiques, desplazamiento de una puerta, etc.) sin cambiar la configuraci\u00f3n de BIS. Basta con importar un nuevo archivo de trazado.<\/p>\n<p class=\"ql-align-justify\">\u2022 Flujos de trabajo autom\u00e1ticos entre operadores, con difusi\u00f3n de mensajes y rutas de escalado personalizables<\/p>\n<p class=\"ql-align-justify\">\u2022 Gran biblioteca de iconos de detector normalizados en formato vectorial est\u00e1ndar que incluye definiciones de color, eventos y controles \u2022 Control y monitorizaci\u00f3n directa de detectores mediante men\u00fas contextuales sobre sus iconos en los mapas de ubicaci\u00f3n<\/p>\n<p class=\"ql-align-justify\">\u2022 Control y monitorizaci\u00f3n directa de detectores mediante la estructura de \u00e1rbol l\u00f3gico (por ejemplo, edificio, planta, sala) de una instalaci\u00f3n, con hiperv\u00ednculos a fotos, manuales, instrucciones<\/p>\n<p class=\"ql-align-justify\">\u2022 El \u00e1rbol de ubicaciones se genera autom\u00e1ticamente a partir de las \u00abvistas con nombres\u00bb del gr\u00e1fico de AutoCAD<\/p>\n<p class=\"ql-align-justify\">\u2022 Administraci\u00f3n de acciones para conseguir un control autom\u00e1tico y manual en los subsistemas conectados y en sus perif\u00e9ricos.<\/p>\n<p class=\"ql-align-justify\">\u2022 Descripci\u00f3n general de los dispositivos de todos los subsistemas conectados, sus perif\u00e9ricos (detectores) y sus dispositivos virtuales internos (operador, servidor&#8230;) en forma de \u00e1rbol con informaci\u00f3n detallada sobre direcciones, estados, tipos, ubicaciones y notas. Controle los perif\u00e9ricos mediante los men\u00fas contextuales de los nodos correspondientes en el \u00e1rbol.<\/p>\n<\/div>\n<\/div>\n","protected":false},"excerpt":{"rendered":"<p>Licencia BIS Integraci\u00f3n de sistemas de Bosch y de terceros mediante interfaces abiertas y SDK u Toda la informaci\u00f3n relevante en una interfaz de usuario y uso intuitivo mediante mapas interactivos y planes de acci\u00f3n en HTML5. u Control de accesos totalmente integrado u Registro&hellip;<\/p>\n","protected":false},"featured_media":8944,"comment_status":"open","ping_status":"closed","template":"","meta":{"om_disable_all_campaigns":false,"_monsterinsights_skip_tracking":false,"_monsterinsights_sitenote_active":false,"_monsterinsights_sitenote_note":"","_monsterinsights_sitenote_category":0},"product_brand":[],"product_cat":[822],"product_tag":[81,727,730,66,731,728,729],"class_list":{"0":"post-8945","1":"product","2":"type-product","3":"status-publish","4":"has-post-thumbnail","6":"product_cat-software-acceso","7":"product_tag-acceso-y-asistencia","8":"product_tag-cerraduras","9":"product_tag-commax-wulian","10":"product_tag-dahua","11":"product_tag-wejoin","12":"product_tag-yli","13":"product_tag-zkteco","15":"first","16":"instock","17":"sale","18":"taxable","19":"shipping-taxable","20":"purchasable","21":"product-type-simple"},"aioseo_notices":[],"_links":{"self":[{"href":"https:\/\/tecsecmty.com\/index.php\/wp-json\/wp\/v2\/product\/8945","targetHints":{"allow":["GET"]}}],"collection":[{"href":"https:\/\/tecsecmty.com\/index.php\/wp-json\/wp\/v2\/product"}],"about":[{"href":"https:\/\/tecsecmty.com\/index.php\/wp-json\/wp\/v2\/types\/product"}],"replies":[{"embeddable":true,"href":"https:\/\/tecsecmty.com\/index.php\/wp-json\/wp\/v2\/comments?post=8945"}],"version-history":[{"count":0,"href":"https:\/\/tecsecmty.com\/index.php\/wp-json\/wp\/v2\/product\/8945\/revisions"}],"wp:featuredmedia":[{"embeddable":true,"href":"https:\/\/tecsecmty.com\/index.php\/wp-json\/wp\/v2\/media\/8944"}],"wp:attachment":[{"href":"https:\/\/tecsecmty.com\/index.php\/wp-json\/wp\/v2\/media?parent=8945"}],"wp:term":[{"taxonomy":"product_brand","embeddable":true,"href":"https:\/\/tecsecmty.com\/index.php\/wp-json\/wp\/v2\/product_brand?post=8945"},{"taxonomy":"product_cat","embeddable":true,"href":"https:\/\/tecsecmty.com\/index.php\/wp-json\/wp\/v2\/product_cat?post=8945"},{"taxonomy":"product_tag","embeddable":true,"href":"https:\/\/tecsecmty.com\/index.php\/wp-json\/wp\/v2\/product_tag?post=8945"}],"curies":[{"name":"wp","href":"https:\/\/api.w.org\/{rel}","templated":true}]}}