{"id":895,"date":"2023-02-16T00:07:28","date_gmt":"2023-02-16T00:07:28","guid":{"rendered":"https:\/\/tecsecmty.com\/index.php\/producto\/dvr-4-megapixel-4-canales-tvi-ahd-cvi-cvbs-2-canales-ip-1-hdd-h-265-salida-en-full-hd-audio-por-coaxitron\/"},"modified":"2023-03-22T23:20:45","modified_gmt":"2023-03-23T05:20:45","slug":"dvr-4-megapixel-4-canales-tvi-ahd-cvi-cvbs-2-canales-ip-1-hdd-h-265-salida-en-full-hd-audio-por-coaxitron","status":"publish","type":"product","link":"https:\/\/tecsecmty.com\/index.php\/producto\/dvr-4-megapixel-4-canales-tvi-ahd-cvi-cvbs-2-canales-ip-1-hdd-h-265-salida-en-full-hd-audio-por-coaxitron\/","title":{"rendered":"DVR 4 Megapixel \/ 4 Canales TVI \/ AHD \/ CVI \/ CVBS + 2 Canales IP \/ 1 HDD \/ H.265+ \/ Salida en Full HD \/ Audio por Coaxitron"},"content":{"rendered":"<div class=\"container\">\n<div class=\"row\">\n<div class=\"col-md-12\">\n<div class=\"row\">\n<div class=\"row\">\n<div class=\"col-md-12\">\n<h4 class=\"text-primary center info-text\">Informaci\u00f3n de Producto<\/h4>\n<\/div>\n<\/div>\n<div class=\"row\">\n<div class=\"col-md-12\">\n<h3>DVR 4 Megapixel \/ 4 Canales TVI \/ AHD \/ CVI \/ CVBS + 2 Canales IP \/ 1 HDD \/ H.265+ \/ Salida en Full HD \/ Audio por Coaxitron<\/h3>\n<\/div>\n<\/div>\n<div id=\"producto_container\" class=\"row\">\n<div class=\"col-md-4\"><img decoding=\"async\" class=\"img-responsive center-block\" src=\"https:\/\/ftp3.syscom.mx\/usuarios\/fotos\/BancoFotografiasSyscom\/HILOOKBYHIKVISION\/DVR204QK1(C)(S)\/DVR204QK1(C)(S)-p.PNG\" alt=\"DVR-204Q-K1(C)(S)\" \/><\/p>\n<div class=\"row\">\n<div id=\"galerias\" class=\"col-sm-12\"><\/div>\n<\/div>\n<\/div>\n<div class=\"col-md-4\">\n<div><img decoding=\"async\" class=\"img-responsive img-thumbnail\" src=\"https:\/\/ftp3.syscom.mx\/usuarios\/fotos\/logotipos\/hilook_by_hikvision.png\" \/><\/div>\n<div><img decoding=\"async\" class=\"icono_info_product\" src=\"https:\/\/ftp3.syscom.mx\/usuarios\/ftp\/p2p_hikconnect\/p2p_hikconnect.png\" \/><img decoding=\"async\" class=\"icono_info_product\" src=\"https:\/\/ftp3.syscom.mx\/usuarios\/fotos\/audiovideomismocable.png?v=1588118778\" \/><img decoding=\"async\" class=\"icono_info_product\" src=\"https:\/\/ftp3.syscom.mx\/usuarios\/fotos\/2a-g.png\" \/><\/div>\n<div>\n<p>Modelo:\u00a0<span class=\"modelo-marca\">DVR-204Q-K1(C)(S)<\/span><\/p>\n<p>Marca:\u00a0<span class=\"modelo-marca\">HiLook by HIKVISION<\/span><\/p>\n<\/div>\n<div><\/div>\n<\/div>\n<div class=\"col-md-4\">\n<div class=\"row\">\n<div class=\"col-md-12 default_padding_bottom\"><\/div>\n<\/div>\n<\/div>\n<\/div>\n<\/div>\n<div class=\"row \">\n<div class=\"col-md-12\">\n<div class=\"row\">\n<h3 class=\"text-primary\">Especificaciones:<\/h3>\n<\/div>\n<div class=\"row well\">\n<p><img decoding=\"async\" src=\"https:\/\/ftp3.syscom.mx\/usuarios\/fotos\/IPCB120\/143291-hilook.png\" alt=\"\" width=\"45%\" height=\"\" \/><\/p>\n<div class=\"row\">\n<div class=\"col-sm-6\"><\/div>\n<div class=\"col-sm-6\">\n<h2>Visualizaci\u00f3n F\u00e1cil, R\u00e1pida y Segura desde Hik-Connect.<\/h2>\n<p><strong>Hik-Connect<\/strong>\u00a0es la aplicaci\u00f3n para dispositivos moviles tabletas y smartphones en los cuales usted puede visualizar sus c\u00e1maras en vivo, grabaci\u00f3nes, grabar eventos de panico, tomar fotografias.<\/p>\n<p>Ademas si lo combina con las otras soluci\u00f3nes de Hikvision como lo son\u00a0<strong>control de acceso<\/strong>,\u00a0<strong>videoporteros<\/strong>\u00a0y\u00a0<strong>alarmas<\/strong>\u00a0podra tener el control en una misma aplicaci\u00f3n y lo mejor es que la aplicaci\u00f3n es y seguira siendo\u00a0<strong>gratuita<\/strong>. Dada las actualizaci\u00f3nes constante que realiza Hikvision, la app la puede descargar dando clic\u00a0<a href=\"https:\/\/appstore.hikvision.com\/\" target=\"_blank\" rel=\"noopener\">aqu\u00ed<\/a><\/p>\n<\/div>\n<\/div>\n<div class=\"row default_padding_bottom\">\n<div class=\"col-sm-6\">\n<h2>Audio por Coaxitron en Todos los Canales.<\/h2>\n<p>Una de las multiples ventajas de los nuevos sistemas de videovigilancia es el\u00a0<strong>audio por coaxitron<\/strong>. Al realizar la combinaci\u00f3n de una c\u00e1mara con\u00a0<strong>micr\u00f3fono interconstruido<\/strong>\u00a0y un videograbador con audio por coaxitron usted podra\u00a0<strong>almacenar video y audio<\/strong>\u00a0sin tener que a\u00f1adir componentes extras, ya que la instalaci\u00f3n de una c\u00e1mara con micr\u00f3fono interconstruido es exactamente igual a una que no tenga micr\u00f3fono interconstruido y si&#8230;asi es usted puede a\u00f1adir c\u00e1maras con micr\u00f3fono interconstruido en\u00a0<strong>todos los canales<\/strong>\u00a0TurboHD (la funci\u00f3n de audio por coaxitron unicamente funciona en TVI\/TurboHD)<\/p>\n<p>Clic aqu\u00ed para\u00a0<a href=\"https:\/\/www.syscom.mx\/principal\/promociones\/camaras_con_audio_por_coaxitron_2_mp-5477.html?ordenar=Relevancia&amp;pag=1\" target=\"_blank\" rel=\"noopener\">(Ver modelos compatibles<\/a>) con Audio por Coaxitron en C\u00e1maras TurboHD<\/p>\n<p>&nbsp;<\/p>\n<\/div>\n<div class=\"col-sm-6\"><\/div>\n<\/div>\n<p>&nbsp;<\/p>\n<p>&nbsp;<\/p>\n<div class=\"row\">\n<div class=\"col-sm-4\">\n<div><strong>Caracter\u00edsticas principales:<\/strong><\/p>\n<ul>\n<li>Tecnolog\u00eda TurboHD 4 Megapixel Lite.<\/li>\n<li>Soporte de tecnolog\u00edas: HD-TVI \/ HD-CVI \/ AHD \/ Anal\u00f3gico (CVBS).<\/li>\n<li>Software cliente iVMS-4200.<\/li>\n<li>Compatible con Hik-Connect P2P.<\/li>\n<li>Soporta servicio Hik-connect Domain \/ DynDNS \/ NO-IP.<\/li>\n<li>Soporta 4 canales TURBOHD \/ analogicos + 2 canal IP = 6 canales en total.<\/li>\n<li>H.265 Pro+ \/ H.264+ \/ H.264<\/li>\n<li>HD-TVI: 4 Megapixel Lite @ 25 IPS.<\/li>\n<li>HD-CVI: 4 Megapixel Lite @ 25 IPS.<\/li>\n<li>AHD: 4 Megapixel Lite @ 25 IPS.<\/li>\n<li>IP: 6 Megapixel.<\/li>\n<li>No soporta canal cero<\/li>\n<\/ul>\n<p><strong>NOTA: Permite apagar canales an\u00e1logos para agregar canales IP.<\/strong><\/p>\n<p><strong>Para conectar los canales IP requiere utilizar un switch\/switch poe (no incluido)<\/strong><\/p>\n<p>&nbsp;<\/p>\n<p>&nbsp;<\/p>\n<\/div>\n<\/div>\n<div class=\"col-sm-4\">\n<div><strong>Interfaces Entradas \/ Salidas:<br \/>\n<\/strong><\/p>\n<ul>\n<li>Entrada audio: 1 (RCA, 2.0 Vp-p, 1K\u03a9).<\/li>\n<li>4 Entradas de audio por coaxitron (modelos compatibles)<\/li>\n<li>Salida audio: 1 (RCA, 2.0 Vp-p, 1K\u03a9).<\/li>\n<li>Entrada alarma: N\/A<\/li>\n<li>Salida alarma: N\/A<\/li>\n<li>Interfaz USB: 2 puerto (2.0) trasero.<\/li>\n<li>Interfaz red: 1 puetos (RJ-45 10\/100 Mbps).<\/li>\n<li>Capacidad HDD: 1 @ 10 TB.<\/li>\n<\/ul>\n<\/div>\n<\/div>\n<div class=\"col-sm-4\">\n<div><strong>Caracter\u00edsticas F\u00edsicas y El\u00e9ctricas:<br \/>\n<\/strong><\/p>\n<ul>\n<li>Alimentaci\u00f3n: 12 Vcc.<\/li>\n<li>Consumo sin disco duro: 12 W.<\/li>\n<li>Temperatura de operaci\u00f3n: -10 \u00baC hasta 55 \u00baC<\/li>\n<li>Dimensiones: 260 \u00d7 222 \u00d7 45 mm (W \u00d7 D \u00d7 H)<\/li>\n<li>Peso: 1 Kg sin disco duro.<\/li>\n<li>Nota: No soporta canal cero.<\/li>\n<li>Garant\u00eda: 2 a\u00f1os.<\/li>\n<\/ul>\n<\/div>\n<\/div>\n<\/div>\n<p>&nbsp;<\/p>\n<h1><strong>Recursos<\/strong><\/h1>\n<p>&nbsp;<\/p>\n<div class=\"row default_margin_bottom\">\n<div class=\"col-sm-4\"><a href=\"https:\/\/www.hikvision.com\/es-la\/support\/download\/software\/ivms4200-series\/?q=serie%20ivms4200&amp;position=1\" target=\"_blank\" rel=\"noopener\"><img decoding=\"async\" class=\"img-responsive\" src=\"https:\/\/ftp3.syscom.mx\/usuarios\/gmagos\/HIK\/IP\/IPC\/Imagenes%20pagina\/Descargas%20IVMS4200.jpg\" \/><\/a><\/div>\n<div class=\"col-sm-4\"><a href=\"https:\/\/appstore.hikvision.com\/\" target=\"_blank\" rel=\"noopener\"><img decoding=\"async\" class=\"img-responsive\" src=\"https:\/\/ftp3.syscom.mx\/usuarios\/gmagos\/HIK\/IP\/IPC\/Imagenes%20pagina\/Descargas%20de%20app.jpg\" \/><\/a><\/div>\n<div class=\"col-sm-4\"><img decoding=\"async\" class=\"img-responsive\" src=\"https:\/\/ftp3.syscom.mx\/usuarios\/gmagos\/HIK\/IP\/IPC\/Imagenes%20pagina\/Descarga%20de%20PDF.jpg\" \/><\/div>\n<\/div>\n<p>&nbsp;<\/p>\n<p>&nbsp;<\/p>\n<p>&nbsp;<\/p>\n<p><img decoding=\"async\" src=\"https:\/\/ftp3.syscom.mx\/usuarios\/jsosa\/GIF\/bannerepcom.jpg\" alt=\"\" width=\"100%\" height=\"\" \/><\/p>\n<\/div>\n<\/div>\n<\/div>\n<\/div>\n<\/div>\n<\/div>\n<p><img decoding=\"async\" src=\"https:\/\/tracker.metricool.com\/c3po.jpg?hash=95c94f37730bb8f54dd4308f1f878f9\" \/><\/p>\n","protected":false},"excerpt":{"rendered":"<p>Informaci\u00f3n de Producto DVR 4 Megapixel \/ 4 Canales TVI \/ AHD \/ CVI \/ CVBS + 2 Canales IP \/ 1 HDD \/ H.265+ \/ Salida en Full HD \/ Audio por Coaxitron Modelo:\u00a0DVR-204Q-K1(C)(S) Marca:\u00a0HiLook by HIKVISION Especificaciones: Visualizaci\u00f3n F\u00e1cil, R\u00e1pida y Segura desde&hellip;<\/p>\n","protected":false},"featured_media":1740,"comment_status":"open","ping_status":"closed","template":"","meta":{"om_disable_all_campaigns":false,"_monsterinsights_skip_tracking":false,"_monsterinsights_sitenote_active":false,"_monsterinsights_sitenote_note":"","_monsterinsights_sitenote_category":0},"product_brand":[],"product_cat":[56],"product_tag":[58,59,57],"class_list":{"0":"post-895","1":"product","2":"type-product","3":"status-publish","4":"has-post-thumbnail","6":"product_cat-videograbadoras-analogicas-turbohd-tvi-ahd-cvi","7":"product_tag-dvr","8":"product_tag-videograbadora","9":"product_tag-videograbadoras-analogicas-turbohd-tvi-ahd-cvi","11":"first","12":"instock","13":"taxable","14":"shipping-taxable","15":"product-type-simple"},"aioseo_notices":[],"_links":{"self":[{"href":"https:\/\/tecsecmty.com\/index.php\/wp-json\/wp\/v2\/product\/895","targetHints":{"allow":["GET"]}}],"collection":[{"href":"https:\/\/tecsecmty.com\/index.php\/wp-json\/wp\/v2\/product"}],"about":[{"href":"https:\/\/tecsecmty.com\/index.php\/wp-json\/wp\/v2\/types\/product"}],"replies":[{"embeddable":true,"href":"https:\/\/tecsecmty.com\/index.php\/wp-json\/wp\/v2\/comments?post=895"}],"version-history":[{"count":2,"href":"https:\/\/tecsecmty.com\/index.php\/wp-json\/wp\/v2\/product\/895\/revisions"}],"predecessor-version":[{"id":1741,"href":"https:\/\/tecsecmty.com\/index.php\/wp-json\/wp\/v2\/product\/895\/revisions\/1741"}],"wp:featuredmedia":[{"embeddable":true,"href":"https:\/\/tecsecmty.com\/index.php\/wp-json\/wp\/v2\/media\/1740"}],"wp:attachment":[{"href":"https:\/\/tecsecmty.com\/index.php\/wp-json\/wp\/v2\/media?parent=895"}],"wp:term":[{"taxonomy":"product_brand","embeddable":true,"href":"https:\/\/tecsecmty.com\/index.php\/wp-json\/wp\/v2\/product_brand?post=895"},{"taxonomy":"product_cat","embeddable":true,"href":"https:\/\/tecsecmty.com\/index.php\/wp-json\/wp\/v2\/product_cat?post=895"},{"taxonomy":"product_tag","embeddable":true,"href":"https:\/\/tecsecmty.com\/index.php\/wp-json\/wp\/v2\/product_tag?post=895"}],"curies":[{"name":"wp","href":"https:\/\/api.w.org\/{rel}","templated":true}]}}