{"id":8951,"date":"2023-02-23T22:33:10","date_gmt":"2023-02-24T04:33:10","guid":{"rendered":"https:\/\/tecsecmty.com\/index.php\/producto\/bosch-v_bisfauebpa43-licencia-basica-aue-4-3\/"},"modified":"2023-03-22T23:21:37","modified_gmt":"2023-03-23T05:21:37","slug":"bosch-v_bisfauebpa43-licencia-basica-aue-4-3","status":"publish","type":"product","link":"https:\/\/tecsecmty.com\/index.php\/producto\/bosch-v_bisfauebpa43-licencia-basica-aue-4-3\/","title":{"rendered":"BOSCH V_BISFAUEBPA43 &#8211; Licencia basica AUE 4.3"},"content":{"rendered":"<div class=\"row aling-items-center padding-bottom-2x\">\n<div class=\"col-lg-12\">\n<h5 class=\"card-title text-center\">BISFAUEBPA43 &#8211; Licencia basica AUE 4.3<\/h5>\n<p><strong>BIS &#8211; Automation Engine (AUE) 4.3<\/strong><\/p>\n<p>Actualmente, en la mayor\u00eda de ocasiones, los sistemas de protecci\u00f3n frente a incendios son exigidos por la ley, la detecci\u00f3n de intrusiones es crucial y la monitorizaci\u00f3n de los sistemas vitales de los edificios, como el sistema de HVAC, es esencial para mantener las empresas en marcha.<\/p>\n<p>Este software proporciona algunas de las funciones esenciales de integraci\u00f3n de edificios: conectar con los sistemas vitales del edificio para monitorizar, controlar y detectar problemas.<\/p>\n<p>Aprovechando todas las funciones habituales de BIS, adem\u00e1s de sus propias funciones especiales, Automation Engine permite a los integradores de sistemas personalizar un sistema de administraci\u00f3n de seguridad y alarmas para adaptarlo a necesidades espec\u00edficas.<\/p>\n<p><img decoding=\"async\" class=\"overview-center-img-web\" src=\"https:\/\/tvc.mx\/media\/640967\/encabezado-1920x400.png\" alt=\"\" \/><\/div>\n<\/div>\n<div class=\"row align-items-center padding-bottom-2x\">\n<div class=\"col-md-5\"><img decoding=\"async\" class=\"d-block m-auto img-thumbnail\" src=\"https:\/\/tvc.mx\/media\/640987\/400x300-logo.png\" alt=\" \" \/><\/div>\n<div class=\"col-md-7 text-md-left text-center\">\n<h2>Caracter\u00edsticas<\/h2>\n<p class=\"text-muted\">\n<ul>\n<li>Sistema de administraci\u00f3n de seguridad y alarmas extremadamente sofisticado para paneles de intrusi\u00f3n y centrales de incendio<\/li>\n<li>Integraci\u00f3n de los sistemas de alarma por voz y megafon\u00eda para lograr la evacuaci\u00f3n eficaz de edificios<\/li>\n<li>Monitorizaci\u00f3n detallada de otros sistemas vitales, como el de HVAC, la automatizaci\u00f3n de edificios o la gesti\u00f3n de energ\u00eda en toda una instalaci\u00f3n<\/li>\n<li>Integraci\u00f3n y configuraci\u00f3n sencilla de subsistemas a trav\u00e9s del uso coherente de los est\u00e1ndares mundiales OPC<\/li>\n<li>Automatizaci\u00f3n de respuestas en caso de emergencias en alarmas de subsistemas mediante reglas definibles por el usuario<\/li>\n<\/ul>\n<p>&nbsp;<\/p>\n<\/div>\n<\/div>\n<hr class=\"padding-bottom-2x\" \/>\n<div class=\"row aling-items-center padding-bottom-2x\">\n<div class=\"col-lg-12\">\n<h5 class=\"card-title text-center\">Resumen del sistema<\/h5>\n<p>Automation Engine (AUE) es uno de los m\u00f3dulos principales de la gama BIS. Funciona como motor \u00fanico o combinado con otros motores.<\/p>\n<p>Su funci\u00f3n principal es conectar, monitorizar y controlar sistemas de seguridad y protecci\u00f3n, normalmente paneles de incendio y de intrusi\u00f3n. Sin embargo, tambi\u00e9n permite visualizar im\u00e1genes en directo o distintos documentos. Para aplicaciones m\u00e1s complejas de video, recomendamos utilizar Video Engine o VMS de Bosch.<\/p>\n<p>Automation Engine emplea todas las funciones generales de BIS, como la visualizaci\u00f3n de mapas interactivos de ubicaci\u00f3n y planes de acci\u00f3n. A continuaci\u00f3n, es posible visualizar las alarmas recibidas junto con toda la informaci\u00f3n y botones de acci\u00f3n personalizados.<\/p>\n<p>Es posible automatizar comandos mediante reglas definidas por el usuario en la m\u00e1quina de estados de BIS (consulte la descripci\u00f3n general y el paquete b\u00e1sico de BIS), o invocarlos manualmente haciendo clic con el bot\u00f3n derecho del rat\u00f3n en los iconos que representan los detectores en un mapa de ubicaci\u00f3n.<\/p>\n<p>Como BIS y otros motores, Automation Engine se ejecuta en PC est\u00e1ndar con sistema operativo Windows. La plataforma puede constar de un solo ordenador, tener una estructura cliente\/servidor con un servidor central y estaciones de trabajo cliente, o un sistema federado con varios servidores BIS, cada uno de ellos con sus propios clientes.<\/p>\n<p>Utilice el programa de configuraci\u00f3n de BIS para definir c\u00f3mo interact\u00faa BIS con los subsistemas.<\/p>\n<p>Automation Engine contiene una configuraci\u00f3n por plantillas que incluye los ajustes t\u00edpicos para paneles de alarma de Bosch y comandos para utilizarlos mediante BIS.<\/p>\n<p>Las configuraciones espec\u00edficas de estos paneles se pueden importar f\u00e1cilmente en la configuraci\u00f3n de BIS.<\/p>\n<p><strong>Paquete b\u00e1sico de Automation Engine<\/strong><\/p>\n<p>El paquete b\u00e1sico de AUE contiene la licencia de 500 puntos de detecci\u00f3n. Por lo general, esto es suficiente para los sistemas m\u00e1s peque\u00f1os.<\/p>\n<p><img decoding=\"async\" class=\"overview-center-img-web\" src=\"https:\/\/tvc.mx\/media\/640992\/1920x400-funciones.png\" alt=\"\" \/><\/div>\n<\/div>\n<div class=\"row aling-items-center padding-bottom-2x\">\n<div class=\"col-lg-12\">\n<h5 class=\"card-title text-center\">Funciones b\u00e1sicas<\/h5>\n<p>Adem\u00e1s de las funciones est\u00e1ndar de BIS, Automation<\/p>\n<p>Engine dispone de las funciones siguientes:<\/p>\n<ul>\n<li>Permite conectar, controlar y supervisar los sistemas de seguridad de Bosch o de otros fabricantes, las centrales de incendio, los paneles de intrusi\u00f3n, los sistemas de megafon\u00eda y otros a trav\u00e9s de la interfaz OPC.<\/li>\n<li>Permite conectar, controlar y supervisar los sistemas de Bosch o de otros fabricantes para el control de HVAC, control de iluminaci\u00f3n y gesti\u00f3n de energ\u00eda mediante la interfaz OPC.<\/li>\n<\/ul>\n<p><img decoding=\"async\" class=\"overview-center-img-web\" src=\"https:\/\/tvc.mx\/media\/641007\/encabezado-1920x400.png\" alt=\"\" \/><\/div>\n<\/div>\n<div class=\"row aling-items-center padding-bottom-2x\">\n<div class=\"col-lg-12\">\n<h5 class=\"card-title text-center\">Piezas inclu\u00eddas<\/h5>\n<p><strong><u>1 Licencia para 500 puntos de detecci\u00f3n<\/u><\/strong><\/p>\n<p>C\u00f3mo realizar pedidos:<\/p>\n<p>Automation Engine se puede pedir de una de estas dos formas:<\/p>\n<ul>\n<li>Como parte integrante de una configuraci\u00f3n de BIS inicial, en cuyo caso se pide junto con la licencia b\u00e1sica de BIS<\/li>\n<li>Como ampliaci\u00f3n de una configuraci\u00f3n de BIS existente<\/li>\n<\/ul>\n<p><img decoding=\"async\" class=\"overview-center-img-web\" src=\"https:\/\/tvc.mx\/media\/641022\/encabezado-1920x400.png\" alt=\"\" \/><\/div>\n<\/div>\n<div class=\"row aling-items-center padding-bottom-2x\">\n<div class=\"col-lg-12\">\n<h5 class=\"card-title text-center\">Especificaciones clave<\/h5>\n<p><strong>Sistemas operativos compatibles (en modo aut\u00f3nomo o cliente\/servidor).Las instalaciones de BIS en otros sistemas operativos pueden funcionar pero est\u00e1n totalmente sin garant\u00eda:<\/strong><\/p>\n<p>Windows Server 2016 (64 bits, Standard, Datacenter) Windows Server 2019 (64 bits, Standard, Datacenter) Windows 10 Enterprise LTSB (64 bits) Windows 10 Enterprise LTSC (64 bits) Nota: la base de datos predeterminada que se suministra con esta versi\u00f3n de BIS es SQL\u00a0Server\u00a02019 Express Edition con servicios avanzados<\/p>\n<p><strong>Otro software:<\/strong><\/p>\n<p>Instale siempre los controladores y las actualizaciones del sistema operativo m\u00e1s recientes. IIS 10.0 para Windows 10, Windows Server 2016 y Windows Server 2019 Nota: IIS no es necesario en servidores de conexi\u00f3n de BIS Internet Explorer 9, 10 u 11 en modo de compatibilidad Chrome, Firefox, Edge para Smart Client .NET: En Windows 10, Windows Server 2016 y Windows Server 2019:.NET\u00a03.51, .NET\u00a04.8, .NET 5.0 y Core 3.1.7<\/p>\n<p><strong>Requisitos m\u00ednimos de hardware:<\/strong><\/p>\n<p>Procesador Intel i5 con al menos 4 n\u00facleos f\u00edsicos 8 GB RAM (32 GB recomendados) 200 GB de espacio libre en el disco duro Adaptador gr\u00e1fico con 256\u00a0MB RAM, una resoluci\u00f3n de 1920&#215;1080 al menos 32000 colores OpenGL\u00ae 2.1 y DirectX\u00ae 11 Compatible con WebGL2 (por ejemplo, clase Intel UHD Graphics 600 o comparable), no virtualizado Tarjeta Ethernet de 1 Gbit\/s Un puerto USB libre o una unidad compartida en red para los archivos de instalaci\u00f3n<\/p>\n<p><strong>Sistemas operativos compatibles (en modo aut\u00f3nomo o cliente\/servidor).Las instalaciones de BIS en otros sistemas operativos pueden funcionar pero est\u00e1n totalmente sin garant\u00eda:<\/strong><\/p>\n<p>Windows Server 2016 (64 bits, Standard, Datacenter) Windows Server 2019 (64 bits, Standard, Datacenter) Windows 10 (32 o 64 bits, Pro o Enterprise LTSB) Windows 10 (32 o 64 bits, Pro o Enterprise LTSC) Nota: con una edici\u00f3n Pro, las actualizaciones deben postergarse hasta 8 meses despu\u00e9s de la publicaci\u00f3n de la versi\u00f3n BIS. Para obtener m\u00e1s informaci\u00f3n, consulte la p\u00e1gina de Microsoft Technet en https:\/\/technet.microsoft.com\/en-us\/itpro\/windows\/manage\/introduction-to-windows-10-servicing<\/p>\n<p><strong>Otro software:<\/strong><\/p>\n<p>ASP.NET Internet Explorer 9, 10 u 11 en modo de compatibilidad(Nota: El cliente SEE requiere IE 9.0) Chrome, Firefox, Edge para Smart Client .NET: En Windows 10, Windows Server 2016 y Windows Server 2019: .NET 3.51, .NET 4.8, .NET 5.0 y Core 3.1.7<\/p>\n<p><strong>Requisitos m\u00ednimos de hardware:<\/strong><\/p>\n<p>Intel i5 (Gen 6\/Skylake o posterior) o superior, m\u00faltiples n\u00facleos 8 GB RAM (16 GB recomendados) 20 GB de espacio libre en el disco duro Adaptador gr\u00e1fico con 256\u00a0MB RAM una resoluci\u00f3n de 1920&#215;1080 al menos 32000 colores OpenGL\u00ae 2.1 y DirectX\u00ae 11 Compatible con WebGL2 (por ejemplo, clase Intel UHD Graphics 600 o comparable), no virtualizado Tarjeta Ethernet de 100 Mbit\/s<\/p>\n<p><strong>Requisitos m\u00ednimos adicionales para clientes de VIE (Video Engine):<\/strong><\/p>\n<p>Ning\u00fan sistema operativo Windows Server Procesador Intel i5 o superior Para secuencia de c\u00e1maras, matriz virtual o vista m\u00faltiple, agregar 4\u00a0GB de RAM Es muy recomendable disponer de los controladores de v\u00eddeo m\u00e1s recientes. Utilice la herramienta dxdiag de Windows para comprobar que los controladores no tengan m\u00e1s de 1\u00a0a\u00f1o de antig\u00fcedad.<\/p>\n<p><strong>Navegador web:<\/strong><\/p>\n<p>Google Chrome 90 o superior<\/p>\n<p>Microsoft Edge 90 o superior<\/p>\n<p>Mozilla Firefox 88 o superior<\/p>\n<p><img decoding=\"async\" class=\"overview-center-img-web\" src=\"https:\/\/tvc.mx\/media\/641057\/encabezado-1920x400.png\" alt=\"\" \/><\/div>\n<\/div>\n","protected":false},"excerpt":{"rendered":"<p>BISFAUEBPA43 &#8211; Licencia basica AUE 4.3 BIS &#8211; Automation Engine (AUE) 4.3 Actualmente, en la mayor\u00eda de ocasiones, los sistemas de protecci\u00f3n frente a incendios son exigidos por la ley, la detecci\u00f3n de intrusiones es crucial y la monitorizaci\u00f3n de los sistemas vitales de los&hellip;<\/p>\n","protected":false},"featured_media":8950,"comment_status":"open","ping_status":"closed","template":"","meta":{"om_disable_all_campaigns":false,"_monsterinsights_skip_tracking":false,"_monsterinsights_sitenote_active":false,"_monsterinsights_sitenote_note":"","_monsterinsights_sitenote_category":0},"product_brand":[],"product_cat":[822],"product_tag":[81,727,730,66,731,728,729],"class_list":{"0":"post-8951","1":"product","2":"type-product","3":"status-publish","4":"has-post-thumbnail","6":"product_cat-software-acceso","7":"product_tag-acceso-y-asistencia","8":"product_tag-cerraduras","9":"product_tag-commax-wulian","10":"product_tag-dahua","11":"product_tag-wejoin","12":"product_tag-yli","13":"product_tag-zkteco","15":"first","16":"instock","17":"sale","18":"taxable","19":"shipping-taxable","20":"purchasable","21":"product-type-simple"},"aioseo_notices":[],"_links":{"self":[{"href":"https:\/\/tecsecmty.com\/index.php\/wp-json\/wp\/v2\/product\/8951","targetHints":{"allow":["GET"]}}],"collection":[{"href":"https:\/\/tecsecmty.com\/index.php\/wp-json\/wp\/v2\/product"}],"about":[{"href":"https:\/\/tecsecmty.com\/index.php\/wp-json\/wp\/v2\/types\/product"}],"replies":[{"embeddable":true,"href":"https:\/\/tecsecmty.com\/index.php\/wp-json\/wp\/v2\/comments?post=8951"}],"version-history":[{"count":0,"href":"https:\/\/tecsecmty.com\/index.php\/wp-json\/wp\/v2\/product\/8951\/revisions"}],"wp:featuredmedia":[{"embeddable":true,"href":"https:\/\/tecsecmty.com\/index.php\/wp-json\/wp\/v2\/media\/8950"}],"wp:attachment":[{"href":"https:\/\/tecsecmty.com\/index.php\/wp-json\/wp\/v2\/media?parent=8951"}],"wp:term":[{"taxonomy":"product_brand","embeddable":true,"href":"https:\/\/tecsecmty.com\/index.php\/wp-json\/wp\/v2\/product_brand?post=8951"},{"taxonomy":"product_cat","embeddable":true,"href":"https:\/\/tecsecmty.com\/index.php\/wp-json\/wp\/v2\/product_cat?post=8951"},{"taxonomy":"product_tag","embeddable":true,"href":"https:\/\/tecsecmty.com\/index.php\/wp-json\/wp\/v2\/product_tag?post=8951"}],"curies":[{"name":"wp","href":"https:\/\/api.w.org\/{rel}","templated":true}]}}