{"id":8955,"date":"2023-02-23T22:33:20","date_gmt":"2023-02-24T04:33:20","guid":{"rendered":"https:\/\/tecsecmty.com\/index.php\/producto\/bosch-v_bisfauebpa46-licencia-basica-aue-4-6-automatizacion\/"},"modified":"2023-03-22T23:21:37","modified_gmt":"2023-03-23T05:21:37","slug":"bosch-v_bisfauebpa46-licencia-basica-aue-4-6-automatizacion","status":"publish","type":"product","link":"https:\/\/tecsecmty.com\/index.php\/producto\/bosch-v_bisfauebpa46-licencia-basica-aue-4-6-automatizacion\/","title":{"rendered":"BOSCH V_BISFAUEBPA46- LICENCIA BASICA AUE 4.6\/ AUTOMATIZACION"},"content":{"rendered":"<h5 class=\"card-title text-center\">BIS-FAUE-BPA46 Licencia b\u00e1sica<\/h5>\n<p><strong>Esta hoja de datos enumera las extensiones que se pueden pedir para su versi\u00f3n de BIS.<\/strong><\/p>\n<ul>\n<li>Para a\u00f1adir funciones a una instalaci\u00f3n de BIS V 4.0 o superior, pida solo las funciones nuevas en su contacto de Bosch habitual, omitiendo las licencias de que ya dispone, como las licencias base.<\/li>\n<li>Para actualizar una instalaci\u00f3n de BIS 2.x o 3.x a V 4.2, pida el producto de Actualizaci\u00f3n de BIS, BIS- -BUPG-2XTO42 o BIS-BUPG-30TO42, m\u00e1s las funciones nuevas de V 4.x que desee.<\/li>\n<\/ul>\n<p><strong>Descripci\u00f3n del sistema<\/strong><\/p>\n<p><strong>Contrato de mantenimiento de software (SMA)<\/strong><\/p>\n<p><strong>El SMA es una forma rentable de mantenerse al d\u00eda con las mejoras t\u00e9cnicas del software.<\/strong>\u00a0Cada SMA que se adquiere da derecho a actualizaciones gratuitas de las funciones del software correspondiente, as\u00ed como a parches y soporte t\u00e9cnico, durante un a\u00f1o a partir de la fecha de adquisici\u00f3n.\u00a0<strong>En el caso de compradores por primera vez, cada art\u00edculo adquirido incluye un SMA de un a\u00f1o autom\u00e1ticamente.<\/strong><\/p>\n<p><strong>Funciones b\u00e1sicas<\/strong><\/p>\n<p><strong>Alarm Management (paquete)<\/strong><\/p>\n<p>Paquete compuesto por las siguientes funciones:<\/p>\n<ul>\n<li>Distribuci\u00f3n de mensajes Permite implementar rutas de ampliaci\u00f3n que se activan, por ejemplo, cuando un operador o grupo de operadores no confirma la recepci\u00f3n de un mensaje de alarma durante un plazo definido. En este caso, BIS reenv\u00eda el mensaje autom\u00e1ticamente al siguiente grupo de operadores de la ruta de ampliaci\u00f3n.<\/li>\n<li>Temporizador La funci\u00f3n Temporizador permite automatizar comandos de BIS seg\u00fan programas de tiempo definidos por el usuario.<\/li>\n<li>Alarma de operador Los operadores pueden utilizar esta funci\u00f3n para generar alarmas reales en el sistema sobre la base de una fuente externa, como una llamada por tel\u00e9fono o algo que han visto en una c\u00e1mara de vigilancia.<\/li>\n<li>Iniciador de aplicaciones Permite parametrizar, ejecutar a una hora programada y almacenar en BIS comandos del sistema operativo (por ejemplo, la ejecuci\u00f3n de un archivo .EXE). Una aplicaci\u00f3n t\u00edpica de esta funci\u00f3n ser\u00eda la realizaci\u00f3n de copias de seguridad del sistema de forma autom\u00e1tica a las 2:00 todos los d\u00edas.<\/li>\n<\/ul>\n<p><strong>Licencia de Divisi\u00f3n adicional<\/strong><\/p>\n<p>La funci\u00f3n de divisi\u00f3n permite distribuir grandes espacios\/edificios en partes independientes, lo que provee vistas personalizadas (interfaz de usuario, registro de eventos), acceso al sistema y funciones de control para cada divisi\u00f3n. Las divisiones privadas s\u00f3lo las pueden ver los grupos de operadores autorizados, mientras que todos los operadores pueden ver los miembros\/dispositivos de la divisi\u00f3n com\u00fan predeterminada. Las divisiones pueden adquirirse de una en una o de diez en diez.<\/p>\n<p><strong>Licencia de Operator Client adicional<\/strong><\/p>\n<p>El n\u00famero de licencias de cliente de operador determina cu\u00e1ntos pueden trabajar en el sistema de forma simult\u00e1nea.<\/p>\n<p><strong>BIS-BVMS Connectivity<\/strong><\/p>\n<p><strong>Esta licencia permite conectar un sistema BVMS (no un BVMS Enterprise Server) mediante el servidor OPC de BVMS a BIS.<\/strong>\u00a0Permite a BIS reaccionar a eventos desencadenados dentro de\u00a0<strong>BVMS (p. ej. Intelligent Video Analysis) y permite a BVMS reaccionar a eventos desencadenados dentro de BIS (por ejemplo, alarmas de incendios).<\/strong><\/p>\n<p><strong>Multi-Server Connect<\/strong><\/p>\n<p><strong>Esta licencia le permite conectar un servidor BIS mediante OPC a otro servidor BIS, o a un sistema de administraci\u00f3n de terceros (SCADA, PSIM).\u00a0<\/strong>Tambi\u00e9n es necesaria para la gesti\u00f3n de usuarios de tarjetas de forma centralizada entre varios servidores ACE.<\/p>\n<p><strong>N x 100 puntos de detecci\u00f3n<\/strong><\/p>\n<p><strong>Licencia puntos de detecci\u00f3n adicionales para el Building Integration System (BIS) y los paquetes complementarios Automation Engine y Video Engine (para la matriz Allegiant) en pasos de 100.<\/strong>\u00a0Los perif\u00e9ricos de subsistemas de Bosch y de terceros, como detectores LSN para fuego o intrusi\u00f3n, c\u00e1maras y entradas Allegiant (LTC), requieren puntos de detecci\u00f3n.<\/p>\n<p><strong>N x 1000 puntos de detecci\u00f3n<\/strong><\/p>\n<p>Igual que el elemento anterior, pero en grupos de 1.000.<\/p>\n<p><strong>Nota: BIS-FAUE-BPA46 Licencia b\u00e1sica<\/strong><\/p>\n<p><strong>Licencia para BIS Automation Engine (AUE) dentro de BIS.<\/strong><\/p>\n<p><strong>N\u00famero de pedido: BIS-FAUE-BPA46.<\/strong><\/p>\n<p><strong>Principales\u00a0<\/strong><strong>caracter\u00edsticas<\/strong><\/p>\n<ul>\n<li>La estructuras modular facilita realizar una soluci\u00f3n de seguridad a medida de sus requisitos exactos.<\/li>\n<li>Las rutas de actualizaci\u00f3n desde numerosas versiones anteriores protegen su inversi\u00f3n.<\/li>\n<li>Proporciona una perfecta integraci\u00f3n de sistemas de Bosch o de otros fabricantes gracias a su compatibilidad con OPC.<\/li>\n<\/ul>\n<p><strong>Especificaciones<\/strong><\/p>\n<p>Consulte las especificaciones de la versi\u00f3n correspondiente de BIS Basic Package.<\/p>\n<p><img decoding=\"async\" class=\"overview-center-img- aligncenter\" src=\"https:\/\/tvc.mx\/media\/15825\/Logoopaginas-oficial.png\" alt=\"\" \/><\/p>\n","protected":false},"excerpt":{"rendered":"<p>BIS-FAUE-BPA46 Licencia b\u00e1sica Esta hoja de datos enumera las extensiones que se pueden pedir para su versi\u00f3n de BIS. Para a\u00f1adir funciones a una instalaci\u00f3n de BIS V 4.0 o superior, pida solo las funciones nuevas en su contacto de Bosch habitual, omitiendo las licencias&hellip;<\/p>\n","protected":false},"featured_media":8954,"comment_status":"open","ping_status":"closed","template":"","meta":{"om_disable_all_campaigns":false,"_monsterinsights_skip_tracking":false,"_monsterinsights_sitenote_active":false,"_monsterinsights_sitenote_note":"","_monsterinsights_sitenote_category":0},"product_brand":[],"product_cat":[822],"product_tag":[81,727,730,66,731,728,729],"class_list":{"0":"post-8955","1":"product","2":"type-product","3":"status-publish","4":"has-post-thumbnail","6":"product_cat-software-acceso","7":"product_tag-acceso-y-asistencia","8":"product_tag-cerraduras","9":"product_tag-commax-wulian","10":"product_tag-dahua","11":"product_tag-wejoin","12":"product_tag-yli","13":"product_tag-zkteco","15":"first","16":"instock","17":"sale","18":"taxable","19":"shipping-taxable","20":"purchasable","21":"product-type-simple"},"aioseo_notices":[],"_links":{"self":[{"href":"https:\/\/tecsecmty.com\/index.php\/wp-json\/wp\/v2\/product\/8955","targetHints":{"allow":["GET"]}}],"collection":[{"href":"https:\/\/tecsecmty.com\/index.php\/wp-json\/wp\/v2\/product"}],"about":[{"href":"https:\/\/tecsecmty.com\/index.php\/wp-json\/wp\/v2\/types\/product"}],"replies":[{"embeddable":true,"href":"https:\/\/tecsecmty.com\/index.php\/wp-json\/wp\/v2\/comments?post=8955"}],"version-history":[{"count":0,"href":"https:\/\/tecsecmty.com\/index.php\/wp-json\/wp\/v2\/product\/8955\/revisions"}],"wp:featuredmedia":[{"embeddable":true,"href":"https:\/\/tecsecmty.com\/index.php\/wp-json\/wp\/v2\/media\/8954"}],"wp:attachment":[{"href":"https:\/\/tecsecmty.com\/index.php\/wp-json\/wp\/v2\/media?parent=8955"}],"wp:term":[{"taxonomy":"product_brand","embeddable":true,"href":"https:\/\/tecsecmty.com\/index.php\/wp-json\/wp\/v2\/product_brand?post=8955"},{"taxonomy":"product_cat","embeddable":true,"href":"https:\/\/tecsecmty.com\/index.php\/wp-json\/wp\/v2\/product_cat?post=8955"},{"taxonomy":"product_tag","embeddable":true,"href":"https:\/\/tecsecmty.com\/index.php\/wp-json\/wp\/v2\/product_tag?post=8955"}],"curies":[{"name":"wp","href":"https:\/\/api.w.org\/{rel}","templated":true}]}}