{"id":8957,"date":"2023-02-23T22:33:28","date_gmt":"2023-02-24T04:33:28","guid":{"rendered":"https:\/\/tecsecmty.com\/index.php\/producto\/bosch-v_bisfauebpa48-licencia-basica-aue-4-8-automatizacion\/"},"modified":"2023-03-22T23:21:37","modified_gmt":"2023-03-23T05:21:37","slug":"bosch-v_bisfauebpa48-licencia-basica-aue-4-8-automatizacion","status":"publish","type":"product","link":"https:\/\/tecsecmty.com\/index.php\/producto\/bosch-v_bisfauebpa48-licencia-basica-aue-4-8-automatizacion\/","title":{"rendered":"BOSCH V_BISFAUEBPA48- LICENCIA BASICA AUE 4.8 \/ AUTOMATIZACION"},"content":{"rendered":"<div class=\"row aling-items-center padding-bottom-2x\">\n<div class=\"col-lg-12\">\n<h5 class=\"card-title text-center\">BIS &#8211; Automation Engine (AUE) 4.8<\/h5>\n<p class=\"ql-align-justify\">Sistema de administraci\u00f3n de seguridad y alarmas extremadamente sofisticado para paneles de intrusi\u00f3n y centrales de incendio u Integraci\u00f3n de los sistemas de alarma por voz y megafon\u00eda para lograr la evacuaci\u00f3n eficaz de edificios u Monitorizaci\u00f3n detallada de otros sistemas vitales, como el de HVAC, la automatizaci\u00f3n de edificios o la gesti\u00f3n de energ\u00eda en toda una instalaci\u00f3n u Integraci\u00f3n y configuraci\u00f3n sencilla de subsistemas a trav\u00e9s del uso coherente de los est\u00e1ndares mundiales OPC\u00a0DA\/AE y OPC\u00a0UA u Automatizaci\u00f3n de respuestas en caso de emergencias en alarmas de subsistemas mediante reglas definibles por el usuario<\/p>\n<p><img decoding=\"async\" class=\"overview-center-img-web\" src=\"https:\/\/tvc.mx\/media\/186135\/BANNER_CCTV.png\" alt=\"\" \/><\/div>\n<\/div>\n<div class=\"row align-items-center padding-bottom-2x\">\n<div class=\"col-md-5 order-md-2\"><img decoding=\"async\" class=\"d-block m-auto img-thumbnail\" src=\"https:\/\/tvc.mx\/media\/186139\/BISAPPG.png\" alt=\" \" \/><\/div>\n<div class=\"col-md-7 order-md-1 text-md-left text-center\">\n<h2>Descripci\u00f3n inicial<\/h2>\n<p class=\"text-muted\">\n<p class=\"ql-align-justify\">Automation Engine (AUE) es uno de los m\u00f3dulos principales de la gama BIS. Funciona como motor \u00fanico o combinado con otros motores. Su funci\u00f3n principal es conectar, monitorizar y controlar sistemas de seguridad y protecci\u00f3n, normalmente paneles de incendio y de intrusi\u00f3n. Sin embargo, tambi\u00e9n permite visualizar im\u00e1genes en directo o distintos documentos. Para aplicaciones m\u00e1s complejas de video, recomendamos utilizar Video Engine o VMS de Bosch. Automation Engine emplea todas las funciones generales de BIS, como la visualizaci\u00f3n de mapas interactivos de ubicaci\u00f3n y planes de acci\u00f3n. A continuaci\u00f3n, es posible visualizar las alarmas recibidas junto con toda la informaci\u00f3n y botones de acci\u00f3n personalizados. Es posible automatizar comandos mediante reglas definidas por el usuario en la m\u00e1quina de estados de BIS (consulte la descripci\u00f3n general y el paquete b\u00e1sico de BIS), o invocarlos manualmente haciendo clic con el bot\u00f3n derecho del rat\u00f3n en los iconos que representan los detectores en un mapa de ubicaci\u00f3n. Como BIS y otros motores, Automation Engine se ejecuta en PC est\u00e1ndar con sistema operativo Windows. La plataforma puede constar de un solo ordenador, tener una estructura cliente\/servidor con un servidor central y estaciones de trabajo cliente, o un sistema federado con varios servidores BIS, cada uno de ellos con sus propios clientes. Automation Engine admite OPC DA\/AE para integraciones heredadas, as\u00ed como OPC UA (Arquitectura unificada) para integraciones modernas de alto rendimiento y de alta seguridad.<\/p>\n<\/div>\n<\/div>\n","protected":false},"excerpt":{"rendered":"<p>BIS &#8211; Automation Engine (AUE) 4.8 Sistema de administraci\u00f3n de seguridad y alarmas extremadamente sofisticado para paneles de intrusi\u00f3n y centrales de incendio u Integraci\u00f3n de los sistemas de alarma por voz y megafon\u00eda para lograr la evacuaci\u00f3n eficaz de edificios u Monitorizaci\u00f3n detallada de&hellip;<\/p>\n","protected":false},"featured_media":8956,"comment_status":"open","ping_status":"closed","template":"","meta":{"om_disable_all_campaigns":false,"_monsterinsights_skip_tracking":false,"_monsterinsights_sitenote_active":false,"_monsterinsights_sitenote_note":"","_monsterinsights_sitenote_category":0},"product_brand":[],"product_cat":[822],"product_tag":[81,727,730,66,731,728,729],"class_list":{"0":"post-8957","1":"product","2":"type-product","3":"status-publish","4":"has-post-thumbnail","6":"product_cat-software-acceso","7":"product_tag-acceso-y-asistencia","8":"product_tag-cerraduras","9":"product_tag-commax-wulian","10":"product_tag-dahua","11":"product_tag-wejoin","12":"product_tag-yli","13":"product_tag-zkteco","15":"first","16":"instock","17":"sale","18":"taxable","19":"shipping-taxable","20":"purchasable","21":"product-type-simple"},"aioseo_notices":[],"_links":{"self":[{"href":"https:\/\/tecsecmty.com\/index.php\/wp-json\/wp\/v2\/product\/8957","targetHints":{"allow":["GET"]}}],"collection":[{"href":"https:\/\/tecsecmty.com\/index.php\/wp-json\/wp\/v2\/product"}],"about":[{"href":"https:\/\/tecsecmty.com\/index.php\/wp-json\/wp\/v2\/types\/product"}],"replies":[{"embeddable":true,"href":"https:\/\/tecsecmty.com\/index.php\/wp-json\/wp\/v2\/comments?post=8957"}],"version-history":[{"count":0,"href":"https:\/\/tecsecmty.com\/index.php\/wp-json\/wp\/v2\/product\/8957\/revisions"}],"wp:featuredmedia":[{"embeddable":true,"href":"https:\/\/tecsecmty.com\/index.php\/wp-json\/wp\/v2\/media\/8956"}],"wp:attachment":[{"href":"https:\/\/tecsecmty.com\/index.php\/wp-json\/wp\/v2\/media?parent=8957"}],"wp:term":[{"taxonomy":"product_brand","embeddable":true,"href":"https:\/\/tecsecmty.com\/index.php\/wp-json\/wp\/v2\/product_brand?post=8957"},{"taxonomy":"product_cat","embeddable":true,"href":"https:\/\/tecsecmty.com\/index.php\/wp-json\/wp\/v2\/product_cat?post=8957"},{"taxonomy":"product_tag","embeddable":true,"href":"https:\/\/tecsecmty.com\/index.php\/wp-json\/wp\/v2\/product_tag?post=8957"}],"curies":[{"name":"wp","href":"https:\/\/api.w.org\/{rel}","templated":true}]}}