{"id":8959,"date":"2023-02-23T22:33:30","date_gmt":"2023-02-24T04:33:30","guid":{"rendered":"https:\/\/tecsecmty.com\/index.php\/producto\/bosch-v_bisfgenampk43-licencia-para-el-paquete-de-alarm-management-de-bis\/"},"modified":"2023-03-22T23:21:37","modified_gmt":"2023-03-23T05:21:37","slug":"bosch-v_bisfgenampk43-licencia-para-el-paquete-de-alarm-management-de-bis","status":"publish","type":"product","link":"https:\/\/tecsecmty.com\/index.php\/producto\/bosch-v_bisfgenampk43-licencia-para-el-paquete-de-alarm-management-de-bis\/","title":{"rendered":"BOSCH V_BISFGENAMPK43 &#8211; Licencia para el paquete de ALARM MANAGEMENT de bis"},"content":{"rendered":"<div class=\"row aling-items-center padding-bottom-2x\">\n<div class=\"col-lg-12\">\n<h5 class=\"card-title text-center\">BISFGENAMPK43 &#8211; Licencia para el paquete de ALARM MANAGEMENT de bis<\/h5>\n<p><strong>Extensiones de BIS para V4.3<\/strong><\/p>\n<p>Esta hoja de datos enumera las extensiones que se pueden pedir para su versi\u00f3n de BIS.<\/p>\n<ul>\n<li>Para a\u00f1adir funciones a una instalaci\u00f3n de BIS V 4.0 o superior, pida solo las funciones nuevas en su contacto de Bosch habitual, omitiendo las licencias de que ya dispone, como las licencias base.<\/li>\n<li>Para actualizar una instalaci\u00f3n de BIS 2.x o 3.x a V 4.2, pida el producto de Actualizaci\u00f3n de BIS, BIS-BUPG-2XTO42 o BIS-BUPG-30TO42, m\u00e1s las funciones nuevas de V 4.x que desee.<\/li>\n<\/ul>\n<p><img decoding=\"async\" class=\"overview-center-img-web\" src=\"https:\/\/tvc.mx\/media\/640847\/encabezado-1920x400.png\" alt=\"\" \/><\/div>\n<\/div>\n<div class=\"row align-items-center padding-bottom-2x\">\n<div class=\"col-md-5\"><img decoding=\"async\" class=\"d-block m-auto img-thumbnail\" src=\"https:\/\/tvc.mx\/media\/640857\/400x300-logo.png\" alt=\" \" \/><\/div>\n<div class=\"col-md-7 text-md-left text-center\">\n<h2>Caracter\u00edsticas<\/h2>\n<p class=\"text-muted\">\n<ul>\n<li>La estructuras modular facilita realizar una soluci\u00f3n de seguridad a medida de sus requisitos exactos.<\/li>\n<li>Las rutas de actualizaci\u00f3n desde numerosas versiones anteriores protegen su inversi\u00f3n.<\/li>\n<li>Proporciona una perfecta integraci\u00f3n de sistemas de Bosch o de otros fabricantes gracias a su compatibilidad con OPC.<\/li>\n<\/ul>\n<p>&nbsp;<\/p>\n<\/div>\n<\/div>\n<hr class=\"padding-bottom-2x\" \/>\n<div class=\"row aling-items-center padding-bottom-2x\">\n<div class=\"col-lg-12\">\n<h5 class=\"card-title text-center\">Funciones b\u00e1sicas<\/h5>\n<p><strong>Alarm Management (paquete)<\/strong><\/p>\n<p>Paquete compuesto por las siguientes funciones:<\/p>\n<p><strong>Distribuci\u00f3n de mensajes<\/strong><\/p>\n<ul>\n<li>Permite implementar rutas de ampliaci\u00f3n que se activan, por ejemplo, cuando un operador o grupo de operadores no confirma la recepci\u00f3n de un mensaje de alarma durante un plazo definido. En este caso, BIS reenv\u00eda el mensaje autom\u00e1ticamente al siguiente grupo de operadores de la ruta de ampliaci\u00f3n.<\/li>\n<\/ul>\n<p><strong>Temporizador<\/strong><\/p>\n<ul>\n<li>La funci\u00f3n Temporizador permite automatizar comandos de BIS seg\u00fan programas de tiempo definidos por el usuario.<\/li>\n<\/ul>\n<p><strong>Alarma de operador<\/strong><\/p>\n<ul>\n<li>Los operadores pueden utilizar esta funci\u00f3n para generar alarmas reales en el sistema sobre la base de una fuente externa, como una llamada por tel\u00e9fono o algo que han visto en una c\u00e1mara de vigilancia.<\/li>\n<\/ul>\n<p><strong>Iniciador de aplicaciones<\/strong><\/p>\n<ul>\n<li>Permite parametrizar, ejecutar a una hora programada y almacenar en BIS comandos del sistema operativo (por ejemplo, la ejecuci\u00f3n de un archivo .EXE). Una aplicaci\u00f3n t\u00edpica de esta funci\u00f3n ser\u00eda la realizaci\u00f3n de copias de seguridad del sistema de forma autom\u00e1tica a las 2:00 todos los d\u00edas.<\/li>\n<\/ul>\n<p><strong>Licencia de Divisi\u00f3n adicional<\/strong><\/p>\n<p>La funci\u00f3n de divisi\u00f3n permite distribuir grandes espacios\/edificios en partes independientes, lo que provee vistas personalizadas (interfaz de usuario, registro de eventos), acceso al sistema y funciones de control para cada divisi\u00f3n. Las divisiones privadas s\u00f3lo las pueden ver los grupos de operadores autorizados, mientras que todos los operadores pueden ver los miembros\/dispositivos de la divisi\u00f3n com\u00fan predeterminada. Las divisiones pueden adquirirse de una en una.<\/p>\n<p><strong>Licencia de Operator Client adicional<\/strong><\/p>\n<p>El n\u00famero de licencias de cliente de operador determina cu\u00e1ntos pueden trabajar en el sistema de forma simult\u00e1nea.<\/p>\n<p><strong>BIS-BVMS Connectivity<\/strong><\/p>\n<p>Esta licencia permite conectar un sistema BVMS (no un BVMS Enterprise Server) mediante el servidor OPC de BVMS a BIS. Permite a BIS reaccionar a eventos desencadenados dentro de BVMS (p. ej. Intelligent Video Analysis) y permite a BVMS reaccionar a eventos desencadenados dentro de BIS (por ejemplo, alarmas de incendios).<\/p>\n<p><strong>Multi-Server Connect<\/strong><\/p>\n<p>Esta licencia le permite conectar un servidor BIS mediante OPC a otro servidor BIS, o a un sistema de administraci\u00f3n de terceros (SCADA, PSIM).<\/p>\n<p><strong>N x 100 puntos de detecci\u00f3n<\/strong><\/p>\n<p>Licencia puntos de detecci\u00f3n adicionales para el Building Integration System (BIS) y los paquetes complementarios Automation Engine y Video Engine (para la matriz Allegiant) en pasos de 100. Los perif\u00e9ricos de subsistemas de Bosch y de terceros, como detectores LSN para fuego o intrusi\u00f3n, c\u00e1maras y entradas Allegiant (LTC), requieren puntos de detecci\u00f3n.<\/p>\n<p><strong>N x 1000 puntos de detecci\u00f3n<\/strong><\/p>\n<p>Igual que el elemento anterior, pero en grupos de 1.000.<\/p>\n<p><img decoding=\"async\" class=\"overview-center-img-web\" src=\"https:\/\/tvc.mx\/media\/640877\/encabezado-1920x400.png\" alt=\"\" \/><\/div>\n<\/div>\n<div class=\"row aling-items-center padding-bottom-2x\">\n<div class=\"col-lg-12\">\n<h5 class=\"card-title text-center\">Especificaciones clave<\/h5>\n<p><strong>Sistemas operativos compatibles (en modo aut\u00f3nomo o cliente\/servidor).Las instalaciones de BIS en otros sistemas operativos pueden funcionar pero est\u00e1n totalmente sin garant\u00eda:<\/strong><\/p>\n<p>Windows Server 2016 (64 bits, Standard, Datacenter) Windows Server 2019 (64 bits, Standard, Datacenter) Windows 10 Enterprise LTSB (64 bits) Windows 10 Enterprise LTSC (64 bits) Nota: la base de datos predeterminada que se suministra con esta versi\u00f3n de BIS es SQL\u00a0Server\u00a02019 Express Edition con servicios avanzados<\/p>\n<p><strong>Otro software:<\/strong><\/p>\n<p>Instale siempre los controladores y las actualizaciones del sistema operativo m\u00e1s recientes. IIS 10.0 para Windows 10, Windows Server 2016 y Windows Server 2019 Nota: IIS no es necesario en servidores de conexi\u00f3n de BIS Internet Explorer 9, 10 u 11 en modo de compatibilidad Chrome, Firefox, Edge para Smart Client .NET: En Windows 10, Windows Server 2016 y Windows Server 2019:.NET\u00a03.51, .NET\u00a04.8, .NET 5.0 y Core 3.1.7<\/p>\n<p><strong>Requisitos m\u00ednimos de hardware:<\/strong><\/p>\n<p>Procesador Intel i5 con al menos 4 n\u00facleos f\u00edsicos 8 GB RAM (32 GB recomendados) 200 GB de espacio libre en el disco duro Adaptador gr\u00e1fico con 256\u00a0MB RAM, una resoluci\u00f3n de 1920&#215;1080 al menos 32000 colores OpenGL\u00ae 2.1 y DirectX\u00ae 11 Compatible con WebGL2 (por ejemplo, clase Intel UHD Graphics 600 o comparable), no virtualizado Tarjeta Ethernet de 1 Gbit\/s Un puerto USB libre o una unidad compartida en red para los archivos de instalaci\u00f3n<\/p>\n<p><strong>Sistemas operativos compatibles (en modo aut\u00f3nomo o cliente\/servidor).Las instalaciones de BIS en otros sistemas operativos pueden funcionar pero est\u00e1n totalmente sin garant\u00eda:<\/strong><\/p>\n<p>Windows Server 2016 (64 bits, Standard, Datacenter) Windows Server 2019 (64 bits, Standard, Datacenter) Windows 10 (32 o 64 bits, Pro o Enterprise LTSB) Windows 10 (32 o 64 bits, Pro o Enterprise LTSC) Nota: con una edici\u00f3n Pro, las actualizaciones deben postergarse hasta 8 meses despu\u00e9s de la publicaci\u00f3n de la versi\u00f3n BIS. Para obtener m\u00e1s informaci\u00f3n, consulte la p\u00e1gina de Microsoft Technet en https:\/\/technet.microsoft.com\/en-us\/itpro\/windows\/manage\/introduction-to-windows-10-servicing<\/p>\n<p><strong>Otro software:<\/strong><\/p>\n<p>ASP.NET Internet Explorer 9, 10 u 11 en modo de compatibilidad(Nota: El cliente SEE requiere IE 9.0) Chrome, Firefox, Edge para Smart Client .NET: En Windows 10, Windows Server 2016 y Windows Server 2019: .NET 3.51, .NET 4.8, .NET 5.0 y Core 3.1.7<\/p>\n<p><strong>Requisitos m\u00ednimos de hardware:<\/strong><\/p>\n<p>Intel i5 (Gen 6\/Skylake o posterior) o superior, m\u00faltiples n\u00facleos 8 GB RAM (16 GB recomendados) 20 GB de espacio libre en el disco duro Adaptador gr\u00e1fico con 256\u00a0MB RAM una resoluci\u00f3n de 1920&#215;1080 al menos 32000 colores OpenGL\u00ae 2.1 y DirectX\u00ae 11 Compatible con WebGL2 (por ejemplo, clase Intel UHD Graphics 600 o comparable), no virtualizado Tarjeta Ethernet de 100 Mbit\/s<\/p>\n<p><strong>Requisitos m\u00ednimos adicionales para clientes de VIE (Video Engine):\u00a0<\/strong>Ning\u00fan sistema operativo Windows Server Procesador Intel i5 o superior Para secuencia de c\u00e1maras, matriz virtual o vista m\u00faltiple, agregar 4\u00a0GB de RAM Es muy recomendable disponer de los controladores de v\u00eddeo m\u00e1s recientes. Utilice la herramienta dxdiag de Windows para comprobar que los controladores no tengan m\u00e1s de 1\u00a0a\u00f1o de antig\u00fcedad.<\/p>\n<p><strong>Navegador web:<\/strong><\/p>\n<p>Google Chrome 90 o superior<\/p>\n<p>Microsoft Edge 90 o superior<\/p>\n<p>Mozilla Firefox 88 o superior<\/p>\n<p><img decoding=\"async\" class=\"overview-center-img-web\" src=\"https:\/\/tvc.mx\/media\/640902\/encabezado-1920x400.png\" alt=\"\" \/><\/div>\n<\/div>\n","protected":false},"excerpt":{"rendered":"<p>BISFGENAMPK43 &#8211; Licencia para el paquete de ALARM MANAGEMENT de bis Extensiones de BIS para V4.3 Esta hoja de datos enumera las extensiones que se pueden pedir para su versi\u00f3n de BIS. Para a\u00f1adir funciones a una instalaci\u00f3n de BIS V 4.0 o superior, pida&hellip;<\/p>\n","protected":false},"featured_media":8958,"comment_status":"open","ping_status":"closed","template":"","meta":{"om_disable_all_campaigns":false,"_monsterinsights_skip_tracking":false,"_monsterinsights_sitenote_active":false,"_monsterinsights_sitenote_note":"","_monsterinsights_sitenote_category":0},"product_brand":[],"product_cat":[822],"product_tag":[81,727,730,66,731,728,729],"class_list":{"0":"post-8959","1":"product","2":"type-product","3":"status-publish","4":"has-post-thumbnail","6":"product_cat-software-acceso","7":"product_tag-acceso-y-asistencia","8":"product_tag-cerraduras","9":"product_tag-commax-wulian","10":"product_tag-dahua","11":"product_tag-wejoin","12":"product_tag-yli","13":"product_tag-zkteco","15":"first","16":"instock","17":"sale","18":"taxable","19":"shipping-taxable","20":"purchasable","21":"product-type-simple"},"aioseo_notices":[],"_links":{"self":[{"href":"https:\/\/tecsecmty.com\/index.php\/wp-json\/wp\/v2\/product\/8959","targetHints":{"allow":["GET"]}}],"collection":[{"href":"https:\/\/tecsecmty.com\/index.php\/wp-json\/wp\/v2\/product"}],"about":[{"href":"https:\/\/tecsecmty.com\/index.php\/wp-json\/wp\/v2\/types\/product"}],"replies":[{"embeddable":true,"href":"https:\/\/tecsecmty.com\/index.php\/wp-json\/wp\/v2\/comments?post=8959"}],"version-history":[{"count":0,"href":"https:\/\/tecsecmty.com\/index.php\/wp-json\/wp\/v2\/product\/8959\/revisions"}],"wp:featuredmedia":[{"embeddable":true,"href":"https:\/\/tecsecmty.com\/index.php\/wp-json\/wp\/v2\/media\/8958"}],"wp:attachment":[{"href":"https:\/\/tecsecmty.com\/index.php\/wp-json\/wp\/v2\/media?parent=8959"}],"wp:term":[{"taxonomy":"product_brand","embeddable":true,"href":"https:\/\/tecsecmty.com\/index.php\/wp-json\/wp\/v2\/product_brand?post=8959"},{"taxonomy":"product_cat","embeddable":true,"href":"https:\/\/tecsecmty.com\/index.php\/wp-json\/wp\/v2\/product_cat?post=8959"},{"taxonomy":"product_tag","embeddable":true,"href":"https:\/\/tecsecmty.com\/index.php\/wp-json\/wp\/v2\/product_tag?post=8959"}],"curies":[{"name":"wp","href":"https:\/\/api.w.org\/{rel}","templated":true}]}}