{"id":8967,"date":"2023-02-23T22:33:49","date_gmt":"2023-02-24T04:33:49","guid":{"rendered":"https:\/\/tecsecmty.com\/index.php\/producto\/bosch-v_bisfgenbvms43-licencia-para-adicion-de-bvms-a-bis-4-3\/"},"modified":"2023-03-22T23:21:38","modified_gmt":"2023-03-23T05:21:38","slug":"bosch-v_bisfgenbvms43-licencia-para-adicion-de-bvms-a-bis-4-3","status":"publish","type":"product","link":"https:\/\/tecsecmty.com\/index.php\/producto\/bosch-v_bisfgenbvms43-licencia-para-adicion-de-bvms-a-bis-4-3\/","title":{"rendered":"BOSCH V_BISFGENBVMS43 &#8211; Licencia para adicion de BVMS a bis 4.3"},"content":{"rendered":"<div class=\"row aling-items-center padding-bottom-2x\">\n<div class=\"col-lg-12\">\n<h5 class=\"card-title text-center\">BISFGENBVMS43 &#8211; Licencia para adicion de BVMS a bis 4.3<\/h5>\n<p><strong class=\"ql-font-serif\">Bosch VMS-BIS Connectivity<\/strong><\/p>\n<p><span class=\"ql-font-serif\">BIS se puede emparejar con BVMS, de modo que podr\u00e1 aprovechar las ventajas de ambos: la flexibilidad de BIS a la hora de conectar varios subsistemas (incendios, intrusiones, megafon\u00eda, sistemas de control de acceso, gesti\u00f3n de edificios) y el potente entorno de control de v\u00eddeo de Video Management System de Bosch.<\/span><\/p>\n<p><span class=\"ql-font-serif\">Un cliente de BIS consigue las funcionalidades de gesti\u00f3n de v\u00eddeo y puede, por ejemplo, integrar c\u00e1maras HD gestionadas por BVMS.<\/span><\/p>\n<p><span class=\"ql-font-serif\">Ejemplo 1: Despu\u00e9s de que un objeto inactivo active una alarma de IVA de BVMS, se inicia la evacuaci\u00f3n del \u00e1rea afectada junto con los anuncios a trav\u00e9s de los altavoces de BIS y los bloqueos y desbloqueos de puertas correspondientes. En el registro de eventos de BIS, se monitoriza esta alarma.<\/span><\/p>\n<p><span class=\"ql-font-serif\">Ejemplo 2: Despu\u00e9s de sonar una alarma de intrusi\u00f3n de BIS, se muestra el v\u00eddeo en directo de BVMS correspondiente de una c\u00e1mara HD de 1080 p en el cliente de BIS. De forma simult\u00e1nea, se graba la secuencia, incluidos los metadatos de la b\u00fasqueda cient\u00edfica.<\/span><\/p>\n<p><span class=\"ql-font-serif\">Un cliente de BVMS adquiere funciones de PSIM, como la detecci\u00f3n de intrusiones e incendios, adem\u00e1s de la soluci\u00f3n de gesti\u00f3n de v\u00eddeos.<\/span><\/p>\n<p><span class=\"ql-font-serif\">Ejemplo 3: Un operador de BVMS puede pulsar un bot\u00f3n de entrada al observar la imagen en directo de una c\u00e1mara. Esta entrada est\u00e1 conectada a dicha c\u00e1mara. La entrada activa acciones predefinidas en BIS, por ejemplo, un anuncio mediante altavoz o bloqueos o desbloqueos de puertas para evacuaciones en el \u00e1rea de la c\u00e1mara. Con el activador, es posible reenviar par\u00e1metros adicionales, como la ubicaci\u00f3n y el flujo de trabajo requerido, al BIS. El operador no ve nada del sistema BIS. Solo trabaja en su entorno de BVMS habitual<\/span><\/p>\n<p><img decoding=\"async\" class=\"overview-center-img-web\" src=\"https:\/\/tvc.mx\/media\/641762\/encabezado-1920x400.png\" alt=\"\" \/><\/div>\n<\/div>\n<div class=\"row align-items-center padding-bottom-2x\">\n<div class=\"col-md-5\"><img decoding=\"async\" class=\"d-block m-auto img-thumbnail\" src=\"https:\/\/tvc.mx\/media\/641777\/400x300-logo.png\" alt=\" \" \/><\/div>\n<div class=\"col-md-7 text-md-left text-center\">\n<h2>Caracter\u00edsticas<\/h2>\n<p class=\"text-muted\">\n<ul>\n<li><span class=\"ql-font-serif\">Visualizaci\u00f3n autom\u00e1tica o manual de im\u00e1genes en directo o grabaciones en BVMS Operator Client como respuesta a alarmas o acuses de recibo de alarmas.<\/span><\/li>\n<li><span class=\"ql-font-serif\">Control manual de im\u00e1genes en directo o grabaciones directamente desde la ubicaci\u00f3n de BIS o las descripciones de dispositivos.<\/span><\/li>\n<li><span class=\"ql-font-serif\">Capacidad de recibir y procesar alarmas de BVMS (detecci\u00f3n de movimiento, fallos de c\u00e1maras,&#8230;) dentro de BIS.<\/span><\/li>\n<li><span class=\"ql-font-serif\">Control de la grabaci\u00f3n de v\u00eddeo desde BIS.<\/span><\/li>\n<\/ul>\n<p>&nbsp;<\/p>\n<\/div>\n<\/div>\n<hr class=\"padding-bottom-2x\" \/>\n<div class=\"row align-items-center padding-bottom-2x\">\n<div class=\"col-md-5 order-md-2\"><img decoding=\"async\" class=\"d-block m-auto img-thumbnail\" src=\"https:\/\/tvc.mx\/media\/641782\/400x300-resumen.png\" alt=\" \" \/><\/div>\n<div class=\"col-md-7 order-md-1 text-md-left text-center\">\n<h2>Descripci\u00f3n del Sistema<\/h2>\n<p class=\"text-muted\">\n<p><span class=\"ql-font-serif\">El sistema combinado consiste en un servidor de inicio de sesi\u00f3n de BIS, un BVMS Management Server y por lo menos una estaci\u00f3n de trabajo de operador.<\/span><\/p>\n<p><span class=\"ql-font-serif\">La integraci\u00f3n es doble: en primer lugar, BIS utiliza el servidor OPC BVMS para recibir informaci\u00f3n del sistema de v\u00eddeo y transmitir comandos. En segundo lugar, el proceso cliente de BIS Se comunica con el proceso BVMS Operator Client en la estaci\u00f3n de trabajo del operador. De este modo, el BIS puede mostrar im\u00e1genes en directo o grabaciones directamente con BVMS Operator Client<\/span><\/p>\n<p>&nbsp;<\/p>\n<\/div>\n<\/div>\n<hr class=\"padding-bottom-2x\" \/>\n<div class=\"row aling-items-center padding-bottom-2x\">\n<div class=\"col-lg-12\">\n<h5 class=\"card-title text-center\">Funciones<\/h5>\n<p><span class=\"ql-font-serif\">BIS gestiona las alarmas o los mensajes siguientes de VMS de Bosch:<\/span><\/p>\n<ul>\n<li><strong class=\"ql-font-serif\"><em>Monitorizaci\u00f3n de c\u00e1maras:<\/em><\/strong><\/li>\n<li><span class=\"ql-font-serif\">\u2013 Disponibilidad de c\u00e1maras<\/span><\/li>\n<li><span class=\"ql-font-serif\">\u2013 Brillo<\/span><\/li>\n<li><span class=\"ql-font-serif\">\u2013 Ruido<\/span><\/li>\n<li><span class=\"ql-font-serif\">\u2013 Detecci\u00f3n de movimiento<\/span><\/li>\n<li><span class=\"ql-font-serif\">\u2013 Modo de grabaci\u00f3n<\/span><\/li>\n<li><strong class=\"ql-font-serif\"><em>Monitorizaci\u00f3n de sistemas:<\/em><\/strong><\/li>\n<li><span class=\"ql-font-serif\">\u2013 Contactos de rel\u00e9s<\/span><\/li>\n<li><span class=\"ql-font-serif\">\u2013 Entradas de rel\u00e9s<\/span><\/li>\n<li><span class=\"ql-font-serif\">\u2013 Entradas virtuales<\/span><\/li>\n<\/ul>\n<p><span class=\"ql-font-serif\">\u2013 Monitorizaci\u00f3n de codificadores y descodificadores<\/span><\/p>\n<p><span class=\"ql-font-serif\">BIS env\u00eda los comandos siguientes a VMS de Bosch:<\/span><\/p>\n<ul>\n<li><span class=\"ql-font-serif\">Visualizaci\u00f3n de la imagen en directo de una c\u00e1mara<\/span><\/li>\n<li><span class=\"ql-font-serif\">Reproducci\u00f3n desde una c\u00e1mara<\/span><\/li>\n<li><span class=\"ql-font-serif\">Iniciar\/detener grabaci\u00f3n<\/span><\/li>\n<li><span class=\"ql-font-serif\">Rel\u00e9s y contactos virtuales<\/span><\/li>\n<\/ul>\n<p><img decoding=\"async\" class=\"overview-center-img-web\" src=\"https:\/\/tvc.mx\/media\/641797\/encabezado-1920x400.png\" alt=\"\" \/><\/div>\n<\/div>\n<div class=\"row aling-items-center padding-bottom-2x\">\n<div class=\"col-lg-12\">\n<h5 class=\"card-title text-center\">Notas de configuraci\u00f3n\/instalaci\u00f3n<\/h5>\n<p><strong class=\"ql-font-serif\">Requisitos previos del sistema<\/strong><\/p>\n<ul>\n<li><span class=\"ql-font-serif\">Servidor BIS: BIS v.3.0 o posterior en su propio hardware de servidor.<\/span><\/li>\n<li><span class=\"ql-font-serif\">Servidor de VMS de Bosch: BVMS v.4.5.0 o posterior en su propio hardware de servidor. Se admiten DIVAR IP 3000 y DIVAR IP 7000<\/span><\/li>\n<li><span class=\"ql-font-serif\">Estaci\u00f3n de trabajo de operador de BIS: Tarjeta gr\u00e1fica multimonitor con 2 monitores..<\/span><\/li>\n<\/ul>\n<p><span class=\"ql-font-serif\">Nota: Los servidores de BIS y BVMS se instalan en ordenadores distintos.<\/span><\/p>\n<p><strong class=\"ql-font-serif\">Matriz de compatibilidades<\/strong><\/p>\n<p><span class=\"ql-font-serif\">Las combinaciones siguientes de servidores de BIS y VMS de Bosch se han probado minuciosamente con buenos resultados. Otras combinaciones tambi\u00e9n funcionan pero no est\u00e1n garantizadas<\/span><\/p>\n<p><img decoding=\"async\" class=\"overview-center-img-web\" src=\"https:\/\/tvc.mx\/media\/641812\/1920x400-funciones.png\" alt=\"\" \/><\/div>\n<\/div>\n<div class=\"row aling-items-center padding-bottom-2x\">\n<div class=\"col-lg-12\">\n<h5 class=\"card-title text-center\">Especificaciones clave<\/h5>\n<p><strong>Sistemas operativos compatibles (en modo aut\u00f3nomo o cliente\/servidor).Las instalaciones de BIS en otros sistemas operativos pueden funcionar pero est\u00e1n totalmente sin garant\u00eda:<\/strong><\/p>\n<p>Windows Server 2016 (64 bits, Standard, Datacenter) Windows Server 2019 (64 bits, Standard, Datacenter) Windows 10 Enterprise LTSB (64 bits) Windows 10 Enterprise LTSC (64 bits) Nota: la base de datos predeterminada que se suministra con esta versi\u00f3n de BIS es SQL\u00a0Server\u00a02019 Express Edition con servicios avanzados<\/p>\n<p><strong>Otro software:<\/strong><\/p>\n<p>Instale siempre los controladores y las actualizaciones del sistema operativo m\u00e1s recientes. IIS 10.0 para Windows 10, Windows Server 2016 y Windows Server 2019 Nota: IIS no es necesario en servidores de conexi\u00f3n de BIS Internet Explorer 9, 10 u 11 en modo de compatibilidad Chrome, Firefox, Edge para Smart Client .NET: En Windows 10, Windows Server 2016 y Windows Server 2019:.NET\u00a03.51, .NET\u00a04.8, .NET 5.0 y Core 3.1.7<\/p>\n<p><strong>Requisitos m\u00ednimos de hardware:<\/strong><\/p>\n<p>Procesador Intel i5 con al menos 4 n\u00facleos f\u00edsicos 8 GB RAM (32 GB recomendados) 200 GB de espacio libre en el disco duro Adaptador gr\u00e1fico con 256\u00a0MB RAM, una resoluci\u00f3n de 1920&#215;1080 al menos 32000 colores OpenGL\u00ae 2.1 y DirectX\u00ae 11 Compatible con WebGL2 (por ejemplo, clase Intel UHD Graphics 600 o comparable), no virtualizado Tarjeta Ethernet de 1 Gbit\/s Un puerto USB libre o una unidad compartida en red para los archivos de instalaci\u00f3n<\/p>\n<p><strong>Sistemas operativos compatibles (en modo aut\u00f3nomo o cliente\/servidor).Las instalaciones de BIS en otros sistemas operativos pueden funcionar pero est\u00e1n totalmente sin garant\u00eda:<\/strong><\/p>\n<p>Windows Server 2016 (64 bits, Standard, Datacenter) Windows Server 2019 (64 bits, Standard, Datacenter) Windows 10 (32 o 64 bits, Pro o Enterprise LTSB) Windows 10 (32 o 64 bits, Pro o Enterprise LTSC) Nota: con una edici\u00f3n Pro, las actualizaciones deben postergarse hasta 8 meses despu\u00e9s de la publicaci\u00f3n de la versi\u00f3n BIS. Para obtener m\u00e1s informaci\u00f3n, consulte la p\u00e1gina de Microsoft Technet en https:\/\/technet.microsoft.com\/en-us\/itpro\/windows\/manage\/introduction-to-windows-10-servicing<\/p>\n<p><strong>Otro software:<\/strong><\/p>\n<p>ASP.NET Internet Explorer 9, 10 u 11 en modo de compatibilidad(Nota: El cliente SEE requiere IE 9.0) Chrome, Firefox, Edge para Smart Client .NET: En Windows 10, Windows Server 2016 y Windows Server 2019: .NET 3.51, .NET 4.8, .NET 5.0 y Core 3.1.7<\/p>\n<p><strong>Requisitos m\u00ednimos de hardware:<\/strong><\/p>\n<p>Intel i5 (Gen 6\/Skylake o posterior) o superior, m\u00faltiples n\u00facleos 8 GB RAM (16 GB recomendados) 20 GB de espacio libre en el disco duro Adaptador gr\u00e1fico con 256\u00a0MB RAM una resoluci\u00f3n de 1920&#215;1080 al menos 32000 colores OpenGL\u00ae 2.1 y DirectX\u00ae 11 Compatible con WebGL2 (por ejemplo, clase Intel UHD Graphics 600 o comparable), no virtualizado Tarjeta Ethernet de 100 Mbit\/s<\/p>\n<p><strong>Requisitos m\u00ednimos adicionales para clientes de VIE (Video Engine):<\/strong><\/p>\n<p>Ning\u00fan sistema operativo Windows Server Procesador Intel i5 o superior Para secuencia de c\u00e1maras, matriz virtual o vista m\u00faltiple, agregar 4\u00a0GB de RAM Es muy recomendable disponer de los controladores de v\u00eddeo m\u00e1s recientes. Utilice la herramienta dxdiag de Windows para comprobar que los controladores no tengan m\u00e1s de 1\u00a0a\u00f1o de antig\u00fcedad.<\/p>\n<p><strong>Navegador web:<\/strong><\/p>\n<p>Google Chrome 90 o superior<\/p>\n<p>Microsoft Edge 90 o superior<\/p>\n<p>Mozilla Firefox 88 o superior<\/p>\n<p><img decoding=\"async\" class=\"overview-center-img-web\" src=\"https:\/\/tvc.mx\/media\/641827\/encabezado-1920x400.png\" alt=\"\" \/><\/div>\n<\/div>\n","protected":false},"excerpt":{"rendered":"<p>BISFGENBVMS43 &#8211; Licencia para adicion de BVMS a bis 4.3 Bosch VMS-BIS Connectivity BIS se puede emparejar con BVMS, de modo que podr\u00e1 aprovechar las ventajas de ambos: la flexibilidad de BIS a la hora de conectar varios subsistemas (incendios, intrusiones, megafon\u00eda, sistemas de control&hellip;<\/p>\n","protected":false},"featured_media":8966,"comment_status":"open","ping_status":"closed","template":"","meta":{"om_disable_all_campaigns":false,"_monsterinsights_skip_tracking":false,"_monsterinsights_sitenote_active":false,"_monsterinsights_sitenote_note":"","_monsterinsights_sitenote_category":0},"product_brand":[],"product_cat":[822],"product_tag":[81,727,730,66,731,728,729],"class_list":{"0":"post-8967","1":"product","2":"type-product","3":"status-publish","4":"has-post-thumbnail","6":"product_cat-software-acceso","7":"product_tag-acceso-y-asistencia","8":"product_tag-cerraduras","9":"product_tag-commax-wulian","10":"product_tag-dahua","11":"product_tag-wejoin","12":"product_tag-yli","13":"product_tag-zkteco","15":"first","16":"instock","17":"sale","18":"taxable","19":"shipping-taxable","20":"purchasable","21":"product-type-simple"},"aioseo_notices":[],"_links":{"self":[{"href":"https:\/\/tecsecmty.com\/index.php\/wp-json\/wp\/v2\/product\/8967","targetHints":{"allow":["GET"]}}],"collection":[{"href":"https:\/\/tecsecmty.com\/index.php\/wp-json\/wp\/v2\/product"}],"about":[{"href":"https:\/\/tecsecmty.com\/index.php\/wp-json\/wp\/v2\/types\/product"}],"replies":[{"embeddable":true,"href":"https:\/\/tecsecmty.com\/index.php\/wp-json\/wp\/v2\/comments?post=8967"}],"version-history":[{"count":0,"href":"https:\/\/tecsecmty.com\/index.php\/wp-json\/wp\/v2\/product\/8967\/revisions"}],"wp:featuredmedia":[{"embeddable":true,"href":"https:\/\/tecsecmty.com\/index.php\/wp-json\/wp\/v2\/media\/8966"}],"wp:attachment":[{"href":"https:\/\/tecsecmty.com\/index.php\/wp-json\/wp\/v2\/media?parent=8967"}],"wp:term":[{"taxonomy":"product_brand","embeddable":true,"href":"https:\/\/tecsecmty.com\/index.php\/wp-json\/wp\/v2\/product_brand?post=8967"},{"taxonomy":"product_cat","embeddable":true,"href":"https:\/\/tecsecmty.com\/index.php\/wp-json\/wp\/v2\/product_cat?post=8967"},{"taxonomy":"product_tag","embeddable":true,"href":"https:\/\/tecsecmty.com\/index.php\/wp-json\/wp\/v2\/product_tag?post=8967"}],"curies":[{"name":"wp","href":"https:\/\/api.w.org\/{rel}","templated":true}]}}