{"id":8969,"date":"2023-02-23T22:33:54","date_gmt":"2023-02-24T04:33:54","guid":{"rendered":"https:\/\/tecsecmty.com\/index.php\/producto\/bosch-v_bisfgenbvms45-licencia-para-adicion-de-bvms-a-bis-4-5\/"},"modified":"2023-03-22T23:21:38","modified_gmt":"2023-03-23T05:21:38","slug":"bosch-v_bisfgenbvms45-licencia-para-adicion-de-bvms-a-bis-4-5","status":"publish","type":"product","link":"https:\/\/tecsecmty.com\/index.php\/producto\/bosch-v_bisfgenbvms45-licencia-para-adicion-de-bvms-a-bis-4-5\/","title":{"rendered":"BOSCH V_BISFGENBVMS45- LICENCIA PARA ADICION DE BVMS A BIS 4.5"},"content":{"rendered":"<h5 class=\"card-title text-center\">BIS-FGEN-BVMS45 Licencia para conectividad BVMS<\/h5>\n<p class=\"ql-align-justify\"><strong>Building Integration System (BIS) BIS es un sistema de administraci\u00f3n de seguridad y protecci\u00f3n flexible y escalable que se puede configurar para gestionar una gama inmensa de situaciones de uso.<\/strong>\u00a0Contiene una amplia gama de aplicaciones y funciones que permiten tanto la integraci\u00f3n y el acoplamiento como el control y supervisi\u00f3n de todos los sistemas t\u00e9cnicos del edificio. Esta nueva versi\u00f3n se basa en los muchos a\u00f1os de experiencia de Bosch en el campo de los sistemas de administraci\u00f3n y ha sido influenciada en forma significativa por las siguientes tendencias de mercado:<\/p>\n<ul>\n<li class=\"ql-align-justify\">Complejidad creciente de los equipos t\u00e9cnicos de los edificios El aumento de complejidad de los equipos t\u00e9cnicos del interior de los edificios exige el uso de un potente sistema de administraci\u00f3n que combine las funciones m\u00e1s diversas (sistemas de alarma de incendios o intrusiones, control de accesos, sistemas de video y automatizaci\u00f3n del edificio, etc.) de la mejor forma posible. Los est\u00e1ndares abiertos permiten a BIS procesar y compartir informaci\u00f3n de forma eficaz con una variedad enorme y creciente de dispositivos de hardware y otros or\u00edgenes.<\/li>\n<li class=\"ql-align-justify\">Uso de nuevas tecnolog\u00edas y est\u00e1ndares Aunque las estrictas normas de tecnolog\u00eda de seguridad garantizan un muy alto nivel de fiabilidad en cuestiones de seguridad, dificultan el uso integrado de nuevas tecnolog\u00edas procedentes del sector de las TI. BIS consigue aprovechar las ventajas de las tecnolog\u00edas que no se basan en seguridad (como OPC, CAD, web) e integrarlas con \u00e9xito en el sector de las tecnolog\u00edas de la seguridad.<\/li>\n<li class=\"ql-align-justify\">Se necesitan soluciones completas Los administradores e integradores de instalaciones necesitan una soluci\u00f3n de administraci\u00f3n de edificios que, a pesar de todo, sean capaces de integrar todos sus subsistemas de seguridad.<\/li>\n<\/ul>\n<p class=\"ql-align-justify\"><strong>Descripci\u00f3n del sistema<\/strong><\/p>\n<p class=\"ql-align-justify\"><strong>Building Integration System es un producto vers\u00e1til que consta de un paquete b\u00e1sico m\u00e1s distintos componentes opcionales (tambi\u00e9n llamados motores o \u00abEngines\u00bb en ingl\u00e9s) que se basan en una plataforma de software com\u00fan.<\/strong>\u00a0Los motores se pueden combinar para ajustar los sistemas de administraci\u00f3n de edificios a requisitos detallados.<\/p>\n<p class=\"ql-align-justify\"><strong>Los componentes principales son:<\/strong><\/p>\n<ul>\n<li class=\"ql-align-justify\">Automation Engine.<\/li>\n<li class=\"ql-align-justify\">Access Engine.<\/li>\n<li class=\"ql-align-justify\">Video Engine.<\/li>\n<li class=\"ql-align-justify\">Security Engine.<\/li>\n<\/ul>\n<p class=\"ql-align-justify\"><strong>Funciones b\u00e1sicas<\/strong><\/p>\n<p class=\"ql-align-justify\"><strong>Arquitectura del sistema<\/strong><\/p>\n<p class=\"ql-align-justify\"><strong>BIS Engine proporciona detecci\u00f3n de incendios e intrusiones, control de accesos, videovigilancia, megafon\u00eda y alarmas, adem\u00e1s de la monitorizaci\u00f3n de sistemas de HVAC y otros sistemas vitales.\u00a0<\/strong>BIS se basa en una arquitectura de varios niveles de rendimiento optimizado dise\u00f1ada para su uso en entornos de Intranet e Internet. Los subsistemas se conectan mediante el bien conocido est\u00e1ndar mundial OPC. Este est\u00e1ndar abierto facilita la incorporaci\u00f3n de BIS en subsistemas compatibles con OPC. Opcionalmente, distintos sistemas BIS individuales pueden cooperar proporcionando datos a otros sistemas BIS o consumiendo datos de ellos. El resultado es un sistema BIS multiservidor.<\/p>\n<p class=\"ql-align-justify\"><strong>Configuraci\u00f3n y estructura organizativa<\/strong><\/p>\n<p class=\"ql-align-justify\">Distintas funciones autom\u00e1ticas y herramientas f\u00e1ciles de usar hacen que la configuraci\u00f3n sea sencilla para el instalador, lo cual ahorra tiempo y costes.\u00a0<strong>Es posible crear \u00e1rboles jer\u00e1rquicos de ubicaci\u00f3n importando datos de CAD existentes con capas, llamadas vistas y ubicaciones de detectores.<\/strong>\u00a0La ampliaci\u00f3n y el desplazamiento permiten navegar r\u00e1pidamente por el edificio<strong>. La interfaz de usuario se basa en web y utiliza p\u00e1ginas HTML5 din\u00e1micas.<\/strong>\u00a0El paquete de instalaci\u00f3n contiene p\u00e1ginas predeterminadas para distintas resoluciones y formatos de pantalla y las p\u00e1ginas predeterminadas se pueden personalizar f\u00e1cilmente con un editor HTML est\u00e1ndar.<\/p>\n<p class=\"ql-align-justify\"><strong>Operaci\u00f3n<\/strong><\/p>\n<p class=\"ql-align-justify\">La tarea principal del sistema es funcionar como centro de control y monitorizaci\u00f3n de alarmas para los distintos sistemas de seguridad de una instalaci\u00f3n. Su interfaz gr\u00e1fica est\u00e1 dise\u00f1ada para ayudar al operador a comprender la extensi\u00f3n y la urgencia de un suceso r\u00e1pidamente y a tomar medidas r\u00e1pidas y eficaces.<\/p>\n<p class=\"ql-align-justify\"><strong>Seguridad del sistema<\/strong><\/p>\n<p class=\"ql-align-justify\">La encriptaci\u00f3n avanzada entre los servidores BIS y las estaciones de trabajo proporciona seguridad adicional, adem\u00e1s de los derechos de acceso de usuario configurables. Si se van a utilizar PC de una red corporativa como estaciones de trabajo clientes, entonces se puede lograr mayor seguridad restringiendo los operadores a estaciones de trabajo o direcciones IP espec\u00edficas.<\/p>\n<p class=\"ql-align-justify\"><strong>Planes de acci\u00f3n y mapas de ubicaci\u00f3n<\/strong><\/p>\n<p class=\"ql-align-justify\">BIS ampl\u00eda la gesti\u00f3n de alarmas est\u00e1ndar con su capacidad para visualizar panes de acci\u00f3n y mapas de ubicaci\u00f3n y, adem\u00e1s, incluye navegaci\u00f3n gr\u00e1fica y visualizaci\u00f3n de capas de los mapas en funci\u00f3n de la alarma. Esto garantiza que los operadores reciban las instrucciones adecuadas, especialmente en situaciones de urgencia como alarmas de incendio o intrusi\u00f3n.<\/p>\n<p class=\"ql-align-justify\"><strong>Accesorios de BIS opcionales<\/strong><\/p>\n<p class=\"ql-align-justify\">Las funciones opcionales que aparecen a continuaci\u00f3n se pueden a\u00f1adir al sistema BIS para adaptarlo a las necesidades espec\u00edficas del cliente.\u00a0<strong>Se pueden utilizar con todos los motores de BIS (Automation, Access, Video y Security Engine).<\/strong><\/p>\n<p class=\"ql-align-justify\"><strong>Alarm Management (paquete)<\/strong><\/p>\n<p class=\"ql-align-justify\">Este paquete ampl\u00eda la gesti\u00f3n est\u00e1ndar de alarmas del sistema BIS con algunas funciones adicionales: La distribuci\u00f3n de mensajes permite definir situaciones de escalado que se activan de forma autom\u00e1tica cuando un operador o grupo de operadores no confirma un mensaje de alarma dentro de un periodo definido. BIS reenv\u00eda el mensaje de forma autom\u00e1tica al siguiente grupo de operadores autorizado. La funci\u00f3n de temporizador permite configurar horarios que se pueden usar para ejecutar comandos de control autom\u00e1ticos, como cerrar una barrera a las 20:00, as\u00ed como para reenviar los mensajes de alarma en funci\u00f3n del tiempo, por ejemplo, dentro del periodo de tiempo 1, mostrar los mensajes al grupo de operadores 1, o al grupo de operadores 2 fuera de ese periodo.<\/p>\n<p class=\"ql-align-justify\"><strong>Nota:<\/strong>\u00a0<strong>BIS-FGEN-BVMS45 Licencia para conectividad BVMS Licencia para conectar 1 instalaci\u00f3n de BIS con 1 instalaci\u00f3n de BVMS.<\/strong><\/p>\n<p class=\"ql-align-justify\"><strong>N\u00famero de pedido: BIS-FGEN-BVMS45.<\/strong><\/p>\n<p class=\"ql-align-justify\"><strong>Principales\u00a0<\/strong><strong>caracter\u00edsticas<\/strong><\/p>\n<ul>\n<li class=\"ql-align-justify\">Integraci\u00f3n de sistemas de Bosch y de terceros mediante interfaces abiertas y SDK.<\/li>\n<li class=\"ql-align-justify\">Toda la informaci\u00f3n relevante en una interfaz de usuario y uso intuitivo mediante mapas interactivos y planes de acci\u00f3n en HTML5.<\/li>\n<li class=\"ql-align-justify\">Control de accesos totalmente integrado.<\/li>\n<li class=\"ql-align-justify\">Registro de eventos completo y traza de auditor\u00eda para investigaciones cient\u00edficas.<\/li>\n<li class=\"ql-align-justify\">Sistema escalable que crece con sus necesidades.<\/li>\n<\/ul>\n<p><img decoding=\"async\" class=\"overview-center-img- aligncenter\" src=\"https:\/\/tvc.mx\/media\/15693\/Logoopaginas-oficial.png\" alt=\"\" \/><\/p>\n","protected":false},"excerpt":{"rendered":"<p>BIS-FGEN-BVMS45 Licencia para conectividad BVMS Building Integration System (BIS) BIS es un sistema de administraci\u00f3n de seguridad y protecci\u00f3n flexible y escalable que se puede configurar para gestionar una gama inmensa de situaciones de uso.\u00a0Contiene una amplia gama de aplicaciones y funciones que permiten tanto&hellip;<\/p>\n","protected":false},"featured_media":8968,"comment_status":"open","ping_status":"closed","template":"","meta":{"om_disable_all_campaigns":false,"_monsterinsights_skip_tracking":false,"_monsterinsights_sitenote_active":false,"_monsterinsights_sitenote_note":"","_monsterinsights_sitenote_category":0},"product_brand":[],"product_cat":[822],"product_tag":[81,727,730,66,731,728,729],"class_list":{"0":"post-8969","1":"product","2":"type-product","3":"status-publish","4":"has-post-thumbnail","6":"product_cat-software-acceso","7":"product_tag-acceso-y-asistencia","8":"product_tag-cerraduras","9":"product_tag-commax-wulian","10":"product_tag-dahua","11":"product_tag-wejoin","12":"product_tag-yli","13":"product_tag-zkteco","15":"first","16":"instock","17":"sale","18":"taxable","19":"shipping-taxable","20":"purchasable","21":"product-type-simple"},"aioseo_notices":[],"_links":{"self":[{"href":"https:\/\/tecsecmty.com\/index.php\/wp-json\/wp\/v2\/product\/8969","targetHints":{"allow":["GET"]}}],"collection":[{"href":"https:\/\/tecsecmty.com\/index.php\/wp-json\/wp\/v2\/product"}],"about":[{"href":"https:\/\/tecsecmty.com\/index.php\/wp-json\/wp\/v2\/types\/product"}],"replies":[{"embeddable":true,"href":"https:\/\/tecsecmty.com\/index.php\/wp-json\/wp\/v2\/comments?post=8969"}],"version-history":[{"count":0,"href":"https:\/\/tecsecmty.com\/index.php\/wp-json\/wp\/v2\/product\/8969\/revisions"}],"wp:featuredmedia":[{"embeddable":true,"href":"https:\/\/tecsecmty.com\/index.php\/wp-json\/wp\/v2\/media\/8968"}],"wp:attachment":[{"href":"https:\/\/tecsecmty.com\/index.php\/wp-json\/wp\/v2\/media?parent=8969"}],"wp:term":[{"taxonomy":"product_brand","embeddable":true,"href":"https:\/\/tecsecmty.com\/index.php\/wp-json\/wp\/v2\/product_brand?post=8969"},{"taxonomy":"product_cat","embeddable":true,"href":"https:\/\/tecsecmty.com\/index.php\/wp-json\/wp\/v2\/product_cat?post=8969"},{"taxonomy":"product_tag","embeddable":true,"href":"https:\/\/tecsecmty.com\/index.php\/wp-json\/wp\/v2\/product_tag?post=8969"}],"curies":[{"name":"wp","href":"https:\/\/api.w.org\/{rel}","templated":true}]}}