{"id":897,"date":"2023-02-16T00:07:28","date_gmt":"2023-02-16T00:07:28","guid":{"rendered":"https:\/\/tecsecmty.com\/index.php\/producto\/dvr-4-megapixel-32-canales-turbohd-16-canales-ip-4-bahias-de-disco-duro-4-canales-de-audio-videoanalisis-16-entradas-de-alarma\/"},"modified":"2023-03-22T23:20:46","modified_gmt":"2023-03-23T05:20:46","slug":"dvr-4-megapixel-32-canales-turbohd-16-canales-ip-4-bahias-de-disco-duro-4-canales-de-audio-videoanalisis-16-entradas-de-alarma","status":"publish","type":"product","link":"https:\/\/tecsecmty.com\/index.php\/producto\/dvr-4-megapixel-32-canales-turbohd-16-canales-ip-4-bahias-de-disco-duro-4-canales-de-audio-videoanalisis-16-entradas-de-alarma\/","title":{"rendered":"DVR 4 Megapixel \/ 32 Canales TURBOHD + 16 Canales IP \/ 4 Bahias de Disco Duro \/ 4 Canales de Audio \/ Videoanalisis \/ 16 Entradas de Alarma"},"content":{"rendered":"<div class=\"container\">\n<div class=\"row\">\n<div class=\"col-md-12\">\n<div class=\"row\">\n<div class=\"row\">\n<div class=\"col-md-12\">\n<h4 class=\"text-primary center info-text\" style=\"text-align: center\">Informaci\u00f3n de Producto<\/h4>\n<\/div>\n<\/div>\n<div class=\"row\" style=\"text-align: center\">\n<div class=\"col-md-12\">\n<h3>DVR 4 Megapixel \/ 32 Canales TURBOHD + 16 Canales IP \/ 4 Bah\u00edas de Disco Duro \/ 4 Canales de Audio \/ Videoanalisis \/ 16 Entradas de Alarma<\/h3>\n<\/div>\n<\/div>\n<div id=\"producto_container\" class=\"row\" style=\"text-align: center\">\n<div class=\"col-md-4\"><img decoding=\"async\" class=\"img-responsive center-block\" src=\"https:\/\/ftp3.syscom.mx\/usuarios\/fotos\/BancoFotografiasSyscom\/HIKVISION\/DS7332HQHIK4\/DS7332HQHIK4-p.PNG\" alt=\"DS-7332HQHI-K4\" \/><\/p>\n<div class=\"row\">\n<div id=\"galerias\" class=\"col-sm-12\"><\/div>\n<\/div>\n<\/div>\n<div class=\"col-md-4\">\n<div><img decoding=\"async\" class=\"img-responsive img-thumbnail\" src=\"https:\/\/ftp3.syscom.mx\/usuarios\/fotos\/logotipos\/hikvision.png\" \/><\/div>\n<div><img decoding=\"async\" class=\"icono_info_product\" src=\"https:\/\/ftp3.syscom.mx\/usuarios\/fotos\/48_ip.png\" \/><img decoding=\"async\" class=\"icono_info_product\" src=\"https:\/\/ftp3.syscom.mx\/usuarios\/fotos\/compression\/compression.png\" \/><img decoding=\"async\" class=\"icono_info_product\" src=\"https:\/\/ftp3.syscom.mx\/usuarios\/ftp\/p2p_hikconnect\/p2p_hikconnect.png\" \/><\/div>\n<div>\n<p>Modelo:\u00a0<span class=\"modelo-marca\">DS-7332HQHI-K4<\/span><\/p>\n<p>Marca:\u00a0<span class=\"modelo-marca\">HIKVISION<\/span><\/p>\n<\/div>\n<div><\/div>\n<\/div>\n<div class=\"col-md-4\">\n<div class=\"row\">\n<div class=\"col-md-12 default_padding_bottom\"><\/div>\n<\/div>\n<\/div>\n<\/div>\n<\/div>\n<div class=\"row \" style=\"text-align: center\">\n<div class=\"col-md-12\">\n<div class=\"row\">\n<h3 class=\"text-primary\">Especificaciones:<\/h3>\n<\/div>\n<div class=\"row well\">\n<p><img decoding=\"async\" class=\"fr-fic fr-dii\" src=\"https:\/\/ftp3.syscom.mx\/usuarios\/jsosa\/HIKVISION\/imagenes\/logo\/hikvision%20see%20far.png\" \/><\/p>\n<p>&nbsp;<\/p>\n<p><strong>Nota importante:<\/strong><\/p>\n<p>Gracias a las nuevas actualizaciones (mejoras) ahora el DVR permite aceptar c\u00e1maras TURBOHD de 4 Megapixel que originalmente estaba dedicado a soportar 3 Megapixel, el DVR podr\u00e1 grabar a 4 Megapixel Lite, quiere decir que es un acoplamiento de se\u00f1al que permite aceptar c\u00e1maras de 4 Megapixel TURBOHD con grabacion Lite.<\/p>\n<ul>\n<li><strong>4 Megapixel Real = 2560 X 1440.<\/strong><\/li>\n<li><strong>4 Megapixel Lite = 1280 X 1440.<\/strong><\/li>\n<\/ul>\n<p>&nbsp;<\/p>\n<div class=\"row\">\n<div class=\"col-sm-6\">\n<div><strong>Caracter\u00edsticas principales:<\/strong><\/p>\n<ul>\n<li>Sistema Pentaibrido (AHD \/ TVI \/ CVI \/ Anal\u00f3gico \/ IP).<\/li>\n<li>Compresi\u00f3n: H.265+ \/ H.265 \/ H.264+ \/ H.264.<\/li>\n<li>32 Canales de v\u00eddeo TURBOHD + 16 canales IP =\u00a0 48 canales en total.<\/li>\n<li>4 Entradas de audio \/ 2 salida de audio.<\/li>\n<li>16 Entradas de alarma \/ 4 salidas de alarma.<\/li>\n<li>1 Puertos de red gigabit.<\/li>\n<li>Capacidad para 4 discos duros SATA de hasta 10 TB (40 TB en total).<\/li>\n<li>Salidas de v\u00eddeo HDMI1 \/ VGA simult\u00e1neas Full HD 1080p.<\/li>\n<li>Salida de v\u00eddeo HDMI2 4K independiente.<\/li>\n<li>Salida de video BNC en resolucion 4 CIF independiente.<\/li>\n<li>Soporta Hik-Connect (P2P).<\/li>\n<li>Soporta Hik-connect Domain \/ NO-IP \/ DynDNS (no soporta DDNS SYSCOM).<\/li>\n<li>Compatible con software cliente iVMS-4200 (Windows\/Mac) \/ Hik-Connect (Android, iPhone, iPad)<\/li>\n<li>Soporta COAXITRON para PTZ (no requiere cablear datos RS-485).<\/li>\n<li>Soporta POS (punto de venta).<\/li>\n<li>Compatible con gabinete met\u00e1lico GAB-VID2-R2.<\/li>\n<\/ul>\n<p>Para conectar los canales IP requiere utilizar un switch\/switch poe (no incluido<\/p>\n<\/div>\n<\/div>\n<div class=\"col-sm-6\">\n<div><strong>Caracter\u00edsticas F\u00edsicas y El\u00e9ctricas:<\/strong><\/p>\n<ul>\n<li>Alimentacion \/ consumo: 100 a 240 Vca \/ 74 Watts (sin discos duros).<\/li>\n<li>Temperatura de operacion: -10\u00b0 a 55\u00b0 C.<\/li>\n<li>Dimensiones: 440 x 390 x 70 mm.<\/li>\n<li>Peso: 7 Kgs.<\/li>\n<li>Garantia: 3 a\u00f1os.<\/li>\n<\/ul>\n<p><strong>Canales de v\u00eddeo:<\/strong><\/p>\n<ul>\n<li>El DVR permite apagar canales de v\u00eddeo anal\u00f3gicas o TURBOHD y habilitar canales de v\u00eddeo IP, podemos apagar todos los canales de v\u00eddeo anal\u00f3gicas o TURBOHD y poder agregar 48 canales de v\u00eddeo IP.<\/li>\n<li>Por cada canal de v\u00eddeo anal\u00f3gico o TURBOHD permite habilitar un canal de v\u00eddeo IP.<\/li>\n<li><strong>Nota: Acepta c\u00e1maras de 4MP, 2MP y 1MP en todos sus canales BNC (C\u00e1maras de 3MP solo en el canal 1, 2, 3 y 4).<\/strong><\/li>\n<li>Tecnolog\u00eda CVI: 1080p \/ 720p.<\/li>\n<li>Tecnolog\u00eda AHD: 4 Megapixel Lite \/ 1080p \/ 720p.<\/li>\n<li>Tecnolog\u00eda TURBOHD (TVI):\u00a0 4 Megapixel Lite \/ 3 Megapixel \/ 1080p \/ 720p.<\/li>\n<li>Tecnolog\u00eda analogica (CVBS): 600 TVL en adelante.<\/li>\n<li>Tecnolog\u00eda IP: 6 Megapixel \/ 4 Megapixel \/ 3 Megapixel \/ 2 Megapixel \/ 1 Megapixel<\/li>\n<\/ul>\n<\/div>\n<\/div>\n<\/div>\n<p>&nbsp;<\/p>\n<div class=\"row\">\n<div class=\"col-sm-12\"><\/div>\n<\/div>\n<p>&nbsp;<\/p>\n<h1><strong>Recursos<\/strong><\/h1>\n<p>&nbsp;<\/p>\n<div class=\"row default_margin_bottom\">\n<div class=\"col-sm-4\"><a href=\"https:\/\/www.hikvision.com\/es-la\/support\/download\/software\/ivms4200-series\/?q=serie%20ivms4200&amp;position=1\" target=\"_blank\" rel=\"noopener\"><img decoding=\"async\" class=\"img-responsive\" src=\"https:\/\/ftp3.syscom.mx\/usuarios\/gmagos\/HIK\/IP\/IPC\/Imagenes%20pagina\/Descargas%20IVMS4200.jpg\" \/><\/a><\/div>\n<div class=\"col-sm-4\"><a href=\"https:\/\/appstore.hikvision.com\/\" target=\"_blank\" rel=\"noopener\"><img decoding=\"async\" class=\"img-responsive\" src=\"https:\/\/ftp3.syscom.mx\/usuarios\/gmagos\/HIK\/IP\/IPC\/Imagenes%20pagina\/Descargas%20de%20app.jpg\" \/><\/a><\/div>\n<div class=\"col-sm-4\"><a href=\"https:\/\/ftp3.syscom.mx\/usuarios\/ftp\/2020\/07\/10\/3bc08\/DS-7324_7332HQHI-K4_Datasheet.pdf\" target=\"_blank\" rel=\"noopener\"><img decoding=\"async\" class=\"img-responsive\" src=\"https:\/\/ftp3.syscom.mx\/usuarios\/gmagos\/HIK\/IP\/IPC\/Imagenes%20pagina\/Descarga%20de%20PDF.jpg\" \/><\/a><\/div>\n<\/div>\n<p>&nbsp;<\/p>\n<p>&nbsp;<\/p>\n<p><img decoding=\"async\" class=\"fr-fic fr-dii\" src=\"https:\/\/ftp3.syscom.mx\/usuarios\/jsosa\/HIKVISION\/imagenes\/banners\/solution%20complete.png\" \/><\/p>\n<p>&nbsp;<\/p>\n<\/div>\n<\/div>\n<\/div>\n<\/div>\n<\/div>\n<\/div>\n<p><img decoding=\"async\" class=\"aligncenter\" src=\"https:\/\/tracker.metricool.com\/c3po.jpg?hash=95c94f37730bb8f54dd4308f1f878f9\" \/><\/p>\n","protected":false},"excerpt":{"rendered":"<p>Informaci\u00f3n de Producto DVR 4 Megapixel \/ 32 Canales TURBOHD + 16 Canales IP \/ 4 Bah\u00edas de Disco Duro \/ 4 Canales de Audio \/ Videoanalisis \/ 16 Entradas de Alarma Modelo:\u00a0DS-7332HQHI-K4 Marca:\u00a0HIKVISION Especificaciones: &nbsp; Nota importante: Gracias a las nuevas actualizaciones (mejoras) ahora&hellip;<\/p>\n","protected":false},"featured_media":1746,"comment_status":"open","ping_status":"closed","template":"","meta":{"om_disable_all_campaigns":false,"_monsterinsights_skip_tracking":false,"_monsterinsights_sitenote_active":false,"_monsterinsights_sitenote_note":"","_monsterinsights_sitenote_category":0},"product_brand":[],"product_cat":[56],"product_tag":[58,59,57],"class_list":{"0":"post-897","1":"product","2":"type-product","3":"status-publish","4":"has-post-thumbnail","6":"product_cat-videograbadoras-analogicas-turbohd-tvi-ahd-cvi","7":"product_tag-dvr","8":"product_tag-videograbadora","9":"product_tag-videograbadoras-analogicas-turbohd-tvi-ahd-cvi","11":"first","12":"instock","13":"taxable","14":"shipping-taxable","15":"product-type-simple"},"aioseo_notices":[],"_links":{"self":[{"href":"https:\/\/tecsecmty.com\/index.php\/wp-json\/wp\/v2\/product\/897","targetHints":{"allow":["GET"]}}],"collection":[{"href":"https:\/\/tecsecmty.com\/index.php\/wp-json\/wp\/v2\/product"}],"about":[{"href":"https:\/\/tecsecmty.com\/index.php\/wp-json\/wp\/v2\/types\/product"}],"replies":[{"embeddable":true,"href":"https:\/\/tecsecmty.com\/index.php\/wp-json\/wp\/v2\/comments?post=897"}],"version-history":[{"count":2,"href":"https:\/\/tecsecmty.com\/index.php\/wp-json\/wp\/v2\/product\/897\/revisions"}],"predecessor-version":[{"id":1747,"href":"https:\/\/tecsecmty.com\/index.php\/wp-json\/wp\/v2\/product\/897\/revisions\/1747"}],"wp:featuredmedia":[{"embeddable":true,"href":"https:\/\/tecsecmty.com\/index.php\/wp-json\/wp\/v2\/media\/1746"}],"wp:attachment":[{"href":"https:\/\/tecsecmty.com\/index.php\/wp-json\/wp\/v2\/media?parent=897"}],"wp:term":[{"taxonomy":"product_brand","embeddable":true,"href":"https:\/\/tecsecmty.com\/index.php\/wp-json\/wp\/v2\/product_brand?post=897"},{"taxonomy":"product_cat","embeddable":true,"href":"https:\/\/tecsecmty.com\/index.php\/wp-json\/wp\/v2\/product_cat?post=897"},{"taxonomy":"product_tag","embeddable":true,"href":"https:\/\/tecsecmty.com\/index.php\/wp-json\/wp\/v2\/product_tag?post=897"}],"curies":[{"name":"wp","href":"https:\/\/api.w.org\/{rel}","templated":true}]}}