{"id":8971,"date":"2023-02-23T22:33:59","date_gmt":"2023-02-24T04:33:59","guid":{"rendered":"https:\/\/tecsecmty.com\/index.php\/producto\/bosch-v_bisfgenbvms46-licencia-para-adicion-de-bvms-a-bis-4-6\/"},"modified":"2023-03-22T23:21:38","modified_gmt":"2023-03-23T05:21:38","slug":"bosch-v_bisfgenbvms46-licencia-para-adicion-de-bvms-a-bis-4-6","status":"publish","type":"product","link":"https:\/\/tecsecmty.com\/index.php\/producto\/bosch-v_bisfgenbvms46-licencia-para-adicion-de-bvms-a-bis-4-6\/","title":{"rendered":"BOSCH V_BISFGENBVMS46- LICENCIA PARA ADICION DE BVMS A BIS 4.6"},"content":{"rendered":"<h5 class=\"card-title text-center\">BIS-FGEN-BVMS46 Licencia para conectividad BVMS<\/h5>\n<p class=\"ql-align-justify\"><strong>Building Integration System (BIS) BIS es un sistema de administraci\u00f3n de seguridad y protecci\u00f3n flexible y escalable que se puede configurar para gestionar una gama inmensa de situaciones de uso.<\/strong>\u00a0Contiene una amplia gama de aplicaciones y funciones que permiten tanto la integraci\u00f3n y el acoplamiento como el control y supervisi\u00f3n de todos los sistemas t\u00e9cnicos del edificio. Esta nueva versi\u00f3n se basa en los muchos a\u00f1os de experiencia de Bosch en el campo de los sistemas de administraci\u00f3n y ha sido influenciada en forma significativa por las siguientes tendencias de mercado:<\/p>\n<ul>\n<li class=\"ql-align-justify\">Complejidad creciente de los equipos t\u00e9cnicos de los edificios El aumento de complejidad de los equipos t\u00e9cnicos del interior de los edificios exige el uso de un potente sistema de administraci\u00f3n que combine las funciones m\u00e1s diversas (sistemas de alarma de incendios o intrusiones, control de accesos, sistemas de video y automatizaci\u00f3n del edificio, etc.) de la mejor forma posible. Los est\u00e1ndares abiertos permiten a BIS procesar y compartir informaci\u00f3n de forma eficaz con una variedad enorme y creciente de dispositivos de hardware y otros or\u00edgenes.<\/li>\n<li class=\"ql-align-justify\">Uso de nuevas tecnolog\u00edas y est\u00e1ndares Aunque las estrictas normas de tecnolog\u00eda de seguridad garantizan un muy alto nivel de fiabilidad en cuestiones de seguridad, dificultan el uso integrado de nuevas tecnolog\u00edas procedentes del sector de las TI. BIS consigue aprovechar las ventajas de las tecnolog\u00edas que no se basan en seguridad (como OPC, CAD, web) e integrarlas con \u00e9xito en el sector de las tecnolog\u00edas de la seguridad.<\/li>\n<li class=\"ql-align-justify\">Se necesitan soluciones completas Los administradores e integradores de instalaciones necesitan una soluci\u00f3n de administraci\u00f3n de edificios que, a pesar de todo, sean capaces de integrar todos sus subsistemas de seguridad.<\/li>\n<\/ul>\n<p class=\"ql-align-justify\"><strong>Descripci\u00f3n del sistema<\/strong><\/p>\n<p class=\"ql-align-justify\">Building Integration System es un producto vers\u00e1til que consta de un paquete b\u00e1sico m\u00e1s distintos componentes opcionales (tambi\u00e9n llamados motores o \u00abEngines\u00bb en ingl\u00e9s) que se basan en una plataforma de software com\u00fan. Los motores se pueden combinar para ajustar los sistemas de administraci\u00f3n de edificios a requisitos detallados.<\/p>\n<p class=\"ql-align-justify\"><strong>Los componentes principales son:<\/strong><\/p>\n<ul>\n<li class=\"ql-align-justify\">Automation Engine.<\/li>\n<li class=\"ql-align-justify\">Access Engine.<\/li>\n<li class=\"ql-align-justify\">Video Engine.<\/li>\n<li class=\"ql-align-justify\">Security Engine.<\/li>\n<\/ul>\n<p class=\"ql-align-justify\"><strong>Funciones b\u00e1sicas<\/strong><\/p>\n<p class=\"ql-align-justify\"><strong>Arquitectura del sistema<\/strong><\/p>\n<p class=\"ql-align-justify\"><strong>Los motores de BIS ofrecen detecci\u00f3n de incendios e intrusiones, control de acceso, videovigilancia, megafon\u00eda y alarmas, adem\u00e1s de control de aire acondicionado y calefacci\u00f3n y otros sistemas importantes para edificios.\u00a0<\/strong>BIS se basa en una arquitectura de varias capas y optimizada para el rendimiento, sobre todo dise\u00f1ado para su uso en entornos de LAN y WAN.\u00a0<strong>Los subsistemas se conectan mediante las normas mundiales establecidas Classic OPC y OPC UA.<\/strong>\u00a0Estos est\u00e1ndares abiertos facilitan la integraci\u00f3n de BIS en subsistemas actuales que cumplen con OPC. De forma opcional, los sistemas BIS individuales pueden cooperar proporcionando datos a otros sistemas BIS, o bien consumiendo datos de estos. El resultado es un sistema BIS abierto y multiservidor.<\/p>\n<p class=\"ql-align-justify\"><strong>Configuraci\u00f3n y estructura organizativa<\/strong><\/p>\n<p class=\"ql-align-justify\">Distintas funciones autom\u00e1ticas y herramientas f\u00e1ciles de usar hacen que la configuraci\u00f3n sea sencilla para el instalador, lo cual ahorra tiempo y costes. Es posible crear \u00e1rboles jer\u00e1rquicos de ubicaci\u00f3n importando datos de CAD existentes con capas, llamadas vistas y ubicaciones de detectores. La ampliaci\u00f3n y el desplazamiento permiten navegar r\u00e1pidamente por el edificio. La interfaz de usuario se basa en web y utiliza p\u00e1ginas HTML5 din\u00e1micas. El paquete de instalaci\u00f3n contiene p\u00e1ginas predeterminadas para distintas resoluciones y formatos de pantalla y las p\u00e1ginas predeterminadas se pueden personalizar f\u00e1cilmente con un editor HTML est\u00e1ndar. BIS detecta de forma autom\u00e1tica la resoluci\u00f3n del monitor y provee la interfaz de usuario adecuada.<\/p>\n<p class=\"ql-align-justify\"><strong>Operaci\u00f3n<\/strong><\/p>\n<p class=\"ql-align-justify\">La tarea principal del sistema es funcionar como centro de control y monitorizaci\u00f3n de alarmas para los distintos sistemas de seguridad de una instalaci\u00f3n. Su interfaz gr\u00e1fica est\u00e1 dise\u00f1ada para ayudar al operador a comprender la extensi\u00f3n y la urgencia de un suceso r\u00e1pidamente y a tomar medidas r\u00e1pidas y eficaces.<\/p>\n<p class=\"ql-align-justify\"><strong>Sistema de seguridad<\/strong><\/p>\n<p class=\"ql-align-justify\">El cifrado de \u00faltima generaci\u00f3n entre servidores BIS y estaciones de trabajo brinda m\u00e1s seguridad adem\u00e1s de derechos de acceso de usuario configurable. Si se van a utilizar PC de una red corporativa como estaciones de trabajo clientes, entonces se puede lograr mayor seguridad restringiendo los operadores a estaciones de trabajo o direcciones IP espec\u00edficas.<\/p>\n<p class=\"ql-align-justify\"><strong>Planes de acci\u00f3n y mapas de ubicaci\u00f3n<\/strong><\/p>\n<p class=\"ql-align-justify\">BIS ampl\u00eda la gesti\u00f3n de alarmas est\u00e1ndar con su capacidad para visualizar panes de acci\u00f3n y mapas de ubicaci\u00f3n y, adem\u00e1s, incluye navegaci\u00f3n gr\u00e1fica y visualizaci\u00f3n de capas de los mapas en funci\u00f3n de la alarma. Esto garantiza que los operadores reciban las instrucciones adecuadas, especialmente en situaciones de urgencia como alarmas de incendio o intrusi\u00f3n.<\/p>\n<p class=\"ql-align-justify\"><strong>Alarm Management (paquete)<\/strong><\/p>\n<p class=\"ql-align-justify\"><strong>Este paquete ampl\u00eda la gesti\u00f3n est\u00e1ndar de alarmas del sistema BIS con algunas funciones adicionales:<\/strong><\/p>\n<p class=\"ql-align-justify\"><strong>La distribuci\u00f3n de mensajes<\/strong>\u00a0permite definir situaciones de escalado que se activan de forma autom\u00e1tica cuando un operador o grupo de operadores no confirma un mensaje de alarma dentro de un periodo definido. BIS reenv\u00eda el mensaje de forma autom\u00e1tica al siguiente grupo de operadores autorizado.<\/p>\n<p class=\"ql-align-justify\"><strong>La funci\u00f3n de temporizador<\/strong>\u00a0permite configurar horarios que se pueden usar para ejecutar comandos de control autom\u00e1ticos, como cerrar una barrera a las 20:00, as\u00ed como para reenviar los mensajes de alarma en funci\u00f3n del tiempo, por ejemplo, dentro del periodo.<\/p>\n<p class=\"ql-align-justify\"><strong>La funci\u00f3n de alarmas del operador<\/strong>\u00a0permite a un operador desencadenar una alarma manualmente desde el \u00e1rbol de ubicaciones; por ejemplo, si se le notifica una situaci\u00f3n peligrosa por tel\u00e9fono. Estas alarmas manuales se procesan de la misma forma que las desencadenadas por un detector, lo que significa que se muestran los documentos asociados y se registran todos los pasos realizados en el registro de eventos para poder realizar una investigaci\u00f3n minuciosa despu\u00e9s del evento.<\/p>\n<p class=\"ql-align-justify\"><strong>El Iniciador de aplicaciones<\/strong>\u00a0permite al sistema invocar aplicaciones ajenas al BIS en ciertas condiciones predefinidas, como alarmas o temporizadores. Una aplicaci\u00f3n t\u00edpica de esta funci\u00f3n ser\u00eda la realizaci\u00f3n de copias de seguridad del sistema de forma autom\u00e1tica.<\/p>\n<p class=\"ql-align-justify\"><strong>Nota: BIS-FGEN-BVMS46 Licencia para conectividad BVMS Licencia para conectar 1 instalaci\u00f3n de BIS con 1 instalaci\u00f3n de BVMS.<\/strong><\/p>\n<p class=\"ql-align-justify\"><strong>N\u00famero de pedido: BIS-FGEN-BVMS46.<\/strong><\/p>\n<p class=\"ql-align-justify\"><strong>Principales caracter\u00edsticas<\/strong><\/p>\n<ul>\n<li class=\"ql-align-justify\">Integraci\u00f3n de sistemas de Bosch y de terceros mediante interfaces abiertas y SDK u Toda la informaci\u00f3n relevante en una interfaz de usuario y uso intuitivo mediante mapas interactivos y planes de acci\u00f3n en HTML5.<\/li>\n<li class=\"ql-align-justify\">Control de accesos totalmente integrado.<\/li>\n<li class=\"ql-align-justify\">Registro de eventos completo y traza de auditor\u00eda para investigaciones cient\u00edficas.<\/li>\n<li class=\"ql-align-justify\">Sistema escalable que crece con sus necesidades.<\/li>\n<\/ul>\n<p><img decoding=\"async\" class=\"overview-center-img- aligncenter\" src=\"https:\/\/tvc.mx\/media\/15788\/Logoopaginas-oficial.png\" alt=\"\" \/><\/p>\n","protected":false},"excerpt":{"rendered":"<p>BIS-FGEN-BVMS46 Licencia para conectividad BVMS Building Integration System (BIS) BIS es un sistema de administraci\u00f3n de seguridad y protecci\u00f3n flexible y escalable que se puede configurar para gestionar una gama inmensa de situaciones de uso.\u00a0Contiene una amplia gama de aplicaciones y funciones que permiten tanto&hellip;<\/p>\n","protected":false},"featured_media":8970,"comment_status":"open","ping_status":"closed","template":"","meta":{"om_disable_all_campaigns":false,"_monsterinsights_skip_tracking":false,"_monsterinsights_sitenote_active":false,"_monsterinsights_sitenote_note":"","_monsterinsights_sitenote_category":0},"product_brand":[],"product_cat":[822],"product_tag":[81,727,730,66,731,728,729],"class_list":{"0":"post-8971","1":"product","2":"type-product","3":"status-publish","4":"has-post-thumbnail","6":"product_cat-software-acceso","7":"product_tag-acceso-y-asistencia","8":"product_tag-cerraduras","9":"product_tag-commax-wulian","10":"product_tag-dahua","11":"product_tag-wejoin","12":"product_tag-yli","13":"product_tag-zkteco","15":"first","16":"instock","17":"sale","18":"taxable","19":"shipping-taxable","20":"purchasable","21":"product-type-simple"},"aioseo_notices":[],"_links":{"self":[{"href":"https:\/\/tecsecmty.com\/index.php\/wp-json\/wp\/v2\/product\/8971","targetHints":{"allow":["GET"]}}],"collection":[{"href":"https:\/\/tecsecmty.com\/index.php\/wp-json\/wp\/v2\/product"}],"about":[{"href":"https:\/\/tecsecmty.com\/index.php\/wp-json\/wp\/v2\/types\/product"}],"replies":[{"embeddable":true,"href":"https:\/\/tecsecmty.com\/index.php\/wp-json\/wp\/v2\/comments?post=8971"}],"version-history":[{"count":0,"href":"https:\/\/tecsecmty.com\/index.php\/wp-json\/wp\/v2\/product\/8971\/revisions"}],"wp:featuredmedia":[{"embeddable":true,"href":"https:\/\/tecsecmty.com\/index.php\/wp-json\/wp\/v2\/media\/8970"}],"wp:attachment":[{"href":"https:\/\/tecsecmty.com\/index.php\/wp-json\/wp\/v2\/media?parent=8971"}],"wp:term":[{"taxonomy":"product_brand","embeddable":true,"href":"https:\/\/tecsecmty.com\/index.php\/wp-json\/wp\/v2\/product_brand?post=8971"},{"taxonomy":"product_cat","embeddable":true,"href":"https:\/\/tecsecmty.com\/index.php\/wp-json\/wp\/v2\/product_cat?post=8971"},{"taxonomy":"product_tag","embeddable":true,"href":"https:\/\/tecsecmty.com\/index.php\/wp-json\/wp\/v2\/product_tag?post=8971"}],"curies":[{"name":"wp","href":"https:\/\/api.w.org\/{rel}","templated":true}]}}