{"id":8973,"date":"2023-02-23T22:34:06","date_gmt":"2023-02-24T04:34:06","guid":{"rendered":"https:\/\/tecsecmty.com\/index.php\/producto\/bosch-v_bisfgenbvms48-licencia-para-adicion-de-bvms-a-bis-4-8\/"},"modified":"2023-03-22T23:21:39","modified_gmt":"2023-03-23T05:21:39","slug":"bosch-v_bisfgenbvms48-licencia-para-adicion-de-bvms-a-bis-4-8","status":"publish","type":"product","link":"https:\/\/tecsecmty.com\/index.php\/producto\/bosch-v_bisfgenbvms48-licencia-para-adicion-de-bvms-a-bis-4-8\/","title":{"rendered":"BOSCH V_BISFGENBVMS48- LICENCIA PARA ADICION DE BVMS A BIS 4.8"},"content":{"rendered":"<div class=\"row aling-items-center padding-bottom-2x\">\n<div class=\"col-lg-12\">\n<h5 class=\"card-title text-center\">Ampliaciones de BIS para V4.8<\/h5>\n<p>Visualizaci\u00f3n autom\u00e1tica o manual de im\u00e1genes en directo o grabaciones en BVMS Operator\u00a0Client como respuesta a alarmas o acuses de recibo de alarmas.<\/p>\n<p>Control manual de im\u00e1genes en directo o grabaciones directamente desde la ubicaci\u00f3n de BIS o las descripciones de dispositivos.<\/p>\n<p>Capacidad de recibir y procesar alarmas de BVMS (detecci\u00f3n de movimiento, fallos de c\u00e1maras,&#8230;) dentro de BIS.<\/p>\n<p>Control de la grabaci\u00f3n de v\u00eddeo desde BIS<\/p>\n<p><img decoding=\"async\" class=\"overview-center-img-web\" src=\"https:\/\/tvc.mx\/media\/186059\/BANNER_CCTV.png\" alt=\"\" \/><\/div>\n<\/div>\n<div class=\"row align-items-center padding-bottom-2x\">\n<div class=\"col-md-5 order-md-2\"><img decoding=\"async\" class=\"d-block m-auto img-thumbnail\" src=\"https:\/\/tvc.mx\/media\/186063\/Sin-t%C3%ADtulo-21.png\" alt=\" \" \/><\/div>\n<div class=\"col-md-7 order-md-1 text-md-left text-center\">\n<h2>Descripci\u00f3n inicial<\/h2>\n<p class=\"text-muted\">\n<p class=\"ql-align-justify\">BIS se puede emparejar con BVMS, de modo que podr\u00e1 aprovechar las ventajas de ambos: la flexibilidad de BIS a la hora de conectar varios subsistemas (incendios, intrusiones, megafon\u00eda, sistemas de control de acceso, gesti\u00f3n de edificios) y el potente entorno de control de v\u00eddeo de Video Management System de Bosch. Un cliente de BIS consigue las funcionalidades de gesti\u00f3n de v\u00eddeo y puede, por ejemplo, integrar c\u00e1maras HD gestionadas por BVMS. Ejemplo 1: Despu\u00e9s de que un objeto inactivo active una alarma de IVA de BVMS, se inicia la evacuaci\u00f3n del \u00e1rea afectada junto con los anuncios a trav\u00e9s de los altavoces de BIS y los bloqueos y desbloqueos de puertas correspondientes. En el registro de eventos de BIS, se monitoriza esta alarma. Ejemplo 2: Despu\u00e9s de sonar una alarma de intrusi\u00f3n de BIS, se muestra el v\u00eddeo en directo de BVMS correspondiente de una c\u00e1mara HD de 1080\u00a0p en el cliente de BIS. De forma simult\u00e1nea, se graba la secuencia, incluidos los metadatos de la b\u00fasqueda cient\u00edfica. Un cliente de BVMS adquiere funciones de PSIM, como la detecci\u00f3n de intrusiones e incendios, adem\u00e1s de la soluci\u00f3n de gesti\u00f3n de v\u00eddeos. Ejemplo 3: Un operador de BVMS puede pulsar un bot\u00f3n de entrada al observar la imagen en directo de una c\u00e1mara. Esta entrada est\u00e1 conectada a dicha c\u00e1mara. La entrada activa acciones predefinidas en BIS, por ejemplo, un anuncio mediante altavoz o bloqueos o desbloqueos de puertas para evacuaciones en el \u00e1rea de la c\u00e1mara. Con el activador, es posible reenviar par\u00e1metros adicionales, como la ubicaci\u00f3n y el flujo de trabajo requerido, al BIS. El operador no ve nada del sistema BIS. Solo trabaja en su entorno de BVMS habitual.<\/p>\n<p class=\"ql-align-justify\">El sistema combinado consiste en un servidor de inicio de sesi\u00f3n de BIS, un BVMS Management Server y por lo menos una estaci\u00f3n de trabajo de operador. La integraci\u00f3n es doble: en primer lugar, BIS utiliza el servidor OPC BVMS para recibir informaci\u00f3n del sistema de v\u00eddeo y transmitir comandos. En segundo lugar, el proceso cliente de BIS Se comunica con el proceso BVMS Operator\u00a0Client en la estaci\u00f3n de trabajo del operador. De este modo, el BIS puede mostrar im\u00e1genes en directo o grabaciones directamente con BVMS Operator\u00a0Client.<\/p>\n<p class=\"ql-align-justify\">BIS gestiona las alarmas o los mensajes siguientes de VMS de Bosch:<\/p>\n<p class=\"ql-align-justify\">\u2022 Monitorizaci\u00f3n de c\u00e1maras:<\/p>\n<p class=\"ql-align-justify\">\u2013 Disponibilidad de c\u00e1maras<\/p>\n<p class=\"ql-align-justify\">\u2013 Brillo<\/p>\n<p class=\"ql-align-justify\">\u2013 Ruido<\/p>\n<p class=\"ql-align-justify\">\u2013 Detecci\u00f3n de movimiento<\/p>\n<p class=\"ql-align-justify\">\u2013 Modo de grabaci\u00f3n<\/p>\n<p class=\"ql-align-justify\">\u2022 Monitorizaci\u00f3n de sistemas:<\/p>\n<p class=\"ql-align-justify\">\u2013 Contactos de rel\u00e9s<\/p>\n<p class=\"ql-align-justify\">\u2013 Entradas de rel\u00e9s<\/p>\n<p class=\"ql-align-justify\">\u2013 Entradas virtuales<\/p>\n<p class=\"ql-align-justify\">\u2013 Monitorizaci\u00f3n de codificadores y descodificadores BIS env\u00eda los comandos siguientes a VMS de Bosch:<\/p>\n<p class=\"ql-align-justify\">\u2022 Visualizaci\u00f3n de la imagen en directo de una c\u00e1mara<\/p>\n<p class=\"ql-align-justify\">\u2022 Reproducci\u00f3n desde una c\u00e1mara<\/p>\n<p class=\"ql-align-justify\">\u2022 Iniciar\/detener grabaci\u00f3n<\/p>\n<p class=\"ql-align-justify\">\u2022 Rel\u00e9s y contactos virtuales<\/p>\n<\/div>\n<\/div>\n","protected":false},"excerpt":{"rendered":"<p>Ampliaciones de BIS para V4.8 Visualizaci\u00f3n autom\u00e1tica o manual de im\u00e1genes en directo o grabaciones en BVMS Operator\u00a0Client como respuesta a alarmas o acuses de recibo de alarmas. Control manual de im\u00e1genes en directo o grabaciones directamente desde la ubicaci\u00f3n de BIS o las descripciones&hellip;<\/p>\n","protected":false},"featured_media":8972,"comment_status":"open","ping_status":"closed","template":"","meta":{"om_disable_all_campaigns":false,"_monsterinsights_skip_tracking":false,"_monsterinsights_sitenote_active":false,"_monsterinsights_sitenote_note":"","_monsterinsights_sitenote_category":0},"product_brand":[],"product_cat":[822],"product_tag":[81,727,730,66,731,728,729],"class_list":{"0":"post-8973","1":"product","2":"type-product","3":"status-publish","4":"has-post-thumbnail","6":"product_cat-software-acceso","7":"product_tag-acceso-y-asistencia","8":"product_tag-cerraduras","9":"product_tag-commax-wulian","10":"product_tag-dahua","11":"product_tag-wejoin","12":"product_tag-yli","13":"product_tag-zkteco","15":"first","16":"instock","17":"sale","18":"taxable","19":"shipping-taxable","20":"purchasable","21":"product-type-simple"},"aioseo_notices":[],"_links":{"self":[{"href":"https:\/\/tecsecmty.com\/index.php\/wp-json\/wp\/v2\/product\/8973","targetHints":{"allow":["GET"]}}],"collection":[{"href":"https:\/\/tecsecmty.com\/index.php\/wp-json\/wp\/v2\/product"}],"about":[{"href":"https:\/\/tecsecmty.com\/index.php\/wp-json\/wp\/v2\/types\/product"}],"replies":[{"embeddable":true,"href":"https:\/\/tecsecmty.com\/index.php\/wp-json\/wp\/v2\/comments?post=8973"}],"version-history":[{"count":0,"href":"https:\/\/tecsecmty.com\/index.php\/wp-json\/wp\/v2\/product\/8973\/revisions"}],"wp:featuredmedia":[{"embeddable":true,"href":"https:\/\/tecsecmty.com\/index.php\/wp-json\/wp\/v2\/media\/8972"}],"wp:attachment":[{"href":"https:\/\/tecsecmty.com\/index.php\/wp-json\/wp\/v2\/media?parent=8973"}],"wp:term":[{"taxonomy":"product_brand","embeddable":true,"href":"https:\/\/tecsecmty.com\/index.php\/wp-json\/wp\/v2\/product_brand?post=8973"},{"taxonomy":"product_cat","embeddable":true,"href":"https:\/\/tecsecmty.com\/index.php\/wp-json\/wp\/v2\/product_cat?post=8973"},{"taxonomy":"product_tag","embeddable":true,"href":"https:\/\/tecsecmty.com\/index.php\/wp-json\/wp\/v2\/product_tag?post=8973"}],"curies":[{"name":"wp","href":"https:\/\/api.w.org\/{rel}","templated":true}]}}