{"id":8975,"date":"2023-02-23T22:34:08","date_gmt":"2023-02-24T04:34:08","guid":{"rendered":"https:\/\/tecsecmty.com\/index.php\/producto\/bosch-v_bisfseebpa43-paquete-basico-licencia-see-43\/"},"modified":"2023-03-22T23:21:39","modified_gmt":"2023-03-23T05:21:39","slug":"bosch-v_bisfseebpa43-paquete-basico-licencia-see-43","status":"publish","type":"product","link":"https:\/\/tecsecmty.com\/index.php\/producto\/bosch-v_bisfseebpa43-paquete-basico-licencia-see-43\/","title":{"rendered":"BOSCH V_BISFSEEBPA43 &#8211; Paquete basico licencia SEE 43"},"content":{"rendered":"<div class=\"row aling-items-center padding-bottom-2x\">\n<div class=\"col-lg-12\">\n<h5 class=\"card-title text-center\">BISFSEEBPA43 &#8211; Paquete basico licencia SEE 43<\/h5>\n<p><strong>BIS &#8211; Security Engine (SEE) 4.3<\/strong><\/p>\n<p>Security Engine (SEE) es uno de los m\u00f3dulos funcionales principales dentro del Building Integration System (BIS) y est\u00e1 dise\u00f1ado para controlar varios paneles de control G Series y monitorizar las alarmas y los eventos de esos dispositivos, as\u00ed como de sistemas de seguridad conectados a la central receptora\/puerta de enlace Conettix D6100\/D6600 de Bosch.<\/p>\n<p>Mediante la combinaci\u00f3n de todas las funciones habituales de BIS con sus propias funciones, SEE permite personalizar un sistema de administraci\u00f3n de seguridad y alarmas para adaptarlo a sus necesidades.<\/p>\n<p>Es posible agregar un n\u00famero ilimitado de conexiones de paneles de control en grupos de dos. Cada conexi\u00f3n del servidor BIS admite 32 conexiones a paneles de control como m\u00e1ximo<\/p>\n<p><img decoding=\"async\" class=\"overview-center-img-web\" src=\"https:\/\/tvc.mx\/media\/641907\/encabezado-1920x400.png\" alt=\"\" \/><\/div>\n<\/div>\n<div class=\"row align-items-center padding-bottom-2x\">\n<div class=\"col-md-5\"><img decoding=\"async\" class=\"d-block m-auto img-thumbnail\" src=\"https:\/\/tvc.mx\/media\/641917\/400x300-logo.png\" alt=\" \" \/><\/div>\n<div class=\"col-md-7 text-md-left text-center\">\n<h2>Caracter\u00edsticas<\/h2>\n<p class=\"text-muted\">\n<ul>\n<li>Proporciona comandos y control de dispositivos de clientes y servidores<\/li>\n<li>Facilita la administraci\u00f3n de sistemas de acceso e intrusi\u00f3n de los paneles de control G Series (hasta GV3)<\/li>\n<li>Brinda apoyo a la central receptora\/puerta de enlace de comunicaciones Conettix D6100\/D6600<\/li>\n<li>Utiliza una conexi\u00f3n serie o Ethernet<\/li>\n<li>Proporciona control de horarios<\/li>\n<\/ul>\n<p>&nbsp;<\/p>\n<\/div>\n<\/div>\n<hr class=\"padding-bottom-2x\" \/>\n<div class=\"row align-items-center padding-bottom-2x\">\n<div class=\"col-md-5 order-md-2\"><img decoding=\"async\" class=\"d-block m-auto img-thumbnail\" src=\"https:\/\/tvc.mx\/media\/641942\/400x300-resumen.png\" alt=\" \" \/><\/div>\n<div class=\"col-md-7 order-md-1 text-md-left text-center\">\n<h2>Resumen del sistema<\/h2>\n<p class=\"text-muted\">\n<p>El m\u00f3dulo Security Engine se conecta a paneles de control G Series y actualiza y descarga informaci\u00f3n de la base de datos de personal, como datos de usuarios y horarios, hacia los paneles de control mediante canales.<\/p>\n<p>Los instaladores pueden utilizar el m\u00f3dulo de interfaz serie DX4010i para conectar cada panel de control con un cable serie RS-232 a un puerto COM abierto en el PC. Los instaladores pueden utilizar el m\u00f3dulo de interfaz de red DX4020 para conectar cada panel de control a trav\u00e9s de la red Ethernet.<\/p>\n<p>Cada panel de control almacena los datos relevantes y utiliza eventos sobre el terreno para tomar decisiones inteligentes. Security Engine admite la configuraci\u00f3n mediante Remote Programming Software (RPS) para los paneles de control G Series.<\/p>\n<p>Security Engine se conecta a una central receptora\/puerta de enlace de comunicaciones Conettix D6100 or D6600 mediante una conexi\u00f3n serie o Ethernet.<\/p>\n<p>Los usuarios pueden configurar y monitorizar hasta 500 cuentas. El sistema se puede ampliar hasta 3200 cuentas para cada central receptora\/puerta de enlace de comunicaciones Conettix.<\/p>\n<p>&nbsp;<\/p>\n<\/div>\n<\/div>\n<hr class=\"padding-bottom-2x\" \/>\n<div class=\"row aling-items-center padding-bottom-2x\">\n<div class=\"col-lg-12\">\n<h5 class=\"card-title text-center\">Funciones b\u00e1sicas<\/h5>\n<p><strong>Paneles de control G Series<\/strong><\/p>\n<p>Security Engine admite los paneles de control siguientes:<\/p>\n<ul>\n<li>D9412GV2 y GV3<\/li>\n<li>D9412G<\/li>\n<li>D7412GV2 y GV3<\/li>\n<li>D7412G<\/li>\n<li>D7212GV2 y GV3<\/li>\n<li>D7212G<\/li>\n<li>D9112 *<\/li>\n<li>D7212 *<\/li>\n<\/ul>\n<p>* D9112 y D7212 no admiten lectores de control de accesos<\/p>\n<p><strong>Nota:<\/strong>\u00a0Versi\u00f3n 6.60 o superior<\/p>\n<p>Los paneles de control G Series ofrecen las funciones y caracter\u00edsticas siguientes:<\/p>\n<ul>\n<li>Comunicador digital integrado con l\u00ednea telef\u00f3nica.<\/li>\n<li>Varios n\u00fameros de tel\u00e9fono, rutas principal y duplicada con destino principal y destinos alternativos.<\/li>\n<li>Informes programables dentro de cada uno de los cuatro grupos de rutas.<\/li>\n<li>M\u00f3dulo de interfaz de red DX4020 opcional para la comunicaci\u00f3n bidireccional a trav\u00e9s de redes Ethernet.<\/li>\n<li>Informes autom\u00e1ticos de pruebas y estado.<\/li>\n<\/ul>\n<p><strong>Admin9000<\/strong><\/p>\n<p>Con Admin9000, SEE ofrece herramientas administrativas adicionales integradas en la interfaz de usuario de BIS. Esta parte central de Security Engine permite a los administradores:<\/p>\n<ul>\n<li>Administrar una base de datos de informaci\u00f3n de recursos humanos para hasta 996 usuarios autorizados para cada panel de control<\/li>\n<li>Cambiar la autorizaci\u00f3n de los usuarios<\/li>\n<li>Agregar o eliminar usuarios<\/li>\n<li>Administrar horarios y definir eventos programados<\/li>\n<li>Dise\u00f1ar e imprimir credenciales de identificaci\u00f3n con foto<\/li>\n<li>Imprimir informes de bases de datos<\/li>\n<\/ul>\n<p><strong>Administraci\u00f3n de alarmas y eventos<\/strong><\/p>\n<p>Con el apoyo de la interfaz de usuario de BIS y las funciones comunes de BIS, dispone de una administraci\u00f3n sofisticada de alarmas y eventos que muestra la informaci\u00f3n siguiente durante una alarma:<\/p>\n<ul>\n<li>Descripci\u00f3n de la alarma (estado de evento)<\/li>\n<li>Fecha de la alarma<\/li>\n<li>Hora de la alarma<\/li>\n<li>Ubicaci\u00f3n de la alarma<\/li>\n<li>Direcci\u00f3n del panel\/detector (si el dispositivo lo admite)<\/li>\n<li>Operador que trabaja en el evento de alarma<\/li>\n<li>Otros elementos configurables<\/li>\n<\/ul>\n<p>La informaci\u00f3n de alarma procedente de dispositivos que experimentan eventos en tiempo real (como el acceso a puertas) y la informaci\u00f3n de alarmas de los eventos internos del sistema se registran en una base de datos MSDE integrada compatible con el software Microsoft\u00ae SQL Server\u2122.<\/p>\n<p><strong>Informes<\/strong><\/p>\n<p>Los informes de seguridad procedentes del registro de eventos se almacenan en una tabla HTML que los usuarios pueden visualizar utilizando Internet Explorer.<\/p>\n<p>Otros informes est\u00e1n en formato de Crystal Reports\u00ae que los usuarios pueden visualizar con el visor de Crystal Reports incluido en Admin 9000.<\/p>\n<p><strong>Accesorios de SEE opcionales<\/strong><\/p>\n<p>Las caracter\u00edsticas que se enumeran a continuaci\u00f3n se pueden agregar opcionalmente a la instalaci\u00f3n de Security Engine.<\/p>\n<p><strong>Actualizaci\u00f3n de 2 paneles OPC9000<\/strong><\/p>\n<p>Ampl\u00eda el n\u00famero de paneles G Series controlables conectados a un Security Engine de BIS, de dos en dos.<\/p>\n<p><strong>Actualizaci\u00f3n de 500 paneles OPC6600<\/strong><\/p>\n<p>Ampl\u00eda el n\u00famero de cuentas controlables en una unidad Conettix D6100\/6600 en pasos de 500. El m\u00e1ximo son 3200 cuentas<\/p>\n<p><strong>Creaci\u00f3n de credenciales mediante v\u00eddeo para SEE\/Opci\u00f3n de impresi\u00f3n de credenciales de identificaci\u00f3n con foto<\/strong><\/p>\n<p>Activa un componente para dise\u00f1ar e imprimir credenciales y asignar titulares a las credenciales desde Security Engine.<\/p>\n<p><strong>Opci\u00f3n de verificaci\u00f3n mediante v\u00eddeo para SEE<\/strong><\/p>\n<p>La verificaci\u00f3n mediante video aumenta el nivel de seguridad del sistema de control de accesos G Series mediante el uso de equipos de video adicionales. Si un lector est\u00e1 en modo de verificaci\u00f3n de video, no se admite al usuario de tarjeta de forma autom\u00e1tica. En su lugar, el lector realiza una solicitud de entrada que aparece en forma de mensaje en la pantalla del operador.<\/p>\n<p>Un plan de acci\u00f3n muestra al operador la imagen del titular de la tarjeta almacenado en la base de datos de SEE, as\u00ed como una imagen en directo de una c\u00e1mara cercana a la entrada\/lector que ha enviado la solicitud.<\/p>\n<p>El operador compara ambas im\u00e1genes y decide si abrir o no la puerta de forma manual.<\/p>\n<p><img decoding=\"async\" class=\"overview-center-img-web\" src=\"https:\/\/tvc.mx\/media\/641947\/1920x400-funciones.png\" alt=\"\" \/><\/div>\n<\/div>\n<div class=\"row aling-items-center padding-bottom-2x\">\n<div class=\"col-lg-12\">\n<h5 class=\"card-title text-center\">Piezas inclu\u00eddas<\/h5>\n<p><strong>Informaci\u00f3n para pedidos<\/strong><\/p>\n<p>Security Engine se puede pedir de una de estas dos formas:<\/p>\n<p>Como parte integrante de una configuraci\u00f3n de BIS inicial, en cuyo caso se pide junto con la licencia b\u00e1sica de BIS<\/p>\n<p>Como ampliaci\u00f3n de una configuraci\u00f3n de BIS existente<\/p>\n<p><img decoding=\"async\" class=\"overview-center-img-web\" src=\"https:\/\/tvc.mx\/media\/641972\/encabezado-1920x400.png\" alt=\"\" \/><\/div>\n<\/div>\n<div class=\"row aling-items-center padding-bottom-2x\">\n<div class=\"col-lg-12\">\n<h5 class=\"card-title text-center\">Especificaciones clave<\/h5>\n<p><strong>Sistemas operativos compatibles (en modo aut\u00f3nomo o cliente\/servidor).Las instalaciones de BIS en otros sistemas operativos pueden funcionar pero est\u00e1n totalmente sin garant\u00eda:<\/strong><\/p>\n<p>Windows Server 2016 (64 bits, Standard, Datacenter) Windows Server 2019 (64 bits, Standard, Datacenter) Windows 10 Enterprise LTSB (64 bits) Windows 10 Enterprise LTSC (64 bits) Nota: la base de datos predeterminada que se suministra con esta versi\u00f3n de BIS es SQL\u00a0Server\u00a02019 Express Edition con servicios avanzados<\/p>\n<p><strong>Otro software:<\/strong><\/p>\n<p>Instale siempre los controladores y las actualizaciones del sistema operativo m\u00e1s recientes. IIS 10.0 para Windows 10, Windows Server 2016 y Windows Server 2019 Nota: IIS no es necesario en servidores de conexi\u00f3n de BIS Internet Explorer 9, 10 u 11 en modo de compatibilidad Chrome, Firefox, Edge para Smart Client .NET: En Windows 10, Windows Server 2016 y Windows Server 2019:.NET\u00a03.51, .NET\u00a04.8, .NET 5.0 y Core 3.1.7<\/p>\n<p><strong>Requisitos m\u00ednimos de hardware:<\/strong><\/p>\n<p>Procesador Intel i5 con al menos 4 n\u00facleos f\u00edsicos 8 GB RAM (32 GB recomendados) 200 GB de espacio libre en el disco duro Adaptador gr\u00e1fico con 256\u00a0MB RAM, una resoluci\u00f3n de 1920&#215;1080 al menos 32000 colores OpenGL\u00ae 2.1 y DirectX\u00ae 11 Compatible con WebGL2 (por ejemplo, clase Intel UHD Graphics 600 o comparable), no virtualizado Tarjeta Ethernet de 1 Gbit\/s Un puerto USB libre o una unidad compartida en red para los archivos de instalaci\u00f3n<\/p>\n<p><strong>Sistemas operativos compatibles (en modo aut\u00f3nomo o cliente\/servidor).Las instalaciones de BIS en otros sistemas operativos pueden funcionar pero est\u00e1n totalmente sin garant\u00eda:<\/strong><\/p>\n<p>Windows Server 2016 (64 bits, Standard, Datacenter) Windows Server 2019 (64 bits, Standard, Datacenter) Windows 10 (32 o 64 bits, Pro o Enterprise LTSB) Windows 10 (32 o 64 bits, Pro o Enterprise LTSC) Nota: con una edici\u00f3n Pro, las actualizaciones deben postergarse hasta 8 meses despu\u00e9s de la publicaci\u00f3n de la versi\u00f3n BIS. Para obtener m\u00e1s informaci\u00f3n, consulte la p\u00e1gina de Microsoft Technet en https:\/\/technet.microsoft.com\/en-us\/itpro\/windows\/manage\/introduction-to-windows-10-servicing<\/p>\n<p><strong>Otro software:<\/strong><\/p>\n<p>ASP.NET Internet Explorer 9, 10 u 11 en modo de compatibilidad(Nota: El cliente SEE requiere IE 9.0) Chrome, Firefox, Edge para Smart Client .NET: En Windows 10, Windows Server 2016 y Windows Server 2019: .NET 3.51, .NET 4.8, .NET 5.0 y Core 3.1.7<\/p>\n<p><strong>Requisitos m\u00ednimos de hardware:<\/strong><\/p>\n<p>Intel i5 (Gen 6\/Skylake o posterior) o superior, m\u00faltiples n\u00facleos 8 GB RAM (16 GB recomendados) 20 GB de espacio libre en el disco duro Adaptador gr\u00e1fico con 256\u00a0MB RAM una resoluci\u00f3n de 1920&#215;1080 al menos 32000 colores OpenGL\u00ae 2.1 y DirectX\u00ae 11 Compatible con WebGL2 (por ejemplo, clase Intel UHD Graphics 600 o comparable), no virtualizado Tarjeta Ethernet de 100 Mbit\/s<\/p>\n<p><strong>Requisitos m\u00ednimos adicionales para clientes de VIE (Video Engine):<\/strong><\/p>\n<p>Ning\u00fan sistema operativo Windows Server Procesador Intel i5 o superior Para secuencia de c\u00e1maras, matriz virtual o vista m\u00faltiple, agregar 4\u00a0GB de RAM Es muy recomendable disponer de los controladores de v\u00eddeo m\u00e1s recientes. Utilice la herramienta dxdiag de Windows para comprobar que los controladores no tengan m\u00e1s de 1\u00a0a\u00f1o de antig\u00fcedad.<\/p>\n<p><strong>Navegador web:<\/strong><\/p>\n<p>Google Chrome 90 o superior<\/p>\n<p>Microsoft Edge 90 o superior<\/p>\n<p>Mozilla Firefox 88 o superior<\/p>\n<p><img decoding=\"async\" class=\"overview-center-img-web\" src=\"https:\/\/tvc.mx\/media\/642012\/encabezado-1920x400.png\" alt=\"\" \/><\/div>\n<\/div>\n","protected":false},"excerpt":{"rendered":"<p>BISFSEEBPA43 &#8211; Paquete basico licencia SEE 43 BIS &#8211; Security Engine (SEE) 4.3 Security Engine (SEE) es uno de los m\u00f3dulos funcionales principales dentro del Building Integration System (BIS) y est\u00e1 dise\u00f1ado para controlar varios paneles de control G Series y monitorizar las alarmas y&hellip;<\/p>\n","protected":false},"featured_media":8974,"comment_status":"open","ping_status":"closed","template":"","meta":{"om_disable_all_campaigns":false,"_monsterinsights_skip_tracking":false,"_monsterinsights_sitenote_active":false,"_monsterinsights_sitenote_note":"","_monsterinsights_sitenote_category":0},"product_brand":[],"product_cat":[822],"product_tag":[81,727,730,66,731,728,729],"class_list":{"0":"post-8975","1":"product","2":"type-product","3":"status-publish","4":"has-post-thumbnail","6":"product_cat-software-acceso","7":"product_tag-acceso-y-asistencia","8":"product_tag-cerraduras","9":"product_tag-commax-wulian","10":"product_tag-dahua","11":"product_tag-wejoin","12":"product_tag-yli","13":"product_tag-zkteco","15":"first","16":"instock","17":"sale","18":"taxable","19":"shipping-taxable","20":"purchasable","21":"product-type-simple"},"aioseo_notices":[],"_links":{"self":[{"href":"https:\/\/tecsecmty.com\/index.php\/wp-json\/wp\/v2\/product\/8975","targetHints":{"allow":["GET"]}}],"collection":[{"href":"https:\/\/tecsecmty.com\/index.php\/wp-json\/wp\/v2\/product"}],"about":[{"href":"https:\/\/tecsecmty.com\/index.php\/wp-json\/wp\/v2\/types\/product"}],"replies":[{"embeddable":true,"href":"https:\/\/tecsecmty.com\/index.php\/wp-json\/wp\/v2\/comments?post=8975"}],"version-history":[{"count":0,"href":"https:\/\/tecsecmty.com\/index.php\/wp-json\/wp\/v2\/product\/8975\/revisions"}],"wp:featuredmedia":[{"embeddable":true,"href":"https:\/\/tecsecmty.com\/index.php\/wp-json\/wp\/v2\/media\/8974"}],"wp:attachment":[{"href":"https:\/\/tecsecmty.com\/index.php\/wp-json\/wp\/v2\/media?parent=8975"}],"wp:term":[{"taxonomy":"product_brand","embeddable":true,"href":"https:\/\/tecsecmty.com\/index.php\/wp-json\/wp\/v2\/product_brand?post=8975"},{"taxonomy":"product_cat","embeddable":true,"href":"https:\/\/tecsecmty.com\/index.php\/wp-json\/wp\/v2\/product_cat?post=8975"},{"taxonomy":"product_tag","embeddable":true,"href":"https:\/\/tecsecmty.com\/index.php\/wp-json\/wp\/v2\/product_tag?post=8975"}],"curies":[{"name":"wp","href":"https:\/\/api.w.org\/{rel}","templated":true}]}}