{"id":8979,"date":"2023-02-23T22:34:11","date_gmt":"2023-02-24T04:34:11","guid":{"rendered":"https:\/\/tecsecmty.com\/index.php\/producto\/bosch-v_bisfviebpa43-licencia-basica-vie4-3-video\/"},"modified":"2023-03-22T23:21:39","modified_gmt":"2023-03-23T05:21:39","slug":"bosch-v_bisfviebpa43-licencia-basica-vie4-3-video","status":"publish","type":"product","link":"https:\/\/tecsecmty.com\/index.php\/producto\/bosch-v_bisfviebpa43-licencia-basica-vie4-3-video\/","title":{"rendered":"BOSCH V_BISFVIEBPA43 &#8211; Licencia basica VIE4.3 \/ Video"},"content":{"rendered":"<div class=\"row aling-items-center padding-bottom-2x\">\n<div class=\"col-lg-12\">\n<h5 class=\"card-title text-center\">BISFVIEBPA43 &#8211; Licencia basica VIE4.3 \/ Video<\/h5>\n<p><strong>BIS &#8211; Video Engine (VIE) 4.3<\/strong><\/p>\n<p>El v\u00eddeo es esencial para sistemas de seguridad y muy eficaz para proporcionar orientaci\u00f3n y detalles vitales en situaciones de alarma. En la actualidad, es impensable encontrar vest\u00edbulos, entradas, zonas de estacionamiento, per\u00edmetros y zonas de alta seguridad de empresas modernas donde no se utilice.<\/p>\n<p>Con Video Engine, la gama BIS provee una aplicaci\u00f3n extremadamente sofisticada que permite combinar sistemas de video de Bosch y de otros fabricantes.<\/p>\n<p>Video Engine aprovecha al m\u00e1ximo la infraestructura de BIS y le permite convertir su equipo de video en un sistema de videovigilancia y gesti\u00f3n de alarmas completamente integrado. La combinaci\u00f3n de Video Engine con las funciones de notificaci\u00f3n de accesos, intrusiones e incendios de BIS permite crear una completa soluci\u00f3n de seguridad adaptada a sus necesidades , y todo ello con una interfaz de usuario \u00fanica.<\/p>\n<p><img decoding=\"async\" class=\"overview-center-img-web\" src=\"https:\/\/tvc.mx\/media\/641517\/encabezado-1920x400.png\" alt=\"\" \/><\/div>\n<\/div>\n<div class=\"row align-items-center padding-bottom-2x\">\n<div class=\"col-md-5\"><img decoding=\"async\" class=\"d-block m-auto img-thumbnail\" src=\"https:\/\/tvc.mx\/media\/641527\/400x300-logo.png\" alt=\" \" \/><\/div>\n<div class=\"col-md-7 text-md-left text-center\">\n<h2>Caracter\u00edsticas<\/h2>\n<p class=\"text-muted\">\n<ul>\n<li>Integraci\u00f3n perfecta de los dispositivos de visualizaci\u00f3n y grabaci\u00f3n de Bosch en una sola aplicaci\u00f3n con un aspecto com\u00fan; igualmente con muchos dispositivos de v\u00eddeo de terceros.<\/li>\n<li>Verificaci\u00f3n de v\u00eddeo avanzada para mejorar la detecci\u00f3n de intrusiones e incendios, as\u00ed como control de accesos e intercomunicaci\u00f3n mediante la plataforma BIS com\u00fan<\/li>\n<li>Comando y control directo de dispositivos de v\u00eddeo desde el visor de mapas central<\/li>\n<li>Hiperv\u00ednculos entre, por ejemplo, alarmas de intrusi\u00f3n en el registro de eventos y las grabaciones de v\u00eddeo relacionadas en grabadoras digitales de v\u00eddeo<\/li>\n<li>Integraci\u00f3n directa de v\u00eddeo en directo o de archivo en los planes de acci\u00f3n de BIS y verificaci\u00f3n de v\u00eddeo ACE<\/li>\n<\/ul>\n<p>&nbsp;<\/p>\n<\/div>\n<\/div>\n<hr class=\"padding-bottom-2x\" \/>\n<div class=\"row aling-items-center padding-bottom-2x\">\n<div class=\"col-lg-12\">\n<h5 class=\"card-title text-center\">Resumen del sistema<\/h5>\n<p>VIE aporta toda la potencia del video a la instalaci\u00f3n de BIS para visualizar, por ejemplo, im\u00e1genes de alarmas activadas por intrusiones y para controlar las ubicaciones m\u00e1s delicadas de un lugar. Con este objetivo, Video Engine mejora la interfaz de usuario de BIS con varias vistas y cuadros de di\u00e1logo espec\u00edficos para video utilizando hasta 4 monitores f\u00edsicos.<\/p>\n<p>Video Engine se integra bien con mapas de ubicaci\u00f3n interactivos y planes de acci\u00f3n desencadenados por eventos. Ahora, estos procedimientos de emergencia que permiten ahorrar tiempo y salvar vidas, se pueden activar mediante alarmas de movimiento o antisabotaje desde Intelligent Video Analysis de VIE, as\u00ed como mediante alarmas de incendio, intrusi\u00f3n y de control de accesos desde otros motores de BIS. Es posible proporcionar informaci\u00f3n valiosa al operador desde grabadoras de v\u00eddeo DIVAR IP o DIVAR AN, o desde VRM (Video Recording Manager).<\/p>\n<p>Es posible automatizar comandos de control espec\u00edficos de v\u00eddeo y programarlos en el tiempo utilizando la m\u00e1quina de estados de BIS (consulte la informaci\u00f3n general sobre BIS). Se pueden desencadenar mediante eventos de alarma personalizables o activar manualmente desde men\u00fas contextuales o iconos dentro de un mapa de ubicaci\u00f3n de BIS.<\/p>\n<p>Gracias a las interfaces OPC incluidas en BIS, y al SDK de v\u00eddeo, los sistemas de v\u00eddeo de Bosch, como VRM, DIVAR IP y VIPIX son especialmente f\u00e1ciles de integrar.<\/p>\n<p><img decoding=\"async\" class=\"overview-center-img-web\" src=\"https:\/\/tvc.mx\/media\/641537\/1920x400-resumen-del-sistema.png\" alt=\"\" \/><\/div>\n<\/div>\n<div class=\"row aling-items-center padding-bottom-2x\">\n<div class=\"col-lg-12\">\n<h5 class=\"card-title text-center\">Funciones b\u00e1sicas<\/h5>\n<p>Adem\u00e1s de las funciones de BIS habituales, Video Engine (VIE) provee las siguientes funciones:<\/p>\n<p><strong>Subsistemas de video:<\/strong><\/p>\n<ul>\n<li>Integrar, controlar y monitorizar sistemas de grabaci\u00f3n DIVAR AN y DIVAR IP de Bosch<\/li>\n<li>Integrar, controlar y monitorizar codificadores Videojet de Bosch (servidores de v\u00eddeo), BVIP, c\u00e1maras SD y HD con y sin PTZ, con sin Intelligent Video Analysis (IVA) de Bosch<\/li>\n<li>Integraci\u00f3n de Bosch Video Recording Manager (VRM)<\/li>\n<li>Compatibilidad con sistemas de almacenamiento USB o iSCSI conectados a los dispositivos de video IP; acceso a dichos archivos<\/li>\n<li>Integraci\u00f3n, control y seguimiento de interruptores de matriz Allegiant de Bosch<\/li>\n<li>Integraci\u00f3n opcional de Bosch Video Management System (BVMS)<\/li>\n<li>Integraci\u00f3n de c\u00e1maras anal\u00f3gicas mediante el servidor Web de video (por ejemplo, de la serie Videojet\/VIP de Bosch)<\/li>\n<li>Integraci\u00f3n de c\u00e1maras IP compatibles con Perfil S de ONVIF (transmisi\u00f3n en directo)<\/li>\n<li>Integraci\u00f3n del teclado USB KBD-Universal XF con joystick y dial de salto\/lanzadera, resistente y personalizable, para administrar c\u00e1maras, monitores y grabaciones<\/li>\n<\/ul>\n<p><strong>Visualizaci\u00f3n adicional espec\u00edfica del v\u00eddeo en la interfaz de usuario:<\/strong><\/p>\n<ul>\n<li>Ventana de matriz de video digital (DVM) multifuncional para visualizaci\u00f3n simult\u00e1nea de flujos de hasta 30 c\u00e1maras.<\/li>\n<li>Distintos modos de visualizaci\u00f3n definibles para DVM: dise\u00f1o din\u00e1mico y dise\u00f1o fijo en formatos 4:3 y 16:9 (2&#215;2, 3&#215;3, 4&#215;4, 3&#215;2, 4&#215;3 y asim\u00e9tricos 1+5, 1+7, 1+8, 2+6) con acci\u00f3n de seleccionar y soltar o dise\u00f1o de matriz digital virtual (VDM).<\/li>\n<li>Visualizaci\u00f3n simult\u00e1nea de distintos formatos de v\u00eddeo, como JPEG, Wavelet, MPEG2\/4, CIF\/4CIF, H. 264, etc.<\/li>\n<li>Selecci\u00f3n y control de c\u00e1maras desde el mapa de ubicaciones activo o desde el \u00e1rbol de vista general de dispositivos.<\/li>\n<li>Im\u00e1genes en directo y de archivo de distintas fuentes visualizables simult\u00e1neamente<\/li>\n<li>Enlace directo de las entradas de alarma del registro de eventos de BIS\/VIE a los archivos de alarma de los sistemas DIVAR IP.<\/li>\n<li>B\u00fasqueda y filtrado en funci\u00f3n del tiempo de archivos en sistemas DIVAR IP.<\/li>\n<li>Pr\u00e1cticos controles de cameo, como maximizar, zoom digital, PTZ en ventana, etc.<\/li>\n<li>Almacenamiento de im\u00e1genes de referencia para comparar con im\u00e1genes en directo<\/li>\n<li>Superposici\u00f3n de DVM y modo de pantalla completa<\/li>\n<li>Visualizaci\u00f3n en hasta 4 monitores f\u00edsicos simult\u00e1neamente<\/li>\n<li>Funci\u00f3n de zonas de privacidad para ocultar zonas delicadas en las im\u00e1genes en directo<\/li>\n<\/ul>\n<p><strong>Otras funciones de VIE:<\/strong><\/p>\n<ul>\n<li>Intelligent Video Analytics (IVA). La c\u00e1mara detecta actividades que se producen en un flujo de v\u00eddeo. Como Objeto en campo, Cruce de l\u00edneas, Merodeo, Objeto eliminado, Objeto inactivo, Entrada en campo, Salida de campo. Estos se pueden utilizar para desencadenar eventos de alarma en BIS<\/li>\n<li>Control de grupos de monitores anal\u00f3gicos (AMG) basada en descodificadores de alta definici\u00f3n con numerosos dise\u00f1os de monitores nuevos.<\/li>\n<li>Funciones de detecci\u00f3n de movimiento por video y alarma.<\/li>\n<li>Funci\u00f3n de ronda de guardia virtual con grabaci\u00f3n local.<\/li>\n<li>Creaci\u00f3n din\u00e1mica de favoritos de c\u00e1maras y matrices (por ejemplo, vistas diurna y nocturna).<\/li>\n<li>Control simult\u00e1neo de PTZ y otras fuentes de v\u00eddeo mediante controles en pantalla.<\/li>\n<li>Uso de codificadores y descodificadores Videojet\/VIP como matriz de red virtual.<\/li>\n<\/ul>\n<p><img decoding=\"async\" class=\"overview-center-img-web\" src=\"https:\/\/tvc.mx\/media\/641547\/1920x400-funciones-a-106.3.png\" alt=\"\" \/><\/div>\n<\/div>\n<div class=\"row aling-items-center padding-bottom-2x\">\n<div class=\"col-lg-12\">\n<h5 class=\"card-title text-center\">Piezas inclu\u00eddas<\/h5>\n<p><strong>El paquete Video Engine admite lo siguiente<\/strong><\/p>\n<p><strong>cantidad\/canales<\/strong><\/p>\n<ul>\n<li><strong>20<\/strong>\u00a0Canales de v\u00eddeo con licencia para utilizar con dispositivos de v\u00eddeo IP (BVIP) de Bosch (configuraci\u00f3n predeterminada con ajustes espec\u00edficos del usuario)<\/li>\n<li><strong>400<\/strong>\u00a0(M\u00e1ximo) canales por servidor BVIP<\/li>\n<li><strong>4000<\/strong>\u00a0(M\u00e1ximo) canales por Video Engine<\/li>\n<\/ul>\n<p><img decoding=\"async\" class=\"overview-center-img-web\" src=\"https:\/\/tvc.mx\/media\/641632\/encabezado-1920x400.png\" alt=\"\" \/><\/div>\n<\/div>\n<div class=\"row aling-items-center padding-bottom-2x\">\n<div class=\"col-lg-12\">\n<h5 class=\"card-title text-center\">Especificaciones clave<\/h5>\n<p><strong>Sistemas operativos compatibles (en modo aut\u00f3nomo o cliente\/servidor).Las instalaciones de BIS en otros sistemas operativos pueden funcionar pero est\u00e1n totalmente sin garant\u00eda:<\/strong><\/p>\n<p>Windows Server 2016 (64 bits, Standard, Datacenter) Windows Server 2019 (64 bits, Standard, Datacenter) Windows 10 Enterprise LTSB (64 bits) Windows 10 Enterprise LTSC (64 bits) Nota: la base de datos predeterminada que se suministra con esta versi\u00f3n de BIS es SQL\u00a0Server\u00a02019 Express Edition con servicios avanzados<\/p>\n<p><strong>Otro software:<\/strong><\/p>\n<p>Instale siempre los controladores y las actualizaciones del sistema operativo m\u00e1s recientes. IIS 10.0 para Windows 10, Windows Server 2016 y Windows Server 2019 Nota: IIS no es necesario en servidores de conexi\u00f3n de BIS Internet Explorer 9, 10 u 11 en modo de compatibilidad Chrome, Firefox, Edge para Smart Client .NET: En Windows 10, Windows Server 2016 y Windows Server 2019:.NET\u00a03.51, .NET\u00a04.8, .NET 5.0 y Core 3.1.7<\/p>\n<p><strong>Requisitos m\u00ednimos de hardware:<\/strong><\/p>\n<p>Procesador Intel i5 con al menos 4 n\u00facleos f\u00edsicos 8 GB RAM (32 GB recomendados) 200 GB de espacio libre en el disco duro Adaptador gr\u00e1fico con 256\u00a0MB RAM, una resoluci\u00f3n de 1920&#215;1080 al menos 32000 colores OpenGL\u00ae 2.1 y DirectX\u00ae 11 Compatible con WebGL2 (por ejemplo, clase Intel UHD Graphics 600 o comparable), no virtualizado Tarjeta Ethernet de 1 Gbit\/s Un puerto USB libre o una unidad compartida en red para los archivos de instalaci\u00f3n<\/p>\n<p><strong>Sistemas operativos compatibles (en modo aut\u00f3nomo o cliente\/servidor).Las instalaciones de BIS en otros sistemas operativos pueden funcionar pero est\u00e1n totalmente sin garant\u00eda:<\/strong><\/p>\n<p>Windows Server 2016 (64 bits, Standard, Datacenter) Windows Server 2019 (64 bits, Standard, Datacenter) Windows 10 (32 o 64 bits, Pro o Enterprise LTSB) Windows 10 (32 o 64 bits, Pro o Enterprise LTSC) Nota: con una edici\u00f3n Pro, las actualizaciones deben postergarse hasta 8 meses despu\u00e9s de la publicaci\u00f3n de la versi\u00f3n BIS. Para obtener m\u00e1s informaci\u00f3n, consulte la p\u00e1gina de Microsoft Technet en https:\/\/technet.microsoft.com\/en-us\/itpro\/windows\/manage\/introduction-to-windows-10-servicing<\/p>\n<p><strong>Otro software:<\/strong><\/p>\n<p>ASP.NET Internet Explorer 9, 10 u 11 en modo de compatibilidad(Nota: El cliente SEE requiere IE 9.0) Chrome, Firefox, Edge para Smart Client .NET: En Windows 10, Windows Server 2016 y Windows Server 2019: .NET 3.51, .NET 4.8, .NET 5.0 y Core 3.1.7<\/p>\n<p><strong>Requisitos m\u00ednimos de hardware:<\/strong><\/p>\n<p>Intel i5 (Gen 6\/Skylake o posterior) o superior, m\u00faltiples n\u00facleos 8 GB RAM (16 GB recomendados) 20 GB de espacio libre en el disco duro Adaptador gr\u00e1fico con 256\u00a0MB RAM una resoluci\u00f3n de 1920&#215;1080 al menos 32000 colores OpenGL\u00ae 2.1 y DirectX\u00ae 11 Compatible con WebGL2 (por ejemplo, clase Intel UHD Graphics 600 o comparable), no virtualizado Tarjeta Ethernet de 100 Mbit\/s<\/p>\n<p><strong>Requisitos m\u00ednimos adicionales para clientes de VIE (Video Engine):<\/strong><\/p>\n<p>Ning\u00fan sistema operativo Windows Server Procesador Intel i5 o superior Para secuencia de c\u00e1maras, matriz virtual o vista m\u00faltiple, agregar 4\u00a0GB de RAM Es muy recomendable disponer de los controladores de v\u00eddeo m\u00e1s recientes. Utilice la herramienta dxdiag de Windows para comprobar que los controladores no tengan m\u00e1s de 1\u00a0a\u00f1o de antig\u00fcedad.<\/p>\n<p><strong>Navegador web:<\/strong><\/p>\n<p>Google Chrome 90 o superior<\/p>\n<p>Microsoft Edge 90 o superior<\/p>\n<p>Mozilla Firefox 88 o superior<\/p>\n<p><img decoding=\"async\" class=\"overview-center-img-web\" src=\"https:\/\/tvc.mx\/media\/641657\/encabezado-1920x400.png\" alt=\"\" \/><\/div>\n<\/div>\n","protected":false},"excerpt":{"rendered":"<p>BISFVIEBPA43 &#8211; Licencia basica VIE4.3 \/ Video BIS &#8211; Video Engine (VIE) 4.3 El v\u00eddeo es esencial para sistemas de seguridad y muy eficaz para proporcionar orientaci\u00f3n y detalles vitales en situaciones de alarma. En la actualidad, es impensable encontrar vest\u00edbulos, entradas, zonas de estacionamiento,&hellip;<\/p>\n","protected":false},"featured_media":8978,"comment_status":"open","ping_status":"closed","template":"","meta":{"om_disable_all_campaigns":false,"_monsterinsights_skip_tracking":false,"_monsterinsights_sitenote_active":false,"_monsterinsights_sitenote_note":"","_monsterinsights_sitenote_category":0},"product_brand":[],"product_cat":[822],"product_tag":[81,727,730,66,731,728,729],"class_list":{"0":"post-8979","1":"product","2":"type-product","3":"status-publish","4":"has-post-thumbnail","6":"product_cat-software-acceso","7":"product_tag-acceso-y-asistencia","8":"product_tag-cerraduras","9":"product_tag-commax-wulian","10":"product_tag-dahua","11":"product_tag-wejoin","12":"product_tag-yli","13":"product_tag-zkteco","15":"first","16":"instock","17":"sale","18":"taxable","19":"shipping-taxable","20":"purchasable","21":"product-type-simple"},"aioseo_notices":[],"_links":{"self":[{"href":"https:\/\/tecsecmty.com\/index.php\/wp-json\/wp\/v2\/product\/8979","targetHints":{"allow":["GET"]}}],"collection":[{"href":"https:\/\/tecsecmty.com\/index.php\/wp-json\/wp\/v2\/product"}],"about":[{"href":"https:\/\/tecsecmty.com\/index.php\/wp-json\/wp\/v2\/types\/product"}],"replies":[{"embeddable":true,"href":"https:\/\/tecsecmty.com\/index.php\/wp-json\/wp\/v2\/comments?post=8979"}],"version-history":[{"count":0,"href":"https:\/\/tecsecmty.com\/index.php\/wp-json\/wp\/v2\/product\/8979\/revisions"}],"wp:featuredmedia":[{"embeddable":true,"href":"https:\/\/tecsecmty.com\/index.php\/wp-json\/wp\/v2\/media\/8978"}],"wp:attachment":[{"href":"https:\/\/tecsecmty.com\/index.php\/wp-json\/wp\/v2\/media?parent=8979"}],"wp:term":[{"taxonomy":"product_brand","embeddable":true,"href":"https:\/\/tecsecmty.com\/index.php\/wp-json\/wp\/v2\/product_brand?post=8979"},{"taxonomy":"product_cat","embeddable":true,"href":"https:\/\/tecsecmty.com\/index.php\/wp-json\/wp\/v2\/product_cat?post=8979"},{"taxonomy":"product_tag","embeddable":true,"href":"https:\/\/tecsecmty.com\/index.php\/wp-json\/wp\/v2\/product_tag?post=8979"}],"curies":[{"name":"wp","href":"https:\/\/api.w.org\/{rel}","templated":true}]}}