{"id":898,"date":"2023-02-16T00:07:29","date_gmt":"2023-02-16T00:07:29","guid":{"rendered":"https:\/\/tecsecmty.com\/index.php\/producto\/dvr-8-megapixel-16-canales-turbohd-16-canales-ip-4-bahias-de-disco-duro-4-canales-de-audio-videoanalisis-16-entradas-de-alarma-arreglo-raid-soporta-pos\/"},"modified":"2023-03-22T23:20:46","modified_gmt":"2023-03-23T05:20:46","slug":"dvr-8-megapixel-16-canales-turbohd-16-canales-ip-4-bahias-de-disco-duro-4-canales-de-audio-videoanalisis-16-entradas-de-alarma-arreglo-raid-soporta-pos","status":"publish","type":"product","link":"https:\/\/tecsecmty.com\/index.php\/producto\/dvr-8-megapixel-16-canales-turbohd-16-canales-ip-4-bahias-de-disco-duro-4-canales-de-audio-videoanalisis-16-entradas-de-alarma-arreglo-raid-soporta-pos\/","title":{"rendered":"DVR 8 Megapixel \/ 16 Canales TURBOHD + 16 Canales IP \/ 4 Bahias de Disco Duro \/ 4 Canales de Audio \/ Videoanalisis \/ 16 Entradas de Alarma \/ Arreglo RAID \/ Soporta POS"},"content":{"rendered":"<div class=\"container\">\n<div class=\"row\">\n<div class=\"col-md-12\">\n<div class=\"row\">\n<div class=\"row\">\n<div class=\"col-md-12\">\n<h4 class=\"text-primary center info-text\" style=\"text-align: center\">Informaci\u00f3n de Producto<\/h4>\n<\/div>\n<\/div>\n<div class=\"row\" style=\"text-align: center\">\n<div class=\"col-md-12\">\n<h3>DVR 8 Megapixel \/ 16 Canales TURBOHD + 16 Canales IP \/ 4 Bah\u00edas de Disco Duro \/ 4 Canales de Audio \/ Videoanalisis \/ 16 Entradas de Alarma \/ Arreglo RAID \/ Soporta POS<\/h3>\n<\/div>\n<\/div>\n<div id=\"producto_container\" class=\"row\" style=\"text-align: center\">\n<div class=\"col-md-4\"><img decoding=\"async\" class=\"img-responsive center-block\" src=\"https:\/\/ftp3.syscom.mx\/usuarios\/fotos\/BancoFotografiasSyscom\/HIKVISION\/DS7316HUHIK4\/DS7316HUHIK4-p.PNG\" alt=\"DS-7316HUHI-K4\" \/><\/p>\n<div class=\"row\">\n<div id=\"galerias\" class=\"col-sm-12\"><\/div>\n<\/div>\n<\/div>\n<div class=\"col-md-4\">\n<div><img decoding=\"async\" class=\"img-responsive img-thumbnail\" src=\"https:\/\/ftp3.syscom.mx\/usuarios\/fotos\/logotipos\/hikvision.png\" \/><\/div>\n<div><img decoding=\"async\" class=\"icono_info_product\" src=\"https:\/\/ftp3.syscom.mx\/usuarios\/fotos\/disco-duro-recomendado.png\" \/><img decoding=\"async\" class=\"icono_info_product\" src=\"https:\/\/ftp3.syscom.mx\/usuarios\/ftp\/p2p_hikconnect\/p2p_hikconnect.png\" \/><img decoding=\"async\" class=\"icono_info_product\" src=\"https:\/\/ftp3.syscom.mx\/usuarios\/fotos\/compression\/compression.png\" \/><\/div>\n<div>\n<p>Modelo:\u00a0<span class=\"modelo-marca\">DS-7316HUHI-K4<\/span><\/p>\n<p>Marca:\u00a0<span class=\"modelo-marca\">HIKVISION<\/span><\/p>\n<\/div>\n<div><\/div>\n<\/div>\n<div class=\"col-md-4\">\n<div class=\"row\">\n<div class=\"col-md-12 default_padding_bottom\"><\/div>\n<\/div>\n<\/div>\n<\/div>\n<\/div>\n<div class=\"row \" style=\"text-align: center\">\n<div class=\"col-md-12\">\n<div class=\"row\">\n<h3 class=\"text-primary\">Especificaciones:<\/h3>\n<\/div>\n<div class=\"row well\">\n<p><img decoding=\"async\" class=\"fr-fic fr-dii\" src=\"http:\/\/ftp3.syscom.mx\/usuarios\/jdelafuente\/HIKVISION\/hikvision%20logo%20complete.png\" \/><\/p>\n<div><\/div>\n<p><strong>Caracter\u00edsticas principales:<\/strong><\/p>\n<ul>\n<li>Sistema Pentaibrido\u00a0( AHD \/ TVI \/ CVI \/ Anal\u00f3gico \/ IP).<\/li>\n<li>Compresi\u00f3n: H.265+ \/ H.265 \/ H.264+ \/ H.264.<\/li>\n<li>16 Canales de v\u00eddeo TURBOHD + 16\u00a0canales\u00a0IP =\u00a0 32\u00a0canales en total.<\/li>\n<li>4 Entradas de audio\u00a0\/ 2 salida de audio.<\/li>\n<li>16 Entradas de alarma \/ 4 salidas de alarma.<\/li>\n<li>1\u00a0Puertos de red gigabit.<\/li>\n<li>Capacidad para 4\u00a0discos duros SATA de hasta 10\u00a0TB ( 40\u00a0TB en total).<\/li>\n<li>Soporta arreglo de discos RAID: 0 \/ 1 \/ 5 \/ 6 \/ 10.<\/li>\n<li>Salidas de v\u00eddeo HDMI1 en 4K.<\/li>\n<li>Salida de video\u00a0VGA en Full HD.<\/li>\n<li>Salida de video BNC en resolucion 4 CIF independiente.<\/li>\n<li>Soporta Hik-Connect\u00a0(P2P).<\/li>\n<li>Soporta Hik-connect Domain \/\u00a0NO-IP \/\u00a0DynDNS (no soporta DDNS SYSCOM).<\/li>\n<li>Compatible con software cliente iVMS-4200 (Windows\/Mac) \/\u00a0Hik-Connect (Android, iPhone, iPad)<\/li>\n<li>Soporta COAXITRON para\u00a0PTZ ( no requiere cablear datos RS-485).<\/li>\n<li>Soporta POS (punto de venta).<\/li>\n<li>Soporta arreglo RAID (1,5,6,10).<\/li>\n<li>Compatible con gabinete met\u00e1lico GAB-VID2-R2.<\/li>\n<\/ul>\n<p>Para conectar los canales IP requiere utilizar un switch\/switch poe (no incluido<\/p>\n<p><strong>Canales de v\u00eddeo:<\/strong><\/p>\n<p>El DVR permite apagar canales de v\u00eddeo anal\u00f3gicas o TURBOHD y habilitar\u00a0canales de v\u00eddeo IP, podemos apagar todos los canales de v\u00eddeo anal\u00f3gicas o TURBOHD y poder agregar 32\u00a0canales de v\u00eddeo IP.<br \/>\nPor cada canal de v\u00eddeo anal\u00f3gico o TURBOHD permite habilitar un canal de v\u00eddeo IP.<\/p>\n<ul>\n<li>Tecnolog\u00eda CVI: 4 Megapixel \/ 1080p \/ 720p.<\/li>\n<li>Tecnolog\u00eda AHD: 5 Megapixel \/ 4 Megapixel \/ 1080p \/ 720p.<\/li>\n<li>Tecnolog\u00eda TURBOHD (TVI):\u00a0 8 Megapixel \/ 5 Megapixel \/ 4 Megapixel \/ 3 Megapixel \/ 1080p \/ 720p.<\/li>\n<li>Tecnolog\u00eda analogica (CVBS): 700 TVL en adelante.<\/li>\n<li>Tecnolog\u00eda IP: 8 Megepixel \/ 5 megapixel \/ 4 Megapixel \/ 3 Megapixel \/ 2 Megapixel \/ 1 Megapixel.<\/li>\n<\/ul>\n<p><strong>Caracter\u00edsticas f\u00edsicas y el\u00e9ctricas:\u00a0<\/strong><\/p>\n<ul>\n<li>Alimentacion \/ consumo: 100 a 240 Vca \/ 65\u00a0Watts (sin discos duros).<\/li>\n<li>Temperatura de operacion: -10\u00b0 a 55\u00b0 C.<\/li>\n<li>Dimensiones: 445\u00a0x 390 x 70 mm.<\/li>\n<li>Peso: 5\u00a0Kgs.<\/li>\n<li>Garantia: 3 a\u00f1os.<\/li>\n<\/ul>\n<div class=\"row\">\n<div class=\"col-sm-12\">\n<div><\/div>\n<\/div>\n<\/div>\n<p>&nbsp;<\/p>\n<h1><strong>Recursos<\/strong><\/h1>\n<p>&nbsp;<\/p>\n<div class=\"row default_margin_bottom\">\n<div class=\"col-sm-4\"><a href=\"https:\/\/www.hikvision.com\/es-la\/support\/download\/software\/ivms4200-series\/?q=serie%20ivms4200&amp;position=1\" target=\"_blank\" rel=\"noopener\"><img decoding=\"async\" class=\"img-responsive\" src=\"https:\/\/ftp3.syscom.mx\/usuarios\/gmagos\/HIK\/IP\/IPC\/Imagenes%20pagina\/Descargas%20IVMS4200.jpg\" \/><\/a><\/div>\n<div class=\"col-sm-4\"><a href=\"https:\/\/appstore.hikvision.com\/\" target=\"_blank\" rel=\"noopener\"><img decoding=\"async\" class=\"img-responsive\" src=\"https:\/\/ftp3.syscom.mx\/usuarios\/gmagos\/HIK\/IP\/IPC\/Imagenes%20pagina\/Descargas%20de%20app.jpg\" \/><\/a><\/div>\n<div class=\"col-sm-4\"><a href=\"https:\/\/ftp3.syscom.mx\/usuarios\/ftp\/2019\/08\/16\/d7515\/UD11848B%20Datasheet%20DS-7300HUHI-K4%20V4.2.0%2020180919%20(04-08-16).pdf\" target=\"_blank\" rel=\"noopener\"><img decoding=\"async\" class=\"img-responsive\" src=\"https:\/\/ftp3.syscom.mx\/usuarios\/gmagos\/HIK\/IP\/IPC\/Imagenes%20pagina\/Descarga%20de%20PDF.jpg\" \/><\/a><\/div>\n<\/div>\n<p>&nbsp;<\/p>\n<\/div>\n<\/div>\n<\/div>\n<\/div>\n<\/div>\n<\/div>\n<p><img decoding=\"async\" class=\"aligncenter\" src=\"https:\/\/tracker.metricool.com\/c3po.jpg?hash=95c94f37730bb8f54dd4308f1f878f9\" \/><\/p>\n","protected":false},"excerpt":{"rendered":"<p>Informaci\u00f3n de Producto DVR 8 Megapixel \/ 16 Canales TURBOHD + 16 Canales IP \/ 4 Bah\u00edas de Disco Duro \/ 4 Canales de Audio \/ Videoanalisis \/ 16 Entradas de Alarma \/ Arreglo RAID \/ Soporta POS Modelo:\u00a0DS-7316HUHI-K4 Marca:\u00a0HIKVISION Especificaciones: Caracter\u00edsticas principales: Sistema Pentaibrido\u00a0(&hellip;<\/p>\n","protected":false},"featured_media":1749,"comment_status":"open","ping_status":"closed","template":"","meta":{"om_disable_all_campaigns":false,"_monsterinsights_skip_tracking":false,"_monsterinsights_sitenote_active":false,"_monsterinsights_sitenote_note":"","_monsterinsights_sitenote_category":0},"product_brand":[],"product_cat":[56],"product_tag":[58,59,57],"class_list":{"0":"post-898","1":"product","2":"type-product","3":"status-publish","4":"has-post-thumbnail","6":"product_cat-videograbadoras-analogicas-turbohd-tvi-ahd-cvi","7":"product_tag-dvr","8":"product_tag-videograbadora","9":"product_tag-videograbadoras-analogicas-turbohd-tvi-ahd-cvi","11":"first","12":"instock","13":"taxable","14":"shipping-taxable","15":"product-type-simple"},"aioseo_notices":[],"_links":{"self":[{"href":"https:\/\/tecsecmty.com\/index.php\/wp-json\/wp\/v2\/product\/898","targetHints":{"allow":["GET"]}}],"collection":[{"href":"https:\/\/tecsecmty.com\/index.php\/wp-json\/wp\/v2\/product"}],"about":[{"href":"https:\/\/tecsecmty.com\/index.php\/wp-json\/wp\/v2\/types\/product"}],"replies":[{"embeddable":true,"href":"https:\/\/tecsecmty.com\/index.php\/wp-json\/wp\/v2\/comments?post=898"}],"version-history":[{"count":2,"href":"https:\/\/tecsecmty.com\/index.php\/wp-json\/wp\/v2\/product\/898\/revisions"}],"predecessor-version":[{"id":1750,"href":"https:\/\/tecsecmty.com\/index.php\/wp-json\/wp\/v2\/product\/898\/revisions\/1750"}],"wp:featuredmedia":[{"embeddable":true,"href":"https:\/\/tecsecmty.com\/index.php\/wp-json\/wp\/v2\/media\/1749"}],"wp:attachment":[{"href":"https:\/\/tecsecmty.com\/index.php\/wp-json\/wp\/v2\/media?parent=898"}],"wp:term":[{"taxonomy":"product_brand","embeddable":true,"href":"https:\/\/tecsecmty.com\/index.php\/wp-json\/wp\/v2\/product_brand?post=898"},{"taxonomy":"product_cat","embeddable":true,"href":"https:\/\/tecsecmty.com\/index.php\/wp-json\/wp\/v2\/product_cat?post=898"},{"taxonomy":"product_tag","embeddable":true,"href":"https:\/\/tecsecmty.com\/index.php\/wp-json\/wp\/v2\/product_tag?post=898"}],"curies":[{"name":"wp","href":"https:\/\/api.w.org\/{rel}","templated":true}]}}