{"id":8983,"date":"2023-02-23T22:34:20","date_gmt":"2023-02-24T04:34:20","guid":{"rendered":"https:\/\/tecsecmty.com\/index.php\/producto\/bosch-v_bissma100p-licencia-sma-para-bis-xaue-100p-por-12-meses-100-puntos-de-deteccion\/"},"modified":"2023-03-22T23:21:39","modified_gmt":"2023-03-23T05:21:39","slug":"bosch-v_bissma100p-licencia-sma-para-bis-xaue-100p-por-12-meses-100-puntos-de-deteccion","status":"publish","type":"product","link":"https:\/\/tecsecmty.com\/index.php\/producto\/bosch-v_bissma100p-licencia-sma-para-bis-xaue-100p-por-12-meses-100-puntos-de-deteccion\/","title":{"rendered":"BOSCH V_BISSMA100P- LICENCIA SMA PARA BIS-XAUE-100P POR 12 MESES\/ 100 PUNTOS DE DETECCION"},"content":{"rendered":"<h5 class=\"card-title text-center\">BIS-SMA-100P Licencia para BIS-XAUE-100P*, 1 a\u00f1o<\/h5>\n<p class=\"ql-align-justify\"><strong>Actualizaciones \u00fanicas y sin problemas<\/strong><\/p>\n<p class=\"ql-align-justify\"><strong>En la actualidad, la tecnolog\u00edas se mueve tan de prisa que resulta dif\u00edcil, incluso para los expertos, mantener el ritmo. Para ayudar a los clientes a mantener el mejor sistema posible, Bosch presenta un Contrato de mantenimiento de software (SMA).<\/strong>\u00a0Este servicio es una forma exclusiva de mantener cualquier sistema de Bosch funcionando a su m\u00e1ximo rendimiento. Incluye actualizaciones de software y de compatibilidad para el sistema, as\u00ed como distintas aplicaciones adicionales.\u00a0<strong>Gracias a las actualizaciones peri\u00f3dicas del software, el sistema se mantiene al d\u00eda y a la altura de sus necesidades, lo cual garantiza el mejor funcionamiento posible.<\/strong>\u00a0Decidirse por un Contrato de mantenimiento de software de Bosch significa el funcionamiento \u00f3ptimo a\u00f1o tras a\u00f1o.<\/p>\n<p class=\"ql-align-justify\"><strong>Descripci\u00f3n del sistema<\/strong><\/p>\n<p class=\"ql-align-justify\"><strong>Motivos para adquirir un Contrato de mantenimiento de software Las ventajas son interesantes:<\/strong><\/p>\n<p class=\"ql-align-justify\"><strong>Acceda siempre a las mejoras m\u00e1s recientes en el software<\/strong><\/p>\n<p class=\"ql-align-justify\">Para mantener su sistema de seguridad en su m\u00e1ximo rendimiento y garantizar el acceso continuo a funciones nuevas, el Contrato de mantenimiento de software de Bosch le brinda acceso a las versiones principales y menores, as\u00ed como a todas las actualizaciones de software y de compatibilidad con terceros.<\/p>\n<p class=\"ql-align-justify\"><strong>Prevenir problemas cr\u00edticos para el funcionamiento<\/strong><\/p>\n<p class=\"ql-align-justify\">Debido a la evoluci\u00f3n continua de las plataformas y la compatibilidad de versiones, las actualizaciones peri\u00f3dicas son cruciales. El Contrato de mantenimiento de software de Bosch garantiza una forma sencilla y rentable de que el sistema est\u00e9 listo para gestionar m\u00f3dulos funcionales nuevos o adicionales.<\/p>\n<p class=\"ql-align-justify\"><strong>Gane en tranquilidad<\/strong><\/p>\n<p class=\"ql-align-justify\">Con un socio como Bosch y sus Contratos de mantenimiento de software, puede estar tranquilo sabiendo que ha hecho todo lo posible por asegurarse de que su sistema de seguridad de Bosch funciona de forma \u00f3ptima con el tiempo m\u00ednimo de inactividad.<\/p>\n<p class=\"ql-align-justify\"><strong>C\u00f3mo funciona un Contrato de mantenimiento de software de Bosch<\/strong><\/p>\n<p class=\"ql-align-justify\"><strong>Al adquirir un sistema BIS, el mantenimiento del software es gratuito durante el primer a\u00f1o, como parte de la adquisici\u00f3n de la licencia inicial. Un SMA es una extensi\u00f3n de este mantenimiento durante un a\u00f1o o tres a\u00f1os<\/strong>.<strong>\u00a0El SMA se puede ampliar en intervalos de uno o tres a\u00f1os, seg\u00fan sea necesario.<\/strong>\u00a0Esto incluye las actualizaciones del software de BIS con licencia, as\u00ed como las actualizaciones de compatibilidad de terceros. Es muy recomendable adquirir un SMA inmediatamente para garantizar el mejor funcionamiento posible del sistema a\u00f1o tras a\u00f1o.<\/p>\n<p class=\"ql-align-justify\"><strong>Notas de configuraci\u00f3n\/instalaci\u00f3n<\/strong><\/p>\n<p class=\"ql-align-justify\"><strong>Paquetes de SMA f\u00e1ciles y flexibles<\/strong><\/p>\n<p class=\"ql-align-justify\">Elija entre un per\u00edodo de cobertura de 1 a\u00f1o o 3 a\u00f1os, para disfrutar de la m\u00e1xima flexibilidad.<\/p>\n<p class=\"ql-align-justify\"><strong>Nota: BIS-SMA-100P Licencia para BIS-XAUE-100P*, 1 a\u00f1o<\/strong><\/p>\n<p class=\"ql-align-justify\"><strong>Contrato de servicio y mantenimiento (SMA) de 1 a\u00f1o para 100 puntos de detecci\u00f3n adicionales para BIS AUE.<\/strong><\/p>\n<p class=\"ql-align-justify\"><strong>N\u00famero de pedido: BIS-SMA-100P.<\/strong><\/p>\n<p class=\"ql-align-justify\"><strong>Principales caracter\u00edsticas<\/strong><\/p>\n<ul>\n<li class=\"ql-align-justify\">Mantenga el rendimiento de su sistema.<\/li>\n<li class=\"ql-align-justify\">Mant\u00e9ngase al ritmo de los avances m\u00e1s recientes en seguridad de datos y sistemas operativos.<\/li>\n<li class=\"ql-align-justify\">Consiga el m\u00e1ximo retorno para su inversi\u00f3n en hardware.<\/li>\n<li class=\"ql-align-justify\">Actualizaciones de software regulares disponibles.<\/li>\n<\/ul>\n<p class=\"ql-align-justify\"><strong>Especificaciones<\/strong><\/p>\n<p class=\"ql-align-justify\"><strong>Requisitos t\u00e9cnicos m\u00ednimos para iniciar sesi\u00f3n o para un servidor de conexi\u00f3n a Servidores<\/strong><\/p>\n<p class=\"ql-align-justify\">Sistemas operativos compatibles (en modo aut\u00f3nomo o cliente\/ servidor). Las instalaciones de BIS en otros sistemas operativos pueden funcionar pero est\u00e1n totalmente sin garant\u00eda.<\/p>\n<ul>\n<li class=\"ql-align-justify\">Windows 7 SP1 (32 o 64 bits, Pro, Enterprise).<\/li>\n<li class=\"ql-align-justify\">Windows Server 2008 R2 SP1 (64 bits, Standard, Datacenter).<\/li>\n<li class=\"ql-align-justify\">Windows 8.1 (64 bits, Pro, Enterprise).<\/li>\n<li class=\"ql-align-justify\">Windows Server 2012 R2 (64 bits, Standard, Datacenter).<\/li>\n<li class=\"ql-align-justify\">Windows Server 2016 (64 bits, Standard, Datacenter).<\/li>\n<li class=\"ql-align-justify\">Windows 10 Enterprise LTSB (64 bits).<\/li>\n<li class=\"ql-align-justify\">Nota: La base de datos predeterminada que se suministra con esta versi\u00f3n de BIS es SQL Server 2014 SP1 Express Edition con servicios avanzados.<\/li>\n<\/ul>\n<p class=\"ql-align-justify\"><strong>Servidores<\/strong><\/p>\n<ul>\n<li class=\"ql-align-justify\">En Windows 10: .NET 3.51 y .NET 4.6.1 (incluye .NET 4.0).<\/li>\n<li class=\"ql-align-justify\">Se recomienda disponer de los controladores y las actualizaciones de sistema operativo m\u00e1s recientes.<\/li>\n<\/ul>\n<p class=\"ql-align-justify\"><strong>Requisitos m\u00ednimos de hardware.<\/strong><\/p>\n<ul>\n<li class=\"ql-align-justify\">Procesador Intel i5 con al menos 4 n\u00facleos f\u00edsicos.<\/li>\n<li class=\"ql-align-justify\">8 GB RAM (32 GB recomendados).<\/li>\n<li class=\"ql-align-justify\">200 GB de espacio libre en el disco duro.<\/li>\n<li class=\"ql-align-justify\">Adaptador gr\u00e1fico con.<\/li>\n<li class=\"ql-align-justify\">256 MB RAM.<\/li>\n<li class=\"ql-align-justify\">Una resoluci\u00f3n de 1280&#215;1024 .<\/li>\n<li class=\"ql-align-justify\">Al menos 32 000 colores.<\/li>\n<li class=\"ql-align-justify\">OpenGL\u00ae 2.1 y DirectX\u00ae 11.<\/li>\n<li class=\"ql-align-justify\">Tarjeta Ethernet de 1 Gbit\/s.<\/li>\n<li class=\"ql-align-justify\">Una interfaz USB libre o unidad compartida en red para archivos de instalaci\u00f3n.<\/li>\n<\/ul>\n<p class=\"ql-align-justify\"><strong>Requisitos t\u00e9cnicos m\u00ednimos para un ordenador cliente<\/strong><\/p>\n<p class=\"ql-align-justify\"><strong>Clientes\u00a0<\/strong><\/p>\n<p class=\"ql-align-justify\">Sistemas operativos compatibles (en modo aut\u00f3nomo o cliente\/ servidor). Las instalaciones de BIS en otros sistemas operativos pueden funcionar pero est\u00e1n totalmente sin garant\u00eda.<\/p>\n<ul>\n<li class=\"ql-align-justify\">Windows 7 SP1 (32 o 64 bits, Pro, Enterprise).<\/li>\n<li class=\"ql-align-justify\">Windows Server 2008 R2 SP1 (64 bits, Standard, Datacenter).<\/li>\n<li class=\"ql-align-justify\">Windows 8.1 (32 o 64 bits, Pro, Enterprise).<\/li>\n<li class=\"ql-align-justify\">Windows Server 2012 R2 (64 bits, Standard, Datacenter).<\/li>\n<li class=\"ql-align-justify\">Windows Server 2016 (64 bits, Standard, Datacenter) .<\/li>\n<li class=\"ql-align-justify\">Windows 10 (32 o 64 bits, Pro o Enterprise LTSB).<\/li>\n<li class=\"ql-align-justify\">Nota: con una edici\u00f3n Pro, las actualizaciones deben postergarse hasta 8 meses despu\u00e9s de la publicaci\u00f3n de la versi\u00f3n BIS. Para obtener m\u00e1s informaci\u00f3n, consulte la p\u00e1gina de Microsoft Technet en https:\/\/ technet.microsoft.com\/en-us\/itpro\/windows\/ manage\/introduction-to-windows-10- -servicing.<\/li>\n<\/ul>\n<p class=\"ql-align-justify\"><strong>Requisitos m\u00ednimos de hardware\u00a0<\/strong><\/p>\n<ul>\n<li class=\"ql-align-justify\">Intel i5 o superior.<\/li>\n<li class=\"ql-align-justify\">8 GB RAM (16 GB recomendados).<\/li>\n<li class=\"ql-align-justify\">20 GB de espacio libre en el disco duro.<\/li>\n<li class=\"ql-align-justify\">Adaptador gr\u00e1fico con.<\/li>\n<li class=\"ql-align-justify\">256 MB RAM,.<\/li>\n<li class=\"ql-align-justify\">Una resoluci\u00f3n de 1280&#215;1024.<\/li>\n<li class=\"ql-align-justify\">Al menos 32 000 colores.<\/li>\n<li class=\"ql-align-justify\">OpenGL\u00ae 2.1 y DirectX\u00ae 11.<\/li>\n<li class=\"ql-align-justify\">Tarjeta Ethernet de 100 Mbit\/s.<\/li>\n<\/ul>\n<p class=\"ql-align-justify\"><strong>Requisitos m\u00ednimos adicionales para clientes de VIE (Video Engine)<\/strong><\/p>\n<ul>\n<li class=\"ql-align-justify\">Ning\u00fan sistema operativo Windows Server.<\/li>\n<li class=\"ql-align-justify\">Procesador Intel i5 o superior.<\/li>\n<li class=\"ql-align-justify\">Para secuencia de c\u00e1maras, matriz virtual o vista m\u00faltiple, agregar 4 GB de RAM.<\/li>\n<li class=\"ql-align-justify\">Es muy recomendable disponer de los controladores de v\u00eddeo m\u00e1s recientes. Utilice la herramienta dxdiag de Windows para comprobar que los controladores no tengan m\u00e1s de 1 a\u00f1o de antig\u00fcedad.<\/li>\n<\/ul>\n<p><img decoding=\"async\" class=\"overview-center-img- aligncenter\" src=\"https:\/\/tvc.mx\/media\/16164\/Logoopaginas-oficial.png\" alt=\"\" \/><\/p>\n","protected":false},"excerpt":{"rendered":"<p>BIS-SMA-100P Licencia para BIS-XAUE-100P*, 1 a\u00f1o Actualizaciones \u00fanicas y sin problemas En la actualidad, la tecnolog\u00edas se mueve tan de prisa que resulta dif\u00edcil, incluso para los expertos, mantener el ritmo. Para ayudar a los clientes a mantener el mejor sistema posible, Bosch presenta un&hellip;<\/p>\n","protected":false},"featured_media":8982,"comment_status":"open","ping_status":"closed","template":"","meta":{"om_disable_all_campaigns":false,"_monsterinsights_skip_tracking":false,"_monsterinsights_sitenote_active":false,"_monsterinsights_sitenote_note":"","_monsterinsights_sitenote_category":0},"product_brand":[],"product_cat":[822],"product_tag":[81,727,730,66,731,728,729],"class_list":{"0":"post-8983","1":"product","2":"type-product","3":"status-publish","4":"has-post-thumbnail","6":"product_cat-software-acceso","7":"product_tag-acceso-y-asistencia","8":"product_tag-cerraduras","9":"product_tag-commax-wulian","10":"product_tag-dahua","11":"product_tag-wejoin","12":"product_tag-yli","13":"product_tag-zkteco","15":"first","16":"instock","17":"sale","18":"taxable","19":"shipping-taxable","20":"purchasable","21":"product-type-simple"},"aioseo_notices":[],"_links":{"self":[{"href":"https:\/\/tecsecmty.com\/index.php\/wp-json\/wp\/v2\/product\/8983","targetHints":{"allow":["GET"]}}],"collection":[{"href":"https:\/\/tecsecmty.com\/index.php\/wp-json\/wp\/v2\/product"}],"about":[{"href":"https:\/\/tecsecmty.com\/index.php\/wp-json\/wp\/v2\/types\/product"}],"replies":[{"embeddable":true,"href":"https:\/\/tecsecmty.com\/index.php\/wp-json\/wp\/v2\/comments?post=8983"}],"version-history":[{"count":0,"href":"https:\/\/tecsecmty.com\/index.php\/wp-json\/wp\/v2\/product\/8983\/revisions"}],"wp:featuredmedia":[{"embeddable":true,"href":"https:\/\/tecsecmty.com\/index.php\/wp-json\/wp\/v2\/media\/8982"}],"wp:attachment":[{"href":"https:\/\/tecsecmty.com\/index.php\/wp-json\/wp\/v2\/media?parent=8983"}],"wp:term":[{"taxonomy":"product_brand","embeddable":true,"href":"https:\/\/tecsecmty.com\/index.php\/wp-json\/wp\/v2\/product_brand?post=8983"},{"taxonomy":"product_cat","embeddable":true,"href":"https:\/\/tecsecmty.com\/index.php\/wp-json\/wp\/v2\/product_cat?post=8983"},{"taxonomy":"product_tag","embeddable":true,"href":"https:\/\/tecsecmty.com\/index.php\/wp-json\/wp\/v2\/product_tag?post=8983"}],"curies":[{"name":"wp","href":"https:\/\/api.w.org\/{rel}","templated":true}]}}