{"id":9001,"date":"2023-02-23T22:34:54","date_gmt":"2023-02-24T04:34:54","guid":{"rendered":"https:\/\/tecsecmty.com\/index.php\/producto\/bosch-v_bisxace32dr45-licencia-para-32-puertas-con-bis-version-45\/"},"modified":"2023-03-22T23:21:40","modified_gmt":"2023-03-23T05:21:40","slug":"bosch-v_bisxace32dr45-licencia-para-32-puertas-con-bis-version-45","status":"publish","type":"product","link":"https:\/\/tecsecmty.com\/index.php\/producto\/bosch-v_bisxace32dr45-licencia-para-32-puertas-con-bis-version-45\/","title":{"rendered":"BOSCH V_BISXACE32DR45- LICENCIA PARA 32 PUERTAS CON BIS VERSION 45"},"content":{"rendered":"<h5 class=\"card-title text-center\">BIS-XACE-32DR45 Licencia para 32 puertas<\/h5>\n<p class=\"ql-align-justify\">El control de acceso se ha convertido en uno de los m\u00e1s actuales, tecnolog\u00edas importantes para aumentar la seguridad de personas, bienes y bienes. El motor de acceso BIS y sofisticados productos de controlador proporcionan una amplia gama de funciones de control de acceso.<\/p>\n<p class=\"ql-align-justify\">Combine el paquete b\u00e1sico de Access Engine con caracter\u00edsticas opcionales para construir un control de acceso personalizado sistema que satisface sus necesidades. Luego usa el edificio<\/p>\n<p class=\"ql-align-justify\">Software de sistema de integraci\u00f3n para integrar el acceso Motor con su intrusi\u00f3n y seguridad de video equipo.<\/p>\n<p class=\"ql-align-justify\"><strong>Resumen del sistema<\/strong><\/p>\n<p class=\"ql-align-justify\">El software Access Engine (ACE), junto con Hardware de acceso de Bosch, es un control de acceso completo sistema dentro del Building Integration System (BIS). Eso abarca todas las caracter\u00edsticas esenciales de cualquier sistema de control de acceso independiente, adem\u00e1s de una amplia gama de mejoras opcionales.<\/p>\n<p class=\"ql-align-justify\">Al igual que los otros motores BIS, el ACE se llena ventaja de todas las caracter\u00edsticas adicionales de BIS, como mapas de ubicaci\u00f3n interactivos y planes de acci\u00f3n para Potente gesti\u00f3n de alarmas totalmente integrada. Alarma se pueden mostrar mensajes y eventos de control de acceso con informaci\u00f3n gr\u00e1fica de ubicaci\u00f3n y flujo de trabajo instrucciones.<\/p>\n<p class=\"ql-align-justify\">ACE utiliza las interfaces de usuario BIS est\u00e1ndar y sus Flexibilidad de personalizaci\u00f3n. Adem\u00e1s, ACE ofrece interfaces de configuraci\u00f3n de acceso espec\u00edficas para titulares de tarjetas, hardware de acceso y reglas de acceso.<\/p>\n<p class=\"ql-align-justify\">El principal beneficio del Building Integration System la familia es la integraci\u00f3n de una amplia variedad de seguridad y sistemas de seguridad en las mismas instalaciones. Por combinando ACE con otros motores BIS (p. ej. Automatizaci\u00f3n y video) puedes dise\u00f1ar seguridad inteligente<\/p>\n<p class=\"ql-align-justify\">soluciones adaptadas exactamente a los requisitos de su oferta.<\/p>\n<p class=\"ql-align-justify\">Access Engine se ejecuta en una \u00fanica estaci\u00f3n de trabajo, en un sistema cliente-servidor, o dentro de un sistema distribuido entorno con un servidor central y local o regional<\/p>\n<p class=\"ql-align-justify\">servidores. En el entorno multiservidor distribuido todos los dispositivos, los titulares de tarjetas y las autorizaciones se pueden gestionar desde el servidor de nivel superior.<\/p>\n<p class=\"ql-align-justify\"><strong>Funciones b\u00e1sicas<\/strong><\/p>\n<p class=\"ql-align-justify\"><strong>El paquete b\u00e1sico de Access Engine, en combinaci\u00f3n con los controladores de acceso AMC ofrecen las siguientes caracter\u00edsticas:<\/strong><\/p>\n<ul>\n<li class=\"ql-align-justify\">Una amplia gama de modelos de puertas de plantilla intuitivos. permitiendo una configuraci\u00f3n de hardware r\u00e1pida y f\u00e1cil (p. ej. puerta est\u00e1ndar, torniquete, ascensor con tiempo y lectores de asistencia, etc.).<\/li>\n<li class=\"ql-align-justify\">El di\u00e1logo de configuraci\u00f3n del modelo de puerta genera un cableado plan para el instalador de hardware.<\/li>\n<li class=\"ql-align-justify\">Activaci\u00f3n sobre la marcha del lector y el titular de la tarjeta. configuraciones en los controladores de acceso.<\/li>\n<li class=\"ql-align-justify\">Modelos de tiempo para el control de acceso basado en el tiempo, incluidos la definici\u00f3n de d\u00edas especiales, p\u00fablico recurrente vacaciones, etc.<\/li>\n<li class=\"ql-align-justify\">Modelos de tiempo para la activaci\u00f3n \/ desactivaci\u00f3n autom\u00e1tica de cuentas de titulares de tarjetas, como reglas de acceso, c\u00f3digos PIN etc.<\/li>\n<li class=\"ql-align-justify\">Modelos de tiempo para la activaci\u00f3n \/ desactivaci\u00f3n autom\u00e1tica de configuraciones del sistema, como configurar la puerta de una oficina para que permanezca desbloqueado de 9 a.m. a 5 p.m.<\/li>\n<li class=\"ql-align-justify\">C\u00f3digo PIN adicional para armar \/ desarmar intrusos alarmas.<\/li>\n<li class=\"ql-align-justify\">Bloqueo \/ desbloqueo temporal de titulares de tarjetas, ya sea de forma manual o controlada por tiempo.<\/li>\n<li class=\"ql-align-justify\">Lista negra de tarjetas.<\/li>\n<li class=\"ql-align-justify\">Campos de entrada definibles por el usuario para suplementarios informaci\u00f3n del titular de la tarjeta.<\/li>\n<li class=\"ql-align-justify\">Anti-passback.<\/li>\n<li class=\"ql-align-justify\">Equilibrio del \u00e1rea de acceso, incluida la secuencia de acceso la comprobaci\u00f3n proporciona un medio para limitar el n\u00famero de personas en un \u00e1rea determinada, armado \/ desarmado autom\u00e1tico si el \u00e1rea est\u00e1 vac\u00eda \/ no vac\u00eda y genera una lista de generaci\u00f3n.<\/li>\n<li class=\"ql-align-justify\">La autorizaci\u00f3n de N-personas otorgar\u00e1 acceso en una puerta solo cuando un n\u00famero definido (N) de autorizado los titulares de tarjetas presentan sus tarjetas de identificaci\u00f3n a un lector configurado correspondientemente. El ajuste puede hacerse lector por lector, y de 2 a N (sin l\u00edmite) personas.<\/li>\n<li class=\"ql-align-justify\">Funci\u00f3n de mantrap para manejar dos puertas que cooperan con dos pares de lectores; recomendado para alta niveles de seguridad, p. entradas a salas de servidores o departamentos de investigaci\u00f3n.<\/li>\n<li class=\"ql-align-justify\">Nuevo: tour de guardia mejorado: una patrulla de vanguardia sistema de seguimiento utilizando lectores de control de acceso existentes, secuencia de acceso y verificaci\u00f3n de tiempo de acceso. Ninguna La violaci\u00f3n de la secuencia de patrulla o el tiempo causa una alarma, que luego es rastreada por el sofisticado BIS Funciones de gesti\u00f3n de alarmas. Los informes del recorrido de la guardia pueden generarse a partir del registro de eventos BIS.<\/li>\n<li class=\"ql-align-justify\">Funci\u00f3n de detecci\u00f3n aleatoria: los titulares de tarjetas acceden o salir del sitio se puede detener a intervalos aleatorios y dirigido al personal de seguridad para m\u00e1s cerca inspecci\u00f3n. Las tarjetas que pertenecen a los \u00abVIP\u00bb designados pueden ser excluido de la detecci\u00f3n aleatoria.<\/li>\n<li class=\"ql-align-justify\">Gesti\u00f3n de visitantes: se pueden rastrear las tarjetas de los visitantes y manejado por separado en cuanto a su validez per\u00edodos y la posible necesidad de una escolta.<\/li>\n<li class=\"ql-align-justify\">Interfaz para armar \/ desarmar un IDS (Intrusi\u00f3n Sistema de detecci\u00f3n) incluyendo manejo de autorizaci\u00f3n y asignaci\u00f3n de tarjeta.<\/li>\n<li class=\"ql-align-justify\">Interfaz de elevador para controlar hasta 64 pisos a trav\u00e9s de un lector de tarjetas interno de elevador, y para la asignaci\u00f3n de autorizaciones de piso a titulares de tarjetas.<\/li>\n<li class=\"ql-align-justify\">Interfaz para importar datos de personal desde un HR sistema o exportando dicha informaci\u00f3n de ACE a tal sistema.<\/li>\n<li class=\"ql-align-justify\">Nuevo: personalizaci\u00f3n de tarjeta mejorada para importar im\u00e1genes de titulares de tarjetas y creaci\u00f3n de corporativos personalizados dise\u00f1os de placa imprimibles en impresoras de tarjetas est\u00e1ndar.<\/li>\n<li class=\"ql-align-justify\">Una funci\u00f3n de enrutamiento para garantizar que el personal siga rutas prescritas dentro de las instalaciones.<\/li>\n<li class=\"ql-align-justify\">Funci\u00f3n de desbloqueo remoto de la puerta, p. haciendo clic en unicono en un mapa de ubicaci\u00f3n interactivo de BIS.<\/li>\n<li class=\"ql-align-justify\">Creaci\u00f3n de \u00e1reas l\u00f3gicas, p. habitaciones individuales, grupos de habitaciones, pisos enteros o estacionamientos, a los que especial Se pueden asignar puntos de control de acceso.<\/li>\n<li class=\"ql-align-justify\">La capacidad de limitar el n\u00famero de personas o autom\u00f3viles accediendo a un \u00e1rea l\u00f3gica.<\/li>\n<li class=\"ql-align-justify\">Capacidad completa de archivo y restauraci\u00f3n para datos del sistema.<\/li>\n<li class=\"ql-align-justify\">Potente arquitectura cliente \/ servidor basada en el BIS servidor.<\/li>\n<li class=\"ql-align-justify\">La capacidad de personalizar el administrador de software derechos, si es necesario, di\u00e1logo por di\u00e1logo.<\/li>\n<li class=\"ql-align-justify\">Gesti\u00f3n flexible de alarmas para una amplia gama de alarmas. condiciones (por ejemplo, acceso denegado, detecci\u00f3n de manipulaci\u00f3n, placa negra, alarma de coacci\u00f3n, etc.) opcionalmente combinable con funciones BIS como interactiva mapas de ubicaci\u00f3n y planes de acci\u00f3n.<\/li>\n<li class=\"ql-align-justify\">Utilizaci\u00f3n de la familia de controladores de Bosch digital, E \/ S monitoreadas para control y monitoreo adicionales funciones, incluida la detecci\u00f3n de intrusos y manipulaciones.<\/li>\n<li class=\"ql-align-justify\">F\u00e1cil integraci\u00f3n con video de Bosch o de terceros sistemas como conmutadores matriciales, DVR, c\u00e1maras IP etc.<\/li>\n<li class=\"ql-align-justify\">Registro detallado de eventos de acceso y alarmas para legal.<\/li>\n<li class=\"ql-align-justify\">Soporte para hasta cuatro formatos de tarjeta Wiegand diferentes simultaneamente..<\/li>\n<li class=\"ql-align-justify\">Ayuda integral en l\u00ednea..<\/li>\n<li class=\"ql-align-justify\">Cambio masivo de datos para autorizaciones y otros datos.<\/li>\n<\/ul>\n<p class=\"ql-align-justify\"><strong>Verificaci\u00f3n de v\u00eddeo<\/strong><\/p>\n<p class=\"ql-align-justify\">La verificaci\u00f3n de v\u00eddeo extiende el nivel de seguridad de su Sistema de control de acceso mediante tecnolog\u00eda de video. Cuando un lector est\u00e1 en modo de verificaci\u00f3n de video, el titular de la tarjeta est\u00e1 no admitido directamente. En cambio, el lector realiza un solicitud de entrada que aparece como mensaje en la pantalla del operador.<\/p>\n<p class=\"ql-align-justify\">Un plan de acci\u00f3n (ver accesorios opcionales BIS) muestra el operador la imagen del titular de la tarjeta tal como est\u00e1 almacenada en el base de datos ACE junto con una imagen en vivo de un<\/p>\n<p class=\"ql-align-justify\">c\u00e1mara cerca de la entrada \/ lector que envi\u00f3 el solicitud. El operador compara ambas im\u00e1genes y<\/p>\n<p class=\"ql-align-justify\">decide si abrir o no la puerta.<\/p>\n<p class=\"ql-align-justify\"><strong>Gesti\u00f3n de estacionamientos<\/strong><\/p>\n<p class=\"ql-align-justify\">Esta caracter\u00edstica permite la definici\u00f3n y el uso de la puerta. modelo de \u00abestacionamiento\u00bb que contiene el control de dos barreras de entrada y salida y sus sem\u00e1foros, que impiden el acceso cuando el lote ha alcanzado maxima capacidad.<\/p>\n<p class=\"ql-align-justify\">Cada estacionamiento se puede dividir en \u00e1reas l\u00f3gicas, con un n\u00famero m\u00e1ximo de autos definidos para cada uno. Autorizaci\u00f3n para pasar la barrera y estacionar de forma l\u00f3gica \u00e1rea se puede asignar a los titulares de tarjetas en el est\u00e1ndar di\u00e1logos el equilibrio de carga de los estacionamientos tambi\u00e9n es posible, con la informaci\u00f3n de capacidad actual mostrada<\/p>\n<p class=\"ql-align-justify\">en la pantalla del operador. Balanceo de carga de carros (estacionamientos) y personas (\u00e1reas de acceso) se maneja por separado, para que sea posible rastrear la ubicaci\u00f3n<\/p>\n<p class=\"ql-align-justify\">tanto del titular de la tarjeta como del autom\u00f3vil simult\u00e1neamente.<\/p>\n<p class=\"ql-align-justify\"><strong>Notas de instalaci\u00f3n \/ configuraci\u00f3n<\/strong><\/p>\n<p class=\"ql-align-justify\"><strong>Access Engine en cifras<\/strong><\/p>\n<p class=\"ql-align-justify\">Max. N\u00famero de tarjetas activas por controlador: 200,000.<\/p>\n<p class=\"ql-align-justify\">Max. cantidad de lectores por servidor: 10,000.<\/p>\n<p class=\"ql-align-justify\">Max. cantidad de MAC (acceso maestro Controladores) por servidor: 40.<\/p>\n<p class=\"ql-align-justify\">Max. cantidad de autorizaciones de acceso por MAC: 1000.<\/p>\n<p class=\"ql-align-justify\"><strong>El motor se puede pedir de dos maneras:<\/strong><\/p>\n<ul>\n<li class=\"ql-align-justify\">Como parte integral de una configuraci\u00f3n inicial de BIS, en en cuyo caso se ordena junto con un BIS b\u00e1sico licencia.<\/li>\n<li class=\"ql-align-justify\">Como una mejora a una configuraci\u00f3n BIS existente.<\/li>\n<\/ul>\n<p class=\"ql-align-justify\"><strong>Nota: BIS-XACE-32DR45 Licencia para 32 puertas<\/strong><\/p>\n<p class=\"ql-align-justify\"><strong>Licencia para 32 puertas adicionales BIS ACE.<\/strong><\/p>\n<p class=\"ql-align-justify\"><strong>N\u00famero de pedido: BIS-XACE-32DR45.<\/strong><\/p>\n<p class=\"ql-align-justify\"><strong>Principales caracter\u00edsticas<\/strong><\/p>\n<ul>\n<li class=\"ql-align-justify\">Sistema de control de acceso distribuido con gr\u00e1ficos. gesti\u00f3n de alarmas.<\/li>\n<li class=\"ql-align-justify\">Integraci\u00f3n e interacci\u00f3n perfecta con video, sistemas de incendio, intrusi\u00f3n y PA \/ VA a trav\u00e9s de lo com\u00fan Plataforma BIS Alta resistencia gracias a un sistema de 4 niveles y arquitectura y redundancia de componentes cr\u00edticos.<\/li>\n<li class=\"ql-align-justify\">Integraci\u00f3n de productos de terceros a trav\u00e9s de Open protocolos y SDK.<\/li>\n<li class=\"ql-align-justify\">Proceso de inscripci\u00f3n eficiente que hace la incorporaci\u00f3n m\u00e1s r\u00e1pido y m\u00e1s seguro.<\/li>\n<\/ul>\n<p><img decoding=\"async\" class=\"overview-center-img-web\" src=\"https:\/\/tvc.mx\/media\/32630\/Logoopaginas-oficial-1920x400.png\" alt=\"\" \/><\/p>\n","protected":false},"excerpt":{"rendered":"<p>BIS-XACE-32DR45 Licencia para 32 puertas El control de acceso se ha convertido en uno de los m\u00e1s actuales, tecnolog\u00edas importantes para aumentar la seguridad de personas, bienes y bienes. El motor de acceso BIS y sofisticados productos de controlador proporcionan una amplia gama de funciones&hellip;<\/p>\n","protected":false},"featured_media":9000,"comment_status":"open","ping_status":"closed","template":"","meta":{"om_disable_all_campaigns":false,"_monsterinsights_skip_tracking":false,"_monsterinsights_sitenote_active":false,"_monsterinsights_sitenote_note":"","_monsterinsights_sitenote_category":0},"product_brand":[],"product_cat":[822],"product_tag":[81,727,730,66,731,728,729],"class_list":{"0":"post-9001","1":"product","2":"type-product","3":"status-publish","4":"has-post-thumbnail","6":"product_cat-software-acceso","7":"product_tag-acceso-y-asistencia","8":"product_tag-cerraduras","9":"product_tag-commax-wulian","10":"product_tag-dahua","11":"product_tag-wejoin","12":"product_tag-yli","13":"product_tag-zkteco","15":"first","16":"instock","17":"sale","18":"taxable","19":"shipping-taxable","20":"purchasable","21":"product-type-simple"},"aioseo_notices":[],"_links":{"self":[{"href":"https:\/\/tecsecmty.com\/index.php\/wp-json\/wp\/v2\/product\/9001","targetHints":{"allow":["GET"]}}],"collection":[{"href":"https:\/\/tecsecmty.com\/index.php\/wp-json\/wp\/v2\/product"}],"about":[{"href":"https:\/\/tecsecmty.com\/index.php\/wp-json\/wp\/v2\/types\/product"}],"replies":[{"embeddable":true,"href":"https:\/\/tecsecmty.com\/index.php\/wp-json\/wp\/v2\/comments?post=9001"}],"version-history":[{"count":0,"href":"https:\/\/tecsecmty.com\/index.php\/wp-json\/wp\/v2\/product\/9001\/revisions"}],"wp:featuredmedia":[{"embeddable":true,"href":"https:\/\/tecsecmty.com\/index.php\/wp-json\/wp\/v2\/media\/9000"}],"wp:attachment":[{"href":"https:\/\/tecsecmty.com\/index.php\/wp-json\/wp\/v2\/media?parent=9001"}],"wp:term":[{"taxonomy":"product_brand","embeddable":true,"href":"https:\/\/tecsecmty.com\/index.php\/wp-json\/wp\/v2\/product_brand?post=9001"},{"taxonomy":"product_cat","embeddable":true,"href":"https:\/\/tecsecmty.com\/index.php\/wp-json\/wp\/v2\/product_cat?post=9001"},{"taxonomy":"product_tag","embeddable":true,"href":"https:\/\/tecsecmty.com\/index.php\/wp-json\/wp\/v2\/product_tag?post=9001"}],"curies":[{"name":"wp","href":"https:\/\/api.w.org\/{rel}","templated":true}]}}