{"id":901,"date":"2023-02-16T00:07:30","date_gmt":"2023-02-16T00:07:30","guid":{"rendered":"https:\/\/tecsecmty.com\/index.php\/producto\/reconocimiento-de-rostros-acusense-dvr-4-megapixel-4-canales-turbohd-2-canales-ip-1-bahia-de-disco-duro-1-canal-de-audio-audio-por-coaxitron\/"},"modified":"2023-03-22T23:20:46","modified_gmt":"2023-03-23T05:20:46","slug":"reconocimiento-de-rostros-acusense-dvr-4-megapixel-4-canales-turbohd-2-canales-ip-1-bahia-de-disco-duro-1-canal-de-audio-audio-por-coaxitron","status":"publish","type":"product","link":"https:\/\/tecsecmty.com\/index.php\/producto\/reconocimiento-de-rostros-acusense-dvr-4-megapixel-4-canales-turbohd-2-canales-ip-1-bahia-de-disco-duro-1-canal-de-audio-audio-por-coaxitron\/","title":{"rendered":"(Reconocimiento de Rostros \/ ACUSENSE) DVR 4 Megapixel \/ 4 Canales TURBOHD + 2 Canales IP \/ 1 Bahia de Disco Duro \/ 1 Canal de Audio \/ Audio por Coaxitron"},"content":{"rendered":"<div class=\"container\">\n<div class=\"row\">\n<div class=\"col-md-12\">\n<div class=\"row\">\n<div class=\"row\">\n<div class=\"col-md-12\">\n<h4 class=\"text-primary center info-text\" style=\"text-align: center\">Informaci\u00f3n de Producto<\/h4>\n<\/div>\n<\/div>\n<div class=\"row\" style=\"text-align: center\">\n<div class=\"col-md-12\">\n<h3>(Reconocimiento de Rostros \/ ACUSENSE) DVR 4 Megapixel \/ 4 Canales TURBOHD + 2 Canales IP \/ 1 Bah\u00eda de Disco Duro \/ 1 Canal de Audio \/ Audio por Coaxitron<\/h3>\n<\/div>\n<\/div>\n<div id=\"producto_container\" class=\"row\" style=\"text-align: center\">\n<div class=\"col-md-4\">\n<p><img decoding=\"async\" class=\"img-responsive center-block\" src=\"https:\/\/ftp3.syscom.mx\/usuarios\/fotos\/BancoFotografiasSyscom\/HIKVISION\/IDS7204HQHIM1_FA(C)\/IDS7204HQHIM1_FA(C)-p.PNG\" alt=\"IDS-7204HQHI-M1\/FA(C)\" \/><\/p>\n<div class=\"row\">\n<div id=\"galerias\" class=\"col-sm-12\"><\/div>\n<\/div>\n<\/div>\n<div class=\"col-md-4\">\n<div><img decoding=\"async\" class=\"img-responsive img-thumbnail\" src=\"https:\/\/ftp3.syscom.mx\/usuarios\/fotos\/logotipos\/hikvision.png\" \/><\/div>\n<div><img decoding=\"async\" class=\"icono_info_product\" src=\"https:\/\/ftp3.syscom.mx\/usuarios\/fotos\/reconocimientofacial.png?v=1614796946\" \/><img decoding=\"async\" class=\"icono_info_product\" src=\"https:\/\/ftp3.syscom.mx\/usuarios\/fotos\/audiovideomismocable.png?v=1588118778?v=1614796946\" \/><img decoding=\"async\" class=\"icono_info_product\" src=\"https:\/\/ftp3.syscom.mx\/usuarios\/ftp\/syscom_mx\/3-17-19-54-acusense.png?v=1593128259?v=1600727277?v=1600728320?v=1600729187?v=1614796946\" \/><\/div>\n<div>\n<p>Modelo:\u00a0<span class=\"modelo-marca\">IDS-7204HQHI-M1\/FA(C)<\/span><\/p>\n<p>Marca:\u00a0<span class=\"modelo-marca\">HIKVISION<\/span><\/p>\n<\/div>\n<div><\/div>\n<\/div>\n<div class=\"col-md-4\">\n<div class=\"row\">\n<div class=\"col-md-12 default_padding_bottom\"><\/div>\n<\/div>\n<\/div>\n<\/div>\n<\/div>\n<div class=\"row \" style=\"text-align: center\">\n<div class=\"col-md-12\">\n<div class=\"row\">\n<h3 class=\"text-primary\">Especificaciones:<\/h3>\n<\/div>\n<div class=\"row well\">\n<p><img decoding=\"async\" class=\"fr-fic fr-dii\" src=\"https:\/\/ftp3.syscom.mx\/usuarios\/jsosa\/HIKVISION\/imagenes\/logo\/hikvision%20see%20far.png\" \/><\/p>\n<p>&nbsp;<\/p>\n<div class=\"row default_padding_bottom\">\n<div class=\"col-sm-6\">\n<h2>Reconocimiento de Rostros<\/h2>\n<h3>\u00bfBuscar a una Persona en Meses de Video y encontrar en Segundos?<\/h3>\n<h3>\u00bfBuscar un rostro en Semanas de Video?<\/h3>\n<h3>\u00bfAlerta cuando se detecte a cierta persona?<\/h3>\n<h3>Todo esto es posible, ahora en l\u00ednea TurboHD<\/h3>\n<\/div>\n<div class=\"col-sm-6\">\n<p><img decoding=\"async\" class=\"fr-fic fr-dii\" src=\"https:\/\/ftp3.syscom.mx\/usuarios\/fotos\/IDS7204HQHIM1\/FA\/177642-dvrs-rostros-1.gif\" \/><\/p>\n<\/div>\n<\/div>\n<p>&nbsp;<\/p>\n<div class=\"row\">\n<div class=\"col-sm-6 \"><\/div>\n<\/div>\n<div class=\"row\">\n<div class=\"row\">\n<p>&nbsp;<\/p>\n<p><img decoding=\"async\" class=\"fr-fic fr-dii\" src=\"https:\/\/ftp3.syscom.mx\/usuarios\/jsosa\/HIKVISION\/imagenes\/coaxitron\/coaxitron.jpg\" \/><\/p>\n<p>&nbsp;<\/p>\n<p><strong>Nota importante:<\/strong><\/p>\n<p>Gracias a las nuevas actualizaciones (mejoras) ahora el DVR permite aceptar c\u00e1maras TURBOHD de 4 Megapixel que originalmente estaba dedicado a soportar 3 Megapixel, el DVR podr\u00e1 grabar a 4 Megapixel Lite, quiere decir que es un acoplamiento de se\u00f1al que permite aceptar c\u00e1maras de 4 Megapixel TURBOHD con grabacion Lite.<\/p>\n<ul>\n<li>4 Megapixel Real = 2560 X 1440.<\/li>\n<li>4 Megapixel Lite = 1280 X 1440.<\/li>\n<\/ul>\n<p>&nbsp;<\/p>\n<div class=\"row\">\n<div class=\"col-sm-6\">\n<div>\n<p><strong>Caracter\u00edsticas principales:<\/strong><\/p>\n<ul>\n<li>Serie Turbo HD Versi\u00f3n 5.0<\/li>\n<li><strong>Permite apagar canales anal\u00f3gicos TURBOHD y poder colocar c\u00e1maras IP en todos sus canales, p\u00f3demos colocar hasta 6 c\u00e1maras IP en total. Por cada canal anal\u00f3gico TURBOHD que se apague se genera una canal IP adicional.<\/strong><\/li>\n<li><strong>DVR pentahibrido: HD-TVI \/ HD-CVI \/ Analogico \/ IP \/ AHD.<\/strong><\/li>\n<li>Acceso remoto: PC (WINDOWS \/ MAC), Smart Phone (iPhone, iPad, Android).<\/li>\n<li>Compatibilidad con navegador Internet Explorer.<\/li>\n<li>Software cliente multi sitio de hasta 64 canales (iVMS-4200).<\/li>\n<li>Compatible con Hik-Connect P2P.<\/li>\n<li>Soporta servicio DDNS Hik-Connect Domain \/ DynDNS.<\/li>\n<li>Funciones Avanzadas: Detecci\u00f3n por cruce de linea &amp; deteccion de instrusion.<\/li>\n<li>1 entrada y 1 salida de audio.<\/li>\n<li><strong>Soporta audio en todos sus canales por coaxitron utilizando camaras con audio integrado (<a href=\"https:\/\/www.syscom.mx\/principal\/promociones\/camaras_con_audio_por_coaxitron_2_mp-5477.html?ordenar=Relevancia&amp;pag=1\" target=\"_blank\" rel=\"noopener\">ver modelos compatibles<\/a>).<\/strong><\/li>\n<li>Soporta 1 HDD de hasta 10 TB (no incluido).<\/li>\n<li>Interfaz serial: RS-485 (HIKVISION C, COAXITRON, PELCO D, PELCO P, etc).<\/li>\n<\/ul>\n<p><strong>Para utilizar audio de 2 v\u00edas se recomienda colocar un micr\u00f3fono en la entrada de audio, no se recomienda para audio de 2 v\u00edas una c\u00e1mara con audio por coaxitron<\/strong><\/p>\n<p>&nbsp;<\/p>\n<p><strong>El audio se recibe por la se\u00f1al TVI<\/strong><\/p>\n<p>&nbsp;<\/p>\n<p><strong>Para conectar los canales IP requiere utilizar un switch\/switch poe (no incluido)<\/strong><\/p>\n<\/div>\n<\/div>\n<div class=\"col-sm-6\">\n<div>\n<p><strong>Caracter\u00edsticas F\u00edsicas y El\u00e9ctricas:<\/strong><\/p>\n<ul>\n<li>Alimentaci\u00f3n: 12 Vcc (fuente incluida 4 pines).<\/li>\n<li>Consumo sin HDD: 18 watts.<\/li>\n<li>Temperatura de operacion: -10 \u00baC hasta 55 \u00baC.<\/li>\n<li>Dimensiones: 315 x 242 x 45 mm (W \u00d7 D \u00d7 H)<\/li>\n<li>Peso: 2 Kg sin HDD.<\/li>\n<li><strong>Garant\u00eda: 2 A\u00f1os.<\/strong><\/li>\n<\/ul>\n<p><strong>Compresi\u00f3n y resoluci\u00f3n:<\/strong><\/p>\n<ul>\n<li><strong>Compresion: H.265+ \/ H.265 \/ H.264+ \/ H.264.<\/strong><\/li>\n<li><strong>Soporta 4 canales TURBOHD \/ analogicos + 2 canales IP = 6 canales en total.<\/strong><\/li>\n<li><strong>Soporta 5 Tecnolog\u00edas\u00a0<\/strong><strong>(TVI \/ AHD \/ CVI \/ CVBS \/ IP):<\/strong>\n<ul>\n<li><strong>4 Megapixel\u00a0Lite@\u00a015 IPS\u00a0<\/strong><\/li>\n<li><strong>3 Megapixel @ 15 IPS<\/strong><\/li>\n<li><strong>2 Megapixel @ 30 IPS<\/strong><\/li>\n<li><strong>1 Megapixel @ 30 IPS\u00a0<\/strong><\/li>\n<li><strong>Analogico 1200TVL (CVBS) @ 30 IPS\u00a0<\/strong><\/li>\n<li><strong>IP hasta 6 Megapixel<\/strong><\/li>\n<li><strong>Nota:\u00a0Acepta c\u00e1maras de 4MP, 2MP y 1MP en todos sus canales BNC (C\u00e1maras de 3MP solo en el canal 1).<\/strong><\/li>\n<\/ul>\n<\/li>\n<\/ul>\n<\/div>\n<\/div>\n<\/div>\n<p>&nbsp;<\/p>\n<div class=\"col-sm-12\">\n<div>\n<p><strong>Caracter\u00edsticas Destacadas:<\/strong><\/p>\n<ul>\n<li>El DVR soporta 1 canal de video con activacion de reconocimiento de rostros.<\/li>\n<li>Almacenamiento de hasta 16 librer\u00edas, 500 rostros.<\/li>\n<li>Gu\u00eda de configuraci\u00f3n filtro de humanos y veh\u00edculos click\u00a0<a href=\"https:\/\/soporte.syscom.mx\/es\/articles\/5388340-hikvision-acusense-guia-de-configuracion\" target=\"_blank\" rel=\"noopener\">aqu\u00ed<\/a><\/li>\n<\/ul>\n<p><strong>Los equipos con AcuSense pueden llegar a filtrar hasta el 95% de falsas alarmas, la eficacia del filtrado depende de la distancia &#8211; \u00e1ngulo de visi\u00f3n del objetivo y la c\u00e1mara. Algunas mascotas, insectos pueden generar alertamientos basados en lo anterior.<\/strong><\/p>\n<\/div>\n<\/div>\n<p>&nbsp;<\/p>\n<div class=\"row\">\n<div class=\"col-sm-12\">\n<div><\/div>\n<\/div>\n<\/div>\n<p>&nbsp;<\/p>\n<h1><strong>Recursos<\/strong><\/h1>\n<p>&nbsp;<\/p>\n<div class=\"row default_margin_bottom\">\n<div class=\"col-sm-4\"><a href=\"https:\/\/www.hikvision.com\/es-la\/support\/download\/software\/ivms4200-series\/?q=serie%20ivms4200&amp;position=1\" target=\"_blank\" rel=\"noopener\"><img decoding=\"async\" class=\"img-responsive\" src=\"https:\/\/ftp3.syscom.mx\/usuarios\/gmagos\/HIK\/IP\/IPC\/Imagenes%20pagina\/Descargas%20IVMS4200.jpg\" \/><\/a><\/div>\n<div class=\"col-sm-4\"><a href=\"https:\/\/appstore.hikvision.com\/\" target=\"_blank\" rel=\"noopener\"><img decoding=\"async\" class=\"img-responsive\" src=\"https:\/\/ftp3.syscom.mx\/usuarios\/gmagos\/HIK\/IP\/IPC\/Imagenes%20pagina\/Descargas%20de%20app.jpg\" \/><\/a><\/div>\n<div class=\"col-sm-4\"><a href=\"https:\/\/ftp3.syscom.mx\/usuarios\/ftp\/2021\/10\/01\/092dd\/Especificaci%C3%B3nes%20T%C3%A9cnicas%20-%20iDS-7200HQHI-M1_FA(C).pdf\" target=\"_blank\" rel=\"noopener\"><img decoding=\"async\" class=\"img-responsive\" src=\"https:\/\/ftp3.syscom.mx\/usuarios\/gmagos\/HIK\/IP\/IPC\/Imagenes%20pagina\/Descarga%20de%20PDF.jpg\" \/><\/a><\/div>\n<\/div>\n<p>&nbsp;<\/p>\n<p><img decoding=\"async\" src=\"https:\/\/ftp3.syscom.mx\/usuarios\/fotos\/S04TURBOG3\/195128-explicaci%C3%B3n_acusense_turbohd.jpeg\" alt=\"\" width=\"100%\" \/><\/p>\n<p><img decoding=\"async\" class=\"fr-fic fr-dii\" src=\"https:\/\/ftp3.syscom.mx\/usuarios\/jsosa\/HIKVISION\/imagenes\/Acusense%20Icon.png\" \/><\/p>\n<p>Tecnolog\u00eda AcuSense<\/p>\n<p>La tecnolog\u00eda AcuSense se basa en el algoritmo\u00a0<em><strong>Deep Learning<\/strong><\/em>\u00a0de Hikvision. Los algoritmos de\u00a0<strong><em>Deep Learning<\/em><\/strong>\u00a0son mucho m\u00e1s profundos que los algoritmos inteligentes convencionales, que solo operan de forma superficial. Estos realizan aprendizaje de caracter\u00edsticas, proporcionando un rendimiento de an\u00e1lisis de contenido de video (VCA) asombrosamente preciso y consistente.<\/p>\n<p>AcuSense es capaz de diferenciar, con gran precisi\u00f3n, un cuerpo humano y un veh\u00edculo en un escenario con una gran cantidad de objetos. No solo puede detectar la intrusi\u00f3n humana y del veh\u00edculo, sino que tambi\u00e9n puede filtrar falsas alarmas que podr\u00edan haber sido disparadas por objetos en movimiento que no presentan un riesgo.<\/p>\n<p>La tecnolog\u00eda tambi\u00e9n brinda una funci\u00f3n de b\u00fasqueda de objetivos poderosa y r\u00e1pida que es capaz de analizar grabaciones y seleccionar todas las im\u00e1genes humanas o de veh\u00edculos que se vinculan al video clip relacionado.<\/p>\n<p>(<a href=\"https:\/\/ftp3.syscom.mx\/usuarios\/jsosa\/HIKVISION\/presentaciones\/Presentation%20Turbo%20HD%205.0.pdf\" target=\"_blank\" rel=\"noopener\">Ver presentaci\u00f3n AcuSense<\/a>)<\/p>\n<p>&nbsp;<\/p>\n<div class=\"row\">\n<div class=\"col-sm-6 col-md-4\">\n<p><img decoding=\"async\" class=\"fr-fic fr-dii\" src=\"https:\/\/ftp3.syscom.mx\/usuarios\/jsosa\/josesosa\/Imagenes\/acusense1.jpg\" \/><\/p>\n<\/div>\n<div class=\"col-sm-6 col-md-4\">\n<p><img decoding=\"async\" class=\"fr-fic fr-dii\" src=\"https:\/\/ftp3.syscom.mx\/usuarios\/jsosa\/josesosa\/Imagenes\/acusense2.jpg\" \/><\/p>\n<\/div>\n<div class=\"col-sm-6 col-md-4\">\n<p><img decoding=\"async\" class=\"fr-fic fr-dii\" src=\"https:\/\/ftp3.syscom.mx\/usuarios\/jsosa\/josesosa\/Imagenes\/acusense3.jpg\" \/><\/p>\n<\/div>\n<\/div>\n<p>&nbsp;<\/p>\n<div class=\"row\">\n<div class=\"col-sm-6 col-md-4\">\n<div class=\"embed-responsive embed-responsive-16by9\">\n<p><img decoding=\"async\" class=\"fr-fic fr-dii\" src=\"https:\/\/ftp3.syscom.mx\/usuarios\/paginaweb\/Gifs\/Zi7LTq5.gif\" \/><\/p>\n<\/div>\n<\/div>\n<div class=\"col-sm-6 col-md-4\">\n<div class=\"embed-responsive embed-responsive-16by9\">\n<p><img decoding=\"async\" class=\"fr-fic fr-dii\" src=\"https:\/\/ftp3.syscom.mx\/usuarios\/fotos\/DS7208HQHIK1\/97560-pentahi.jpg\" \/><\/p>\n<\/div>\n<\/div>\n<div class=\"col-sm-6 col-md-4\">\n<div class=\"embed-responsive embed-responsive-16by9\">\n<p><img decoding=\"async\" class=\"fr-fic fr-dii\" src=\"https:\/\/ftp3.syscom.mx\/usuarios\/paginaweb\/Gifs\/tq5yYz4.gif\" \/><\/p>\n<\/div>\n<\/div>\n<\/div>\n<p>&nbsp;<\/p>\n<h2><strong>\u00bfQue es H.265+?<\/strong><\/h2>\n<p>Es un formato de compresi\u00f3n inteligente que\u00a0<strong>permite ahorrar hasta 80% de almacenamiento y ancho de banda<\/strong>, para que la compresi\u00f3n se pueda activa debemos de contar con c\u00e1mara IP y NVR que soporten el mismo formato de compresi\u00f3n.<\/p>\n<p>&nbsp;<\/p>\n<div class=\"row\">\n<div class=\"col-sm-6 col-md-4\">\n<p>80% menos consumo que H.264<\/p>\n<p><img decoding=\"async\" class=\"fr-fic fr-dii\" src=\"https:\/\/3.bp.blogspot.com\/-c6ufw54r2xk\/WW_f4nkqWQI\/AAAAAAAAKVY\/I0edD6XJMPM-KppoJFsy-aINcLNxg6opQCEwYBhgL\/s400\/primero.tiff\" \/><\/p>\n<\/div>\n<div class=\"col-sm-6 col-md-4\">\n<p>Mismo dias de almacenamiento pero con menos discos duros<\/p>\n<p><img decoding=\"async\" class=\"fr-fic fr-dii\" src=\"https:\/\/1.bp.blogspot.com\/-tJoVn4NunDQ\/WW_f4qn0b0I\/AAAAAAAAKVU\/8aiRMT3NK0wg2s2bSbQI7zAQrjGN0ZJ5wCEwYBhgL\/s400\/tercero.tiff\" \/><\/p>\n<\/div>\n<div class=\"col-sm-6 col-md-4\">\n<p>Hasta 20 c\u00e1maras Full HD tiempo real en un ancho de banda de 20Mbps<\/p>\n<p><img decoding=\"async\" class=\"fr-fic fr-dii\" src=\"https:\/\/2.bp.blogspot.com\/-4pPL-F39Ka4\/WW_f4Tqv-nI\/AAAAAAAAKVQ\/URQf8vDTvxM1pHB9hbg_DvHTemJ-B7isgCEwYBhgL\/s400\/segundo.tiff\" \/><\/p>\n<\/div>\n<\/div>\n<p>&nbsp;<\/p>\n<p><img decoding=\"async\" class=\"fr-fic fr-dii\" src=\"https:\/\/ftp3.syscom.mx\/usuarios\/jsosa\/josesosa\/Imagenes\/menosconsumoh.jpg\" \/><\/p>\n<p>&nbsp;<\/p>\n<p><img decoding=\"async\" class=\"fr-fic fr-dii\" src=\"https:\/\/ftp3.syscom.mx\/usuarios\/jsosa\/HIKVISION\/imagenes\/banners\/solution%20complete.png\" \/><\/p>\n<p>&nbsp;<\/p>\n<\/div>\n<\/div>\n<\/div>\n<\/div>\n<\/div>\n<\/div>\n<\/div>\n<\/div>\n<p><img decoding=\"async\" class=\"aligncenter\" src=\"https:\/\/tracker.metricool.com\/c3po.jpg?hash=95c94f37730bb8f54dd4308f1f878f9\" \/><\/p>\n","protected":false},"excerpt":{"rendered":"<p>Informaci\u00f3n de Producto (Reconocimiento de Rostros \/ ACUSENSE) DVR 4 Megapixel \/ 4 Canales TURBOHD + 2 Canales IP \/ 1 Bah\u00eda de Disco Duro \/ 1 Canal de Audio \/ Audio por Coaxitron Modelo:\u00a0IDS-7204HQHI-M1\/FA(C) Marca:\u00a0HIKVISION Especificaciones: &nbsp; Reconocimiento de Rostros \u00bfBuscar a una Persona&hellip;<\/p>\n","protected":false},"featured_media":1759,"comment_status":"open","ping_status":"closed","template":"","meta":{"om_disable_all_campaigns":false,"_monsterinsights_skip_tracking":false,"_monsterinsights_sitenote_active":false,"_monsterinsights_sitenote_note":"","_monsterinsights_sitenote_category":0},"product_brand":[],"product_cat":[56],"product_tag":[58,59,57],"class_list":{"0":"post-901","1":"product","2":"type-product","3":"status-publish","4":"has-post-thumbnail","6":"product_cat-videograbadoras-analogicas-turbohd-tvi-ahd-cvi","7":"product_tag-dvr","8":"product_tag-videograbadora","9":"product_tag-videograbadoras-analogicas-turbohd-tvi-ahd-cvi","11":"first","12":"instock","13":"taxable","14":"shipping-taxable","15":"product-type-simple"},"aioseo_notices":[],"_links":{"self":[{"href":"https:\/\/tecsecmty.com\/index.php\/wp-json\/wp\/v2\/product\/901","targetHints":{"allow":["GET"]}}],"collection":[{"href":"https:\/\/tecsecmty.com\/index.php\/wp-json\/wp\/v2\/product"}],"about":[{"href":"https:\/\/tecsecmty.com\/index.php\/wp-json\/wp\/v2\/types\/product"}],"replies":[{"embeddable":true,"href":"https:\/\/tecsecmty.com\/index.php\/wp-json\/wp\/v2\/comments?post=901"}],"version-history":[{"count":3,"href":"https:\/\/tecsecmty.com\/index.php\/wp-json\/wp\/v2\/product\/901\/revisions"}],"predecessor-version":[{"id":1761,"href":"https:\/\/tecsecmty.com\/index.php\/wp-json\/wp\/v2\/product\/901\/revisions\/1761"}],"wp:featuredmedia":[{"embeddable":true,"href":"https:\/\/tecsecmty.com\/index.php\/wp-json\/wp\/v2\/media\/1759"}],"wp:attachment":[{"href":"https:\/\/tecsecmty.com\/index.php\/wp-json\/wp\/v2\/media?parent=901"}],"wp:term":[{"taxonomy":"product_brand","embeddable":true,"href":"https:\/\/tecsecmty.com\/index.php\/wp-json\/wp\/v2\/product_brand?post=901"},{"taxonomy":"product_cat","embeddable":true,"href":"https:\/\/tecsecmty.com\/index.php\/wp-json\/wp\/v2\/product_cat?post=901"},{"taxonomy":"product_tag","embeddable":true,"href":"https:\/\/tecsecmty.com\/index.php\/wp-json\/wp\/v2\/product_tag?post=901"}],"curies":[{"name":"wp","href":"https:\/\/api.w.org\/{rel}","templated":true}]}}