{"id":9011,"date":"2023-02-23T22:35:19","date_gmt":"2023-02-24T04:35:19","guid":{"rendered":"https:\/\/tecsecmty.com\/index.php\/producto\/bosch-v_bisxaue1kp43-licencia-para-una-adicion-de-1000-puntos-de-deteccion-a-bis\/"},"modified":"2023-03-22T23:21:41","modified_gmt":"2023-03-23T05:21:41","slug":"bosch-v_bisxaue1kp43-licencia-para-una-adicion-de-1000-puntos-de-deteccion-a-bis","status":"publish","type":"product","link":"https:\/\/tecsecmty.com\/index.php\/producto\/bosch-v_bisxaue1kp43-licencia-para-una-adicion-de-1000-puntos-de-deteccion-a-bis\/","title":{"rendered":"BOSCH V_BISXAUE1KP43- LICENCIA PARA UNA ADICION DE 1000 PUNTOS DE DETECCION A BIS"},"content":{"rendered":"<h5 class=\"card-title text-center\">1000 puntos de detecci\u00f3n adicionales para AUE 4.3<\/h5>\n<p class=\"ql-align-justify\"><strong>Esta hoja de datos enumera las extensiones que se pueden pedir para su versi\u00f3n de BIS.<\/strong><\/p>\n<ul>\n<li class=\"ql-align-justify\">Para a\u00f1adir funciones a una instalaci\u00f3n de BIS V 4.0 o superior, pida solo las funciones nuevas en su contacto de Bosch habitual, omitiendo las licencias de que ya dispone, como las licencias base.<\/li>\n<li class=\"ql-align-justify\">Para actualizar una instalaci\u00f3n de BIS 2.x o 3.x a V 4.2, pida el producto de Actualizaci\u00f3n de BIS, BIS- -BUPG-2XTO42 o BIS-BUPG-30TO42, m\u00e1s las funciones nuevas de V 4.x que desee.<\/li>\n<\/ul>\n<p class=\"ql-align-justify\"><strong>Funciones b\u00e1sicas<\/strong><\/p>\n<p class=\"ql-align-justify\"><strong>Alarm Management (paquete)<\/strong><\/p>\n<p class=\"ql-align-justify\"><strong>Paquete compuesto por las siguientes funciones<\/strong><\/p>\n<ul>\n<li class=\"ql-align-justify\">Distribuci\u00f3n de mensajes Permite implementar rutas de ampliaci\u00f3n que se activan, por ejemplo, cuando un operador o grupo de operadores no confirma la recepci\u00f3n de un mensaje de alarma durante un plazo definido. En este caso, BIS reenv\u00eda el mensaje autom\u00e1ticamente al siguiente grupo de operadores de la ruta de ampliaci\u00f3n.<\/li>\n<li class=\"ql-align-justify\">Temporizador La funci\u00f3n Temporizador permite automatizar comandos de BIS seg\u00fan programas de tiempo definidos por el usuario.<\/li>\n<li class=\"ql-align-justify\">Alarma de operador Los operadores pueden utilizar esta funci\u00f3n para generar alarmas reales en el sistema sobre la base de una fuente externa, como una llamada por tel\u00e9fono o algo que han visto en una c\u00e1mara de vigilancia.<\/li>\n<li class=\"ql-align-justify\">Iniciador de aplicaciones Permite parametrizar, ejecutar a una hora programada y almacenar en BIS comandos del sistema operativo (por ejemplo, la ejecuci\u00f3n de un archivo .EXE). Una aplicaci\u00f3n t\u00edpica de esta funci\u00f3n ser\u00eda la realizaci\u00f3n de copias de seguridad del sistema de forma autom\u00e1tica a las 2:00 todos los d\u00edas.<\/li>\n<\/ul>\n<p class=\"ql-align-justify\"><strong>Licencia de Divisi\u00f3n adicional<\/strong><\/p>\n<p class=\"ql-align-justify\"><strong>La funci\u00f3n de divisi\u00f3n permite distribuir grandes espacios\/edificios en partes independientes, lo que provee vistas personalizadas (interfaz de usuario, registro de eventos), acceso al sistema y funciones de control para cada divisi\u00f3n.<\/strong>\u00a0Las divisiones privadas s\u00f3lo las pueden ver los grupos de operadores autorizados, mientras que todos los operadores pueden ver los miembros\/dispositivos de la divisi\u00f3n com\u00fan predeterminada. Las divisiones pueden adquirirse de una en una.<\/p>\n<p class=\"ql-align-justify\"><strong>Licencia de Operator Client adicional<\/strong><\/p>\n<p class=\"ql-align-justify\">El n\u00famero de licencias de cliente de operador determina cu\u00e1ntos pueden trabajar en el sistema de forma simult\u00e1nea.<\/p>\n<p class=\"ql-align-justify\"><strong>BIS-BVMS Connectivity<\/strong><\/p>\n<p class=\"ql-align-justify\">Esta licencia permite conectar un sistema BVMS (no un BVMS Enterprise Server) mediante el servidor OPC de BVMS a BIS. Permite a BIS reaccionar a eventos desencadenados dentro de BVMS (p. ej. Intelligent Video Analysis) y permite a BVMS reaccionar a eventos desencadenados dentro de BIS (por ejemplo, alarmas de incendios).<\/p>\n<p class=\"ql-align-justify\"><strong>Multi-Server Connect<\/strong><\/p>\n<p class=\"ql-align-justify\">Esta licencia le permite conectar un servidor BIS mediante OPC a otro servidor BIS, o a un sistema de administraci\u00f3n de terceros (SCADA, PSIM).<\/p>\n<p class=\"ql-align-justify\"><strong>N x 100 puntos de detecci\u00f3n<\/strong><\/p>\n<p class=\"ql-align-justify\">Licencia puntos de detecci\u00f3n adicionales para el Building Integration System (BIS) y los paquetes complementarios Automation Engine y Video Engine (para la matriz Allegiant) en pasos de 100. Los perif\u00e9ricos de subsistemas de Bosch y de terceros, como detectores LSN para fuego o intrusi\u00f3n, c\u00e1maras y entradas Allegiant (LTC), requieren puntos de detecci\u00f3n.<\/p>\n<p class=\"ql-align-justify\"><strong>Nota: 1000 puntos de detecci\u00f3n adicionales para AUE 4.3 Licencia para 1000 puntos de detecci\u00f3n adicionales para BIS AUE.<\/strong><\/p>\n<p class=\"ql-align-justify\"><strong>N\u00famero de pedido: BIS-XAUE-1KP43.<\/strong><\/p>\n<p class=\"ql-align-justify\"><strong>Principales\u00a0<\/strong><strong>caracter\u00edsticas<\/strong><\/p>\n<ul>\n<li class=\"ql-align-justify\">La estructuras modular facilita realizar una soluci\u00f3n de seguridad a medida de sus requisitos exactos.<\/li>\n<li class=\"ql-align-justify\">Las rutas de actualizaci\u00f3n desde numerosas versiones anteriores protegen su inversi\u00f3n.<\/li>\n<li class=\"ql-align-justify\">Proporciona una perfecta integraci\u00f3n de sistemas de Bosch o de otros fabricantes gracias a su compatibilidad con OPC.<\/li>\n<\/ul>\n<p><img decoding=\"async\" class=\"overview-center-img- aligncenter\" src=\"https:\/\/tvc.mx\/media\/15834\/Logoopaginas-oficial.png\" alt=\"\" \/><\/p>\n","protected":false},"excerpt":{"rendered":"<p>1000 puntos de detecci\u00f3n adicionales para AUE 4.3 Esta hoja de datos enumera las extensiones que se pueden pedir para su versi\u00f3n de BIS. Para a\u00f1adir funciones a una instalaci\u00f3n de BIS V 4.0 o superior, pida solo las funciones nuevas en su contacto de&hellip;<\/p>\n","protected":false},"featured_media":9010,"comment_status":"open","ping_status":"closed","template":"","meta":{"om_disable_all_campaigns":false,"_monsterinsights_skip_tracking":false,"_monsterinsights_sitenote_active":false,"_monsterinsights_sitenote_note":"","_monsterinsights_sitenote_category":0},"product_brand":[],"product_cat":[822],"product_tag":[81,727,730,66,731,728,729],"class_list":{"0":"post-9011","1":"product","2":"type-product","3":"status-publish","4":"has-post-thumbnail","6":"product_cat-software-acceso","7":"product_tag-acceso-y-asistencia","8":"product_tag-cerraduras","9":"product_tag-commax-wulian","10":"product_tag-dahua","11":"product_tag-wejoin","12":"product_tag-yli","13":"product_tag-zkteco","15":"first","16":"instock","17":"sale","18":"taxable","19":"shipping-taxable","20":"purchasable","21":"product-type-simple"},"aioseo_notices":[],"_links":{"self":[{"href":"https:\/\/tecsecmty.com\/index.php\/wp-json\/wp\/v2\/product\/9011","targetHints":{"allow":["GET"]}}],"collection":[{"href":"https:\/\/tecsecmty.com\/index.php\/wp-json\/wp\/v2\/product"}],"about":[{"href":"https:\/\/tecsecmty.com\/index.php\/wp-json\/wp\/v2\/types\/product"}],"replies":[{"embeddable":true,"href":"https:\/\/tecsecmty.com\/index.php\/wp-json\/wp\/v2\/comments?post=9011"}],"version-history":[{"count":0,"href":"https:\/\/tecsecmty.com\/index.php\/wp-json\/wp\/v2\/product\/9011\/revisions"}],"wp:featuredmedia":[{"embeddable":true,"href":"https:\/\/tecsecmty.com\/index.php\/wp-json\/wp\/v2\/media\/9010"}],"wp:attachment":[{"href":"https:\/\/tecsecmty.com\/index.php\/wp-json\/wp\/v2\/media?parent=9011"}],"wp:term":[{"taxonomy":"product_brand","embeddable":true,"href":"https:\/\/tecsecmty.com\/index.php\/wp-json\/wp\/v2\/product_brand?post=9011"},{"taxonomy":"product_cat","embeddable":true,"href":"https:\/\/tecsecmty.com\/index.php\/wp-json\/wp\/v2\/product_cat?post=9011"},{"taxonomy":"product_tag","embeddable":true,"href":"https:\/\/tecsecmty.com\/index.php\/wp-json\/wp\/v2\/product_tag?post=9011"}],"curies":[{"name":"wp","href":"https:\/\/api.w.org\/{rel}","templated":true}]}}