{"id":9019,"date":"2023-02-23T22:35:43","date_gmt":"2023-02-24T04:35:43","guid":{"rendered":"https:\/\/tecsecmty.com\/index.php\/producto\/bosch-v_bisxgen1cli48-licencia-para-un-operador-bis\/"},"modified":"2023-03-22T23:21:42","modified_gmt":"2023-03-23T05:21:42","slug":"bosch-v_bisxgen1cli48-licencia-para-un-operador-bis","status":"publish","type":"product","link":"https:\/\/tecsecmty.com\/index.php\/producto\/bosch-v_bisxgen1cli48-licencia-para-un-operador-bis\/","title":{"rendered":"BOSCH V_BISXGEN1CLI48- LICENCIA PARA UN OPERADOR BIS"},"content":{"rendered":"<div class=\"row aling-items-center padding-bottom-2x\">\n<div class=\"col-lg-12\">\n<h5 class=\"card-title text-center\">BIS: Access Engine (ACE) 4.8<\/h5>\n<p class=\"ql-align-justify\">La estructuras modular facilita realizar una soluci\u00f3n de seguridad a medida de sus requisitos exactos. u Las rutas de actualizaci\u00f3n desde numerosas versiones anteriores protegen su inversi\u00f3n. u Proporciona una perfecta integraci\u00f3n de sistemas de Bosch o de otros fabricantes gracias a su compatibilidad con OPC.<\/p>\n<p><img decoding=\"async\" class=\"overview-center-img-web\" src=\"https:\/\/tvc.mx\/media\/186267\/BANNER_CCTV.png\" alt=\"\" \/><\/div>\n<\/div>\n<div class=\"row align-items-center padding-bottom-2x\">\n<div class=\"col-md-5 order-md-2\"><img decoding=\"async\" class=\"d-block m-auto img-thumbnail\" src=\"https:\/\/tvc.mx\/media\/186275\/Sin-t%C3%ADtulo-3rrrr.png\" alt=\" \" \/><\/div>\n<div class=\"col-md-7 order-md-1 text-md-left text-center\">\n<h2>Descripci\u00f3n inicial<\/h2>\n<p class=\"text-muted\">\n<p class=\"ql-align-justify\">El software de Access Engine (ACE), junto con el hardware de acceso de Bosch, es un completo sistema de control de accesos del Sistema de Integraci\u00f3n (BIS). Contiene todas las funciones fundamentales de cualquier sistema de control de accesos independiente, a las que a\u00f1ade una completa gama de mejoras opcionales. Al igual que el resto de los engines de BIS, ACE aprovecha al m\u00e1ximo todas las funciones adicionales de BIS, como los mapas de ubicaciones interactivos y los planes de acci\u00f3n, para proporcionar una administraci\u00f3n de alarmas de gran potencia y totalmente integrada. Los mensajes de alarmas y los eventos de control de alarmas se pueden visualizar con informaci\u00f3n gr\u00e1fica sobre las ubicaciones e instrucciones sobre el flujo de trabajo. ACE emplea las interfaces de usuario de BIS est\u00e1ndar y su flexibilidad para la personalizaci\u00f3n. Adem\u00e1s, provee interfaces de configuraci\u00f3n de accesos espec\u00edficas para usuarios de tarjetas, hardware de acceso y reglas de acceso. La principal ventaja de la gama de BIS es la integraci\u00f3n de una gran variedad de sistemas de seguridad y protecci\u00f3n dentro de unas mismas instalaciones. Mediante la combinaci\u00f3n del ACE con otros motores de BIS (por ejemplo, los de automatizaci\u00f3n y v\u00eddeo), es posible dise\u00f1ar soluciones de seguridad inteligentes a la medida exacta de sus necesidades. Access Engine funciona en una sola estaci\u00f3n de trabajo en un sistema cliente-servidor, o en un sistema distribuido con un servidor central y otros locales o regionales. En el entorno distribuido con varios servidores, todos los dispositivos, los titulares y las autorizaciones se pueden gestionar desde el nivel del m\u00e1ximo nivel.<\/p>\n<p>&nbsp;<\/p>\n<\/div>\n<\/div>\n<hr class=\"padding-bottom-2x\" \/>\n<div class=\"row align-items-center padding-bottom-2x\">\n<div class=\"col-md-5\"><img decoding=\"async\" class=\"d-block m-auto img-thumbnail\" src=\"https:\/\/tvc.mx\/media\/188986\/Sin-t%C3%ADtulo-1-400x300.png\" alt=\" \" \/><\/div>\n<div class=\"col-md-7 text-md-left text-center\">\n<h2>FUNCION DE OPERADOR<\/h2>\n<p class=\"text-muted\">\n<p>La funci\u00f3n de alarmas del operador permite a un operador desencadenar una alarma manualmente desde el \u00e1rbol de ubicaciones; por ejemplo, si se le notifica una situaci\u00f3n peligrosa por tel\u00e9fono. Estas alarmas manuales se procesan de la misma forma que las desencadenadas por un detector, lo que significa que se muestran los documentos asociados y se registran todos los pasos realizados en el registro de eventos para poder realizar una investigaci\u00f3n minuciosa despu\u00e9s del evento.<\/p>\n<\/div>\n<\/div>\n","protected":false},"excerpt":{"rendered":"<p>BIS: Access Engine (ACE) 4.8 La estructuras modular facilita realizar una soluci\u00f3n de seguridad a medida de sus requisitos exactos. u Las rutas de actualizaci\u00f3n desde numerosas versiones anteriores protegen su inversi\u00f3n. u Proporciona una perfecta integraci\u00f3n de sistemas de Bosch o de otros fabricantes&hellip;<\/p>\n","protected":false},"featured_media":9018,"comment_status":"open","ping_status":"closed","template":"","meta":{"om_disable_all_campaigns":false,"_monsterinsights_skip_tracking":false,"_monsterinsights_sitenote_active":false,"_monsterinsights_sitenote_note":"","_monsterinsights_sitenote_category":0},"product_brand":[],"product_cat":[822],"product_tag":[81,727,730,66,731,728,729],"class_list":{"0":"post-9019","1":"product","2":"type-product","3":"status-publish","4":"has-post-thumbnail","6":"product_cat-software-acceso","7":"product_tag-acceso-y-asistencia","8":"product_tag-cerraduras","9":"product_tag-commax-wulian","10":"product_tag-dahua","11":"product_tag-wejoin","12":"product_tag-yli","13":"product_tag-zkteco","15":"first","16":"instock","17":"sale","18":"taxable","19":"shipping-taxable","20":"purchasable","21":"product-type-simple"},"aioseo_notices":[],"_links":{"self":[{"href":"https:\/\/tecsecmty.com\/index.php\/wp-json\/wp\/v2\/product\/9019","targetHints":{"allow":["GET"]}}],"collection":[{"href":"https:\/\/tecsecmty.com\/index.php\/wp-json\/wp\/v2\/product"}],"about":[{"href":"https:\/\/tecsecmty.com\/index.php\/wp-json\/wp\/v2\/types\/product"}],"replies":[{"embeddable":true,"href":"https:\/\/tecsecmty.com\/index.php\/wp-json\/wp\/v2\/comments?post=9019"}],"version-history":[{"count":0,"href":"https:\/\/tecsecmty.com\/index.php\/wp-json\/wp\/v2\/product\/9019\/revisions"}],"wp:featuredmedia":[{"embeddable":true,"href":"https:\/\/tecsecmty.com\/index.php\/wp-json\/wp\/v2\/media\/9018"}],"wp:attachment":[{"href":"https:\/\/tecsecmty.com\/index.php\/wp-json\/wp\/v2\/media?parent=9019"}],"wp:term":[{"taxonomy":"product_brand","embeddable":true,"href":"https:\/\/tecsecmty.com\/index.php\/wp-json\/wp\/v2\/product_brand?post=9019"},{"taxonomy":"product_cat","embeddable":true,"href":"https:\/\/tecsecmty.com\/index.php\/wp-json\/wp\/v2\/product_cat?post=9019"},{"taxonomy":"product_tag","embeddable":true,"href":"https:\/\/tecsecmty.com\/index.php\/wp-json\/wp\/v2\/product_tag?post=9019"}],"curies":[{"name":"wp","href":"https:\/\/api.w.org\/{rel}","templated":true}]}}