{"id":9021,"date":"2023-02-23T22:35:47","date_gmt":"2023-02-24T04:35:47","guid":{"rendered":"https:\/\/tecsecmty.com\/index.php\/producto\/bosch-v_bisxvie1cha45-licencia-para-agregar-un-canal-de-video-en-el-bis-vie-4-5\/"},"modified":"2023-03-22T23:21:42","modified_gmt":"2023-03-23T05:21:42","slug":"bosch-v_bisxvie1cha45-licencia-para-agregar-un-canal-de-video-en-el-bis-vie-4-5","status":"publish","type":"product","link":"https:\/\/tecsecmty.com\/index.php\/producto\/bosch-v_bisxvie1cha45-licencia-para-agregar-un-canal-de-video-en-el-bis-vie-4-5\/","title":{"rendered":"BOSCH V_BISXVIE1CHA45- LICENCIA PARA AGREGAR UN CANAL DE VIDEO EN EL BIS VIE 4.5"},"content":{"rendered":"<h5 class=\"card-title text-center\">BIS-XVIE-1CHA45 Licencia para 1 canal de v\u00eddeo<\/h5>\n<p class=\"ql-align-justify\"><strong>El v\u00eddeo es esencial para sistemas de seguridad y muy eficaz para proporcionar orientaci\u00f3n y detalles vitales en situaciones de alarma. En la actualidad, es impensable encontrar vest\u00edbulos, entradas, zonas de estacionamiento, per\u00edmetros y zonas de alta seguridad de empresas modernas donde no se utilice.<\/strong>\u00a0Con Video Engine, la gama BIS provee una aplicaci\u00f3n extremadamente sofisticada que permite combinar sistemas de video de Bosch y de otros fabricantes. V<strong>ideo Engine aprovecha al m\u00e1ximo la infraestructura de BIS y le permite convertir su equipo de video en un sistema de videovigilancia y gesti\u00f3n de alarmas completamente integrado.<\/strong>\u00a0La combinaci\u00f3n de Video Engine con las funciones de notificaci\u00f3n de accesos, intrusiones e incendios de BIS permite crear una completa soluci\u00f3n de seguridad adaptada a sus necesidades , y todo ello con una interfaz de usuario \u00fanica.<\/p>\n<p class=\"ql-align-justify\"><strong>Descripci\u00f3n del sistema<\/strong><\/p>\n<p class=\"ql-align-justify\"><strong>El VIE aporta toda la potencia del video a la instalaci\u00f3n de BIS para visualizar, por ejemplo, im\u00e1genes de alarmas activadas por intrusiones y para controlar las ubicaciones m\u00e1s delicadas de un lugar.<\/strong>\u00a0Con este objetivo, Video Engine mejora la interfaz de usuario de BIS con varias vistas y cuadros de di\u00e1logo espec\u00edficos para video utilizando hasta 4 monitores f\u00edsicos. Video Engine se integra bien con mapas de ubicaci\u00f3n interactivos y planes de acci\u00f3n desencadenados por eventos. Ahora, estos procedimientos de emergencia que permiten ahorrar tiempo y salvar vidas, se pueden activar mediante alarmas de movimiento o antisabotaje desde Intelligent Video Analysis de VIE, as\u00ed como mediante alarmas de incendio, intrusi\u00f3n y de control de accesos desde otros motores de BIS.\u00a0<strong>Es posible proporcionar informaci\u00f3n valiosa al operador desde grabadoras de v\u00eddeo DIVAR IP o DIVAR AN, o desde VRM (Video Recording Manager).<\/strong><\/p>\n<p class=\"ql-align-justify\"><strong>Es posible automatizar comandos de control espec\u00edficos de v\u00eddeo y programarlos en el tiempo utilizando la m\u00e1quina de estados de BIS (consulte la informaci\u00f3n general sobre BIS).\u00a0<\/strong>Se pueden desencadenar mediante eventos de alarma personalizables o activar manualmente desde men\u00fas contextuales o iconos dentro de un mapa de ubicaci\u00f3n de BIS.<\/p>\n<p class=\"ql-align-justify\"><strong>Funciones b\u00e1sicas<\/strong><\/p>\n<p class=\"ql-align-justify\">Adem\u00e1s de las funciones de BIS habituales, Video Engine (VIE) provee las siguientes funciones:<\/p>\n<p class=\"ql-align-justify\"><strong>Subsistemas de video:<\/strong><\/p>\n<ul>\n<li class=\"ql-align-justify\">Integrar, controlar y monitorizar sistemas de grabaci\u00f3n DIVAR AN y DIVAR IP de Bosch.<\/li>\n<li class=\"ql-align-justify\">Integrar, controlar y monitorizar codificadores Videojet de Bosch (servidores de v\u00eddeo), BVIP, c\u00e1maras SD y HD con y sin PTZ, con sin Intelligent Video Analysis (IVA) de Bosch.<\/li>\n<li class=\"ql-align-justify\">Integraci\u00f3n de Bosch Video Recording Manager (VRM).<\/li>\n<li class=\"ql-align-justify\">Compatibilidad con sistemas de almacenamiento USB o iSCSI conectados a los dispositivos de video IP; acceso a dichos archivos.<\/li>\n<li class=\"ql-align-justify\">Integraci\u00f3n, control y seguimiento de interruptores de matriz Allegiant de Bosch.<\/li>\n<li class=\"ql-align-justify\">Integraci\u00f3n opcional de Bosch Video Management System (BVMS).<\/li>\n<li class=\"ql-align-justify\">Integraci\u00f3n de c\u00e1maras anal\u00f3gicas mediante el servidor Web de video (por ejemplo, de la serie Videojet\/VIP de Bosch).<\/li>\n<li class=\"ql-align-justify\">Integraci\u00f3n de c\u00e1maras IP compatibles con Perfil S de ONVIF (transmisi\u00f3n en directo).<\/li>\n<li class=\"ql-align-justify\">Integraci\u00f3n del teclado USB KBD-Universal XF con joystick y dial de salto\/lanzadera, resistente y personalizable, para administrar c\u00e1maras, monitores y grabaciones.<\/li>\n<\/ul>\n<p class=\"ql-align-justify\"><strong>Otras funciones de VIE<\/strong><\/p>\n<ul>\n<li class=\"ql-align-justify\">Intelligent Video Analytics (IVA). La c\u00e1mara detecta actividades que se producen en un flujo de v\u00eddeo. Como Objeto en campo, Cruce de l\u00edneas, Merodeo, Objeto eliminado, Objeto inactivo, Entrada en campo, Salida de campo. Estos se pueden utilizar para desencadenar eventos de alarma en BIS.<\/li>\n<li class=\"ql-align-justify\">Control de grupos de monitores anal\u00f3gicos (AMG) basada en descodificadores de alta definici\u00f3n con numerosos dise\u00f1os de monitores nuevos.<\/li>\n<li class=\"ql-align-justify\">Funciones de detecci\u00f3n de movimiento por video y alarma.<\/li>\n<li class=\"ql-align-justify\">Funci\u00f3n de ronda de guardia virtual con grabaci\u00f3n local.<\/li>\n<li class=\"ql-align-justify\">Creaci\u00f3n din\u00e1mica de favoritos de c\u00e1maras y matrices (por ejemplo, vistas diurna y nocturna).<\/li>\n<li class=\"ql-align-justify\">Control simult\u00e1neo de PTZ y otras fuentes de v\u00eddeo mediante controles en pantalla.<\/li>\n<\/ul>\n<p class=\"ql-align-justify\"><strong>Nota: BIS-XVIE-1CHA45 Licencia para 1 canal de v\u00eddeo<\/strong><\/p>\n<p class=\"ql-align-justify\"><strong>Licencia para 1 canal de v\u00eddeo adicional.<\/strong><\/p>\n<p class=\"ql-align-justify\"><strong>N\u00famero de pedido BIS-XVIE-1CHA45<\/strong><\/p>\n<p class=\"ql-align-justify\"><strong>Principales caracter\u00edsticas<\/strong><\/p>\n<ul>\n<li class=\"ql-align-justify\">Integraci\u00f3n perfecta de los dispositivos de visualizaci\u00f3n y grabaci\u00f3n de Bosch en una sola aplicaci\u00f3n con un aspecto com\u00fan; igualmente con muchos dispositivos de v\u00eddeo de terceros.<\/li>\n<li class=\"ql-align-justify\">Verificaci\u00f3n de v\u00eddeo avanzada para mejorar la detecci\u00f3n de intrusiones e incendios, as\u00ed como control de accesos e intercomunicaci\u00f3n mediante la plataforma BIS com\u00fan<\/li>\n<li class=\"ql-align-justify\">Comando y control directo de dispositivos de v\u00eddeo desde el visor de mapas central.<\/li>\n<li class=\"ql-align-justify\">Hiperv\u00ednculos entre, por ejemplo, alarmas de intrusi\u00f3n en el registro de eventos y las grabaciones de v\u00eddeo relacionadas en grabadoras digitales de v\u00eddeo.<\/li>\n<li class=\"ql-align-justify\">Integraci\u00f3n directa de v\u00eddeo en directo o de archivo en los planes de acci\u00f3n de BIS y verificaci\u00f3n de v\u00eddeo ACE.<\/li>\n<\/ul>\n<p class=\"ql-align-justify\"><strong>Especificaciones<\/strong><\/p>\n<p class=\"ql-align-justify\">El paquete Video Engine admite lo siguiente:<\/p>\n<ul>\n<li class=\"ql-align-justify\">400 (M\u00e1ximo) canales por servidor BVIP.<\/li>\n<li class=\"ql-align-justify\">4000 (M\u00e1ximo) canales por Video Engine.<\/li>\n<\/ul>\n<p><img decoding=\"async\" class=\"overview-center-img-\" src=\"https:\/\/tvc.mx\/media\/15711\/Logoopaginas-oficial.png\" alt=\"\" \/><\/p>\n","protected":false},"excerpt":{"rendered":"<p>BIS-XVIE-1CHA45 Licencia para 1 canal de v\u00eddeo El v\u00eddeo es esencial para sistemas de seguridad y muy eficaz para proporcionar orientaci\u00f3n y detalles vitales en situaciones de alarma. En la actualidad, es impensable encontrar vest\u00edbulos, entradas, zonas de estacionamiento, per\u00edmetros y zonas de alta seguridad&hellip;<\/p>\n","protected":false},"featured_media":9020,"comment_status":"open","ping_status":"closed","template":"","meta":{"om_disable_all_campaigns":false,"_monsterinsights_skip_tracking":false,"_monsterinsights_sitenote_active":false,"_monsterinsights_sitenote_note":"","_monsterinsights_sitenote_category":0},"product_brand":[],"product_cat":[822],"product_tag":[81,727,730,66,731,728,729],"class_list":{"0":"post-9021","1":"product","2":"type-product","3":"status-publish","4":"has-post-thumbnail","6":"product_cat-software-acceso","7":"product_tag-acceso-y-asistencia","8":"product_tag-cerraduras","9":"product_tag-commax-wulian","10":"product_tag-dahua","11":"product_tag-wejoin","12":"product_tag-yli","13":"product_tag-zkteco","15":"first","16":"instock","17":"sale","18":"taxable","19":"shipping-taxable","20":"purchasable","21":"product-type-simple"},"aioseo_notices":[],"_links":{"self":[{"href":"https:\/\/tecsecmty.com\/index.php\/wp-json\/wp\/v2\/product\/9021","targetHints":{"allow":["GET"]}}],"collection":[{"href":"https:\/\/tecsecmty.com\/index.php\/wp-json\/wp\/v2\/product"}],"about":[{"href":"https:\/\/tecsecmty.com\/index.php\/wp-json\/wp\/v2\/types\/product"}],"replies":[{"embeddable":true,"href":"https:\/\/tecsecmty.com\/index.php\/wp-json\/wp\/v2\/comments?post=9021"}],"version-history":[{"count":0,"href":"https:\/\/tecsecmty.com\/index.php\/wp-json\/wp\/v2\/product\/9021\/revisions"}],"wp:featuredmedia":[{"embeddable":true,"href":"https:\/\/tecsecmty.com\/index.php\/wp-json\/wp\/v2\/media\/9020"}],"wp:attachment":[{"href":"https:\/\/tecsecmty.com\/index.php\/wp-json\/wp\/v2\/media?parent=9021"}],"wp:term":[{"taxonomy":"product_brand","embeddable":true,"href":"https:\/\/tecsecmty.com\/index.php\/wp-json\/wp\/v2\/product_brand?post=9021"},{"taxonomy":"product_cat","embeddable":true,"href":"https:\/\/tecsecmty.com\/index.php\/wp-json\/wp\/v2\/product_cat?post=9021"},{"taxonomy":"product_tag","embeddable":true,"href":"https:\/\/tecsecmty.com\/index.php\/wp-json\/wp\/v2\/product_tag?post=9021"}],"curies":[{"name":"wp","href":"https:\/\/api.w.org\/{rel}","templated":true}]}}