{"id":9023,"date":"2023-02-23T22:35:52","date_gmt":"2023-02-24T04:35:52","guid":{"rendered":"https:\/\/tecsecmty.com\/index.php\/producto\/bosch-v_bisxvie1cha46-licencia-para-agregar-un-canal-de-video-en-el-bis-vie-46\/"},"modified":"2023-03-22T23:21:42","modified_gmt":"2023-03-23T05:21:42","slug":"bosch-v_bisxvie1cha46-licencia-para-agregar-un-canal-de-video-en-el-bis-vie-46","status":"publish","type":"product","link":"https:\/\/tecsecmty.com\/index.php\/producto\/bosch-v_bisxvie1cha46-licencia-para-agregar-un-canal-de-video-en-el-bis-vie-46\/","title":{"rendered":"BOSCH V_BISXVIE1CHA46- LICENCIA PARA AGREGAR UN CANAL DE VIDEO EN EL BIS VIE 46"},"content":{"rendered":"<h5 class=\"card-title text-center\">BIS-XVIE-1CHA46 Licencia para 1 canal de v\u00eddeo<\/h5>\n<p class=\"ql-align-justify\"><strong>El v\u00eddeo es esencial para sistemas de seguridad y muy eficaz para proporcionar orientaci\u00f3n y detalles vitales en situaciones de alarma.<\/strong>\u00a0En la actualidad, es impensable encontrar vest\u00edbulos, entradas, zonas de estacionamiento, per\u00edmetros y zonas de alta seguridad de empresas modernas donde no se utilice.\u00a0<strong>Con Video Engine, la gama BIS ofrece una aplicaci\u00f3n perfectamente integrada que conecta los dispositivos de v\u00eddeo de Bosch y los de otros fabricantes.\u00a0<\/strong>Video Engine aprovecha al m\u00e1ximo la infraestructura de BIS, de modo que le permite mejorar su sistema de gesti\u00f3n de alarmas mediante verificaci\u00f3n de v\u00eddeo, reducir falsas alarmas y aumentar la conciencia del operador en las situaciones cr\u00edticas. La combinaci\u00f3n de Video Engine con las funciones de notificaci\u00f3n de accesos, intrusiones e incendios de BIS permite crear una completa soluci\u00f3n de seguridad adaptada a sus necesidades, y todo ello con una interfaz de usuario \u00fanica.<\/p>\n<p class=\"ql-align-justify\"><strong>Descripci\u00f3n del sistema<\/strong><\/p>\n<p class=\"ql-align-justify\">El VIE aporta toda la potencia del video a la instalaci\u00f3n de BIS para visualizar, por ejemplo, im\u00e1genes de alarmas activadas por intrusiones y para controlar las ubicaciones m\u00e1s delicadas de un lugar. Con este objetivo, Video Engine mejora la interfaz de usuario de BIS con varias vistas y cuadros de di\u00e1logo espec\u00edficos para video utilizando hasta 4 monitores f\u00edsicos. El Video Engine se integra correctamente con los mapas de ubicaci\u00f3n interactivos y los planes de acci\u00f3n activados por eventos. Estos procedimientos de emergencia, que ahorran tiempo y salvan la vida, ya pueden activarlos las alarmas de movimiento o antisabotaje de Bosch I<strong>ntelligent Video Analytics (IVA)<\/strong>, as\u00ed como las alarmas de control de acceso, de incendios y de intrusiones de otros motores de BIS.\u00a0<strong>Es posible proporcionar informaci\u00f3n valiosa al operador de videograbadores DIVAR o VRM (Video Recording Manager).<\/strong><\/p>\n<p class=\"ql-align-justify\">Los comandos de control espec\u00edficos para v\u00eddeos pueden automatizarse y programarse mediante la m\u00e1quina de estados de BIS (consulte la informaci\u00f3n general sobre BIS). Se pueden desencadenar mediante eventos de alarma personalizables o activar manualmente desde men\u00fas contextuales o iconos dentro de un mapa de ubicaci\u00f3n de BIS.<\/p>\n<p class=\"ql-align-justify\"><strong>Funciones b\u00e1sicas<\/strong><\/p>\n<p class=\"ql-align-justify\"><strong>Adem\u00e1s de las funciones de BIS habituales, Video Engine (VIE) provee las siguientes funciones:<\/strong><\/p>\n<p class=\"ql-align-justify\"><strong>Subsistemas de v\u00eddeo:<\/strong><\/p>\n<ul>\n<li class=\"ql-align-justify\">Integraci\u00f3n, control y monitorizaci\u00f3n de los sistemas de grabaci\u00f3n DIVAR de Bosch.<\/li>\n<li class=\"ql-align-justify\">Integraci\u00f3n, control y monitorizaci\u00f3n de los codificadores Videojet de Bosch (servidores de v\u00eddeo), BVIP, SD y c\u00e1maras HD con y sin PTZ, con y sin IVA (Intelligent Video Analysis) de Bosch.<\/li>\n<li class=\"ql-align-justify\">Integraci\u00f3n de Bosch Video Recording Manager (VRM).<\/li>\n<li class=\"ql-align-justify\">Compatibilidad con sistemas de almacenamiento USB o iSCSI conectados a los dispositivos de video IP; acceso a dichos archivos.<\/li>\n<li class=\"ql-align-justify\">Integraci\u00f3n, control y monitorizaci\u00f3n de conmutadores de matriz Allegiant de Bosch.<\/li>\n<li class=\"ql-align-justify\">Integraci\u00f3n opcional de Bosch Video Management System (BVMS).<\/li>\n<li class=\"ql-align-justify\">Integraci\u00f3n de c\u00e1maras anal\u00f3gicas mediante el servidor Web de video (por ejemplo, de la serie Videojet\/VIP de Bosch).<\/li>\n<li class=\"ql-align-justify\">Integraci\u00f3n de c\u00e1maras IP compatibles con Perfil S de ONVIF (transmisi\u00f3n en directo).<\/li>\n<li class=\"ql-align-justify\">Integraci\u00f3n del teclado USB KBD-Universal XF con joystick y dial de salto\/lanzadera, resistente y personalizable, para administrar c\u00e1maras, monitores y grabaciones.<\/li>\n<\/ul>\n<p class=\"ql-align-justify\"><strong>Visualizaci\u00f3n adicional espec\u00edfica del v\u00eddeo en la interfaz de usuario:<\/strong><\/p>\n<ul>\n<li class=\"ql-align-justify\">Ventana de matriz de video digital (DVM) multifuncional para visualizaci\u00f3n simult\u00e1nea de flujos de hasta 30 c\u00e1maras..<\/li>\n<li class=\"ql-align-justify\">Distintos modos de visualizaci\u00f3n definibles para DVM: dise\u00f1o din\u00e1mico y dise\u00f1o fijo en formatos 4:3 y 16:9 (2&#215;2, 3&#215;3, 4&#215;4, 3&#215;2, 4&#215;3 y asim\u00e9tricos 1+5, 1+7, 1+8, 2+6) con acci\u00f3n de seleccionar y soltar o dise\u00f1o de matriz digital virtual (VDM).<\/li>\n<li class=\"ql-align-justify\">Visualizaci\u00f3n simult\u00e1nea de distintos formatos de v\u00eddeo, como JPEG, Wavelet, MPEG2\/4, CIF\/4CIF, H. 264, etc.<\/li>\n<li class=\"ql-align-justify\">Selecci\u00f3n y control de c\u00e1maras desde el mapa de ubicaciones activo o desde el \u00e1rbol de vista general de dispositivos.<\/li>\n<li class=\"ql-align-justify\">Im\u00e1genes en directo y de archivo de distintas fuentes visualizables simult\u00e1neamente.<\/li>\n<li class=\"ql-align-justify\">Enlace directo de las entradas de alarma del registro de eventos de BIS\/VIE a los archivos de alarma de los sistemas DIVAR IP.<\/li>\n<li class=\"ql-align-justify\">B\u00fasqueda y filtrado en funci\u00f3n del tiempo de archivos en sistemas DIVAR IP.<\/li>\n<li class=\"ql-align-justify\">Pr\u00e1cticos controles de cameo, como maximizar, zoom digital, PTZ en ventana, etc.<\/li>\n<li class=\"ql-align-justify\">Almacenamiento de im\u00e1genes de referencia para comparar con im\u00e1genes en directo.<\/li>\n<li class=\"ql-align-justify\">Superposici\u00f3n de DVM y modo de pantalla completa.<\/li>\n<li class=\"ql-align-justify\">Visualizaci\u00f3n en hasta 4 monitores f\u00edsicos simult\u00e1neamente.<\/li>\n<\/ul>\n<p class=\"ql-align-justify\"><strong>Otras caracter\u00edsticas de VIE:<\/strong><\/p>\n<ul>\n<li class=\"ql-align-justify\">Intelligent Video Analytics (IVA). La c\u00e1mara detecta las actividades que se producen en una secuencia de v\u00eddeo. Como \u201cObjeto en campo\u201d, \u201cCruce de l\u00edneas\u201d, \u201cMerodeo\u201d, \u201cObjeto retirado\u201d, \u201cObjeto inactivo\u201d, \u201cEntrada en campo\u201d, \u201cSalida de campo\u201d. Estos sirven para activar los eventos de alarmas en BIS.<\/li>\n<li class=\"ql-align-justify\">Novedad: Las alarmas ac\u00fasticas de la c\u00e1mara sirven para activar eventos de alarmas en BIS.<\/li>\n<li class=\"ql-align-justify\">Control de Analog Monitor Groups (AMG) basado en decodificadores de alta definici\u00f3n con numerosos nuevos dise\u00f1os de control.<\/li>\n<li class=\"ql-align-justify\">Funciones de detecci\u00f3n de movimiento por video y alarma.<\/li>\n<li class=\"ql-align-justify\">Funci\u00f3n de ronda de guardia virtual con grabaci\u00f3n local.<\/li>\n<li class=\"ql-align-justify\">Creaci\u00f3n din\u00e1mica de favoritos de c\u00e1maras y matrices (por ejemplo, vistas diurna y nocturna).<\/li>\n<li class=\"ql-align-justify\">Control simult\u00e1neo de PTZ y otras fuentes de v\u00eddeo mediante controles en pantalla.<\/li>\n<li class=\"ql-align-justify\">Uso de codificadores y descodificadores Videojet\/VIP como matriz de red virtual.<\/li>\n<\/ul>\n<p class=\"ql-align-justify\"><strong>Nota: BIS-XVIE-1CHA46 Licencia para 1 canal de v\u00eddeo<\/strong><\/p>\n<p class=\"ql-align-justify\"><strong>Licencia para 1 canal de v\u00eddeo adicional.<\/strong><\/p>\n<p class=\"ql-align-justify\"><strong>N\u00famero de pedido: BIS-XVIE-1CHA46<\/strong>.<\/p>\n<p class=\"ql-align-justify\"><strong>Principales caracter\u00edsticas<\/strong><\/p>\n<ul>\n<li class=\"ql-align-justify\">Integraci\u00f3n perfecta de los dispositivos de visualizaci\u00f3n y grabaci\u00f3n de Bosch en una sola aplicaci\u00f3n con un aspecto com\u00fan; igualmente con muchos dispositivos de v\u00eddeo de terceros.<\/li>\n<li class=\"ql-align-justify\">Verificaci\u00f3n de v\u00eddeo avanzada para mejorar la detecci\u00f3n de intrusiones e incendios, as\u00ed como control de accesos e intercomunicaci\u00f3n mediante la plataforma BIS com\u00fan.<\/li>\n<li class=\"ql-align-justify\">Comando y control directo de dispositivos de v\u00eddeo desde el visor de mapas central.<\/li>\n<li class=\"ql-align-justify\">Hiperv\u00ednculos entre, por ejemplo, alarmas de intrusi\u00f3n en el registro de eventos y las grabaciones de v\u00eddeo relacionadas en grabadoras digitales de v\u00eddeo.<\/li>\n<li class=\"ql-align-justify\">Integraci\u00f3n directa de v\u00eddeo en directo o de archivo en los planes de acci\u00f3n de BIS y verificaci\u00f3n de v\u00eddeo ACE.<\/li>\n<\/ul>\n<p class=\"ql-align-justify\"><strong>Especificaciones t\u00e9cnicas<\/strong><\/p>\n<p class=\"ql-align-justify\"><strong>El paquete Video Engine admite lo siguiente<\/strong><\/p>\n<p class=\"ql-align-justify\">400 (M\u00e1ximo) canales por servidor BVIP.<\/p>\n<p class=\"ql-align-justify\">4000 (M\u00e1ximo) canales por Video Engine.<\/p>\n<p><img decoding=\"async\" class=\"overview-center-img-\" src=\"https:\/\/tvc.mx\/media\/15990\/Logoopaginas-oficial.png\" alt=\"\" \/><\/p>\n","protected":false},"excerpt":{"rendered":"<p>BIS-XVIE-1CHA46 Licencia para 1 canal de v\u00eddeo El v\u00eddeo es esencial para sistemas de seguridad y muy eficaz para proporcionar orientaci\u00f3n y detalles vitales en situaciones de alarma.\u00a0En la actualidad, es impensable encontrar vest\u00edbulos, entradas, zonas de estacionamiento, per\u00edmetros y zonas de alta seguridad de&hellip;<\/p>\n","protected":false},"featured_media":9022,"comment_status":"open","ping_status":"closed","template":"","meta":{"om_disable_all_campaigns":false,"_monsterinsights_skip_tracking":false,"_monsterinsights_sitenote_active":false,"_monsterinsights_sitenote_note":"","_monsterinsights_sitenote_category":0},"product_brand":[],"product_cat":[822],"product_tag":[81,727,730,66,731,728,729],"class_list":{"0":"post-9023","1":"product","2":"type-product","3":"status-publish","4":"has-post-thumbnail","6":"product_cat-software-acceso","7":"product_tag-acceso-y-asistencia","8":"product_tag-cerraduras","9":"product_tag-commax-wulian","10":"product_tag-dahua","11":"product_tag-wejoin","12":"product_tag-yli","13":"product_tag-zkteco","15":"first","16":"instock","17":"sale","18":"taxable","19":"shipping-taxable","20":"purchasable","21":"product-type-simple"},"aioseo_notices":[],"_links":{"self":[{"href":"https:\/\/tecsecmty.com\/index.php\/wp-json\/wp\/v2\/product\/9023","targetHints":{"allow":["GET"]}}],"collection":[{"href":"https:\/\/tecsecmty.com\/index.php\/wp-json\/wp\/v2\/product"}],"about":[{"href":"https:\/\/tecsecmty.com\/index.php\/wp-json\/wp\/v2\/types\/product"}],"replies":[{"embeddable":true,"href":"https:\/\/tecsecmty.com\/index.php\/wp-json\/wp\/v2\/comments?post=9023"}],"version-history":[{"count":0,"href":"https:\/\/tecsecmty.com\/index.php\/wp-json\/wp\/v2\/product\/9023\/revisions"}],"wp:featuredmedia":[{"embeddable":true,"href":"https:\/\/tecsecmty.com\/index.php\/wp-json\/wp\/v2\/media\/9022"}],"wp:attachment":[{"href":"https:\/\/tecsecmty.com\/index.php\/wp-json\/wp\/v2\/media?parent=9023"}],"wp:term":[{"taxonomy":"product_brand","embeddable":true,"href":"https:\/\/tecsecmty.com\/index.php\/wp-json\/wp\/v2\/product_brand?post=9023"},{"taxonomy":"product_cat","embeddable":true,"href":"https:\/\/tecsecmty.com\/index.php\/wp-json\/wp\/v2\/product_cat?post=9023"},{"taxonomy":"product_tag","embeddable":true,"href":"https:\/\/tecsecmty.com\/index.php\/wp-json\/wp\/v2\/product_tag?post=9023"}],"curies":[{"name":"wp","href":"https:\/\/api.w.org\/{rel}","templated":true}]}}