{"id":9031,"date":"2023-02-23T22:36:05","date_gmt":"2023-02-24T04:36:05","guid":{"rendered":"https:\/\/tecsecmty.com\/index.php\/producto\/zkteco-pushsdkac-para-desarrollo-de-software-y-aplicaciones-de-automatizacion-sdk-para-terminales-de-acceso-push\/"},"modified":"2023-03-22T23:25:31","modified_gmt":"2023-03-23T05:25:31","slug":"zkteco-pushsdkac-para-desarrollo-de-software-y-aplicaciones-de-automatizacion-sdk-para-terminales-de-acceso-push","status":"publish","type":"product","link":"https:\/\/tecsecmty.com\/index.php\/producto\/zkteco-pushsdkac-para-desarrollo-de-software-y-aplicaciones-de-automatizacion-sdk-para-terminales-de-acceso-push\/","title":{"rendered":"ZKTECO PUSHSDKAC &#8211; Para Desarrollo de Software y Aplicaciones de Automatizaci\u00f3n \/ SDK para terminales de acceso PUSH"},"content":{"rendered":"<div class=\"row aling-items-center padding-bottom-2x\">\n<div class=\"col-lg-12\">\n<h5 class=\"card-title text-center\">Informaci\u00f3n general.<\/h5>\n<p>La introducci\u00f3n de nuestro \u00faltimo SDK PUSH funci\u00f3n versi\u00f3n 2.2; integrado en nuestra Profesional versi\u00f3n de firmware, un\u00a0protocolo de comunicaci\u00f3n basado en HTTP que soporta la transmisi\u00f3n de datosal permitir que las terminales se conecten activamente al servidor.\u00a0Sus principales entornos aplicables son redes estables donde se admite el protocolo TCPo IP,\u00a0por ejemplo, con muy utilizado LAN y WWW.\u00a0El protocolo push SDK actualiza nuevos datos activamente,\u00a0apoya y facilita la descarga resuma el desarrollo de la funci\u00f3n de expansi\u00f3n (red integrada\u00a0multi-terminal).<\/p>\n<p class=\"ql-align-justify\">En otras palabras, puede administrar\u00a0grandes\u00a0redes de\u00a0m\u00faltiples ubicaciones,\u00a0para\u00a0tiempo y asistencia,\u00a0sino tambi\u00e9n para proyectos\u00a0de control de acceso,\u00a0todo ello controlado\u00a0desde una ubicaci\u00f3n\u00a0de servidor \u00fanico.<\/p>\n<p>Lenguaje de programacion:<\/p>\n<p>JAVA<\/p>\n<p>En la compra incluye un Demo:JAVA<\/p>\n<p><img decoding=\"async\" class=\"overview-center-img-web\" src=\"https:\/\/tvc.mx\/media\/78516\/Banner.png\" alt=\"\" \/><\/div>\n<\/div>\n<div class=\"row align-items-center padding-bottom-2x\">\n<div class=\"col-md-5 order-md-2\"><img decoding=\"async\" class=\"d-block m-auto img-thumbnail\" src=\"https:\/\/tvc.mx\/media\/78528\/QUE-ES-SDK.jpg\" alt=\" \" \/><\/div>\n<div class=\"col-md-7 order-md-1 text-md-left text-center\">\n<h2>Que es un SDK<\/h2>\n<p class=\"text-muted\">\n<p>Un\u00a0<strong>kit de desarrollo de software<\/strong>\u00a0(en ingl\u00e9s, software development kit o\u00a0<strong>SDK<\/strong>) es generalmente un conjunto de herramientas de desarrollo de software que permite a un desarrollador de software crear una aplicaci\u00f3n inform\u00e1tica para un sistema concreto, por ejemplo ciertos paquetes de software, entornos de trabajo, plataformas de hardware, computadoras, videoconsolas, sistemas operativos, etc\u00e9tera.<\/p>\n<p>&nbsp;<\/p>\n<\/div>\n<\/div>\n<hr class=\"padding-bottom-2x\" \/>\n<div class=\"row align-items-center padding-bottom-2x\">\n<div class=\"col-md-5\"><img decoding=\"async\" class=\"d-block m-auto img-thumbnail\" src=\"https:\/\/tvc.mx\/media\/78520\/sensores.jpg\" alt=\" \" \/><\/div>\n<div class=\"col-md-7 text-md-left text-center\">\n<h2>Contenido de SDK<\/h2>\n<p class=\"text-muted\">\n<p>En la compra de el kit de desarrollo de SDK PUSHAC podr\u00e1 encontrar:<\/p>\n<ul>\n<li>SDK&#8217;S<\/li>\n<li>Demo de SDK Push<\/li>\n<li>Manual de usuario<\/li>\n<\/ul>\n<p>NOTA: Para poder tener los SDK&#8217;s se tendr\u00e1 que firmar un acuerdo de confidencialidad\u00a0<strong>(favor de dirigirse con su ejecutivo asignado para mas informaci\u00f3n) Tambi\u00e9n deber\u00e1 de proporcionar un correo electr\u00f3nico donde ser\u00e1n enviados los SDK&#8217;S<\/strong><\/p>\n<\/div>\n<\/div>\n","protected":false},"excerpt":{"rendered":"<p>Informaci\u00f3n general. La introducci\u00f3n de nuestro \u00faltimo SDK PUSH funci\u00f3n versi\u00f3n 2.2; integrado en nuestra Profesional versi\u00f3n de firmware, un\u00a0protocolo de comunicaci\u00f3n basado en HTTP que soporta la transmisi\u00f3n de datosal permitir que las terminales se conecten activamente al servidor.\u00a0Sus principales entornos aplicables son redes&hellip;<\/p>\n","protected":false},"featured_media":9030,"comment_status":"open","ping_status":"closed","template":"","meta":{"om_disable_all_campaigns":false,"_monsterinsights_skip_tracking":false,"_monsterinsights_sitenote_active":false,"_monsterinsights_sitenote_note":"","_monsterinsights_sitenote_category":0},"product_brand":[],"product_cat":[823],"product_tag":[81,727,730,66,731,728,729],"class_list":{"0":"post-9031","1":"product","2":"type-product","3":"status-publish","4":"has-post-thumbnail","6":"product_cat-software-acceso-control-de-acceso-zkteco-acceso-asistencia","7":"product_tag-acceso-y-asistencia","8":"product_tag-cerraduras","9":"product_tag-commax-wulian","10":"product_tag-dahua","11":"product_tag-wejoin","12":"product_tag-yli","13":"product_tag-zkteco","15":"first","16":"instock","17":"sale","18":"taxable","19":"shipping-taxable","20":"purchasable","21":"product-type-simple"},"aioseo_notices":[],"_links":{"self":[{"href":"https:\/\/tecsecmty.com\/index.php\/wp-json\/wp\/v2\/product\/9031","targetHints":{"allow":["GET"]}}],"collection":[{"href":"https:\/\/tecsecmty.com\/index.php\/wp-json\/wp\/v2\/product"}],"about":[{"href":"https:\/\/tecsecmty.com\/index.php\/wp-json\/wp\/v2\/types\/product"}],"replies":[{"embeddable":true,"href":"https:\/\/tecsecmty.com\/index.php\/wp-json\/wp\/v2\/comments?post=9031"}],"version-history":[{"count":0,"href":"https:\/\/tecsecmty.com\/index.php\/wp-json\/wp\/v2\/product\/9031\/revisions"}],"wp:featuredmedia":[{"embeddable":true,"href":"https:\/\/tecsecmty.com\/index.php\/wp-json\/wp\/v2\/media\/9030"}],"wp:attachment":[{"href":"https:\/\/tecsecmty.com\/index.php\/wp-json\/wp\/v2\/media?parent=9031"}],"wp:term":[{"taxonomy":"product_brand","embeddable":true,"href":"https:\/\/tecsecmty.com\/index.php\/wp-json\/wp\/v2\/product_brand?post=9031"},{"taxonomy":"product_cat","embeddable":true,"href":"https:\/\/tecsecmty.com\/index.php\/wp-json\/wp\/v2\/product_cat?post=9031"},{"taxonomy":"product_tag","embeddable":true,"href":"https:\/\/tecsecmty.com\/index.php\/wp-json\/wp\/v2\/product_tag?post=9031"}],"curies":[{"name":"wp","href":"https:\/\/api.w.org\/{rel}","templated":true}]}}