{"id":9035,"date":"2023-02-23T22:36:09","date_gmt":"2023-02-24T04:36:09","guid":{"rendered":"https:\/\/tecsecmty.com\/index.php\/producto\/zkteco-zkbaacp15-licencia-de-control-de-acceso-bio-access-para-15-puertas-6-puntos-de-asistencia-16-camaras-ip-2000-usuarios-200-departamentos-licencia-gratuita-en-la-compra-de-equipo-faci\/"},"modified":"2023-03-22T23:25:37","modified_gmt":"2023-03-23T05:25:37","slug":"zkteco-zkbaacp15-licencia-de-control-de-acceso-bio-access-para-15-puertas-6-puntos-de-asistencia-16-camaras-ip-2000-usuarios-200-departamentos-licencia-gratuita-en-la-compra-de-equipo-faci","status":"publish","type":"product","link":"https:\/\/tecsecmty.com\/index.php\/producto\/zkteco-zkbaacp15-licencia-de-control-de-acceso-bio-access-para-15-puertas-6-puntos-de-asistencia-16-camaras-ip-2000-usuarios-200-departamentos-licencia-gratuita-en-la-compra-de-equipo-faci\/","title":{"rendered":"ZKTECO ZKBAACP15 -Licencia de Control de Acceso Bio Access para 15 puertas \/ 6 puntos de Asistencia \/ 16 C\u00e1maras IP \/ 2,000 Usuarios \/ 200 Departamentos \/ Licencia Gratuita en la Compra de Equipo Facial Visible Light"},"content":{"rendered":"<div class=\"row aling-items-center padding-bottom-2x\">\n<div class=\"col-lg-12\">\n<h5 class=\"card-title text-center\">Informaci\u00f3n General<\/h5>\n<p class=\"ql-align-justify\">ZKBio Access MTD\u00a0es una plataforma de seguridad basada en web desarrollada por ZKTeco compatible con la mayor\u00eda del hardware de ZKTeco. Proporciona una funcionalidad que cumple los requisitos de gesti\u00f3n de las peque\u00f1as y medianas empresas, tales como: Gesti\u00f3n del Personal, Control de Acceso, Asistencia, Videovigilancia, Control del Sistema, Privilegios de Usuarios, Seguridad en la Informaci\u00f3n, Centralizaci\u00f3n de Datos, Administraci\u00f3n local y remota de los Dispositivos, Gesti\u00f3n y Detecci\u00f3n de Temperatura y Rostros con M\u00e1scara (cubrebocas).<\/p>\n<p><img decoding=\"async\" class=\"overview-center-img-web\" src=\"https:\/\/tvc.mx\/media\/58848\/Plantilla-Beta-3-.jpg\" alt=\"\" \/><\/div>\n<\/div>\n<div class=\"row align-items-center padding-bottom-2x\">\n<div class=\"col-md-5 order-md-2\"><img decoding=\"async\" class=\"d-block m-auto img-thumbnail\" src=\"https:\/\/tvc.mx\/media\/58851\/401.jpg\" alt=\" \" \/><\/div>\n<div class=\"col-md-7 order-md-1 text-md-left text-center\">\n<h2>Principales Caracteristicas<\/h2>\n<p class=\"text-muted\">\n<p class=\"ql-align-justify\">\u2022 Gesti\u00f3n y Detecci\u00f3n de Temperatura y Usuarios con M\u00e1scara (Cubrebocas)<\/p>\n<p class=\"ql-align-justify\">\u2022 Reportes Estad\u00edsiticos y Alarmas de Datos Anormales<\/p>\n<p class=\"ql-align-justify\">\u2022 M\u00f3dulo de Asistencia Web<\/p>\n<p class=\"ql-align-justify\">\u2022 Soporta Disp. que cuentan con la Nueva Plataforma para la funci\u00f3n ADMS<\/p>\n<p class=\"ql-align-justify\">\u2022 Soporta puntos de asistencia con los equipos de Control de Acceso y C\u00e1maras para generar los registros de Tiempo y Asistencia<\/p>\n<p class=\"ql-align-justify\">\u2022 M\u00f3dulo de Gesti\u00f3n de Video Confiable<\/p>\n<p class=\"ql-align-justify\">\u2022 Soporta funciones b\u00e1sicas de videovigilancia, como: vizualizaci\u00f3n en tiempo real, reproducci\u00f3n, grabaci\u00f3n, b\u00fasqueda remota, etc<\/p>\n<p class=\"ql-align-justify\">\u2022 Soporta NVR de Reconocimiento Facial para el Reconocimiento Inteligente<\/p>\n<p class=\"ql-align-justify\">\u2022 Multi-idioma: Ingl\u00e9s \/ Espa\u00f1ol \/ Tailand\u00e9s \/ Indonesio \/ Vietnamita \/ Chino Tradicional y Simplificado<\/p>\n<p class=\"ql-align-justify\">\u2022 Cambio de Idioma en Tiempo Real<\/p>\n<p class=\"ql-align-justify\">\u2022 Soporta el registro autom\u00e1tico de personal temporal con c\u00f3digos QR<\/p>\n<p class=\"ql-align-justify\">\u2022 Admite protocolo HTTPS para la seguridad de la informaci\u00f3n<\/p>\n<p class=\"ql-align-justify\">\u2022 Comunicaci\u00f3n estable, r\u00e1pida y consistente<\/p>\n<p class=\"ql-align-justify\">\u2022 L\u00f3gica de Control de Acceso Confiable<\/p>\n<p class=\"ql-align-justify\">\u2022 Respaldo Autom\u00e1tico de Datos<\/p>\n<p class=\"ql-align-justify\">\u2022 Notificaci\u00f3n por E-mail de alarmas y eventos<\/p>\n<p class=\"ql-align-justify\">\u2022 Compatible para actualizar a ZKBioSecurity<\/p>\n<p>&nbsp;<\/p>\n<\/div>\n<\/div>\n<hr class=\"padding-bottom-2x\" \/>\n<div class=\"row aling-items-center padding-bottom-2x\">\n<div class=\"col-lg-12\">\n<h5 class=\"card-title text-center\">M\u00f3dulos Integrados<\/h5>\n<p><strong>Esta licencia contiene:<\/strong><\/p>\n<p>Empleados: 2.000<\/p>\n<p>Acceso: 15 Puertas<\/p>\n<p>Asistencia: 6 Terminales (2 equipos de acceso, 2 equipos de asistencia. 2 c\u00e1maras)<\/p>\n<p>CCTV: 16 C\u00e1maras<\/p>\n<p><strong>NOTA: Modulo de Asistencia.<\/strong><\/p>\n<p>Soporta\u00a0<strong>(por default)<\/strong><\/p>\n<ul>\n<li>2 Dispositivos de Acceso<\/li>\n<li>2 Dispositivos de Asistencia<\/li>\n<li>2 Dispositivos de V\u00eddeo<\/li>\n<\/ul>\n<p>Especial:<\/p>\n<p>Hay 3 combinaciones:<\/p>\n<p>Los 6 puntos de asistencia con equipos de Acceso<\/p>\n<p>Los 6 puntos de asistencia con equipos de Asistencia<\/p>\n<p>Los 6 puntos de asistencia con c\u00e1maras de V\u00eddeo<\/p>\n<p><strong><u>NOTA: Si requiere tener mas de 2 terminales de acceso en el modulo de asistencia, notificarlo a su vendedor.<\/u><\/strong><\/p>\n<p><img decoding=\"async\" class=\"overview-center-img-web\" src=\"https:\/\/tvc.mx\/media\/104649\/overview.jpg\" alt=\"\" \/><\/div>\n<\/div>\n","protected":false},"excerpt":{"rendered":"<p>Informaci\u00f3n General ZKBio Access MTD\u00a0es una plataforma de seguridad basada en web desarrollada por ZKTeco compatible con la mayor\u00eda del hardware de ZKTeco. Proporciona una funcionalidad que cumple los requisitos de gesti\u00f3n de las peque\u00f1as y medianas empresas, tales como: Gesti\u00f3n del Personal, Control de&hellip;<\/p>\n","protected":false},"featured_media":9034,"comment_status":"open","ping_status":"closed","template":"","meta":{"om_disable_all_campaigns":false,"_monsterinsights_skip_tracking":false,"_monsterinsights_sitenote_active":false,"_monsterinsights_sitenote_note":"","_monsterinsights_sitenote_category":0},"product_brand":[],"product_cat":[823],"product_tag":[81,727,730,66,731,728,729],"class_list":{"0":"post-9035","1":"product","2":"type-product","3":"status-publish","4":"has-post-thumbnail","6":"product_cat-software-acceso-control-de-acceso-zkteco-acceso-asistencia","7":"product_tag-acceso-y-asistencia","8":"product_tag-cerraduras","9":"product_tag-commax-wulian","10":"product_tag-dahua","11":"product_tag-wejoin","12":"product_tag-yli","13":"product_tag-zkteco","15":"first","16":"instock","17":"sale","18":"taxable","19":"shipping-taxable","20":"purchasable","21":"product-type-simple"},"aioseo_notices":[],"_links":{"self":[{"href":"https:\/\/tecsecmty.com\/index.php\/wp-json\/wp\/v2\/product\/9035","targetHints":{"allow":["GET"]}}],"collection":[{"href":"https:\/\/tecsecmty.com\/index.php\/wp-json\/wp\/v2\/product"}],"about":[{"href":"https:\/\/tecsecmty.com\/index.php\/wp-json\/wp\/v2\/types\/product"}],"replies":[{"embeddable":true,"href":"https:\/\/tecsecmty.com\/index.php\/wp-json\/wp\/v2\/comments?post=9035"}],"version-history":[{"count":0,"href":"https:\/\/tecsecmty.com\/index.php\/wp-json\/wp\/v2\/product\/9035\/revisions"}],"wp:featuredmedia":[{"embeddable":true,"href":"https:\/\/tecsecmty.com\/index.php\/wp-json\/wp\/v2\/media\/9034"}],"wp:attachment":[{"href":"https:\/\/tecsecmty.com\/index.php\/wp-json\/wp\/v2\/media?parent=9035"}],"wp:term":[{"taxonomy":"product_brand","embeddable":true,"href":"https:\/\/tecsecmty.com\/index.php\/wp-json\/wp\/v2\/product_brand?post=9035"},{"taxonomy":"product_cat","embeddable":true,"href":"https:\/\/tecsecmty.com\/index.php\/wp-json\/wp\/v2\/product_cat?post=9035"},{"taxonomy":"product_tag","embeddable":true,"href":"https:\/\/tecsecmty.com\/index.php\/wp-json\/wp\/v2\/product_tag?post=9035"}],"curies":[{"name":"wp","href":"https:\/\/api.w.org\/{rel}","templated":true}]}}