{"id":906,"date":"2023-02-16T00:07:31","date_gmt":"2023-02-16T00:07:31","guid":{"rendered":"https:\/\/tecsecmty.com\/index.php\/producto\/dvr-2-megapixel-1080p-lite-4-canales-turbohd-1-canal-ip-disco-duro-essd-incluido-300-gb-h-265-acusense-lite-diseoo-ultra-compacto-extra-silencioso\/"},"modified":"2023-03-22T23:20:46","modified_gmt":"2023-03-23T05:20:46","slug":"dvr-2-megapixel-1080p-lite-4-canales-turbohd-1-canal-ip-disco-duro-essd-incluido-300-gb-h-265-acusense-lite-diseoo-ultra-compacto-extra-silencioso","status":"publish","type":"product","link":"https:\/\/tecsecmty.com\/index.php\/producto\/dvr-2-megapixel-1080p-lite-4-canales-turbohd-1-canal-ip-disco-duro-essd-incluido-300-gb-h-265-acusense-lite-diseoo-ultra-compacto-extra-silencioso\/","title":{"rendered":"DVR 2 Megapixel (1080p) Lite \/ 4 Canales TURBOHD + 1 Canal IP \/ Disco duro eSSD Incluido (300 GB) \/ H.265+ \/ ACUSENSE Lite \/ Diseoo Ultra Compacto \/ Extra Silencioso"},"content":{"rendered":"<div class=\"container\">\n<div class=\"row\">\n<div class=\"col-md-12\">\n<div class=\"row\">\n<div class=\"row\">\n<div class=\"col-md-12\">\n<h4 class=\"text-primary center info-text\" style=\"text-align: center\">Informaci\u00f3n de Producto<\/h4>\n<\/div>\n<\/div>\n<div class=\"row\" style=\"text-align: center\">\n<div class=\"col-md-12\">\n<h3>DVR 2 Megapixel (1080p) Lite \/ 4 Canales TURBOHD + 1 Canal IP \/ Disco duro eSSD Incluido (300 GB) \/ H.265+ \/ ACUSENSE Lite \/ Dise\u00f1o Ultra Compacto \/ Extra Silencioso<\/h3>\n<\/div>\n<\/div>\n<div id=\"producto_container\" class=\"row\" style=\"text-align: center\">\n<div class=\"col-md-4\"><img decoding=\"async\" class=\"img-responsive center-block\" src=\"https:\/\/ftp3.syscom.mx\/usuarios\/fotos\/BancoFotografiasSyscom\/HIKVISION\/DSE04HGHIB\/DSE04HGHIB-p.PNG\" alt=\"DS-E04HGHI-B\" \/><\/p>\n<div class=\"row\">\n<div id=\"galerias\" class=\"col-sm-12\"><\/div>\n<\/div>\n<\/div>\n<div class=\"col-md-4\">\n<div><img decoding=\"async\" class=\"img-responsive img-thumbnail\" src=\"https:\/\/ftp3.syscom.mx\/usuarios\/fotos\/logotipos\/hikvision.png\" \/><\/div>\n<div><img decoding=\"async\" class=\"icono_info_product\" src=\"https:\/\/ftp3.syscom.mx\/usuarios\/ftp\/syscom_mx\/5-9-51-56-acusense-lite.png\" \/><img decoding=\"async\" class=\"icono_info_product\" src=\"https:\/\/ftp3.syscom.mx\/usuarios\/fotos\/audiovideomismocable.png?v=1588118778\" \/><img decoding=\"async\" class=\"icono_info_product\" src=\"https:\/\/ftp3.syscom.mx\/usuarios\/fotos\/eSSD.png\" \/><\/div>\n<div>\n<p>Modelo:\u00a0<span class=\"modelo-marca\">DS-E04HGHI-B<\/span><\/p>\n<p>Marca:\u00a0<span class=\"modelo-marca\">HIKVISION<\/span><\/p>\n<\/div>\n<div><\/div>\n<\/div>\n<div class=\"col-md-4\">\n<div class=\"row\">\n<div class=\"col-md-12 default_padding_bottom\"><\/div>\n<\/div>\n<\/div>\n<\/div>\n<\/div>\n<div class=\"row \" style=\"text-align: center\">\n<div class=\"col-md-12\">\n<div class=\"row\">\n<h3 class=\"text-primary\">Especificaciones:<\/h3>\n<\/div>\n<div class=\"row well\">\n<p><img decoding=\"async\" class=\"fr-fic fr-dii\" src=\"https:\/\/ftp3.syscom.mx\/usuarios\/nicolas.jimenez\/essd.png\" height=\"100%\" \/><\/p>\n<p>&nbsp;<\/p>\n<p>&nbsp;<\/p>\n<div class=\"row\">\n<div class=\"col-sm-4\">\n<div><strong>Caracter\u00edsticas principales:<\/strong><\/p>\n<ul>\n<li>Soporte de tecnolog\u00edas: HD-TVI \/ HD-CVI \/ AHD \/ Anal\u00f3gico (CVBS) \/ IP.<\/li>\n<li>Software cliente iVMS-4200 (gratuito).<\/li>\n<li>Compatible con Hik-Connect (P2P). (<a href=\"https:\/\/appstore.hikvision.com\/\" target=\"_blank\" rel=\"noopener\">https:\/\/appstore.hikvision.com\/<\/a>).<\/li>\n<li>Soporta servicio Hik-connect Domain \/ DynDNS \/ NO-IP.<\/li>\n<li>Soporta 4 canales TURBOHD \/ analogicos + 1 canal IP = 5 canales en total.\n<ul>\n<li>HD-TVI: 1080P Lite @ 30 IPS.<\/li>\n<li>HD-CVI: 1080P Lite @ 30 IPS.<\/li>\n<li>CVBS: WD1 @ 30 IPS.<\/li>\n<li>AHD: 1080P Lite @ 30 IPS.<\/li>\n<li>IP: 2 Megapixel (1080p).<\/li>\n<\/ul>\n<\/li>\n<li>H.265 Pro+ \/ H.265 Pro \/ H.265 \/ H.264+ \/ H.264.<\/li>\n<\/ul>\n<\/div>\n<\/div>\n<div class=\"col-sm-4\">\n<div><strong>Caracter\u00edsticas F\u00edsicas y El\u00e9ctricas:<\/strong><\/p>\n<ul>\n<li>Alimentaci\u00f3n: 12 Vcc \/ 1 A.<\/li>\n<li>Consumo de energ\u00eda: 5.4W.<\/li>\n<li>Temperatura de operaci\u00f3n: -10 \u00baC hasta 45 \u00baC<\/li>\n<li>Dimensiones: 151 \u00d7 121 \u00d7 46 mm (W \u00d7 D \u00d7 H)<\/li>\n<li>Peso: 0.5Kg.<\/li>\n<li>Garantia: 2 a\u00f1os.<\/li>\n<\/ul>\n<\/div>\n<\/div>\n<div class=\"col-sm-4\">\n<div><strong>Interfaces Entradas \/ Salidas:<\/strong><\/p>\n<ul>\n<li>Salida de video:\n<ul>\n<li>HDMI: 1080p \/ 720p.<\/li>\n<li>VGA: 1080p \/ 720p.<\/li>\n<\/ul>\n<\/li>\n<li>Entrada audio RCA : N\/A.<\/li>\n<li>Entradas de audio por coaxitron: 4 (<a href=\"https:\/\/www.syscom.mx\/principal\/promociones\/camaras_con_audio_por_coaxitron_2_mp-5477.html?ordenar=Relevancia&amp;pag=1\" target=\"_blank\" rel=\"noopener\">modelos compatibles<\/a>)<\/li>\n<li>Salida audio: N\/A.<\/li>\n<li>Entrada alarma: N\/A<\/li>\n<li>Salida alarma: N\/A<\/li>\n<li>Interfaz red: 1 puetos (RJ-45 10\/100 Mbps).<\/li>\n<li><strong>Disco duro: Incluye disco duro eSSD 300 GB ya instalado.<\/strong><\/li>\n<\/ul>\n<\/div>\n<\/div>\n<\/div>\n<div class=\"row\">\n<div class=\"col-sm-12\">\n<div><strong>Consideraciones:<\/strong><\/p>\n<ul>\n<li>El audio se recibe unicamente por la se\u00f1al TVI<\/li>\n<li>Cuenta con AcuSense para filtar humanos y vehiculos por detecci\u00f3n de movimiento\u00a0(No cuenta con videoanaliticos como cruces de linea \/ entrada de area)<\/li>\n<li>Para conectar los canales IP requiere utilizar un switch\/switch PoE (No Incluido)<\/li>\n<li>No soporta canal cero.<\/li>\n<li>No es compatible con control remoto<\/li>\n<\/ul>\n<\/div>\n<\/div>\n<\/div>\n<p>&nbsp;<\/p>\n<h1><strong>Recursos<\/strong><\/h1>\n<p>&nbsp;<\/p>\n<div class=\"row default_margin_bottom\">\n<div class=\"col-sm-4\"><a href=\"https:\/\/www.hikvision.com\/es-la\/support\/download\/software\/ivms4200-series\/?q=serie%20ivms4200&amp;position=1\" target=\"_blank\" rel=\"noopener\"><img decoding=\"async\" class=\"img-responsive\" src=\"https:\/\/ftp3.syscom.mx\/usuarios\/gmagos\/HIK\/IP\/IPC\/Imagenes%20pagina\/Descargas%20IVMS4200.jpg\" \/><\/a><\/div>\n<div class=\"col-sm-4\"><a href=\"https:\/\/appstore.hikvision.com\/\" target=\"_blank\" rel=\"noopener\"><img decoding=\"async\" class=\"img-responsive\" src=\"https:\/\/ftp3.syscom.mx\/usuarios\/gmagos\/HIK\/IP\/IPC\/Imagenes%20pagina\/Descargas%20de%20app.jpg\" \/><\/a><\/div>\n<div class=\"col-sm-4\"><a href=\"https:\/\/ftp3.syscom.mx\/usuarios\/ftp\/2022\/09\/23\/e4db7\/Especificaci%C3%B3nes%20T%C3%A9cnicas%20-%20DS-E04HGHI-B.pdf\" target=\"_blank\" rel=\"noopener\"><img decoding=\"async\" class=\"img-responsive\" src=\"https:\/\/ftp3.syscom.mx\/usuarios\/gmagos\/HIK\/IP\/IPC\/Imagenes%20pagina\/Descarga%20de%20PDF.jpg\" \/><\/a><\/div>\n<\/div>\n<p><img decoding=\"async\" src=\"https:\/\/ftp3.syscom.mx\/usuarios\/fotos\/S04TURBOG3\/195128-explicaci%C3%B3n_acusense_turbohd.jpeg\" alt=\"\" width=\"100%\" \/><\/p>\n<p><img decoding=\"async\" class=\"fr-fic fr-dii\" src=\"https:\/\/ftp3.syscom.mx\/usuarios\/jsosa\/HIKVISION\/imagenes\/banners\/solution%20complete.png\" \/><\/p>\n<p>&nbsp;<\/p>\n<\/div>\n<\/div>\n<\/div>\n<\/div>\n<\/div>\n<\/div>\n<p><img decoding=\"async\" class=\"aligncenter\" src=\"https:\/\/tracker.metricool.com\/c3po.jpg?hash=95c94f37730bb8f54dd4308f1f878f9\" \/><\/p>\n","protected":false},"excerpt":{"rendered":"<p>Informaci\u00f3n de Producto DVR 2 Megapixel (1080p) Lite \/ 4 Canales TURBOHD + 1 Canal IP \/ Disco duro eSSD Incluido (300 GB) \/ H.265+ \/ ACUSENSE Lite \/ Dise\u00f1o Ultra Compacto \/ Extra Silencioso Modelo:\u00a0DS-E04HGHI-B Marca:\u00a0HIKVISION Especificaciones: &nbsp; &nbsp; Caracter\u00edsticas principales: Soporte de tecnolog\u00edas:&hellip;<\/p>\n","protected":false},"featured_media":1775,"comment_status":"open","ping_status":"closed","template":"","meta":{"om_disable_all_campaigns":false,"_monsterinsights_skip_tracking":false,"_monsterinsights_sitenote_active":false,"_monsterinsights_sitenote_note":"","_monsterinsights_sitenote_category":0},"product_brand":[],"product_cat":[56],"product_tag":[58,59,57],"class_list":{"0":"post-906","1":"product","2":"type-product","3":"status-publish","4":"has-post-thumbnail","6":"product_cat-videograbadoras-analogicas-turbohd-tvi-ahd-cvi","7":"product_tag-dvr","8":"product_tag-videograbadora","9":"product_tag-videograbadoras-analogicas-turbohd-tvi-ahd-cvi","11":"first","12":"instock","13":"taxable","14":"shipping-taxable","15":"product-type-simple"},"aioseo_notices":[],"_links":{"self":[{"href":"https:\/\/tecsecmty.com\/index.php\/wp-json\/wp\/v2\/product\/906","targetHints":{"allow":["GET"]}}],"collection":[{"href":"https:\/\/tecsecmty.com\/index.php\/wp-json\/wp\/v2\/product"}],"about":[{"href":"https:\/\/tecsecmty.com\/index.php\/wp-json\/wp\/v2\/types\/product"}],"replies":[{"embeddable":true,"href":"https:\/\/tecsecmty.com\/index.php\/wp-json\/wp\/v2\/comments?post=906"}],"version-history":[{"count":2,"href":"https:\/\/tecsecmty.com\/index.php\/wp-json\/wp\/v2\/product\/906\/revisions"}],"predecessor-version":[{"id":1776,"href":"https:\/\/tecsecmty.com\/index.php\/wp-json\/wp\/v2\/product\/906\/revisions\/1776"}],"wp:featuredmedia":[{"embeddable":true,"href":"https:\/\/tecsecmty.com\/index.php\/wp-json\/wp\/v2\/media\/1775"}],"wp:attachment":[{"href":"https:\/\/tecsecmty.com\/index.php\/wp-json\/wp\/v2\/media?parent=906"}],"wp:term":[{"taxonomy":"product_brand","embeddable":true,"href":"https:\/\/tecsecmty.com\/index.php\/wp-json\/wp\/v2\/product_brand?post=906"},{"taxonomy":"product_cat","embeddable":true,"href":"https:\/\/tecsecmty.com\/index.php\/wp-json\/wp\/v2\/product_cat?post=906"},{"taxonomy":"product_tag","embeddable":true,"href":"https:\/\/tecsecmty.com\/index.php\/wp-json\/wp\/v2\/product_tag?post=906"}],"curies":[{"name":"wp","href":"https:\/\/api.w.org\/{rel}","templated":true}]}}