{"id":9063,"date":"2023-02-23T22:36:35","date_gmt":"2023-02-24T04:36:35","guid":{"rendered":"https:\/\/tecsecmty.com\/index.php\/producto\/zkteco-zkcvvisp102w-licencia-para-gestion-de-visitas-en-biocvsecurity-20000-visitas-por-mes-10-sitios-de-registro-vitalicia\/"},"modified":"2023-03-22T23:25:40","modified_gmt":"2023-03-23T05:25:40","slug":"zkteco-zkcvvisp102w-licencia-para-gestion-de-visitas-en-biocvsecurity-20000-visitas-por-mes-10-sitios-de-registro-vitalicia","status":"publish","type":"product","link":"https:\/\/tecsecmty.com\/index.php\/producto\/zkteco-zkcvvisp102w-licencia-para-gestion-de-visitas-en-biocvsecurity-20000-visitas-por-mes-10-sitios-de-registro-vitalicia\/","title":{"rendered":"ZKTECO ZKCVVISP102W &#8211; Licencia para gesti\u00f3n de Visitas en BioCVSecurity \/ 20,000 Visitas por Mes \/ 10 Sitios de Registro \/ Vitalicia"},"content":{"rendered":"<div class=\"row aling-items-center padding-bottom-2x\">\n<div class=\"col-lg-12\">\n<h5 class=\"card-title text-center\">Informaci\u00f3n General<\/h5>\n<p class=\"ql-align-justify\">El software\u00a0<strong>ZKBioCVSecurity<\/strong>\u00a0proporciona una completa plataforma de seguridad basada en web con la adopci\u00f3n de tecnolog\u00eda biom\u00e9trica h\u00edbrida y de visi\u00f3n por ordenador.<\/p>\n<p class=\"ql-align-justify\"><u>Contiene m\u00faltiples m\u00f3dulos:<\/u>\u00a0Personal, Tiempo y Asistencia, Control de Acceso, Gesti\u00f3n de Visitantes, Estacionamiento, Control de Ascensores, FaceKiosk, Gesti\u00f3n de V\u00eddeo Inteligente, M\u00f3dulo de Detecci\u00f3n de M\u00e1scara y Temperatura, Consumo En L\u00ednea\/Fuera de L\u00ednea, Patrullaje, Escenas Inteligentes, Centro de Operaciones, Centro de Servicios, y otros subsistemas inteligentes.<\/p>\n<p class=\"ql-align-justify\">Aprovechando la amplia experiencia en el sector del control de accesos.\u00a0<strong>ZKTeco<\/strong>\u00a0integra la videovigilancia y las aplicaciones de an\u00e1lisis inteligente en el sistema, creando una plataforma de gesti\u00f3n de la seguridad biom\u00e9trica a nivel de un sistema \u201c<u>todo en uno<\/u>\u201d as\u00ed garantizar la alta calidad de un servicio de seguridad para salvaguardar la vida y las posesiones del usuario.<\/p>\n<p><img decoding=\"async\" class=\"overview-center-img-web\" src=\"https:\/\/tvc.mx\/media\/622499\/Licencia-Vitalicia-10-Sitios-Registro-Visitante-BioCVSecurity-ZKCVVISP102W-ZKTeco-TVC-Banner.png\" alt=\"\" \/><\/div>\n<\/div>\n<div class=\"row align-items-center padding-bottom-2x\">\n<div class=\"col-md-5 order-md-2\"><img decoding=\"async\" class=\"d-block m-auto img-thumbnail\" src=\"https:\/\/tvc.mx\/media\/622507\/Licencia-Vitalicia-10-Sitios-Registro-Visitante-BioCVSecurity-ZKCVVISP102W-ZKTeco-TVC-Complemento.png\" alt=\" \" \/><\/div>\n<div class=\"col-md-7 order-md-1 text-md-left text-center\">\n<h2>Especificaciones de la Licencia<\/h2>\n<p class=\"text-muted\">\n<p class=\"ql-align-justify\"><strong>Capacidades:<\/strong><\/p>\n<ul>\n<li class=\"ql-align-justify\"><strong>M\u00f3dulo de Visitante:<\/strong>\u00a010 Sitios de Registro<\/li>\n<li class=\"ql-align-justify\">20,000 Visitas por mes<\/li>\n<\/ul>\n<p class=\"ql-align-justify\"><strong>Notas:<\/strong><\/p>\n<ol>\n<li class=\"ql-align-justify\">Al momento de realizar la instalaci\u00f3n del software debemos desactivar temporalmente el Antivirus y Firewall de Windows para as\u00ed tener una instalaci\u00f3n correcta del software. Una vez terminado el proceso, se puede agregar a las excepciones de Firewall o Antivirus la carpeta de instalaci\u00f3n de\u00a0ZKBioCVSecurity.<\/li>\n<li class=\"ql-align-justify\"><strong>Importante<\/strong>, leer las Pol\u00edticas de licenciamiento y T\u00e9rminos de virtualizaci\u00f3n que se encuentran en el apartado de descargas.<\/li>\n<li class=\"ql-align-justify\">En la adquisici\u00f3n de productos virtuales como las licencias,\u00a0<strong>NO<\/strong>\u00a0hay devoluciones de la misma. Siempre corroborar con el ejecutivo de ventas que se est\u00e1 adquiriendo una licencia correcta.<\/li>\n<\/ol>\n<p>&nbsp;<\/p>\n<\/div>\n<\/div>\n<hr class=\"padding-bottom-2x\" \/>\n<div class=\"row align-items-center padding-bottom-2x\">\n<div class=\"col-md-5\"><img decoding=\"async\" class=\"d-block m-auto img-thumbnail\" src=\"https:\/\/tvc.mx\/media\/622511\/Licencia-Vitalicia-10-Sitios-Registro-Visitante-BioCVSecurity-ZKCVVISP102W-ZKTeco-TVC-Complemento2.png\" alt=\" \" \/><\/div>\n<div class=\"col-md-7 text-md-left text-center\">\n<h2>Requisitos y Especificaciones<\/h2>\n<p class=\"text-muted\">\n<p class=\"ql-align-justify\"><strong>Requisitos m\u00ednimos de la PC\/Servidor:<\/strong><\/p>\n<ul>\n<li class=\"ql-indent-1 ql-align-justify\"><strong>Procesador:<\/strong>\u00a0Intel(R) Core (TM) i5 1035 @ 2.6GHz o Superior<\/li>\n<li class=\"ql-indent-1 ql-align-justify\"><strong>RAM:<\/strong>\u00a08GB o Superior<\/li>\n<li class=\"ql-align-justify\"><strong>Almacenamiento:<\/strong>\u00a050GB de Espacio Libre o Mayor (partici\u00f3n NFTS recomendada)<\/li>\n<\/ul>\n<p class=\"ql-align-justify\"><strong>Requisitos m\u00e1ximos de la PC\/Servidor:<\/strong><\/p>\n<ul>\n<li class=\"ql-indent-1 ql-align-justify\"><strong>Procesador:<\/strong>\u00a0Intel(R) Core (TM) i7 1068 @ 3.6GHz o Superior<\/li>\n<li class=\"ql-indent-1 ql-align-justify\"><strong>RAM:<\/strong>\u00a016GB o Superior<\/li>\n<li class=\"ql-align-justify\"><strong>Almacenamiento:<\/strong>\u00a0200GB de Espacio Libre o Mayor (partici\u00f3n NFTS recomendada)<\/li>\n<\/ul>\n<p class=\"ql-align-justify\"><strong>Especificaciones Del uso del Software:<\/strong><\/p>\n<ul>\n<li class=\"ql-align-justify\"><strong>Base de Datos Compatible:<\/strong>\u00a0PostgreSQL (Default), MS SQL Server, Oracle (Opcional)<\/li>\n<li class=\"ql-align-justify\"><strong>Sistema Operativo Compatible:<\/strong>\u00a0Windows 7 \/ 8 \/ 8.1 \/ 10 \/ 11 server 2008\/ 2012\/ 2016\/ 2019<\/li>\n<li class=\"ql-align-justify\"><strong>Navegadores Sugeridos:<\/strong>\u00a0IE 11+\/ Firefox 27+\/ Chrome 33+ \/Edge<\/li>\n<\/ul>\n<p class=\"ql-align-justify\"><strong>Nota:<\/strong>\u00a0Para soluciones de m\u00e1s de 20 Dispositivos, Recomendable usar la base de datos \u201cMS SQL SERVER\u201d<\/p>\n<\/div>\n<\/div>\n","protected":false},"excerpt":{"rendered":"<p>Informaci\u00f3n General El software\u00a0ZKBioCVSecurity\u00a0proporciona una completa plataforma de seguridad basada en web con la adopci\u00f3n de tecnolog\u00eda biom\u00e9trica h\u00edbrida y de visi\u00f3n por ordenador. Contiene m\u00faltiples m\u00f3dulos:\u00a0Personal, Tiempo y Asistencia, Control de Acceso, Gesti\u00f3n de Visitantes, Estacionamiento, Control de Ascensores, FaceKiosk, Gesti\u00f3n de V\u00eddeo Inteligente,&hellip;<\/p>\n","protected":false},"featured_media":9062,"comment_status":"open","ping_status":"closed","template":"","meta":{"om_disable_all_campaigns":false,"_monsterinsights_skip_tracking":false,"_monsterinsights_sitenote_active":false,"_monsterinsights_sitenote_note":"","_monsterinsights_sitenote_category":0},"product_brand":[],"product_cat":[823],"product_tag":[81,727,730,66,731,728,729],"class_list":{"0":"post-9063","1":"product","2":"type-product","3":"status-publish","4":"has-post-thumbnail","6":"product_cat-software-acceso-control-de-acceso-zkteco-acceso-asistencia","7":"product_tag-acceso-y-asistencia","8":"product_tag-cerraduras","9":"product_tag-commax-wulian","10":"product_tag-dahua","11":"product_tag-wejoin","12":"product_tag-yli","13":"product_tag-zkteco","15":"first","16":"instock","17":"sale","18":"taxable","19":"shipping-taxable","20":"purchasable","21":"product-type-simple"},"aioseo_notices":[],"_links":{"self":[{"href":"https:\/\/tecsecmty.com\/index.php\/wp-json\/wp\/v2\/product\/9063","targetHints":{"allow":["GET"]}}],"collection":[{"href":"https:\/\/tecsecmty.com\/index.php\/wp-json\/wp\/v2\/product"}],"about":[{"href":"https:\/\/tecsecmty.com\/index.php\/wp-json\/wp\/v2\/types\/product"}],"replies":[{"embeddable":true,"href":"https:\/\/tecsecmty.com\/index.php\/wp-json\/wp\/v2\/comments?post=9063"}],"version-history":[{"count":0,"href":"https:\/\/tecsecmty.com\/index.php\/wp-json\/wp\/v2\/product\/9063\/revisions"}],"wp:featuredmedia":[{"embeddable":true,"href":"https:\/\/tecsecmty.com\/index.php\/wp-json\/wp\/v2\/media\/9062"}],"wp:attachment":[{"href":"https:\/\/tecsecmty.com\/index.php\/wp-json\/wp\/v2\/media?parent=9063"}],"wp:term":[{"taxonomy":"product_brand","embeddable":true,"href":"https:\/\/tecsecmty.com\/index.php\/wp-json\/wp\/v2\/product_brand?post=9063"},{"taxonomy":"product_cat","embeddable":true,"href":"https:\/\/tecsecmty.com\/index.php\/wp-json\/wp\/v2\/product_cat?post=9063"},{"taxonomy":"product_tag","embeddable":true,"href":"https:\/\/tecsecmty.com\/index.php\/wp-json\/wp\/v2\/product_tag?post=9063"}],"curies":[{"name":"wp","href":"https:\/\/api.w.org\/{rel}","templated":true}]}}