{"id":9085,"date":"2023-02-23T22:36:56","date_gmt":"2023-02-24T04:36:56","guid":{"rendered":"https:\/\/tecsecmty.com\/index.php\/producto\/bosch-a_acdic2k2650-tarjetas-iclass-2k-26bit-50-piezas\/"},"modified":"2023-03-22T23:20:54","modified_gmt":"2023-03-23T05:20:54","slug":"bosch-a_acdic2k2650-tarjetas-iclass-2k-26bit-50-piezas","status":"publish","type":"product","link":"https:\/\/tecsecmty.com\/index.php\/producto\/bosch-a_acdic2k2650-tarjetas-iclass-2k-26bit-50-piezas\/","title":{"rendered":"BOSCH A_ACDIC2K2650 &#8211; Tarjetas iClass 2K 26BIT \/ 50 Piezas"},"content":{"rendered":"<div class=\"row aling-items-center padding-bottom-2x\">\n<div class=\"col-lg-12\">\n<p class=\"ql-align-justify\">Las Credenciales\u00a0<strong>iCLASS\u00ae<\/strong>\u00a0son tarjetas inteligentes para proporcionar mayor seguridad y una plataforma para una mayor velocidad.<strong>Tarjetas iCLASS, fichas, y Adhesivo Etiquetas<\/strong>\u00a0tienen grandes cantidades de memoria para soportar aplicaciones como acceso, la biotecnolog\u00eda, la seguridad de inicio de sesi\u00f3n en la red, sin dinero en efectivo, vending, tiempo y asistencia, y de veh\u00edculos automotores. Las credenciales est\u00e1n disponibles en\u00a0<strong>2K bits(256 Bytes) o 16K bits (2k Bytes).<\/strong><\/p>\n<p><img decoding=\"async\" class=\"overview-center-img- aligncenter\" src=\"https:\/\/tvc.mx\/media\/3041\/Logoopaginas-oficial.png\" alt=\"\" \/><\/div>\n<\/div>\n<div class=\"row aling-items-center padding-bottom-2x\">\n<div class=\"col-lg-12\">\n<p class=\"ql-align-justify\"><strong>MiFare<\/strong>\u00a0es la tecnolog\u00eda de tarjetas inteligentes sin contacto\u00a0<strong>(TISC)<\/strong>\u00a0m\u00e1s ampliamente instalada en el mundo con aproximadamente 250 millones de TISC y 1.5 millones de m\u00f3dulos lectores vendidos. Es equivalente a las 3 primeras partes de la norma ISO 14443 Tipo A de 13.65 MHz con protocolo de alto nivel. La distancia t\u00edpica de lectura es de 10 cm (4 pulgadas). La distancia de lectura depende del alcance del m\u00f3dulo lector.<\/p>\n<p class=\"ql-align-justify\"><strong>Nota:\u00a0<\/strong>Una tarjeta inteligente sin contacto de 13,56 MHz programada en formato Wiegand de 26 bits. Tiene diecis\u00e9is \u00e1reas de aplicaci\u00f3n de 1 Kb (capacidad de 2K Byte). Cada paquete contiene 50 tarjetas.\u00a0<strong>N\u00famero de pedido: ACD-IC16K26-50.<\/strong><\/p>\n<\/div>\n<\/div>\n<div class=\"row aling-items-center padding-bottom-2x\">\n<div class=\"col-lg-12\">\n<p class=\"ql-align-justify\">Las tarjetas Mifare son tarjetas de memoria protegida. Est\u00e1n divididas en sectores y bloques y mecanismos simples de seguridad para el control de acceso. Su capacidad de c\u00f3mputo no permite realizar operaciones criptogr\u00e1ficas o de autenticaci\u00f3n mutua de alto nivel, estando principalmente destinadas a monederos electr\u00f3nicos simples, control de acceso, tarjetas de identidad corporativas, tarjetas de transporte urbano o para\u00a0<em>ticketing<\/em>.<\/p>\n<\/div>\n<\/div>\n<div class=\"row aling-items-center padding-bottom-2x\">\n<div class=\"col-lg-12\">\n<p><strong>Principales Caracter\u00edsticas:<\/strong><\/p>\n<ul>\n<li class=\"ql-align-justify\">13.56 MHz de lectura y escritura de tarjetas inteligentes sin contacto<\/li>\n<li class=\"ql-align-justify\">Comunicaciones fiables y r\u00e1pidos con alta gridad de datos<\/li>\n<li class=\"ql-align-justify\">La autenticaci\u00f3n mutua y\u00a0codificaci\u00f3n de datos.<\/li>\n<li class=\"ql-align-justify\">Claves de 64 bits diversificados para capacidades de lectura y escritura.<\/li>\n<li class=\"ql-align-justify\">Bit 2K o configuraciones de bits 16K.<\/li>\n<li class=\"ql-align-justify\">Tarjetas delgadas apoyan una banda magn\u00e9tica, c\u00f3digo de barras, arte, trabajo, o una fotograf\u00eda.<\/li>\n<\/ul>\n<\/div>\n<\/div>\n<div class=\"row aling-items-center padding-bottom-2x\">\n<div class=\"col-lg-12\">\n<p class=\"ql-align-justify\">Las tarjetas Mifare, al tener una superficie laminada perfecta, pueden imprimirse y personalizarse con impresoras de tarjetas con la mejor calidad de impresi\u00f3n.<\/p>\n<p class=\"ql-align-justify\">\n<p><img decoding=\"async\" class=\"overview-center-img- aligncenter\" src=\"https:\/\/tvc.mx\/media\/3058\/ACD-IC16K26-50.jpg\" alt=\"\" \/><\/div>\n<\/div>\n","protected":false},"excerpt":{"rendered":"<p>Las Credenciales\u00a0iCLASS\u00ae\u00a0son tarjetas inteligentes para proporcionar mayor seguridad y una plataforma para una mayor velocidad.Tarjetas iCLASS, fichas, y Adhesivo Etiquetas\u00a0tienen grandes cantidades de memoria para soportar aplicaciones como acceso, la biotecnolog\u00eda, la seguridad de inicio de sesi\u00f3n en la red, sin dinero en efectivo, vending,&hellip;<\/p>\n","protected":false},"featured_media":9084,"comment_status":"open","ping_status":"closed","template":"","meta":{"om_disable_all_campaigns":false,"_monsterinsights_skip_tracking":false,"_monsterinsights_sitenote_active":false,"_monsterinsights_sitenote_note":"","_monsterinsights_sitenote_category":0},"product_brand":[],"product_cat":[824],"product_tag":[81,727,730,66,731,728,729],"class_list":{"0":"post-9085","1":"product","2":"type-product","3":"status-publish","4":"has-post-thumbnail","6":"product_cat-tarjetas-y-botones-control-de-acceso-bosch-acceso-asistencia","7":"product_tag-acceso-y-asistencia","8":"product_tag-cerraduras","9":"product_tag-commax-wulian","10":"product_tag-dahua","11":"product_tag-wejoin","12":"product_tag-yli","13":"product_tag-zkteco","15":"first","16":"instock","17":"sale","18":"taxable","19":"shipping-taxable","20":"purchasable","21":"product-type-simple"},"aioseo_notices":[],"_links":{"self":[{"href":"https:\/\/tecsecmty.com\/index.php\/wp-json\/wp\/v2\/product\/9085","targetHints":{"allow":["GET"]}}],"collection":[{"href":"https:\/\/tecsecmty.com\/index.php\/wp-json\/wp\/v2\/product"}],"about":[{"href":"https:\/\/tecsecmty.com\/index.php\/wp-json\/wp\/v2\/types\/product"}],"replies":[{"embeddable":true,"href":"https:\/\/tecsecmty.com\/index.php\/wp-json\/wp\/v2\/comments?post=9085"}],"version-history":[{"count":0,"href":"https:\/\/tecsecmty.com\/index.php\/wp-json\/wp\/v2\/product\/9085\/revisions"}],"wp:featuredmedia":[{"embeddable":true,"href":"https:\/\/tecsecmty.com\/index.php\/wp-json\/wp\/v2\/media\/9084"}],"wp:attachment":[{"href":"https:\/\/tecsecmty.com\/index.php\/wp-json\/wp\/v2\/media?parent=9085"}],"wp:term":[{"taxonomy":"product_brand","embeddable":true,"href":"https:\/\/tecsecmty.com\/index.php\/wp-json\/wp\/v2\/product_brand?post=9085"},{"taxonomy":"product_cat","embeddable":true,"href":"https:\/\/tecsecmty.com\/index.php\/wp-json\/wp\/v2\/product_cat?post=9085"},{"taxonomy":"product_tag","embeddable":true,"href":"https:\/\/tecsecmty.com\/index.php\/wp-json\/wp\/v2\/product_tag?post=9085"}],"curies":[{"name":"wp","href":"https:\/\/api.w.org\/{rel}","templated":true}]}}