{"id":9089,"date":"2023-02-23T22:36:59","date_gmt":"2023-02-24T04:36:59","guid":{"rendered":"https:\/\/tecsecmty.com\/index.php\/producto\/bosch-a_acdmfciso-paquete-de-50-tarjetas-mifare-desfire-ev1\/"},"modified":"2023-03-22T23:20:54","modified_gmt":"2023-03-23T05:20:54","slug":"bosch-a_acdmfciso-paquete-de-50-tarjetas-mifare-desfire-ev1","status":"publish","type":"product","link":"https:\/\/tecsecmty.com\/index.php\/producto\/bosch-a_acdmfciso-paquete-de-50-tarjetas-mifare-desfire-ev1\/","title":{"rendered":"BOSCH A_ACDMFCISO &#8211; Paquete de 50 tarjetas MIFARE DESFIRE EV1"},"content":{"rendered":"<div class=\"row aling-items-center padding-bottom-2x\">\n<div class=\"col-lg-12\">\n<p class=\"ql-align-justify\">Las tarjetas de proximidad son credenciales sin contacto\u00a0disponible con\u00a0<strong>MIFARE<\/strong>\u00a0cl\u00e1sica\u00a0o\u00a0<strong>Chip\u00a0MIFARE<\/strong>\u00a0\u00a0de\u00a0<strong>DESFire EV1<\/strong>. Incluyen una antena incrustada\u00a0y un circuito integrado, lo que permite la lectura sin contacto\u00a0con los respectivos lectores. El n\u00famero de placa \u00fanica\u00a0se imprime en la parte superior de la tarjeta sin contacto que permite\u00a0lectura por los lectores.<\/p>\n<p><img decoding=\"async\" class=\"overview-center-img- aligncenter\" src=\"https:\/\/tvc.mx\/media\/3078\/Logoopaginas-oficial.png\" alt=\"\" \/><\/div>\n<\/div>\n<div class=\"row aling-items-center padding-bottom-2x\">\n<div class=\"col-lg-12\">\n<p class=\"ql-align-justify\">El tama\u00f1o de la\u00a0tarjeta se ajusta al de una tarjeta de cr\u00e9dito conforme al tama\u00f1o\u00a0ISOstandard\u00a0\u00a0que permite la impresi\u00f3n de la\u00a0superficie con\u00a0impresoras convencionales de tarjetas compatible ISO. Esta tarjeta es\u00a0durable con IP68 y pueden ser totalmente sumergidas, toda la\u00a0electr\u00f3nica est\u00e1 sellada en su interior.<\/p>\n<p class=\"ql-align-justify\">\n<\/div>\n<\/div>\n<div class=\"row aling-items-center padding-bottom-2x\">\n<div class=\"col-lg-12\">\n<p class=\"ql-align-justify\"><strong>Funciones b\u00e1sicas<\/strong><\/p>\n<ul>\n<li class=\"ql-align-justify\">Las tarjetas MIFARE tienen una antena de cable y un chip MIFARE<\/li>\n<li class=\"ql-align-justify\">incrustado.<\/li>\n<li class=\"ql-align-justify\">La tarjeta es reconocida y le\u00edda cuando se sostiene en frente de el lector.<\/li>\n<li class=\"ql-align-justify\">El proceso de lectura es pasivo con una frecuencia de 13.56 MHz.<\/li>\n<li class=\"ql-align-justify\">Las tarjetas MIFARE admiten m\u00faltiples \u00e1reas de aplicaci\u00f3n que puede ser protegido individualmente.<\/li>\n<\/ul>\n<\/div>\n<\/div>\n<div class=\"row aling-items-center padding-bottom-2x\">\n<div class=\"col-lg-12\">\n<p class=\"ql-align-justify\"><strong>Notas de instalaci\u00f3n \/ configuraci\u00f3n<\/strong><\/p>\n<p class=\"ql-align-justify\">Las credenciales sin contacto con chip Mifare son ideales para<\/p>\n<p class=\"ql-align-justify\">Instalaciones con sistemas de alta disponibilidad y donde las credenciales pueden estar expuestas a condiciones anormales.<\/p>\n<\/div>\n<\/div>\n<div class=\"row aling-items-center padding-bottom-2x\">\n<div class=\"col-lg-12\">\n<p class=\"ql-align-justify\"><strong>Principales Caracter\u00edsticas:<\/strong><\/p>\n<ul>\n<li class=\"ql-align-justify\">Tarjeta de pl\u00e1stico PVC.<\/li>\n<li class=\"ql-align-justify\">Del tama\u00f1o de una tarjeta de cr\u00e9dito.<\/li>\n<li class=\"ql-align-justify\">N\u00famero de tarjeta impresa.<\/li>\n<li class=\"ql-align-justify\">Chip MIFARE DESFire EV1.<\/li>\n<\/ul>\n<\/div>\n<\/div>\n<div class=\"row aling-items-center padding-bottom-2x\">\n<div class=\"col-lg-12\">\n<p class=\"ql-align-justify\"><strong>Especificaciones:<\/strong><\/p>\n<p class=\"ql-align-justify\">Especificaciones para todas las credenciales.<\/p>\n<p class=\"ql-align-justify\"><strong>Consideraciones ambientales<\/strong><\/p>\n<ul>\n<li class=\"ql-align-justify\">Temperatura de funcionamiento: -40 \u00b0 F a 158 \u00b0 F (-40 \u00b0 C a 70 \u00b0 C).<\/li>\n<\/ul>\n<p class=\"ql-align-justify\">Humedad de funcionamiento del 5% al 95% sin condensaci\u00f3n.<\/p>\n<p class=\"ql-align-justify\">\u00a0<strong>Operaci\u00f3n<\/strong><\/p>\n<ul>\n<li class=\"ql-align-justify\">Frecuencia de funcionamiento: 13.56 MHz.<\/li>\n<li class=\"ql-align-justify\">Tipo de memoria: EEPROM, lectura y escritura.<\/li>\n<li class=\"ql-align-justify\">Memoria de aplicaciones m\u00faltiples.<\/li>\n<li class=\"ql-align-justify\">Tarjeta de 2K bit (256 Bytes), dos aplicaciones \u00e1reas.<\/li>\n<li class=\"ql-align-justify\">Tarjeta de 16K bit (2K Bytes), dos o 16 aplicaciones \u00e1reas.<\/li>\n<li class=\"ql-align-justify\">Resistencia de escritura: M\u00ednimo de 100,000 ciclos.<\/li>\n<li class=\"ql-align-justify\">Retenci\u00f3n de datos: 10 a\u00f1os.<\/li>\n<\/ul>\n<\/div>\n<\/div>\n","protected":false},"excerpt":{"rendered":"<p>Las tarjetas de proximidad son credenciales sin contacto\u00a0disponible con\u00a0MIFARE\u00a0cl\u00e1sica\u00a0o\u00a0Chip\u00a0MIFARE\u00a0\u00a0de\u00a0DESFire EV1. Incluyen una antena incrustada\u00a0y un circuito integrado, lo que permite la lectura sin contacto\u00a0con los respectivos lectores. El n\u00famero de placa \u00fanica\u00a0se imprime en la parte superior de la tarjeta sin contacto que permite\u00a0lectura por&hellip;<\/p>\n","protected":false},"featured_media":9088,"comment_status":"open","ping_status":"closed","template":"","meta":{"om_disable_all_campaigns":false,"_monsterinsights_skip_tracking":false,"_monsterinsights_sitenote_active":false,"_monsterinsights_sitenote_note":"","_monsterinsights_sitenote_category":0},"product_brand":[],"product_cat":[824],"product_tag":[81,727,730,66,731,728,729],"class_list":{"0":"post-9089","1":"product","2":"type-product","3":"status-publish","4":"has-post-thumbnail","6":"product_cat-tarjetas-y-botones-control-de-acceso-bosch-acceso-asistencia","7":"product_tag-acceso-y-asistencia","8":"product_tag-cerraduras","9":"product_tag-commax-wulian","10":"product_tag-dahua","11":"product_tag-wejoin","12":"product_tag-yli","13":"product_tag-zkteco","15":"first","16":"instock","17":"sale","18":"taxable","19":"shipping-taxable","20":"purchasable","21":"product-type-simple"},"aioseo_notices":[],"_links":{"self":[{"href":"https:\/\/tecsecmty.com\/index.php\/wp-json\/wp\/v2\/product\/9089","targetHints":{"allow":["GET"]}}],"collection":[{"href":"https:\/\/tecsecmty.com\/index.php\/wp-json\/wp\/v2\/product"}],"about":[{"href":"https:\/\/tecsecmty.com\/index.php\/wp-json\/wp\/v2\/types\/product"}],"replies":[{"embeddable":true,"href":"https:\/\/tecsecmty.com\/index.php\/wp-json\/wp\/v2\/comments?post=9089"}],"version-history":[{"count":0,"href":"https:\/\/tecsecmty.com\/index.php\/wp-json\/wp\/v2\/product\/9089\/revisions"}],"wp:featuredmedia":[{"embeddable":true,"href":"https:\/\/tecsecmty.com\/index.php\/wp-json\/wp\/v2\/media\/9088"}],"wp:attachment":[{"href":"https:\/\/tecsecmty.com\/index.php\/wp-json\/wp\/v2\/media?parent=9089"}],"wp:term":[{"taxonomy":"product_brand","embeddable":true,"href":"https:\/\/tecsecmty.com\/index.php\/wp-json\/wp\/v2\/product_brand?post=9089"},{"taxonomy":"product_cat","embeddable":true,"href":"https:\/\/tecsecmty.com\/index.php\/wp-json\/wp\/v2\/product_cat?post=9089"},{"taxonomy":"product_tag","embeddable":true,"href":"https:\/\/tecsecmty.com\/index.php\/wp-json\/wp\/v2\/product_tag?post=9089"}],"curies":[{"name":"wp","href":"https:\/\/api.w.org\/{rel}","templated":true}]}}