{"id":9100,"date":"2023-02-23T22:37:06","date_gmt":"2023-02-24T04:37:06","guid":{"rendered":"https:\/\/tecsecmty.com\/index.php\/producto\/dahua-id-sm-llavero-de-proximidad-id-para-control-de-acceso-125khz-tipo-em\/"},"modified":"2023-03-22T23:22:46","modified_gmt":"2023-03-23T05:22:46","slug":"dahua-id-sm-llavero-de-proximidad-id-para-control-de-acceso-125khz-tipo-em","status":"publish","type":"product","link":"https:\/\/tecsecmty.com\/index.php\/producto\/dahua-id-sm-llavero-de-proximidad-id-para-control-de-acceso-125khz-tipo-em\/","title":{"rendered":"DAHUA ID-SM &#8211; Llavero de Proximidad ID para Control de Acceso\/ 125KHZ\/ (Tipo EM)"},"content":{"rendered":"<div class=\"row aling-items-center padding-bottom-2x\">\n<div class=\"col-lg-12\">\n<h5 class=\"card-title text-center\">Informaci\u00f3n General<\/h5>\n<p>Los llaveros de proximidad\u00a0<strong>Dahua DH-ID-EM<\/strong>\u00a0permiten la identificaci\u00f3n del portador. Por sus caracter\u00edsticas podr\u00e1 llevar su dispositivo junto con las llaves de su casa, oficina o auto y no lo sentir\u00e1 siquiera como una herramienta m\u00e1s. Se utilizan para aplicaciones tales como sistemas de control de acceso, sistemas de asistencia, gesti\u00f3n de visitantes y otras aplicaciones. Son compatibles e ideales para establecimientos donde se cuente con lectores RFID de proximidad que trabajen frecuencias de 125Khz y en donde la lectura de huellas es complicada debido al desgaste natural de la misma.<\/p>\n<p><img decoding=\"async\" class=\"overview-center-img-web\" src=\"https:\/\/tvc.mx\/media\/475978\/Accesorios_Tarjetas_Llavero_ID_125Khz_Dahua_ID-SM_Over_Ppal.png\" alt=\"\" \/><\/div>\n<\/div>\n<div class=\"row align-items-center padding-bottom-2x\">\n<div class=\"col-md-5\"><img decoding=\"async\" class=\"d-block m-auto img-thumbnail\" src=\"https:\/\/tvc.mx\/media\/519747\/Accesorios_Tarjetas_Llavero_ID_125Khz_Dahua_ID-SM_Over_movil.png\" alt=\" \" \/><\/div>\n<div class=\"col-md-7 text-md-left text-center\">\n<h2>Principales caracter\u00edsticas<\/h2>\n<p class=\"text-muted\">\n<ul>\n<li>Est\u00e1ndar: EM 125kHz<\/li>\n<li>N\u00famero de serie: sobre impreso<\/li>\n<li>Alcance: 5 cm<\/li>\n<li>Formato del n\u00famero de serie: 8H10D<\/li>\n<li>Color: Azul<\/li>\n<li>Peso: 0.004 kg<\/li>\n<li>Dimensiones: 34 x 27.4 x 6.7 mm<\/li>\n<\/ul>\n<\/div>\n<\/div>\n","protected":false},"excerpt":{"rendered":"<p>Informaci\u00f3n General Los llaveros de proximidad\u00a0Dahua DH-ID-EM\u00a0permiten la identificaci\u00f3n del portador. Por sus caracter\u00edsticas podr\u00e1 llevar su dispositivo junto con las llaves de su casa, oficina o auto y no lo sentir\u00e1 siquiera como una herramienta m\u00e1s. Se utilizan para aplicaciones tales como sistemas de&hellip;<\/p>\n","protected":false},"featured_media":1286,"comment_status":"open","ping_status":"closed","template":"","meta":{"om_disable_all_campaigns":false,"_monsterinsights_skip_tracking":false,"_monsterinsights_sitenote_active":false,"_monsterinsights_sitenote_note":"","_monsterinsights_sitenote_category":0},"product_brand":[],"product_cat":[825],"product_tag":[81,727,730,66,731,728,729],"class_list":{"0":"post-9100","1":"product","2":"type-product","3":"status-publish","4":"has-post-thumbnail","6":"product_cat-tarjetas-y-botones-control-de-acceso-dahua-acceso-asistencia","7":"product_tag-acceso-y-asistencia","8":"product_tag-cerraduras","9":"product_tag-commax-wulian","10":"product_tag-dahua","11":"product_tag-wejoin","12":"product_tag-yli","13":"product_tag-zkteco","15":"first","16":"instock","17":"sale","18":"taxable","19":"shipping-taxable","20":"purchasable","21":"product-type-simple"},"aioseo_notices":[],"_links":{"self":[{"href":"https:\/\/tecsecmty.com\/index.php\/wp-json\/wp\/v2\/product\/9100","targetHints":{"allow":["GET"]}}],"collection":[{"href":"https:\/\/tecsecmty.com\/index.php\/wp-json\/wp\/v2\/product"}],"about":[{"href":"https:\/\/tecsecmty.com\/index.php\/wp-json\/wp\/v2\/types\/product"}],"replies":[{"embeddable":true,"href":"https:\/\/tecsecmty.com\/index.php\/wp-json\/wp\/v2\/comments?post=9100"}],"version-history":[{"count":0,"href":"https:\/\/tecsecmty.com\/index.php\/wp-json\/wp\/v2\/product\/9100\/revisions"}],"wp:featuredmedia":[{"embeddable":true,"href":"https:\/\/tecsecmty.com\/index.php\/wp-json\/wp\/v2\/media\/1286"}],"wp:attachment":[{"href":"https:\/\/tecsecmty.com\/index.php\/wp-json\/wp\/v2\/media?parent=9100"}],"wp:term":[{"taxonomy":"product_brand","embeddable":true,"href":"https:\/\/tecsecmty.com\/index.php\/wp-json\/wp\/v2\/product_brand?post=9100"},{"taxonomy":"product_cat","embeddable":true,"href":"https:\/\/tecsecmty.com\/index.php\/wp-json\/wp\/v2\/product_cat?post=9100"},{"taxonomy":"product_tag","embeddable":true,"href":"https:\/\/tecsecmty.com\/index.php\/wp-json\/wp\/v2\/product_tag?post=9100"}],"curies":[{"name":"wp","href":"https:\/\/api.w.org\/{rel}","templated":true}]}}