{"id":9104,"date":"2023-02-23T22:37:10","date_gmt":"2023-02-24T04:37:10","guid":{"rendered":"https:\/\/tecsecmty.com\/index.php\/producto\/saxmifare01-paquete-de-10-tarjetas-mifare-13-56-mhz-pvc-imprimible-sin-folio\/"},"modified":"2023-03-22T23:23:49","modified_gmt":"2023-03-23T05:23:49","slug":"saxmifare01-paquete-de-10-tarjetas-mifare-13-56-mhz-pvc-imprimible-sin-folio","status":"publish","type":"product","link":"https:\/\/tecsecmty.com\/index.php\/producto\/saxmifare01-paquete-de-10-tarjetas-mifare-13-56-mhz-pvc-imprimible-sin-folio\/","title":{"rendered":"SAXMIFARE01 &#8211; Paquete de 10 Tarjetas Mifare 13.56 Mhz \/ PVC \/ Imprimible \/ Sin Folio"},"content":{"rendered":"<div class=\"row aling-items-center padding-bottom-2x\">\n<div class=\"col-lg-12\">\n<h5 class=\"card-title text-center\">Informaci\u00f3n General<\/h5>\n<p>Descripci\u00f3n<\/p>\n<h4 class=\"ql-align-justify\"><strong>Descripci\u00f3n<\/strong><\/h4>\n<p class=\"ql-align-justify\">Las tarjetas de\u00a0<u>tecnolog\u00eda\u00a0Mifare<\/u>\u00a0son tarjetas de memoria protegidas. Destinadas para soluciones para almacenamiento de datos como: chapas hoteleras, monederos electr\u00f3nicos simples, tarjetas de transporte urbano o para ticketing.\u00a0<u>De igual manera pueden ser utilizadas para controles de acceso, visitantes, control de elevadores entre otras.<\/u><\/p>\n<p class=\"ql-align-justify\">Existen dos versiones de tarjetas Mifare con diferentes capacidades para la escritura de datos:<\/p>\n<p class=\"ql-align-justify\"><strong>Mifare 1K:<\/strong>\u00a0Dispone de 768 bytes para almacenamiento de datos divididos en 16 sectores de 4 bloques cada uno.<\/p>\n<p><img decoding=\"async\" class=\"overview-center-img-web\" src=\"https:\/\/tvc.mx\/media\/592779\/Paquete-de-10-Tarjetas-Mifare-13.png\" alt=\"\" \/><\/div>\n<\/div>\n<div class=\"row align-items-center padding-bottom-2x\">\n<div class=\"col-md-5 order-md-2\"><img decoding=\"async\" class=\"d-block m-auto img-thumbnail\" src=\"https:\/\/tvc.mx\/media\/516523\/Paquete-de-10-Tarjetas-Mifare-13.56-Mhz--PVC-Imprimible-Sin-Folio-Caracter%C3%ADsticas-SAXMIFARE02-SAXXON.png\" alt=\" \" \/><\/div>\n<div class=\"col-md-7 order-md-1 text-md-left text-center\">\n<h2>Caracter\u00edsticas<\/h2>\n<p class=\"text-muted\">\n<h2>Principales Caracter\u00edsticas<\/h2>\n<ul>\n<li class=\"ql-align-justify\">Paquete con 10 tarjetas Mifare<\/li>\n<li class=\"ql-align-justify\">Frecuencia:\u00a013.56 Mhz<\/li>\n<li class=\"ql-align-justify\">Cuenta con Folio Impreso<\/li>\n<li class=\"ql-align-justify\">Material:\u00a0PVC<\/li>\n<li class=\"ql-align-justify\">Medidas:\u00a054 x 85 mm<\/li>\n<li class=\"ql-align-justify\">Grosor:\u00a00.88mm (<em>Imprimible<\/em>)<\/li>\n<li class=\"ql-align-justify\">RF interfase:\u00a0ISO 14443A<\/li>\n<li class=\"ql-align-justify\">Memoria:\u00a01 KB<\/li>\n<\/ul>\n<h4><\/h4>\n<\/div>\n<\/div>\n","protected":false},"excerpt":{"rendered":"<p>Informaci\u00f3n General Descripci\u00f3n Descripci\u00f3n Las tarjetas de\u00a0tecnolog\u00eda\u00a0Mifare\u00a0son tarjetas de memoria protegidas. Destinadas para soluciones para almacenamiento de datos como: chapas hoteleras, monederos electr\u00f3nicos simples, tarjetas de transporte urbano o para ticketing.\u00a0De igual manera pueden ser utilizadas para controles de acceso, visitantes, control de elevadores entre&hellip;<\/p>\n","protected":false},"featured_media":9103,"comment_status":"open","ping_status":"closed","template":"","meta":{"om_disable_all_campaigns":false,"_monsterinsights_skip_tracking":false,"_monsterinsights_sitenote_active":false,"_monsterinsights_sitenote_note":"","_monsterinsights_sitenote_category":0},"product_brand":[],"product_cat":[826],"product_tag":[81,727,730,66,731,728,729],"class_list":{"0":"post-9104","1":"product","2":"type-product","3":"status-publish","4":"has-post-thumbnail","6":"product_cat-tarjetas-y-botones-control-de-acceso-saxxon-acceso-asistencia","7":"product_tag-acceso-y-asistencia","8":"product_tag-cerraduras","9":"product_tag-commax-wulian","10":"product_tag-dahua","11":"product_tag-wejoin","12":"product_tag-yli","13":"product_tag-zkteco","15":"first","16":"instock","17":"sale","18":"taxable","19":"shipping-taxable","20":"purchasable","21":"product-type-simple"},"aioseo_notices":[],"_links":{"self":[{"href":"https:\/\/tecsecmty.com\/index.php\/wp-json\/wp\/v2\/product\/9104","targetHints":{"allow":["GET"]}}],"collection":[{"href":"https:\/\/tecsecmty.com\/index.php\/wp-json\/wp\/v2\/product"}],"about":[{"href":"https:\/\/tecsecmty.com\/index.php\/wp-json\/wp\/v2\/types\/product"}],"replies":[{"embeddable":true,"href":"https:\/\/tecsecmty.com\/index.php\/wp-json\/wp\/v2\/comments?post=9104"}],"version-history":[{"count":0,"href":"https:\/\/tecsecmty.com\/index.php\/wp-json\/wp\/v2\/product\/9104\/revisions"}],"wp:featuredmedia":[{"embeddable":true,"href":"https:\/\/tecsecmty.com\/index.php\/wp-json\/wp\/v2\/media\/9103"}],"wp:attachment":[{"href":"https:\/\/tecsecmty.com\/index.php\/wp-json\/wp\/v2\/media?parent=9104"}],"wp:term":[{"taxonomy":"product_brand","embeddable":true,"href":"https:\/\/tecsecmty.com\/index.php\/wp-json\/wp\/v2\/product_brand?post=9104"},{"taxonomy":"product_cat","embeddable":true,"href":"https:\/\/tecsecmty.com\/index.php\/wp-json\/wp\/v2\/product_cat?post=9104"},{"taxonomy":"product_tag","embeddable":true,"href":"https:\/\/tecsecmty.com\/index.php\/wp-json\/wp\/v2\/product_tag?post=9104"}],"curies":[{"name":"wp","href":"https:\/\/api.w.org\/{rel}","templated":true}]}}