{"id":9106,"date":"2023-02-23T22:37:13","date_gmt":"2023-02-24T04:37:13","guid":{"rendered":"https:\/\/tecsecmty.com\/index.php\/producto\/saxxon-btrw01-brazalete-de-proximidad-rfid-125-khz-color-azul-material-silicon-compatible-con-controles-de-acceso\/"},"modified":"2023-03-22T23:23:51","modified_gmt":"2023-03-23T05:23:51","slug":"saxxon-btrw01-brazalete-de-proximidad-rfid-125-khz-color-azul-material-silicon-compatible-con-controles-de-acceso","status":"publish","type":"product","link":"https:\/\/tecsecmty.com\/index.php\/producto\/saxxon-btrw01-brazalete-de-proximidad-rfid-125-khz-color-azul-material-silicon-compatible-con-controles-de-acceso\/","title":{"rendered":"SAXXON BTRW01 &#8211; Brazalete de Proximidad RFID 125 Khz \/ Color Azul \/ Material Silicon \/ Compatible con Controles de Acceso"},"content":{"rendered":"<div class=\"row aling-items-center padding-bottom-2x\">\n<div class=\"col-lg-12\">\n<h5 class=\"card-title text-center\">Informaci\u00f3n General<\/h5>\n<h1><strong>Descripci\u00f3n<\/strong><\/h1>\n<p><strong>BTRW01 &#8211; Brazalete de SILICON \/ RF ID 125 Khz \/ Color azul<\/strong><\/p>\n<p>Las pulseras y llaveros RFID (identificaci\u00f3n por radiofrecuencia) a 125 kHz de frecuencia permiten leer el c\u00f3digo a una distancia cercana. De esta forma se puede identificar de manera m\u00e1s c\u00f3moda y segura sin necesidad de contacto.<\/p>\n<p>Ideal para aplicaciones de control de acceso, control de presencia e identificaci\u00f3n.<\/p>\n<p><img decoding=\"async\" class=\"overview-center-img-web\" src=\"https:\/\/tvc.mx\/media\/215215\/Brazalete-de-Silicon-RFID-Color-Azul-Descripci%C3%B3n-BTRW01-SAXXON.png\" alt=\"\" \/><\/div>\n<\/div>\n<div class=\"row align-items-center padding-bottom-2x\">\n<div class=\"col-md-5 order-md-2\"><img decoding=\"async\" class=\"d-block m-auto img-thumbnail\" src=\"https:\/\/tvc.mx\/media\/215219\/Brazalete-de-Silicon-RFID-Color-Azul-Caracter%C3%ADsticas-BTRW01-SAXXON.png\" alt=\" \" \/><\/div>\n<div class=\"col-md-7 order-md-1 text-md-left text-center\">\n<h2>Caracter\u00edsticas<\/h2>\n<p class=\"text-muted\">\n<ul>\n<li class=\"ql-align-justify\">Brazalete RFID de silicona con un gran rango de lectura.<\/li>\n<li class=\"ql-align-justify\">Permite integrar y ser usada en\u00a0diferentes servicios de apertura de taquillas, control de acceso o uso monedero (ID).<\/li>\n<li class=\"ql-align-justify\">El rango de lectura es muy elevado y permite un f\u00e1cil manejo y gesti\u00f3n de la apertura de taquillas, control de acceso, monedero, etc.<\/li>\n<li class=\"ql-align-justify\">Ideal para ser usada en entornos h\u00famedos o con temperatura ambiental elevada.<\/li>\n<li class=\"ql-align-justify\">Di\u00e1metro de brazalete 5 cm, pero debido a su elasticidad y flexibilidad se adapta perfectamente en manos peque\u00f1as y grandes, sin deformarse.<\/li>\n<\/ul>\n<p>&nbsp;<\/p>\n<\/div>\n<\/div>\n<hr class=\"padding-bottom-2x\" \/>\n<div class=\"row align-items-center padding-bottom-2x\">\n<div class=\"col-md-5\"><img decoding=\"async\" class=\"d-block m-auto img-thumbnail\" src=\"https:\/\/tvc.mx\/media\/215223\/Brazalete-de-Silicon-RFID-Color-Azul-Aplicaciones-BTRW01-SAXXON.png\" alt=\" \" \/><\/div>\n<div class=\"col-md-7 text-md-left text-center\">\n<h2>Aplicaciones<\/h2>\n<p class=\"text-muted\">\n<ul>\n<li class=\"ql-align-justify\">Festivales<\/li>\n<li class=\"ql-align-justify\">Clubs deportivos<\/li>\n<li class=\"ql-align-justify\">Gimnasios<\/li>\n<li class=\"ql-align-justify\">Escuelas<\/li>\n<li class=\"ql-align-justify\">Cruceros<\/li>\n<li class=\"ql-align-justify\">Saunas<\/li>\n<li class=\"ql-align-justify\">Hoteles<\/li>\n<li class=\"ql-align-justify\">Parque de diversiones<\/li>\n<li class=\"ql-align-justify\">Parques acu\u00e1ticos<\/li>\n<li class=\"ql-align-justify\">Spas<\/li>\n<li class=\"ql-align-justify\">Piscinas<\/li>\n<li class=\"ql-align-justify\">Guarder\u00edas<\/li>\n<\/ul>\n<p>&nbsp;<\/p>\n<\/div>\n<\/div>\n<hr class=\"padding-bottom-2x\" \/>\n<div class=\"row align-items-center padding-bottom-2x\">\n<div class=\"col-md-5 order-md-2\"><img decoding=\"async\" class=\"d-block m-auto img-thumbnail\" src=\"https:\/\/tvc.mx\/media\/215227\/Brazalete-de-Silicon-RFID-Color-Azul-Especificaciones-BTRW01-SAXXON.png\" alt=\" \" \/><\/div>\n<div class=\"col-md-7 order-md-1 text-md-left text-center\">\n<h2>Especificaciones<\/h2>\n<p class=\"text-muted\">\n<ul>\n<li class=\"ql-align-justify\">Material: Silicona<\/li>\n<li class=\"ql-align-justify\">Chips disponibles:\u00a0125 kHz: EM4200<\/li>\n<li class=\"ql-align-justify\">Temperatura almacenaje: -25 \u00baC a +85 \u00baC<\/li>\n<li class=\"ql-align-justify\">Temperatura operaci\u00f3n:\u00a0-25 \u00baC a +85 \u00baC<\/li>\n<li class=\"ql-align-justify\">Rango de lectura: Segun el dise\u00f1o del lector<\/li>\n<\/ul>\n<\/div>\n<\/div>\n","protected":false},"excerpt":{"rendered":"<p>Informaci\u00f3n General Descripci\u00f3n BTRW01 &#8211; Brazalete de SILICON \/ RF ID 125 Khz \/ Color azul Las pulseras y llaveros RFID (identificaci\u00f3n por radiofrecuencia) a 125 kHz de frecuencia permiten leer el c\u00f3digo a una distancia cercana. De esta forma se puede identificar de manera&hellip;<\/p>\n","protected":false},"featured_media":9105,"comment_status":"open","ping_status":"closed","template":"","meta":{"om_disable_all_campaigns":false,"_monsterinsights_skip_tracking":false,"_monsterinsights_sitenote_active":false,"_monsterinsights_sitenote_note":"","_monsterinsights_sitenote_category":0},"product_brand":[],"product_cat":[826],"product_tag":[81,727,730,66,731,728,729],"class_list":{"0":"post-9106","1":"product","2":"type-product","3":"status-publish","4":"has-post-thumbnail","6":"product_cat-tarjetas-y-botones-control-de-acceso-saxxon-acceso-asistencia","7":"product_tag-acceso-y-asistencia","8":"product_tag-cerraduras","9":"product_tag-commax-wulian","10":"product_tag-dahua","11":"product_tag-wejoin","12":"product_tag-yli","13":"product_tag-zkteco","15":"first","16":"instock","17":"sale","18":"taxable","19":"shipping-taxable","20":"purchasable","21":"product-type-simple"},"aioseo_notices":[],"_links":{"self":[{"href":"https:\/\/tecsecmty.com\/index.php\/wp-json\/wp\/v2\/product\/9106","targetHints":{"allow":["GET"]}}],"collection":[{"href":"https:\/\/tecsecmty.com\/index.php\/wp-json\/wp\/v2\/product"}],"about":[{"href":"https:\/\/tecsecmty.com\/index.php\/wp-json\/wp\/v2\/types\/product"}],"replies":[{"embeddable":true,"href":"https:\/\/tecsecmty.com\/index.php\/wp-json\/wp\/v2\/comments?post=9106"}],"version-history":[{"count":0,"href":"https:\/\/tecsecmty.com\/index.php\/wp-json\/wp\/v2\/product\/9106\/revisions"}],"wp:featuredmedia":[{"embeddable":true,"href":"https:\/\/tecsecmty.com\/index.php\/wp-json\/wp\/v2\/media\/9105"}],"wp:attachment":[{"href":"https:\/\/tecsecmty.com\/index.php\/wp-json\/wp\/v2\/media?parent=9106"}],"wp:term":[{"taxonomy":"product_brand","embeddable":true,"href":"https:\/\/tecsecmty.com\/index.php\/wp-json\/wp\/v2\/product_brand?post=9106"},{"taxonomy":"product_cat","embeddable":true,"href":"https:\/\/tecsecmty.com\/index.php\/wp-json\/wp\/v2\/product_cat?post=9106"},{"taxonomy":"product_tag","embeddable":true,"href":"https:\/\/tecsecmty.com\/index.php\/wp-json\/wp\/v2\/product_tag?post=9106"}],"curies":[{"name":"wp","href":"https:\/\/api.w.org\/{rel}","templated":true}]}}