{"id":9114,"date":"2023-02-23T22:37:21","date_gmt":"2023-02-24T04:37:21","guid":{"rendered":"https:\/\/tecsecmty.com\/index.php\/producto\/seco-larm-sk919t1gbq-transmisor-de-1-boton-315mhz-para-todos-los-receptores-seco-larm-de-315mhz\/"},"modified":"2023-03-22T23:24:24","modified_gmt":"2023-03-23T05:24:24","slug":"seco-larm-sk919t1gbq-transmisor-de-1-boton-315mhz-para-todos-los-receptores-seco-larm-de-315mhz","status":"publish","type":"product","link":"https:\/\/tecsecmty.com\/index.php\/producto\/seco-larm-sk919t1gbq-transmisor-de-1-boton-315mhz-para-todos-los-receptores-seco-larm-de-315mhz\/","title":{"rendered":"Seco-Larm SK919T1GBQ &#8211; Transmisor de 1 boton 315MHz para todos los receptores Seco Larm de 315MHz"},"content":{"rendered":"<h5 class=\"card-title text-center\">SK-919T1-GBQ<\/h5>\n<h3>BOT\u00d3N TRANSMISOR DE RF COLGANTE 315 MHZ<\/h3>\n<p>Llavero colgante de un solo bot\u00f3n de activaci\u00f3n.<\/p>\n<p>CARACTERISTICAS:<\/p>\n<ul>\n<li>Atractivo &#8211; No se parece a otro remoto en el mercado de hoy<\/li>\n<li>Ultra-delgado &#8211; S\u00f3lo 8 mm (5\/16&#8243;). Cabe en cualquier bolsillo<\/li>\n<li>Durabilidad extrema &#8211; botones de goma para eliminar el da\u00f1o ocasionado por la descarga electroest\u00e1tica y ayuda hacer al transmisor impermeable. Las presillas para las bater\u00eda est\u00e1n chapeadas en oro y los puntos de contacto extienden la vida del transmisor<\/li>\n<li>LED m\u00e1gico &#8211; El LED s\u00f3lo aparece cuando el bot\u00f3n es presionado<\/li>\n<li>Frecuencia 315MHz<\/li>\n<li>Alcance de hasta 500 pies (150m)*<\/li>\n<li>68 mil millones\u00a0de c\u00f3digos posibles (1.8&#215;1019)(para solo CODEBUMP)<\/li>\n<li>Compatible con\u00a0<strong>SK-910R4Q<\/strong>\u00a0y\u00a0<strong>SK-910RBQ<\/strong>\u00a0y\u00a0<strong>SK-910RB2Q<\/strong>.<\/li>\n<\/ul>\n<p>ESPECIFICACIONES:<\/p>\n<ul>\n<li>Bater\u00eda 3VCD de litio modelo CR2032<\/li>\n<li>Tama\u00f1o: 2-<strong>3<\/strong>\/<strong>8<\/strong>\u00abx1-<strong>3<\/strong>\/<strong>8<\/strong>\u00abx\u00a0<strong>9<\/strong>\/<strong>16<\/strong>\u00bb\u00a0(60x35x15 mm).<\/li>\n<li>Etiqueta privada disponibles. Contacto\u00a0<strong>SECO-LARM<\/strong>\u00a0para detalles<\/li>\n<\/ul>\n","protected":false},"excerpt":{"rendered":"<p>SK-919T1-GBQ BOT\u00d3N TRANSMISOR DE RF COLGANTE 315 MHZ Llavero colgante de un solo bot\u00f3n de activaci\u00f3n. CARACTERISTICAS: Atractivo &#8211; No se parece a otro remoto en el mercado de hoy Ultra-delgado &#8211; S\u00f3lo 8 mm (5\/16&#8243;). Cabe en cualquier bolsillo Durabilidad extrema &#8211; botones de&hellip;<\/p>\n","protected":false},"featured_media":9113,"comment_status":"open","ping_status":"closed","template":"","meta":{"om_disable_all_campaigns":false,"_monsterinsights_skip_tracking":false,"_monsterinsights_sitenote_active":false,"_monsterinsights_sitenote_note":"","_monsterinsights_sitenote_category":0},"product_brand":[],"product_cat":[828],"product_tag":[81,727,730,66,731,728,729],"class_list":{"0":"post-9114","1":"product","2":"type-product","3":"status-publish","4":"has-post-thumbnail","6":"product_cat-tarjetas-y-botones-control-de-acceso-seco-larm-acceso-asistencia","7":"product_tag-acceso-y-asistencia","8":"product_tag-cerraduras","9":"product_tag-commax-wulian","10":"product_tag-dahua","11":"product_tag-wejoin","12":"product_tag-yli","13":"product_tag-zkteco","15":"first","16":"instock","17":"sale","18":"taxable","19":"shipping-taxable","20":"purchasable","21":"product-type-simple"},"aioseo_notices":[],"_links":{"self":[{"href":"https:\/\/tecsecmty.com\/index.php\/wp-json\/wp\/v2\/product\/9114","targetHints":{"allow":["GET"]}}],"collection":[{"href":"https:\/\/tecsecmty.com\/index.php\/wp-json\/wp\/v2\/product"}],"about":[{"href":"https:\/\/tecsecmty.com\/index.php\/wp-json\/wp\/v2\/types\/product"}],"replies":[{"embeddable":true,"href":"https:\/\/tecsecmty.com\/index.php\/wp-json\/wp\/v2\/comments?post=9114"}],"version-history":[{"count":0,"href":"https:\/\/tecsecmty.com\/index.php\/wp-json\/wp\/v2\/product\/9114\/revisions"}],"wp:featuredmedia":[{"embeddable":true,"href":"https:\/\/tecsecmty.com\/index.php\/wp-json\/wp\/v2\/media\/9113"}],"wp:attachment":[{"href":"https:\/\/tecsecmty.com\/index.php\/wp-json\/wp\/v2\/media?parent=9114"}],"wp:term":[{"taxonomy":"product_brand","embeddable":true,"href":"https:\/\/tecsecmty.com\/index.php\/wp-json\/wp\/v2\/product_brand?post=9114"},{"taxonomy":"product_cat","embeddable":true,"href":"https:\/\/tecsecmty.com\/index.php\/wp-json\/wp\/v2\/product_cat?post=9114"},{"taxonomy":"product_tag","embeddable":true,"href":"https:\/\/tecsecmty.com\/index.php\/wp-json\/wp\/v2\/product_tag?post=9114"}],"curies":[{"name":"wp","href":"https:\/\/api.w.org\/{rel}","templated":true}]}}