{"id":9116,"date":"2023-02-23T22:37:23","date_gmt":"2023-02-24T04:37:23","guid":{"rendered":"https:\/\/tecsecmty.com\/index.php\/producto\/yli-abk800a-boton-liberador-con-estructura-de-aluminio-funcion-normalmente-abierto-y-cerrado-compatible-con-caja-de-instalacion-clave-76017\/"},"modified":"2023-03-22T23:24:59","modified_gmt":"2023-03-23T05:24:59","slug":"yli-abk800a-boton-liberador-con-estructura-de-aluminio-funcion-normalmente-abierto-y-cerrado-compatible-con-caja-de-instalacion-clave-76017","status":"publish","type":"product","link":"https:\/\/tecsecmty.com\/index.php\/producto\/yli-abk800a-boton-liberador-con-estructura-de-aluminio-funcion-normalmente-abierto-y-cerrado-compatible-con-caja-de-instalacion-clave-76017\/","title":{"rendered":"YLI ABK800A &#8211; Bot\u00f3n liberador con estructura de aluminio funci\u00f3n normalmente abierto y cerrado \/ Compatible con caja de instalaci\u00f3n clave 76017"},"content":{"rendered":"<h5 class=\"card-title text-center\">DESCRIPCI\u00d3N<\/h5>\n<p class=\"ql-align-justify\">El bot\u00f3n liberador de puerta YLI modelo PBK800 o pulsador es un dispositivo utilizado para activar alguna funci\u00f3n. Los botones son de diversa forma y tama\u00f1o y se encuentran en todo tipo de dispositivos, aunque principalmente en aparatos el\u00e9ctricos o electr\u00f3nicos. Los botones son por lo general activados al ser pulsados, normalmente con un dedo. corriente mientras es accionado. Cuando ya no se act\u00faa sobre \u00e9l vuelve a su posici\u00f3n de reposo. Puede ser el contacto normalmente cerrado en reposo NC, o con el contacto normalmente abierto NA.<\/p>\n<p class=\"ql-align-justify\">Dise\u00f1o profesional, sin ning\u00fan tipo de aver\u00eda de mecanismo Placa lujosa de acero inoxidable,es duradera, han pasado 50 mil pruebas de envejecimiento, Con conecci\u00f3n de multi-funci\u00f3n, conveniente para diferentes requerimientos, son productos designados para los proyectos superiores de control de acceso.<\/p>\n<p class=\"ql-align-justify\"><strong>ESPECIFICACIONES<\/strong><\/p>\n<ul>\n<li class=\"ql-align-justify\">Tama\u00f1o: 86x50x20 (mm).<\/li>\n<li class=\"ql-align-justify\">Energ\u00eda soportada: 12V DC 3Amp.<\/li>\n<li class=\"ql-align-justify\">Accesorio opcional: ABK-800-M<\/li>\n<li class=\"ql-align-justify\">Temperatura de operaci\u00f3n: -10\u00b0C~+55\u00b0C.<\/li>\n<li class=\"ql-align-justify\">Material: Alumno.<\/li>\n<li class=\"ql-align-justify\">Estructura estandar: Aluminio y boton de metal.<\/li>\n<li class=\"ql-align-justify\">Contacto de salida: NO\/NC\/COM.<\/li>\n<li class=\"ql-align-justify\">Humedad: 0 &#8211; 95%.<\/li>\n<li class=\"ql-align-justify\">Peso: 0.18Kg.<\/li>\n<li class=\"ql-align-justify\"><u>Compatible con caja de instalaci\u00f3n YLI clave:\u00a0<\/u><strong><u>76017<\/u><\/strong><\/li>\n<\/ul>\n<p class=\"ql-align-justify\"><strong>FUNCIONES<\/strong><\/p>\n<p class=\"ql-align-justify\">El \u00abbot\u00f3n\u00bb se ha utilizado en calculadoras, tel\u00e9fonos, electrodom\u00e9sticos, y varios otros dispositivos mec\u00e1nicos y electr\u00f3nicos, del hogar y comerciales. En las aplicaciones industriales y comerciales, los botones pueden ser unidos entre s\u00ed por una articulaci\u00f3n mec\u00e1nica para que el acto de pulsar un bot\u00f3n hace que el otro bot\u00f3n para ser puesto en libertad. De esta manera, un bot\u00f3n de parada se puede \u00abforzar\u00bb un bot\u00f3n de inicio para ser puesto en libertad. Este m\u00e9todo de uni\u00f3n se utiliza en simples operaciones manuales en las que la m\u00e1quina o proceso no tienen circuitos el\u00e9ctricos para el control.<\/p>\n<p><img decoding=\"async\" class=\"overview-center-img-web\" src=\"https:\/\/tvc.mx\/media\/62940\/CENTRAL.png\" alt=\"\" \/><\/p>\n","protected":false},"excerpt":{"rendered":"<p>DESCRIPCI\u00d3N El bot\u00f3n liberador de puerta YLI modelo PBK800 o pulsador es un dispositivo utilizado para activar alguna funci\u00f3n. Los botones son de diversa forma y tama\u00f1o y se encuentran en todo tipo de dispositivos, aunque principalmente en aparatos el\u00e9ctricos o electr\u00f3nicos. Los botones son&hellip;<\/p>\n","protected":false},"featured_media":9115,"comment_status":"open","ping_status":"closed","template":"","meta":{"om_disable_all_campaigns":false,"_monsterinsights_skip_tracking":false,"_monsterinsights_sitenote_active":false,"_monsterinsights_sitenote_note":"","_monsterinsights_sitenote_category":0},"product_brand":[],"product_cat":[830],"product_tag":[81,727,730,66,731,728,729],"class_list":{"0":"post-9116","1":"product","2":"type-product","3":"status-publish","4":"has-post-thumbnail","6":"product_cat-tarjetas-y-botones-control-de-acceso-yli-acceso-asistencia","7":"product_tag-acceso-y-asistencia","8":"product_tag-cerraduras","9":"product_tag-commax-wulian","10":"product_tag-dahua","11":"product_tag-wejoin","12":"product_tag-yli","13":"product_tag-zkteco","15":"first","16":"instock","17":"sale","18":"taxable","19":"shipping-taxable","20":"purchasable","21":"product-type-simple"},"aioseo_notices":[],"_links":{"self":[{"href":"https:\/\/tecsecmty.com\/index.php\/wp-json\/wp\/v2\/product\/9116","targetHints":{"allow":["GET"]}}],"collection":[{"href":"https:\/\/tecsecmty.com\/index.php\/wp-json\/wp\/v2\/product"}],"about":[{"href":"https:\/\/tecsecmty.com\/index.php\/wp-json\/wp\/v2\/types\/product"}],"replies":[{"embeddable":true,"href":"https:\/\/tecsecmty.com\/index.php\/wp-json\/wp\/v2\/comments?post=9116"}],"version-history":[{"count":0,"href":"https:\/\/tecsecmty.com\/index.php\/wp-json\/wp\/v2\/product\/9116\/revisions"}],"wp:featuredmedia":[{"embeddable":true,"href":"https:\/\/tecsecmty.com\/index.php\/wp-json\/wp\/v2\/media\/9115"}],"wp:attachment":[{"href":"https:\/\/tecsecmty.com\/index.php\/wp-json\/wp\/v2\/media?parent=9116"}],"wp:term":[{"taxonomy":"product_brand","embeddable":true,"href":"https:\/\/tecsecmty.com\/index.php\/wp-json\/wp\/v2\/product_brand?post=9116"},{"taxonomy":"product_cat","embeddable":true,"href":"https:\/\/tecsecmty.com\/index.php\/wp-json\/wp\/v2\/product_cat?post=9116"},{"taxonomy":"product_tag","embeddable":true,"href":"https:\/\/tecsecmty.com\/index.php\/wp-json\/wp\/v2\/product_tag?post=9116"}],"curies":[{"name":"wp","href":"https:\/\/api.w.org\/{rel}","templated":true}]}}