{"id":912,"date":"2023-02-16T00:07:36","date_gmt":"2023-02-16T00:07:36","guid":{"rendered":"https:\/\/tecsecmty.com\/index.php\/producto\/dvr-4-megapixel-16-canales-turbohd-4-canales-ip-8-bahias-de-disco-duro-16-canales-de-audio-audio-por-coaxitron-16-entradas-de-alarma-soporta-pos\/"},"modified":"2023-03-22T23:20:46","modified_gmt":"2023-03-23T05:20:46","slug":"dvr-4-megapixel-16-canales-turbohd-4-canales-ip-8-bahias-de-disco-duro-16-canales-de-audio-audio-por-coaxitron-16-entradas-de-alarma-soporta-pos","status":"publish","type":"product","link":"https:\/\/tecsecmty.com\/index.php\/producto\/dvr-4-megapixel-16-canales-turbohd-4-canales-ip-8-bahias-de-disco-duro-16-canales-de-audio-audio-por-coaxitron-16-entradas-de-alarma-soporta-pos\/","title":{"rendered":"DVR 4 Megapixel \/ 16 Canales TURBOHD + 4 Canales IP \/ 8 Bahias de Disco Duro \/ 16 canales de Audio \/ Audio por Coaxitron  \/ 16 Entradas de Alarma \/ Soporta POS"},"content":{"rendered":"<h4 style=\"text-align: center\">Informaci\u00f3n de Producto<\/h4>\n<h3 style=\"font-weight: 500;text-align: center\">DVR 4 Megapixel \/ 16 Canales TURBOHD + 4 Canales IP \/ 8 Bah\u00edas de Disco Duro \/ 16 canales de Audio \/ Audio por Coaxitron \/ 16 Entradas de Alarma \/ Soporta POS<\/h3>\n<p style=\"text-align: center\">\n<p style=\"text-align: center\"><img decoding=\"async\" src=\"https:\/\/ftp3.syscom.mx\/usuarios\/fotos\/BancoFotografiasSyscom\/HIKVISION\/IDS8116HQHIM8_S\/IDS8116HQHIM8_S-p.PNG\" alt=\"IDS-8116HQHI-M8\/S\" \/><\/p>\n<p style=\"text-align: center\">Modelo:\u00a0IDS-8116HQHI-M8\/S<\/p>\n<p style=\"text-align: center\">Marca:\u00a0HIKVISION<\/p>\n<p style=\"text-align: center\">\n<p style=\"text-align: center\"><b><strong>Nota importante:<\/strong><\/b><\/p>\n<p style=\"text-align: center\">Gracias a las nuevas actualizaciones (mejoras) ahora el DVR permite aceptar c\u00e1maras TURBOHD de 4 Megapixel\u00a0 el DVR podr\u00e1 grabar a 4 Megapixel Lite, quiere decir que es un acoplamiento de se\u00f1al que permite aceptar c\u00e1maras de 4 Megapixel TURBOHD con grabacion Lite.<\/p>\n<p style=\"text-align: center\">\n<ul style=\"text-align: center\">\n<li>4 Megapixel Real = 2560 X 1440.<\/li>\n<li>4 Megapixel Lite = 1280 X 1440.<\/li>\n<\/ul>\n<p style=\"text-align: center\">\n<p style=\"text-align: center\"><b><strong>Caracter\u00edsticas principales:<\/strong><\/b><\/p>\n<ul style=\"text-align: center\">\n<li>Sistema Pentaibrido (AHD \/ TVI \/ CVI \/ Anal\u00f3gico \/ IP).<\/li>\n<li>Compresi\u00f3n: H.265+ \/ H.265 \/ H.264+ \/ H.264.<\/li>\n<li>16 Canales de v\u00eddeo TURBOHD + 4 canales IP =\u00a0 20 canales en total.<\/li>\n<li>Ademas permite apagar canales analogicos para generar canales IP.<\/li>\n<li>16 Entradas de audio \/ 2 salida de audio.<\/li>\n<li>Capacidad para 8 discos duros SATA de hasta 12 TB (96TB en total).<\/li>\n<li>Salidas de v\u00eddeo HDMI1 (4K) \/ VGA (1080p) Independientes.<\/li>\n<li>Soporta Hik-Connect P2P.<\/li>\n<li>Compatible con iVMS4200.<\/li>\n<li>Cuenta con coaxitron para mover PTZ.<\/li>\n<li>Soporta audio por coaxitron<\/li>\n<\/ul>\n<p style=\"text-align: center\"><b><strong>Canales de video:<\/strong><\/b><\/p>\n<ul style=\"text-align: center\">\n<li>16 Canales de video, la resoluci\u00f3n varia dependiendo de la tecnolog\u00eda de la c\u00e1mara.\n<ul>\n<li>TVI: 4MP lite \/1080p \/ 720p.<\/li>\n<li>AHD: 4MP Lite \/ 1080p \/ 720p.<\/li>\n<li>CVI: 4MP Lite \/ 1080p \/ 720p.<\/li>\n<li>IP: 6 Megapixeles.<\/li>\n<\/ul>\n<\/li>\n<li>Capacidad de procesamiento de ancho de banda de entrada y salida: 240Mbps<\/li>\n<\/ul>\n<p style=\"text-align: center\"><b><strong>Caracter\u00edsticas F\u00edsicas y El\u00e9ctricas:<\/strong><\/b><\/p>\n<ul style=\"text-align: center\">\n<li>Alimentaci\u00f3n \/ consumo: 100 a 240 Vca \/ 45 Watts (sin discos duros).<\/li>\n<li>1 Puerto RS485.<\/li>\n<li>2 Puertos de red RJ-45 10\/100\/1000 Mbps auto-adaptable.<\/li>\n<li>Temperatura de operaci\u00f3n: -10\u00b0 a 55\u00b0 C.<\/li>\n<li>Dimensiones: 442 x 470 x 90 mm.<\/li>\n<li>Peso: 10 Kgs.<\/li>\n<li><b><strong>Garant\u00eda: 2 a\u00f1os.<\/strong><\/b><\/li>\n<\/ul>\n<p style=\"text-align: center\"><b><strong>Codificaci\u00f3n de Video:<\/strong><\/b><\/p>\n<ul style=\"text-align: center\">\n<li>Main Stream:\n<ul>\n<li>4MP lite @ 15fps; 1080p lite \/ 720p \/ WD1 \/ 4CIF \/ VGA \/ CIF @ 30fps.<\/li>\n<\/ul>\n<\/li>\n<li>Sub Stream: 4CIF, CIF, QCIF,QVGA.<\/li>\n<li>Bitrate de 32kbps hasta 6Mbps.<\/li>\n<\/ul>\n<p style=\"text-align: center\"><b><strong>Canales de Audio:<\/strong><\/b><\/p>\n<ul style=\"text-align: center\">\n<li>16 Canales de audio, entrada conector RCA.<\/li>\n<li>16 Canales de audio por coaxitron<\/li>\n<li>2 Salidas de audio, conector RCA.<\/li>\n<\/ul>\n<p style=\"text-align: center\">Para conectar c\u00e1maras IP requiere un switch\/switch poe (no incluido)<\/p>\n<p style=\"text-align: center\"><b><strong>Caracter\u00edsticas Destacadas:<\/strong><\/b><\/p>\n<ul style=\"text-align: center\">\n<li>El DVR permite apagar canales analogicos para generar canales IP, lo que permite trabajar como si fuera un NVR, sin embargo es necesario adicionar un switch ya que el equipo no cuenta con interfaces de red para conectar c\u00e1maras directamente solo a traves de la red LAN<\/li>\n<\/ul>\n<h1 style=\"text-align: center\"><strong>Recursos<\/strong><\/h1>\n<p style=\"text-align: center\">\n<div class=\"row default_margin_bottom\" style=\"text-align: center\">\n<div class=\"col-sm-4\"><a href=\"https:\/\/www.hikvision.com\/es-la\/support\/download\/software\/ivms4200-series\/?q=serie%20ivms4200&amp;position=1\" target=\"_blank\" rel=\"noopener\"><img decoding=\"async\" class=\"img-responsive\" src=\"https:\/\/ftp3.syscom.mx\/usuarios\/gmagos\/HIK\/IP\/IPC\/Imagenes%20pagina\/Descargas%20IVMS4200.jpg\" \/><\/a><\/div>\n<div class=\"col-sm-4\"><a href=\"https:\/\/appstore.hikvision.com\/\" target=\"_blank\" rel=\"noopener\"><img decoding=\"async\" class=\"img-responsive\" src=\"https:\/\/ftp3.syscom.mx\/usuarios\/gmagos\/HIK\/IP\/IPC\/Imagenes%20pagina\/Descargas%20de%20app.jpg\" \/><\/a><\/div>\n<div class=\"col-sm-4\"><a href=\"https:\/\/ftp3.syscom.mx\/usuarios\/ftp\/2022\/09\/12\/65902\/Datasheet+of+iDS-8116HQHI-M8_S_V4.50.100_20220530.pdf\" target=\"_blank\" rel=\"noopener\"><img decoding=\"async\" class=\"img-responsive\" src=\"https:\/\/ftp3.syscom.mx\/usuarios\/gmagos\/HIK\/IP\/IPC\/Imagenes%20pagina\/Descarga%20de%20PDF.jpg\" \/><\/a><\/div>\n<\/div>\n<p style=\"text-align: center\">\n<div class=\"row default_margin_bottom\" style=\"text-align: center\">\n<p>&nbsp;<\/p>\n<\/div>\n<p style=\"text-align: center\"><img decoding=\"async\" class=\"fr-fic fr-dii\" src=\"https:\/\/ftp3.syscom.mx\/usuarios\/fotos\/DS8124HQHIK8\/144607-ds81.jpg\" \/><\/p>\n<h1 style=\"text-align: center\"><\/h1>\n<p style=\"text-align: center\"><img fetchpriority=\"high\" decoding=\"async\" src=\"https:\/\/ftp3.syscom.mx\/usuarios\/jsosa\/HIKVISION\/imagenes\/banners\/solution%20complete.png\" alt=\"\" width=\"960\" height=\"248\" \/><\/p>\n<div class=\"row default_margin_bottom\">\n<div class=\"col-sm-4\" style=\"text-align: center\"><\/div>\n<\/div>\n","protected":false},"excerpt":{"rendered":"<p>Informaci\u00f3n de Producto DVR 4 Megapixel \/ 16 Canales TURBOHD + 4 Canales IP \/ 8 Bah\u00edas de Disco Duro \/ 16 canales de Audio \/ Audio por Coaxitron \/ 16 Entradas de Alarma \/ Soporta POS Modelo:\u00a0IDS-8116HQHI-M8\/S Marca:\u00a0HIKVISION Nota importante: Gracias a las nuevas&hellip;<\/p>\n","protected":false},"featured_media":1795,"comment_status":"open","ping_status":"closed","template":"","meta":{"om_disable_all_campaigns":false,"_monsterinsights_skip_tracking":false,"_monsterinsights_sitenote_active":false,"_monsterinsights_sitenote_note":"","_monsterinsights_sitenote_category":0},"product_brand":[],"product_cat":[56],"product_tag":[58,59,57],"class_list":{"0":"post-912","1":"product","2":"type-product","3":"status-publish","4":"has-post-thumbnail","6":"product_cat-videograbadoras-analogicas-turbohd-tvi-ahd-cvi","7":"product_tag-dvr","8":"product_tag-videograbadora","9":"product_tag-videograbadoras-analogicas-turbohd-tvi-ahd-cvi","11":"first","12":"instock","13":"taxable","14":"shipping-taxable","15":"product-type-simple"},"aioseo_notices":[],"_links":{"self":[{"href":"https:\/\/tecsecmty.com\/index.php\/wp-json\/wp\/v2\/product\/912","targetHints":{"allow":["GET"]}}],"collection":[{"href":"https:\/\/tecsecmty.com\/index.php\/wp-json\/wp\/v2\/product"}],"about":[{"href":"https:\/\/tecsecmty.com\/index.php\/wp-json\/wp\/v2\/types\/product"}],"replies":[{"embeddable":true,"href":"https:\/\/tecsecmty.com\/index.php\/wp-json\/wp\/v2\/comments?post=912"}],"version-history":[{"count":2,"href":"https:\/\/tecsecmty.com\/index.php\/wp-json\/wp\/v2\/product\/912\/revisions"}],"predecessor-version":[{"id":1796,"href":"https:\/\/tecsecmty.com\/index.php\/wp-json\/wp\/v2\/product\/912\/revisions\/1796"}],"wp:featuredmedia":[{"embeddable":true,"href":"https:\/\/tecsecmty.com\/index.php\/wp-json\/wp\/v2\/media\/1795"}],"wp:attachment":[{"href":"https:\/\/tecsecmty.com\/index.php\/wp-json\/wp\/v2\/media?parent=912"}],"wp:term":[{"taxonomy":"product_brand","embeddable":true,"href":"https:\/\/tecsecmty.com\/index.php\/wp-json\/wp\/v2\/product_brand?post=912"},{"taxonomy":"product_cat","embeddable":true,"href":"https:\/\/tecsecmty.com\/index.php\/wp-json\/wp\/v2\/product_cat?post=912"},{"taxonomy":"product_tag","embeddable":true,"href":"https:\/\/tecsecmty.com\/index.php\/wp-json\/wp\/v2\/product_tag?post=912"}],"curies":[{"name":"wp","href":"https:\/\/api.w.org\/{rel}","templated":true}]}}