{"id":9122,"date":"2023-02-23T22:37:27","date_gmt":"2023-02-24T04:37:27","guid":{"rendered":"https:\/\/tecsecmty.com\/index.php\/producto\/yli-mbb800bp-caja-para-instalacion-de-boton-liberador-de-puerta-plastico-compatible-con-boton-pbk812\/"},"modified":"2023-03-22T23:25:00","modified_gmt":"2023-03-23T05:25:00","slug":"yli-mbb800bp-caja-para-instalacion-de-boton-liberador-de-puerta-plastico-compatible-con-boton-pbk812","status":"publish","type":"product","link":"https:\/\/tecsecmty.com\/index.php\/producto\/yli-mbb800bp-caja-para-instalacion-de-boton-liberador-de-puerta-plastico-compatible-con-boton-pbk812\/","title":{"rendered":"YLI MBB800BP &#8211; Caja para instalaci\u00f3n de bot\u00f3n liberador de puerta \/ Pl\u00e1stico \/ Compatible con bot\u00f3n PBK812"},"content":{"rendered":"<h5 class=\"card-title text-center\">DESCRIPCI\u00d3N<\/h5>\n<p class=\"ql-align-justify\">La caja de Pl\u00e1stico\u00a0<strong>MBB800BP\u00a0<\/strong>es ideal para el bot\u00f3n liberador modelo PBK812 el cual es un dispositivo utilizado para realizar cierta funci\u00f3n. Los botones son de diversas formas y tama\u00f1os y se encuentran en todo tipo de dispositivos, aunque principalmente en aparatos el\u00e9ctricos y electr\u00f3nicos. El bot\u00f3n de un dispositivo electr\u00f3nico funciona por lo general como un interruptor el\u00e9ctrico, es decir en su interior tiene dos contactos, al ser pulsado uno, se activar\u00e1 la funci\u00f3n inversa de la que en ese momento este realizando; ejemplos: si es un dispositivo NA (normalmente abierto) ser\u00e1 cerrado, si es un dispositivo NC (normalmente cerrado) ser\u00e1 abierto.<\/p>\n<p class=\"ql-align-justify\"><strong>ESPECIFICACIONES T\u00c9CNICAS:<\/strong><\/p>\n<ul>\n<li class=\"ql-align-justify\">SKU: SEAC00A38806<\/li>\n<li class=\"ql-align-justify\">Marca: YLI<\/li>\n<li class=\"ql-align-justify\">Modelo: MBB800BP<\/li>\n<li class=\"ql-align-justify\">Material: Pl\u00e1stico<\/li>\n<li class=\"ql-align-justify\">Color: Beige<\/li>\n<li class=\"ql-align-justify\">Compatibilidad: Bot\u00f3n PBK812<\/li>\n<\/ul>\n<p class=\"ql-align-justify\"><strong>CARACTER\u00cdSTICAS<\/strong>:<\/p>\n<ul>\n<li class=\"ql-align-justify\">Dimensiones: 86Lx86Wx30H(mm).<\/li>\n<li class=\"ql-align-justify\">Estructura Est\u00e1ndar: Material Resistente al Fuego.<\/li>\n<li class=\"ql-align-justify\">Adaptaci\u00f3n sobre Accesorios de bot\u00f3n: ABK-800B, ABK-801B, PBK-812.<\/li>\n<li class=\"ql-align-justify\">Peso: 0.038kg.<\/li>\n<\/ul>\n<p><img decoding=\"async\" class=\"overview-center-img-web\" src=\"https:\/\/tvc.mx\/media\/132574\/CENTRAL-76008.png\" alt=\"\" \/><\/p>\n","protected":false},"excerpt":{"rendered":"<p>DESCRIPCI\u00d3N La caja de Pl\u00e1stico\u00a0MBB800BP\u00a0es ideal para el bot\u00f3n liberador modelo PBK812 el cual es un dispositivo utilizado para realizar cierta funci\u00f3n. Los botones son de diversas formas y tama\u00f1os y se encuentran en todo tipo de dispositivos, aunque principalmente en aparatos el\u00e9ctricos y electr\u00f3nicos.&hellip;<\/p>\n","protected":false},"featured_media":9121,"comment_status":"open","ping_status":"closed","template":"","meta":{"om_disable_all_campaigns":false,"_monsterinsights_skip_tracking":false,"_monsterinsights_sitenote_active":false,"_monsterinsights_sitenote_note":"","_monsterinsights_sitenote_category":0},"product_brand":[],"product_cat":[830],"product_tag":[81,727,730,66,731,728,729],"class_list":{"0":"post-9122","1":"product","2":"type-product","3":"status-publish","4":"has-post-thumbnail","6":"product_cat-tarjetas-y-botones-control-de-acceso-yli-acceso-asistencia","7":"product_tag-acceso-y-asistencia","8":"product_tag-cerraduras","9":"product_tag-commax-wulian","10":"product_tag-dahua","11":"product_tag-wejoin","12":"product_tag-yli","13":"product_tag-zkteco","15":"first","16":"instock","17":"sale","18":"taxable","19":"shipping-taxable","20":"purchasable","21":"product-type-simple"},"aioseo_notices":[],"_links":{"self":[{"href":"https:\/\/tecsecmty.com\/index.php\/wp-json\/wp\/v2\/product\/9122","targetHints":{"allow":["GET"]}}],"collection":[{"href":"https:\/\/tecsecmty.com\/index.php\/wp-json\/wp\/v2\/product"}],"about":[{"href":"https:\/\/tecsecmty.com\/index.php\/wp-json\/wp\/v2\/types\/product"}],"replies":[{"embeddable":true,"href":"https:\/\/tecsecmty.com\/index.php\/wp-json\/wp\/v2\/comments?post=9122"}],"version-history":[{"count":0,"href":"https:\/\/tecsecmty.com\/index.php\/wp-json\/wp\/v2\/product\/9122\/revisions"}],"wp:featuredmedia":[{"embeddable":true,"href":"https:\/\/tecsecmty.com\/index.php\/wp-json\/wp\/v2\/media\/9121"}],"wp:attachment":[{"href":"https:\/\/tecsecmty.com\/index.php\/wp-json\/wp\/v2\/media?parent=9122"}],"wp:term":[{"taxonomy":"product_brand","embeddable":true,"href":"https:\/\/tecsecmty.com\/index.php\/wp-json\/wp\/v2\/product_brand?post=9122"},{"taxonomy":"product_cat","embeddable":true,"href":"https:\/\/tecsecmty.com\/index.php\/wp-json\/wp\/v2\/product_cat?post=9122"},{"taxonomy":"product_tag","embeddable":true,"href":"https:\/\/tecsecmty.com\/index.php\/wp-json\/wp\/v2\/product_tag?post=9122"}],"curies":[{"name":"wp","href":"https:\/\/api.w.org\/{rel}","templated":true}]}}