{"id":9124,"date":"2023-02-23T22:37:29","date_gmt":"2023-02-24T04:37:29","guid":{"rendered":"https:\/\/tecsecmty.com\/index.php\/producto\/yli-pbk812-boton-de-apertura-de-plastico-para-controles-de-acceso-funcion-normalmente-abierto-compatible-con-caja-mbb8008p\/"},"modified":"2023-03-22T23:25:02","modified_gmt":"2023-03-23T05:25:02","slug":"yli-pbk812-boton-de-apertura-de-plastico-para-controles-de-acceso-funcion-normalmente-abierto-compatible-con-caja-mbb8008p","status":"publish","type":"product","link":"https:\/\/tecsecmty.com\/index.php\/producto\/yli-pbk812-boton-de-apertura-de-plastico-para-controles-de-acceso-funcion-normalmente-abierto-compatible-con-caja-mbb8008p\/","title":{"rendered":"YLI PBK812 &#8211; Bot\u00f3n de Apertura de Pl\u00e1stico para Controles de Acceso \/ Funci\u00f3n Normalmente Abierto \/ Compatible con caja MBB8008P"},"content":{"rendered":"<div class=\"row aling-items-center padding-bottom-2x\">\n<div class=\"col-lg-12\">\n<h5 class=\"card-title text-center\">INFORMACI\u00d3N GENERAL<\/h5>\n<p class=\"ql-align-justify\">El bot\u00f3n\u00a0<strong>PBK-812<\/strong>\u00a0es un bot\u00f3n de apertura de puerta de pl\u00e1stico para control de acceso con un tama\u00f1o de L88xW88xH20 (mm), que es el m\u00e1s com\u00fan y el m\u00e1s utilizado debido a su f\u00e1cil instalaci\u00f3n y rendimiento.<\/p>\n<p><img decoding=\"async\" class=\"overview-center-img-web\" src=\"https:\/\/tvc.mx\/media\/403295\/YLI-73009-PBK812-BOTON-DE-APERTURA-PARA-CONTROLES-DE-ACCESO-CENTRAL.png\" alt=\"\" \/><\/div>\n<\/div>\n<div class=\"row align-items-center padding-bottom-2x\">\n<div class=\"col-md-5 order-md-2\"><img decoding=\"async\" class=\"d-block m-auto img-thumbnail\" src=\"https:\/\/tvc.mx\/media\/403299\/YLI-73009-PBK812-BOTON-DE-APERTURA-PARA-CONTROLES-DE-ACCESO-DER.png\" alt=\" \" \/><\/div>\n<div class=\"col-md-7 order-md-1 text-md-left text-center\">\n<h2>Especificaciones T\u00e9cnicas<\/h2>\n<p class=\"text-muted\">\n<ul>\n<li>Dimensiones:88Lx88Wx20H (mm)<\/li>\n<li>Material: Pl\u00e1stico<\/li>\n<li>Contacto de salida: NO \/ COM<\/li>\n<li>Vida Mec\u00e1nica:100000 pruebas<\/li>\n<\/ul>\n<\/div>\n<\/div>\n<p>&nbsp;<\/p>\n<hr class=\"padding-bottom-2x\" \/>\n<div class=\"row align-items-center padding-bottom-2x\">\n<div class=\"col-md-5 order-md-2\"><img decoding=\"async\" class=\"d-block m-auto img-thumbnail\" src=\"https:\/\/tvc.mx\/media\/403303\/YLI-73009-PBK812-BOTON-DE-APERTURA-PARA-CONTROLES-DE-ACCESO-INCLUYE.png\" alt=\" \" \/><\/div>\n<div class=\"col-md-7 order-md-1 text-md-left text-center\">\n<h2>Incluye<\/h2>\n<p class=\"text-muted\">\n<ul>\n<li>Solo bot\u00f3n de pl\u00e1stico<\/li>\n<\/ul>\n<\/div>\n<\/div>\n","protected":false},"excerpt":{"rendered":"<p>INFORMACI\u00d3N GENERAL El bot\u00f3n\u00a0PBK-812\u00a0es un bot\u00f3n de apertura de puerta de pl\u00e1stico para control de acceso con un tama\u00f1o de L88xW88xH20 (mm), que es el m\u00e1s com\u00fan y el m\u00e1s utilizado debido a su f\u00e1cil instalaci\u00f3n y rendimiento. Especificaciones T\u00e9cnicas Dimensiones:88Lx88Wx20H (mm) Material: Pl\u00e1stico Contacto&hellip;<\/p>\n","protected":false},"featured_media":9123,"comment_status":"open","ping_status":"closed","template":"","meta":{"om_disable_all_campaigns":false,"_monsterinsights_skip_tracking":false,"_monsterinsights_sitenote_active":false,"_monsterinsights_sitenote_note":"","_monsterinsights_sitenote_category":0},"product_brand":[],"product_cat":[830],"product_tag":[81,727,730,66,731,728,729],"class_list":{"0":"post-9124","1":"product","2":"type-product","3":"status-publish","4":"has-post-thumbnail","6":"product_cat-tarjetas-y-botones-control-de-acceso-yli-acceso-asistencia","7":"product_tag-acceso-y-asistencia","8":"product_tag-cerraduras","9":"product_tag-commax-wulian","10":"product_tag-dahua","11":"product_tag-wejoin","12":"product_tag-yli","13":"product_tag-zkteco","15":"first","16":"instock","17":"sale","18":"taxable","19":"shipping-taxable","20":"purchasable","21":"product-type-simple"},"aioseo_notices":[],"_links":{"self":[{"href":"https:\/\/tecsecmty.com\/index.php\/wp-json\/wp\/v2\/product\/9124","targetHints":{"allow":["GET"]}}],"collection":[{"href":"https:\/\/tecsecmty.com\/index.php\/wp-json\/wp\/v2\/product"}],"about":[{"href":"https:\/\/tecsecmty.com\/index.php\/wp-json\/wp\/v2\/types\/product"}],"replies":[{"embeddable":true,"href":"https:\/\/tecsecmty.com\/index.php\/wp-json\/wp\/v2\/comments?post=9124"}],"version-history":[{"count":0,"href":"https:\/\/tecsecmty.com\/index.php\/wp-json\/wp\/v2\/product\/9124\/revisions"}],"wp:featuredmedia":[{"embeddable":true,"href":"https:\/\/tecsecmty.com\/index.php\/wp-json\/wp\/v2\/media\/9123"}],"wp:attachment":[{"href":"https:\/\/tecsecmty.com\/index.php\/wp-json\/wp\/v2\/media?parent=9124"}],"wp:term":[{"taxonomy":"product_brand","embeddable":true,"href":"https:\/\/tecsecmty.com\/index.php\/wp-json\/wp\/v2\/product_brand?post=9124"},{"taxonomy":"product_cat","embeddable":true,"href":"https:\/\/tecsecmty.com\/index.php\/wp-json\/wp\/v2\/product_cat?post=9124"},{"taxonomy":"product_tag","embeddable":true,"href":"https:\/\/tecsecmty.com\/index.php\/wp-json\/wp\/v2\/product_tag?post=9124"}],"curies":[{"name":"wp","href":"https:\/\/api.w.org\/{rel}","templated":true}]}}