{"id":913,"date":"2023-02-16T00:07:36","date_gmt":"2023-02-16T00:07:36","guid":{"rendered":"https:\/\/tecsecmty.com\/index.php\/producto\/kit-de-grabaciun-en-la-nube-hik-proconnect-2-licencias-de-7-dias-por-1-aoo\/"},"modified":"2023-03-22T23:20:47","modified_gmt":"2023-03-23T05:20:47","slug":"kit-de-grabacion-en-la-nube-hik-proconnect-2-licencias-de-7-dias-por-1-aoo","status":"publish","type":"product","link":"https:\/\/tecsecmty.com\/index.php\/producto\/kit-de-grabacion-en-la-nube-hik-proconnect-2-licencias-de-7-dias-por-1-aoo\/","title":{"rendered":"Kit de Grabacion en la Nube Hik-ProConnect + 2 Licencias de 7 dias por 1 Aoo"},"content":{"rendered":"<div class=\"container\">\n<div class=\"row\">\n<div class=\"col-md-12\">\n<div class=\"row\">\n<div class=\"row\">\n<div class=\"col-md-12\">\n<h4 class=\"text-primary center info-text\" style=\"text-align: center\">Informaci\u00f3n de Producto<\/h4>\n<\/div>\n<\/div>\n<div class=\"row\" style=\"text-align: center\">\n<div class=\"col-md-12\">\n<h3>Kit de Grabaci\u00f3n en la Nube Hik-ProConnect + 2 Licencias de 7 d\u00edas por 1 A\u00f1o<\/h3>\n<\/div>\n<\/div>\n<div id=\"producto_container\" class=\"row\" style=\"text-align: center\">\n<div class=\"col-md-4\"><img decoding=\"async\" class=\"img-responsive center-block\" src=\"https:\/\/ftp3.syscom.mx\/usuarios\/fotos\/BancoFotografiasSyscom\/HIKVISION\/HKPROCSKIT\/HKPROCSKIT-p.PNG\" alt=\"HKPRO-CS-KIT\" \/><\/p>\n<div class=\"row\">\n<div id=\"galerias\" class=\"col-sm-12\"><\/div>\n<\/div>\n<\/div>\n<div class=\"col-md-4\">\n<div><img decoding=\"async\" class=\"img-responsive img-thumbnail\" src=\"https:\/\/ftp3.syscom.mx\/usuarios\/fotos\/logotipos\/hikvision.png\" \/><\/div>\n<div><\/div>\n<div>\n<p>Modelo:\u00a0<span class=\"modelo-marca\">HKPRO-CS-KIT<\/span><\/p>\n<p>Marca:\u00a0<span class=\"modelo-marca\">HIKVISION<\/span><\/p>\n<\/div>\n<div><\/div>\n<\/div>\n<div class=\"col-md-4\">\n<div class=\"row\">\n<div class=\"col-md-12 default_padding_bottom\"><\/div>\n<\/div>\n<\/div>\n<\/div>\n<\/div>\n<div class=\"row \" style=\"text-align: center\">\n<div class=\"col-md-12\">\n<div class=\"row\">\n<h3 class=\"text-primary\">Especificaciones:<\/h3>\n<\/div>\n<div class=\"row well\">\n<p><img decoding=\"async\" class=\"fr-fic fr-dii\" src=\"https:\/\/ftp3.syscom.mx\/usuarios\/jsosa\/HIKVISION\/imagenes\/logo\/hikvision%20see%20far.png\" \/><\/p>\n<p>&nbsp;<\/p>\n<p><img decoding=\"async\" class=\"fr-fic fr-dii\" src=\"https:\/\/ftp3.syscom.mx\/usuarios\/jsosa\/HIKVISION\/hikpro\/Diagrama%20de%20Conexion%20Almacenamiento%20en%20la%20Nube.jpeg\" \/><\/p>\n<p>&nbsp;<\/p>\n<div><\/div>\n<div class=\"row\">\n<h1>HKPRO-CS-KIT<\/h1>\n<h3>El KIT incluye:<\/h3>\n<h5 class=\"col-xs-12\"><strong>1 x\u00a0<a href=\"https:\/\/www.syscom.mx\/producto\/DS-6700NI-S-HIKVISION-191258.html\" target=\"_blank\" rel=\"noopener\">DS-6700NI-S<\/a><\/strong><\/h5>\n<h5 class=\"col-xs-12\"><strong>2 x\u00a0<a href=\"https:\/\/www.syscom.mx\/producto\/HKPRO-CS7-1A-HIKVISION-194712.html\" target=\"_blank\" rel=\"noopener\">HKPRO-CS7-1A<\/a><\/strong><\/h5>\n<\/div>\n<div class=\"row\">\n<div class=\"col-sm-6\">\n<div class=\"panel_segmento\">\n<div>\u00a0 \u00a0<img fetchpriority=\"high\" decoding=\"async\" class=\"img-responsive \" src=\"https:\/\/ftp3.syscom.mx\/usuarios\/fotos\/BancoFotografiasSyscom\/HIKVISION\/DS6700NIS\/DS6700NIS-p.PNG\" alt=\"...\" width=\"400\" height=\"400\" \/><\/div>\n<div>\n<h2><a href=\"https:\/\/www.syscom.mx\/producto\/DS-6700NI-S-HIKVISION-191258.html\" target=\"_blank\" rel=\"noopener\">DS-6700NI-S<\/a><\/h2>\n<h4><strong>Caracter\u00edsticas principales:<\/strong><\/h4>\n<ul>\n<li>Soporta hasta 8 canales de grabaci\u00f3n.<\/li>\n<li>Resoluci\u00f3n m\u00e1xima de 2 Megapixel (1080p).<\/li>\n<li>Codificaci\u00f3n de video y FPS:\u00a05ch@1080p(10)fps,\u00a06ch@1080p(8)fps,\u00a07ch@1080p\u00a0(7) fps,\u00a08ch@1080p\u00a0(6fps)<\/li>\n<li>Throughput entrada: 80 Mbps.<\/li>\n<li>Throughput salida: 80 Mbps.<\/li>\n<li>Permite grabar camaras IP, DVR\u00b4s y NVR\u00b4s HIKVISION.<\/li>\n<li><strong>Unicamente compatible con grabaci\u00f3n de detecci\u00f3n de movimiento, es necesario que el grabador tenga activo detecci\u00f3n de movimiento,<br \/>\nno compatible con filtro de humanos \/ vehiculos, solamente grabara por variaci\u00f3n de pixeles.<\/strong><\/li>\n<li><strong>En caso de usarse con DVR, NVR, IPC se puede tener almacenamiento local y en la nube.<\/strong><\/li>\n<li><strong>Unicamente compatible con HikProConnect.<\/strong><\/li>\n<li><strong>Activaci\u00f3n de licencia clic\u00a0<a href=\"https:\/\/soporte.syscom.mx\/es\/articles\/5117328-hikvision-almacenamiento-en-la-nube-con-hikpro-connect\">aqu\u00ed<\/a><\/strong><\/li>\n<li><strong>Para que funcione el almacenamiento en la nube el equipo debe de ser compatible con Hik-ProConnect<\/strong><\/li>\n<li><strong>Los equipos compatibles los puede verificar ingresando a la plataforma dando clic en lista de compatibilidad, si es compatible con HikPro-Connect, es compatible para almacenamiento en la nube.<\/strong><\/li>\n<li><strong>Descargue app\u00a0<a href=\"https:\/\/appstore.hikvision.com\/\">aqu\u00ed<\/a><\/strong>\u00a0<strong>o bien ingrese con su numero de cliente para acceder a la version web de la plataforma<\/strong><\/li>\n<\/ul>\n<\/div>\n<\/div>\n<\/div>\n<div class=\"col-sm-6\">\n<div class=\"panel_segmento\">\n<div><img decoding=\"async\" class=\"img-responsive \" src=\"https:\/\/ftp3.syscom.mx\/usuarios\/fotos\/BancoFotografiasSyscom\/HIKVISION\/HKPROCS71A\/HKPROCS71A-p.PNG\" alt=\"...\" width=\"400\" height=\"400\" \/><\/div>\n<div>\n<h2><a href=\"https:\/\/www.syscom.mx\/producto\/HKPRO-CS7-1A-HIKVISION-194712.html\" target=\"_blank\" rel=\"noopener\">HKPRO-CS7-1A<\/a><\/h2>\n<h4><strong>Caracter\u00edsticas principales:<\/strong><\/h4>\n<p>La licencia permite tener grabaci\u00f3n en la nube de una c\u00e1mara con retenci\u00f3n de 7 d\u00edas que se iran sobreescribiendo por un a\u00f1o.<\/p>\n<ul>\n<li><strong>Unicamente compatible con grabaci\u00f3n de detecci\u00f3n de movimiento, es necesario que el grabador tenga activo detecci\u00f3n de movimiento,<br \/>\nEn caso de tener filtro de humanos \/ vehiculos, solamente grabara por variaci\u00f3n de pixeles.<\/strong><\/li>\n<li><strong>En caso de usarse con DVR, NVR, IPC se puede tener almacenamiento local y en la nube.<\/strong><\/li>\n<\/ul>\n<p>Requiere el adaptador\u00a0<a href=\"https:\/\/www.syscom.mx\/producto\/DS-6700NI-S-HIKVISION-191258.html\" target=\"_blank\" rel=\"noopener\"><strong>DS-6700NI-S<\/strong><\/a><\/p>\n<p>&nbsp;<\/p>\n<p>Revisar las gu\u00edas de configuraci\u00f3n\u00a0<a href=\"http:\/\/soporte.syscom.mx\/es\/articles\/4404031-hikvision-configuraciones-hik-proconnect\" target=\"_blank\" rel=\"noopener\"><strong>aqu\u00ed<\/strong><\/a>.<\/p>\n<\/div>\n<\/div>\n<\/div>\n<\/div>\n<p>&nbsp;<\/p>\n<p><img decoding=\"async\" class=\"fr-fic fr-dii\" src=\"https:\/\/ftp3.syscom.mx\/usuarios\/jsosa\/HIKVISION\/imagenes\/banners\/solution%20complete.png\" \/><\/p>\n<p>&nbsp;<\/p>\n<\/div>\n<\/div>\n<\/div>\n<\/div>\n<\/div>\n<\/div>\n<p><img decoding=\"async\" class=\"aligncenter\" src=\"https:\/\/tracker.metricool.com\/c3po.jpg?hash=95c94f37730bb8f54dd4308f1f878f9\" \/><\/p>\n","protected":false},"excerpt":{"rendered":"<p>Informaci\u00f3n de Producto Kit de Grabaci\u00f3n en la Nube Hik-ProConnect + 2 Licencias de 7 d\u00edas por 1 A\u00f1o Modelo:\u00a0HKPRO-CS-KIT Marca:\u00a0HIKVISION Especificaciones: &nbsp; &nbsp; HKPRO-CS-KIT El KIT incluye: 1 x\u00a0DS-6700NI-S 2 x\u00a0HKPRO-CS7-1A \u00a0 \u00a0 DS-6700NI-S Caracter\u00edsticas principales: Soporta hasta 8 canales de grabaci\u00f3n. Resoluci\u00f3n m\u00e1xima&hellip;<\/p>\n","protected":false},"featured_media":1798,"comment_status":"open","ping_status":"closed","template":"","meta":{"om_disable_all_campaigns":false,"_monsterinsights_skip_tracking":false,"_monsterinsights_sitenote_active":false,"_monsterinsights_sitenote_note":"","_monsterinsights_sitenote_category":0},"product_brand":[],"product_cat":[56],"product_tag":[58,59,57],"class_list":{"0":"post-913","1":"product","2":"type-product","3":"status-publish","4":"has-post-thumbnail","6":"product_cat-videograbadoras-analogicas-turbohd-tvi-ahd-cvi","7":"product_tag-dvr","8":"product_tag-videograbadora","9":"product_tag-videograbadoras-analogicas-turbohd-tvi-ahd-cvi","11":"first","12":"instock","13":"taxable","14":"shipping-taxable","15":"product-type-simple"},"aioseo_notices":[],"_links":{"self":[{"href":"https:\/\/tecsecmty.com\/index.php\/wp-json\/wp\/v2\/product\/913","targetHints":{"allow":["GET"]}}],"collection":[{"href":"https:\/\/tecsecmty.com\/index.php\/wp-json\/wp\/v2\/product"}],"about":[{"href":"https:\/\/tecsecmty.com\/index.php\/wp-json\/wp\/v2\/types\/product"}],"replies":[{"embeddable":true,"href":"https:\/\/tecsecmty.com\/index.php\/wp-json\/wp\/v2\/comments?post=913"}],"version-history":[{"count":2,"href":"https:\/\/tecsecmty.com\/index.php\/wp-json\/wp\/v2\/product\/913\/revisions"}],"predecessor-version":[{"id":1799,"href":"https:\/\/tecsecmty.com\/index.php\/wp-json\/wp\/v2\/product\/913\/revisions\/1799"}],"wp:featuredmedia":[{"embeddable":true,"href":"https:\/\/tecsecmty.com\/index.php\/wp-json\/wp\/v2\/media\/1798"}],"wp:attachment":[{"href":"https:\/\/tecsecmty.com\/index.php\/wp-json\/wp\/v2\/media?parent=913"}],"wp:term":[{"taxonomy":"product_brand","embeddable":true,"href":"https:\/\/tecsecmty.com\/index.php\/wp-json\/wp\/v2\/product_brand?post=913"},{"taxonomy":"product_cat","embeddable":true,"href":"https:\/\/tecsecmty.com\/index.php\/wp-json\/wp\/v2\/product_cat?post=913"},{"taxonomy":"product_tag","embeddable":true,"href":"https:\/\/tecsecmty.com\/index.php\/wp-json\/wp\/v2\/product_tag?post=913"}],"curies":[{"name":"wp","href":"https:\/\/api.w.org\/{rel}","templated":true}]}}