{"id":9130,"date":"2023-02-23T22:37:34","date_gmt":"2023-02-24T04:37:34","guid":{"rendered":"https:\/\/tecsecmty.com\/index.php\/producto\/yli-pbk814bled-boton-liberador-de-puerta-de-acero-inoxidable-con-luz-led-azul-salidas-no-y-nc-compatible-con-caja-de-instalacion-clave-76017\/"},"modified":"2023-03-22T23:25:02","modified_gmt":"2023-03-23T05:25:02","slug":"yli-pbk814bled-boton-liberador-de-puerta-de-acero-inoxidable-con-luz-led-azul-salidas-no-y-nc-compatible-con-caja-de-instalacion-clave-76017","status":"publish","type":"product","link":"https:\/\/tecsecmty.com\/index.php\/producto\/yli-pbk814bled-boton-liberador-de-puerta-de-acero-inoxidable-con-luz-led-azul-salidas-no-y-nc-compatible-con-caja-de-instalacion-clave-76017\/","title":{"rendered":"YLI PBK814BLED &#8211; Boton liberador de puerta de acero inoxidable con Luz LED azul \/ Salidas NO y NC \/ Compatible con caja de instalacion clave 76017"},"content":{"rendered":"<h5 class=\"card-title text-center\">DESCRIPCI\u00d3N<\/h5>\n<p class=\"ql-align-justify\">El bot\u00f3n liberador YLI modelo\u00a0<strong>PBK814BLED\u00a0<\/strong>o pulsador es un dispositivo utilizado para activar o desactivar alguna funci\u00f3n . Los botones son de m\u00faltiples formas y tama\u00f1os, los podemos encontrar en todo tipo de dispositivos, aunque son m\u00e1s utilizados en aparatos electr\u00f3nicos. Un bot\u00f3n se activa presionando o pulsando con un dedo, \u00e9ste cumple con la funci\u00f3n de abrir o cerrar un circuito al ser presionado, al dejar de presionarlo \u00e9ste vuelve a su estado inicial en reposo.<\/p>\n<p><strong>ESPECIFICACIONES<\/strong><\/p>\n<ul>\n<li>Dimensiones 86Lx50Wx31H (mm)<\/li>\n<li>Estructura estandar Panel de acero inoxidable, bot\u00f3n de acero<\/li>\n<li>Valoraci\u00f3n actual 3A @ 36VDC Max<\/li>\n<li>Contacto de salida NO \/ NC \/ COM<\/li>\n<li>Vida mecanica 500000 probado<\/li>\n<li>Adecuado para la puerta Puerta hueca<\/li>\n<li>Temperatura de funcionamiento 10 \uff5e + 55 \u2103 (14-131F)<\/li>\n<li>Humedad de funcionamiento 0-95% (humedad relativa)<\/li>\n<li>Material del panel Panel de acero inoxidable, trefilado terminado<\/li>\n<li>Peso 0.18kg<\/li>\n<li><strong><u>Compatible con caja de instalaci\u00f3n clave 76017<\/u><\/strong><\/li>\n<\/ul>\n<p><strong>FUNCIONES<\/strong><\/p>\n<p class=\"ql-align-justify\">Este bot\u00f3n nos sirve para abrir una cerradura electr\u00f3nica o contrachapa (v\u00e9ase en los cat\u00e1logos) de forma efectiva y r\u00e1pida. Puede ser conectado a un control de acceso (v\u00e9ase en los cat\u00e1logos) para facilitar y agilizar la entrada y acceso. Puede ser el contacto normalmente cerrado en reposo NC, o con el contacto normalmente abierto en reposo NA.<\/p>\n<ul>\n<li>Panel de acero inoxidable con estilo elegante.<\/li>\n<li>Pruebas de 500000 ciclos.<\/li>\n<li>Muchos tipos de color, aplicables a y el lugar.<\/li>\n<li>Salida de tres contactos, adecuada para todo tipo de cerraduras.<\/li>\n<li>La mejor opci\u00f3n para el control de acceso.<\/li>\n<\/ul>\n<p><img decoding=\"async\" class=\"overview-center-img-web\" src=\"https:\/\/tvc.mx\/media\/69168\/CENTRAL.png\" alt=\"\" \/><\/p>\n","protected":false},"excerpt":{"rendered":"<p>DESCRIPCI\u00d3N El bot\u00f3n liberador YLI modelo\u00a0PBK814BLED\u00a0o pulsador es un dispositivo utilizado para activar o desactivar alguna funci\u00f3n . Los botones son de m\u00faltiples formas y tama\u00f1os, los podemos encontrar en todo tipo de dispositivos, aunque son m\u00e1s utilizados en aparatos electr\u00f3nicos. Un bot\u00f3n se activa&hellip;<\/p>\n","protected":false},"featured_media":9129,"comment_status":"open","ping_status":"closed","template":"","meta":{"om_disable_all_campaigns":false,"_monsterinsights_skip_tracking":false,"_monsterinsights_sitenote_active":false,"_monsterinsights_sitenote_note":"","_monsterinsights_sitenote_category":0},"product_brand":[],"product_cat":[830],"product_tag":[81,727,730,66,731,728,729],"class_list":{"0":"post-9130","1":"product","2":"type-product","3":"status-publish","4":"has-post-thumbnail","6":"product_cat-tarjetas-y-botones-control-de-acceso-yli-acceso-asistencia","7":"product_tag-acceso-y-asistencia","8":"product_tag-cerraduras","9":"product_tag-commax-wulian","10":"product_tag-dahua","11":"product_tag-wejoin","12":"product_tag-yli","13":"product_tag-zkteco","15":"first","16":"instock","17":"sale","18":"taxable","19":"shipping-taxable","20":"purchasable","21":"product-type-simple"},"aioseo_notices":[],"_links":{"self":[{"href":"https:\/\/tecsecmty.com\/index.php\/wp-json\/wp\/v2\/product\/9130","targetHints":{"allow":["GET"]}}],"collection":[{"href":"https:\/\/tecsecmty.com\/index.php\/wp-json\/wp\/v2\/product"}],"about":[{"href":"https:\/\/tecsecmty.com\/index.php\/wp-json\/wp\/v2\/types\/product"}],"replies":[{"embeddable":true,"href":"https:\/\/tecsecmty.com\/index.php\/wp-json\/wp\/v2\/comments?post=9130"}],"version-history":[{"count":0,"href":"https:\/\/tecsecmty.com\/index.php\/wp-json\/wp\/v2\/product\/9130\/revisions"}],"wp:featuredmedia":[{"embeddable":true,"href":"https:\/\/tecsecmty.com\/index.php\/wp-json\/wp\/v2\/media\/9129"}],"wp:attachment":[{"href":"https:\/\/tecsecmty.com\/index.php\/wp-json\/wp\/v2\/media?parent=9130"}],"wp:term":[{"taxonomy":"product_brand","embeddable":true,"href":"https:\/\/tecsecmty.com\/index.php\/wp-json\/wp\/v2\/product_brand?post=9130"},{"taxonomy":"product_cat","embeddable":true,"href":"https:\/\/tecsecmty.com\/index.php\/wp-json\/wp\/v2\/product_cat?post=9130"},{"taxonomy":"product_tag","embeddable":true,"href":"https:\/\/tecsecmty.com\/index.php\/wp-json\/wp\/v2\/product_tag?post=9130"}],"curies":[{"name":"wp","href":"https:\/\/api.w.org\/{rel}","templated":true}]}}