{"id":9132,"date":"2023-02-23T22:37:35","date_gmt":"2023-02-24T04:37:35","guid":{"rendered":"https:\/\/tecsecmty.com\/index.php\/producto\/yli-pbk815-boton-liberador-de-puerta-de-aluminio-con-caja-integrada-para-facil-instalacion-funcion-no\/"},"modified":"2023-03-22T23:25:02","modified_gmt":"2023-03-23T05:25:02","slug":"yli-pbk815-boton-liberador-de-puerta-de-aluminio-con-caja-integrada-para-facil-instalacion-funcion-no","status":"publish","type":"product","link":"https:\/\/tecsecmty.com\/index.php\/producto\/yli-pbk815-boton-liberador-de-puerta-de-aluminio-con-caja-integrada-para-facil-instalacion-funcion-no\/","title":{"rendered":"YLI PBK815 &#8211; Boton liberador de puerta de aluminio con caja integrada para facil instalacion \/ Funcion NO"},"content":{"rendered":"<h5 class=\"card-title text-center\">DESCRIPCI\u00d3N<\/h5>\n<p class=\"ql-align-justify\">El bot\u00f3n liberador o pulsador YLI modelo\u00a0<strong>PBK815\u00a0<\/strong>es un dispositivo utilizado para activar alguna funci\u00f3n. Los botones son de diversa forma y tama\u00f1o y se encuentran en todo tipo de dispositivos, aunque principalmente en aparatos el\u00e9ctricos o electr\u00f3nicos. Los botones son por lo general activados al ser pulsados, normalmente con un dedo. corriente mientras es accionado. Cuando ya no se act\u00faa sobre \u00e9l vuelve a su posici\u00f3n de reposo. Puede ser el contacto normalmente cerrado en reposo NC, o con el contacto normalmente abierto NA.<\/p>\n<p class=\"ql-align-justify\">El \u00abbot\u00f3n\u00bb se ha utilizado en calculadoras, tel\u00e9fonos, electrodom\u00e9sticos, y varios otros dispositivos mec\u00e1nicos y electr\u00f3nicos, del hogar y comerciales. Diseno profesional , sin ning\u00fan tipo de aver\u00eda de mecanismo Placa lujosa de acero inoxidable,es duradera, Han pasado 50 mil pruebas de envejecimiento, Con conecci\u00f3n de multi-funci\u00f3n, conveniente para diferentes requerimientos, Son productos designados para los proyectos superiores de control de acceso.<\/p>\n<p class=\"ql-align-justify\"><strong>ESPECIFICACIONES<\/strong><\/p>\n<ul>\n<li class=\"ql-align-justify\">Dimensiones: 82.5Lx32Wx25H(mm).<\/li>\n<li class=\"ql-align-justify\">Estructura Est\u00e1ndar: Placa de aleaci\u00f3n, bot\u00f3n de acero.<\/li>\n<li class=\"ql-align-justify\">Clasificaci\u00f3n actual:\u00a03A@36VDC Max.<\/li>\n<li class=\"ql-align-justify\">Contacto de salida:\u00a0NO(Normalmente Abierto)COM.<\/li>\n<li class=\"ql-align-justify\">Vida mec\u00e1nica: 500000 probado.<\/li>\n<li class=\"ql-align-justify\">Adecuado para todo tipo de marco de puerta.<\/li>\n<li class=\"ql-align-justify\">Temperatura de funcionamiento: 10\u00ef\u00bd\u017e+55\u00b0C(14-131\u00b0F).<\/li>\n<li class=\"ql-align-justify\">Humedad de funcionamiento: 0-95% (humedad relativa).<\/li>\n<li class=\"ql-align-justify\">Panel de Material: Placa de aleaci\u00f3n, acabado chorro de arena.<\/li>\n<li class=\"ql-align-justify\">Peso: 0.086kg.<\/li>\n<\/ul>\n<p class=\"ql-align-justify\"><strong>FUNCIONES<\/strong><\/p>\n<p class=\"ql-align-justify\">En las aplicaciones industriales y comerciales, los botones pueden ser unidos entre s\u00ed por una articulaci\u00f3n mec\u00e1nica para que el acto de pulsar un bot\u00f3n hace que el otro bot\u00f3n para ser puesto en libertad. De esta manera, un bot\u00f3n de parada se puede \u00abforzar\u00bb un bot\u00f3n de inicio para ser puesto en libertad. Este m\u00e9todo de uni\u00f3n se utiliza en simples operaciones manuales en las que la m\u00e1quina o proceso no tienen circuitos el\u00e9ctricos para el control.<\/p>\n<ul>\n<li class=\"ql-align-justify\">Relevador Normalmente Abierto<\/li>\n<li class=\"ql-align-justify\">Elegante dise\u00f1o en acero inoxidable<\/li>\n<li class=\"ql-align-justify\">F\u00e1cil instalaci\u00f3n<\/li>\n<\/ul>\n<p><img decoding=\"async\" class=\"overview-center-img-web\" src=\"https:\/\/tvc.mx\/media\/64212\/CENTRAL.png\" alt=\"\" \/><\/p>\n","protected":false},"excerpt":{"rendered":"<p>DESCRIPCI\u00d3N El bot\u00f3n liberador o pulsador YLI modelo\u00a0PBK815\u00a0es un dispositivo utilizado para activar alguna funci\u00f3n. Los botones son de diversa forma y tama\u00f1o y se encuentran en todo tipo de dispositivos, aunque principalmente en aparatos el\u00e9ctricos o electr\u00f3nicos. Los botones son por lo general activados&hellip;<\/p>\n","protected":false},"featured_media":9131,"comment_status":"open","ping_status":"closed","template":"","meta":{"om_disable_all_campaigns":false,"_monsterinsights_skip_tracking":false,"_monsterinsights_sitenote_active":false,"_monsterinsights_sitenote_note":"","_monsterinsights_sitenote_category":0},"product_brand":[],"product_cat":[830],"product_tag":[81,727,730,66,731,728,729],"class_list":{"0":"post-9132","1":"product","2":"type-product","3":"status-publish","4":"has-post-thumbnail","6":"product_cat-tarjetas-y-botones-control-de-acceso-yli-acceso-asistencia","7":"product_tag-acceso-y-asistencia","8":"product_tag-cerraduras","9":"product_tag-commax-wulian","10":"product_tag-dahua","11":"product_tag-wejoin","12":"product_tag-yli","13":"product_tag-zkteco","15":"first","16":"instock","17":"sale","18":"taxable","19":"shipping-taxable","20":"purchasable","21":"product-type-simple"},"aioseo_notices":[],"_links":{"self":[{"href":"https:\/\/tecsecmty.com\/index.php\/wp-json\/wp\/v2\/product\/9132","targetHints":{"allow":["GET"]}}],"collection":[{"href":"https:\/\/tecsecmty.com\/index.php\/wp-json\/wp\/v2\/product"}],"about":[{"href":"https:\/\/tecsecmty.com\/index.php\/wp-json\/wp\/v2\/types\/product"}],"replies":[{"embeddable":true,"href":"https:\/\/tecsecmty.com\/index.php\/wp-json\/wp\/v2\/comments?post=9132"}],"version-history":[{"count":0,"href":"https:\/\/tecsecmty.com\/index.php\/wp-json\/wp\/v2\/product\/9132\/revisions"}],"wp:featuredmedia":[{"embeddable":true,"href":"https:\/\/tecsecmty.com\/index.php\/wp-json\/wp\/v2\/media\/9131"}],"wp:attachment":[{"href":"https:\/\/tecsecmty.com\/index.php\/wp-json\/wp\/v2\/media?parent=9132"}],"wp:term":[{"taxonomy":"product_brand","embeddable":true,"href":"https:\/\/tecsecmty.com\/index.php\/wp-json\/wp\/v2\/product_brand?post=9132"},{"taxonomy":"product_cat","embeddable":true,"href":"https:\/\/tecsecmty.com\/index.php\/wp-json\/wp\/v2\/product_cat?post=9132"},{"taxonomy":"product_tag","embeddable":true,"href":"https:\/\/tecsecmty.com\/index.php\/wp-json\/wp\/v2\/product_tag?post=9132"}],"curies":[{"name":"wp","href":"https:\/\/api.w.org\/{rel}","templated":true}]}}